{"id":7033,"date":"2025-09-25T19:22:46","date_gmt":"2025-09-25T19:22:46","guid":{"rendered":"https:\/\/gatherorthodontics.com\/visita-virtual-a-la-clinica\/"},"modified":"2025-10-25T21:17:45","modified_gmt":"2025-10-25T21:17:45","slug":"visita-virtual-a-la-clinica","status":"publish","type":"page","link":"https:\/\/gatherorthodontics.com\/es\/visita-virtual-a-la-clinica\/","title":{"rendered":"Visita virtual a la cl\u00ednica"},"content":{"rendered":"\t\t<div data-elementor-type=\"wp-page\" data-elementor-id=\"7033\" class=\"elementor elementor-7033 elementor-6618\" data-elementor-post-type=\"page\">\n\t\t\t\t<div data-particle_enable=\"false\" data-particle-mobile-disabled=\"false\" class=\"elementor-element elementor-element-dbef337 e-flex e-con-boxed e-con e-parent\" data-id=\"dbef337\" data-element_type=\"container\" data-e-type=\"container\">\n\t\t\t\t\t<div class=\"e-con-inner\">\n\t\t\t\t<div class=\"elementor-element elementor-element-1051a79 elementor-widget elementor-widget-heading\" data-id=\"1051a79\" data-element_type=\"widget\" data-e-type=\"widget\" data-widget_type=\"heading.default\">\n\t\t\t\t<div class=\"elementor-widget-container\">\n\t\t\t\t\t<h1 class=\"elementor-heading-title elementor-size-default\">Bienvenido a nuestra visita virtual<\/h1>\t\t\t\t<\/div>\n\t\t\t\t<\/div>\n\t\t\t\t\t<\/div>\n\t\t\t\t<\/div>\n\t\t<div data-particle_enable=\"false\" data-particle-mobile-disabled=\"false\" class=\"elementor-element elementor-element-b30dda9 e-flex e-con-boxed e-con e-parent\" data-id=\"b30dda9\" data-element_type=\"container\" data-e-type=\"container\">\n\t\t\t\t\t<div class=\"e-con-inner\">\n\t\t\t\t<div class=\"elementor-element elementor-element-aa5f8dd elementor-widget elementor-widget-text-editor\" data-id=\"aa5f8dd\" data-element_type=\"widget\" data-e-type=\"widget\" data-widget_type=\"text-editor.default\">\n\t\t\t\t<div class=\"elementor-widget-container\">\n\t\t\t\t\t\t\t\t\t<p data-start=\"90\" data-end=\"460\">Entre en Gather Orthodontics y descubra un espacio acogedor y moderno dise\u00f1ado pensando en su comodidad. El <a href=\"https:\/\/gatherorthodontics.com\/orthodontist-terrence-campbell\/\">Dr. Terrence Campbell<\/a> y nuestro equipo han creado una cl\u00ednica que combina la \u00faltima tecnolog\u00eda con un ambiente relajado y familiar. Desde la sala de espera hasta las salas de tratamiento, cada detalle est\u00e1 pensado para que su experiencia ortod\u00f3ncica sea f\u00e1cil y agradable.<\/p>\t\t\t\t\t\t\t\t<\/div>\n\t\t\t\t<\/div>\n\t\t\t\t\t<\/div>\n\t\t\t\t<\/div>\n\t\t<div data-particle_enable=\"false\" data-particle-mobile-disabled=\"false\" class=\"elementor-element elementor-element-eb6a936 e-flex e-con-boxed e-con e-parent\" data-id=\"eb6a936\" data-element_type=\"container\" data-e-type=\"container\">\n\t\t\t\t\t<div class=\"e-con-inner\">\n\t\t\t\t<div class=\"elementor-element elementor-element-d225d35 elementor-widget elementor-widget-video\" data-id=\"d225d35\" data-element_type=\"widget\" data-e-type=\"widget\" data-settings=\"{&quot;youtube_url&quot;:&quot;https:\\\/\\\/www.youtube.com\\\/watch?v=dqlLqCiZvsc&quot;,&quot;video_type&quot;:&quot;youtube&quot;,&quot;controls&quot;:&quot;yes&quot;}\" data-widget_type=\"video.default\">\n\t\t\t\t<div class=\"elementor-widget-container\">\n\t\t\t\t\t\t\t<div class=\"elementor-wrapper elementor-open-inline\">\n\t\t\t<div class=\"elementor-video\"><\/div>\t\t<\/div>\n\t\t\t\t\t\t<\/div>\n\t\t\t\t<\/div>\n\t\t\t\t\t<\/div>\n\t\t\t\t<\/div>\n\t\t\t\t<\/div>\n\t\t","protected":false},"excerpt":{"rendered":"<p>Bienvenido a nuestra visita virtual Entre en Gather Orthodontics y descubra un espacio acogedor y moderno dise\u00f1ado pensando en su comodidad. El Dr. Terrence Campbell y nuestro equipo han creado una cl\u00ednica que combina la \u00faltima tecnolog\u00eda con un ambiente relajado y familiar. Desde la sala de espera hasta las salas de tratamiento, cada detalle est\u00e1 pensado para [&hellip;]<\/p>\n","protected":false},"author":3,"featured_media":0,"parent":0,"menu_order":9,"comment_status":"closed","ping_status":"closed","template":"","meta":{"_seopress_robots_primary_cat":"","_seopress_titles_title":"Visita virtual a la cl\u00ednica | Gather Orthodontics en Holly Springs, Carolina del Norte","_seopress_titles_desc":"Entre en Gather Orthodontics y explore una cl\u00ednica moderna y familiar que cuenta con tecnolog\u00eda avanzada y un ambiente acogedor para cada paciente.","_seopress_robots_index":"","footnotes":""},"class_list":["post-7033","page","type-page","status-publish"],"_links":{"self":[{"href":"https:\/\/gatherorthodontics.com\/es\/wp-json\/wp\/v2\/pages\/7033","targetHints":{"allow":["GET"]}}],"collection":[{"href":"https:\/\/gatherorthodontics.com\/es\/wp-json\/wp\/v2\/pages"}],"about":[{"href":"https:\/\/gatherorthodontics.com\/es\/wp-json\/wp\/v2\/types\/page"}],"author":[{"embeddable":true,"href":"https:\/\/gatherorthodontics.com\/es\/wp-json\/wp\/v2\/users\/3"}],"replies":[{"embeddable":true,"href":"https:\/\/gatherorthodontics.com\/es\/wp-json\/wp\/v2\/comments?post=7033"}],"version-history":[{"count":1,"href":"https:\/\/gatherorthodontics.com\/es\/wp-json\/wp\/v2\/pages\/7033\/revisions"}],"predecessor-version":[{"id":7035,"href":"https:\/\/gatherorthodontics.com\/es\/wp-json\/wp\/v2\/pages\/7033\/revisions\/7035"}],"wp:attachment":[{"href":"https:\/\/gatherorthodontics.com\/es\/wp-json\/wp\/v2\/media?parent=7033"}],"curies":[{"name":"wp","href":"https:\/\/api.w.org\/{rel}","templated":true}]}}