{"id":7037,"date":"2025-08-29T00:12:11","date_gmt":"2025-08-29T00:12:11","guid":{"rendered":"https:\/\/gatherorthodontics.com\/conozca-al-dr-campbell\/"},"modified":"2025-10-25T21:17:50","modified_gmt":"2025-10-25T21:17:50","slug":"conozca-al-dr-campbell","status":"publish","type":"page","link":"https:\/\/gatherorthodontics.com\/es\/conozca-al-dr-campbell\/","title":{"rendered":"Conozca al Dr. Campbell"},"content":{"rendered":"\t\t<div data-elementor-type=\"wp-page\" data-elementor-id=\"7037\" class=\"elementor elementor-7037 elementor-6226\" data-elementor-post-type=\"page\">\n\t\t\t\t<div data-particle_enable=\"false\" data-particle-mobile-disabled=\"false\" class=\"elementor-element elementor-element-46557eb e-flex e-con-boxed e-con e-parent\" data-id=\"46557eb\" data-element_type=\"container\" data-e-type=\"container\">\n\t\t\t\t\t<div class=\"e-con-inner\">\n\t\t\t\t<div class=\"elementor-element elementor-element-7400b19 elementor-widget elementor-widget-heading\" data-id=\"7400b19\" data-element_type=\"widget\" data-e-type=\"widget\" data-widget_type=\"heading.default\">\n\t\t\t\t<div class=\"elementor-widget-container\">\n\t\t\t\t\t<h1 class=\"elementor-heading-title elementor-size-default\">El ortodoncista Dr. Terrence Campbell en Holly Springs, Carolina del Norte<\/h1>\t\t\t\t<\/div>\n\t\t\t\t<\/div>\n\t\t\t\t\t<\/div>\n\t\t\t\t<\/div>\n\t\t<div data-particle_enable=\"false\" data-particle-mobile-disabled=\"false\" class=\"elementor-element elementor-element-5a1a5ab e-flex e-con-boxed e-con e-parent\" data-id=\"5a1a5ab\" data-element_type=\"container\" data-e-type=\"container\">\n\t\t\t\t\t<div class=\"e-con-inner\">\n\t\t<div data-particle_enable=\"false\" data-particle-mobile-disabled=\"false\" class=\"elementor-element elementor-element-c892e80 e-con-full e-flex e-con e-child\" data-id=\"c892e80\" data-element_type=\"container\" data-e-type=\"container\">\n\t\t\t\t<div class=\"elementor-element elementor-element-eb7553b elementor-widget elementor-widget-image\" data-id=\"eb7553b\" data-element_type=\"widget\" data-e-type=\"widget\" data-widget_type=\"image.default\">\n\t\t\t\t<div class=\"elementor-widget-container\">\n\t\t\t\t\t\t\t\t\t\t\t\t\t\t\t<img fetchpriority=\"high\" decoding=\"async\" width=\"800\" height=\"534\" src=\"https:\/\/gatherorthodontics.com\/wp-content\/uploads\/2025\/09\/IMG_7911-1024x683.jpg\" class=\"attachment-large size-large wp-image-7038\" alt=\"El Dr. Terrence Campbell en Gather Orthodontics en Holly Springs, Carolina del Norte\" srcset=\"https:\/\/gatherorthodontics.com\/wp-content\/uploads\/2025\/09\/IMG_7911-1024x683.jpg 1024w, https:\/\/gatherorthodontics.com\/wp-content\/uploads\/2025\/09\/IMG_7911-300x200.jpg 300w, https:\/\/gatherorthodontics.com\/wp-content\/uploads\/2025\/09\/IMG_7911-768x512.jpg 768w, https:\/\/gatherorthodontics.com\/wp-content\/uploads\/2025\/09\/IMG_7911-1536x1024.jpg 1536w, https:\/\/gatherorthodontics.com\/wp-content\/uploads\/2025\/09\/IMG_7911.jpg 1620w\" sizes=\"(max-width: 800px) 100vw, 800px\" \/>\t\t\t\t\t\t\t\t\t\t\t\t\t\t\t<\/div>\n\t\t\t\t<\/div>\n\t\t\t\t<\/div>\n\t\t<div data-particle_enable=\"false\" data-particle-mobile-disabled=\"false\" class=\"elementor-element elementor-element-6293828 e-con-full e-flex e-con e-child\" data-id=\"6293828\" data-element_type=\"container\" data-e-type=\"container\">\n\t\t\t\t<div class=\"elementor-element elementor-element-4bf2488 elementor-widget elementor-widget-text-editor\" data-id=\"4bf2488\" data-element_type=\"widget\" data-e-type=\"widget\" data-widget_type=\"text-editor.default\">\n\t\t\t\t<div class=\"elementor-widget-container\">\n\t\t\t\t\t\t\t\t\t<p><span style=\"font-weight: 400;\">El Dr. Terrence Campbell, DMD, MS, certificado por la ABO, es uno de los pocos que realmente puede decir que es del Tri\u00e1ngulo. Criado en Raleigh, Carolina del Norte, asisti\u00f3 a Hunter Elementary, Carnage Middle y Enloe High School, a solo minutos de donde ahora ofrece atenci\u00f3n ortod\u00f3ntica con profundidad personal, excelencia cl\u00ednica y un sentido de hogar.<\/span><\/p><p><span style=\"font-weight: 400;\">Comenz\u00f3 su trayectoria acad\u00e9mica en la Universidad de Carolina del Norte en Chapel Hill, obteniendo una licenciatura en Sociolog\u00eda con honores en la lista del Decano. Continu\u00f3 sus estudios con una maestr\u00eda en Sociolog\u00eda de la Universidad Central de Carolina del Norte y una maestr\u00eda en Ciencias M\u00e9dicas de la Universidad de Hampton, ambas completadas con altas distinciones.<\/span><\/p>\t\t\t\t\t\t\t\t<\/div>\n\t\t\t\t<\/div>\n\t\t\t\t<\/div>\n\t\t\t\t\t<\/div>\n\t\t\t\t<\/div>\n\t\t<div data-particle_enable=\"false\" data-particle-mobile-disabled=\"false\" class=\"elementor-element elementor-element-b8ba9f0 e-flex e-con-boxed e-con e-parent\" data-id=\"b8ba9f0\" data-element_type=\"container\" data-e-type=\"container\">\n\t\t\t\t\t<div class=\"e-con-inner\">\n\t\t\t\t<div class=\"elementor-element elementor-element-e143b17 elementor-widget elementor-widget-text-editor\" data-id=\"e143b17\" data-element_type=\"widget\" data-e-type=\"widget\" data-widget_type=\"text-editor.default\">\n\t\t\t\t<div class=\"elementor-widget-container\">\n\t\t\t\t\t\t\t\t\t<p><span style=\"font-weight: 400;\">El Dr. Campbell obtuvo su t\u00edtulo de Doctor en Medicina Dental con honores de la Facultad de Medicina Dental de la Universidad de Carolina del Este, gradu\u00e1ndose en la cima de su clase. Luego se desempe\u00f1\u00f3 como Residente Jefe en la Universidad Nova Southeastern, donde complet\u00f3 su Maestr\u00eda en Ciencias en Ortodoncia y Ortopedia Dentofacial.<\/span><\/p><p><span style=\"font-weight: 400;\">Est\u00e1 <a href=\"https:\/\/gatherorthodontics.com\/board-certified-orthodontist\/\">certificado<\/a> por la Junta Estadounidense de Ortodoncia y forma parte de varios consejos dentro de la Asociaci\u00f3n Estadounidense de Ortodoncistas, dando forma activa al futuro de la especialidad. Adem\u00e1s de su trabajo en Gather Orthodontics, el Dr. Campbell es profesor asistente en la Facultad de Odontolog\u00eda del Meharry Medical College, donde ofrece conferencias e instrucci\u00f3n cl\u00ednica a la pr\u00f3xima generaci\u00f3n de profesionales dentales, un reflejo de su compromiso con la educaci\u00f3n, la tutor\u00eda y el avance de la atenci\u00f3n.<\/span><\/p><h2>\u00bfPor qu\u00e9 \u201cGather\u201d?<\/h2><p><span style=\"font-weight: 400;\">El nombre <\/span><b>Gather Orthodontics<\/b><span style=\"font-weight: 400;\"> es m\u00e1s que un t\u00edtulo: es un reflejo de los valores que definen la vida y la pr\u00e1ctica del Dr. Campbell:<\/span><\/p><ul><li style=\"font-weight: 400;\" aria-level=\"1\"><b>Familia<\/b><span style=\"font-weight: 400;\"> \u2013 \u201cGather\u201d es un nombre familiar del linaje del Dr. Campbell. Honra sus ra\u00edces y subraya que esta no es una pr\u00e1ctica de propiedad corporativa, sino una profundamente personal, donde los pacientes son tratados como personas, no como n\u00fameros.<\/span><\/li><li style=\"font-weight: 400;\" aria-level=\"1\"><b>Comunidad<\/b><span style=\"font-weight: 400;\"> \u2013 Ubicado en Holly Springs, Gather refleja los lazos de por vida del Dr. Campbell con el \u00e1rea metropolitana de Raleigh. Incluso la palabra <\/span><i><span style=\"font-weight: 400;\">\u201cSprings\u201d<\/span><\/i><span style=\"font-weight: 400;\"> hace referencia a la ciudad natal de su padre en Carolina del Norte, agregando otra capa de conexi\u00f3n con el lugar.<\/span><\/li><li style=\"font-weight: 400;\" aria-level=\"1\"><b>Experiencia Intencional<\/b><span style=\"font-weight: 400;\"> \u2013 En su sentido m\u00e1s literal, <\/span><i><span style=\"font-weight: 400;\">reunirse<\/span><\/i><span style=\"font-weight: 400;\"> significa unirse. En Gather Orthodontics, cada detalle, desde el ambiente sereno hasta la atenci\u00f3n personalizada, est\u00e1 dise\u00f1ado para una experiencia c\u00e1lida, elevada y profundamente humana.<\/span><\/li><\/ul><h2>M\u00e1s all\u00e1 de la pr\u00e1ctica<\/h2><p><span style=\"font-weight: 400;\">Fuera de la <\/span><span style=\"font-weight: 400;\">ortodoncia<\/span><span style=\"font-weight: 400;\">, el Dr. Campbell disfruta <\/span><span style=\"font-weight: 400;\">pasar tiempo con sus <\/span><span style=\"font-weight: 400;\">seres queridos y su cachorro Basenji, Benji. Sus pasatiempos incluyen cocinar, la fotograf\u00eda, el ejercicio, la lectura, las pel\u00edculas, los c\u00f3mics, los videojuegos y animar a los Tar Heels, siempre basado en los placeres simples que unen a las personas.<br><\/span><\/p>\t\t\t\t\t\t\t\t<\/div>\n\t\t\t\t<\/div>\n\t\t\t\t\t<\/div>\n\t\t\t\t<\/div>\n\t\t\t\t<\/div>\n\t\t","protected":false},"excerpt":{"rendered":"<p>El ortodoncista Dr. Terrence Campbell en Holly Springs, Carolina del Norte El Dr. Terrence Campbell, DMD, MS, certificado por la ABO, es uno de los pocos que realmente puede decir que es del Tri\u00e1ngulo. Criado en Raleigh, Carolina del Norte, asisti\u00f3 a Hunter Elementary, Carnage Middle y Enloe High School, a solo minutos de donde ahora ofrece atenci\u00f3n [&hellip;]<\/p>\n","protected":false},"author":3,"featured_media":0,"parent":0,"menu_order":5,"comment_status":"closed","ping_status":"closed","template":"","meta":{"_seopress_robots_primary_cat":"","_seopress_titles_title":"Dr. Terrence Campbell, ortodoncista en Holly Springs, Carolina del Norte | Gather Orthodontics","_seopress_titles_desc":"El Dr. Terrence Campbell, ortodoncista certificado, ofrece atenci\u00f3n ortod\u00f3ntica experta con formaci\u00f3n avanzada en ortopedia dentofacial y excelencia acad\u00e9mica.","_seopress_robots_index":"","footnotes":""},"class_list":["post-7037","page","type-page","status-publish"],"_links":{"self":[{"href":"https:\/\/gatherorthodontics.com\/es\/wp-json\/wp\/v2\/pages\/7037","targetHints":{"allow":["GET"]}}],"collection":[{"href":"https:\/\/gatherorthodontics.com\/es\/wp-json\/wp\/v2\/pages"}],"about":[{"href":"https:\/\/gatherorthodontics.com\/es\/wp-json\/wp\/v2\/types\/page"}],"author":[{"embeddable":true,"href":"https:\/\/gatherorthodontics.com\/es\/wp-json\/wp\/v2\/users\/3"}],"replies":[{"embeddable":true,"href":"https:\/\/gatherorthodontics.com\/es\/wp-json\/wp\/v2\/comments?post=7037"}],"version-history":[{"count":2,"href":"https:\/\/gatherorthodontics.com\/es\/wp-json\/wp\/v2\/pages\/7037\/revisions"}],"predecessor-version":[{"id":7040,"href":"https:\/\/gatherorthodontics.com\/es\/wp-json\/wp\/v2\/pages\/7037\/revisions\/7040"}],"wp:attachment":[{"href":"https:\/\/gatherorthodontics.com\/es\/wp-json\/wp\/v2\/media?parent=7037"}],"curies":[{"name":"wp","href":"https:\/\/api.w.org\/{rel}","templated":true}]}}