{"id":7041,"date":"2017-02-13T10:54:53","date_gmt":"2017-02-13T10:54:53","guid":{"rendered":"https:\/\/gatherorthodontics.com\/politica-anti-spam\/"},"modified":"2025-10-25T21:17:53","modified_gmt":"2025-10-25T21:17:53","slug":"politica-anti-spam","status":"publish","type":"page","link":"https:\/\/gatherorthodontics.com\/es\/politica-anti-spam\/","title":{"rendered":"Pol\u00edtica anti-spam"},"content":{"rendered":"\t\t<div data-elementor-type=\"wp-page\" data-elementor-id=\"7041\" class=\"elementor elementor-7041 elementor-1475\" data-elementor-post-type=\"page\">\n\t\t\t\t<div data-particle_enable=\"false\" data-particle-mobile-disabled=\"false\" class=\"elementor-element elementor-element-02011f0 e-flex e-con-boxed e-con e-parent\" data-id=\"02011f0\" data-element_type=\"container\" data-e-type=\"container\">\n\t\t\t\t\t<div class=\"e-con-inner\">\n\t\t\t\t<div class=\"elementor-element elementor-element-357239f elementor-widget__width-inherit elementor-widget elementor-widget-heading\" data-id=\"357239f\" data-element_type=\"widget\" data-e-type=\"widget\" data-widget_type=\"heading.default\">\n\t\t\t\t<div class=\"elementor-widget-container\">\n\t\t\t\t\t<h1 class=\"elementor-heading-title elementor-size-default\">Pol\u00edtica anti-spam<\/h1>\t\t\t\t<\/div>\n\t\t\t\t<\/div>\n\t\t\t\t\t<\/div>\n\t\t\t\t<\/div>\n\t\t<div data-particle_enable=\"false\" data-particle-mobile-disabled=\"false\" class=\"elementor-element elementor-element-7465ccf e-flex e-con-boxed e-con e-parent\" data-id=\"7465ccf\" data-element_type=\"container\" data-e-type=\"container\">\n\t\t\t\t\t<div class=\"e-con-inner\">\n\t\t\t\t<div class=\"elementor-element elementor-element-f586ad8 elementor-widget elementor-widget-html\" data-id=\"f586ad8\" data-element_type=\"widget\" data-e-type=\"widget\" data-widget_type=\"html.default\">\n\t\t\t\t<div class=\"elementor-widget-container\">\n\t\t\t\t\t<iframe class=\"gfiframe\" src=\"\/\/secureonline.co\/gfembed\/?f=878\" width=\"100%\" height=\"auto\" frameborder=\"0\"><\/iframe>\n<script src=\"\/\/secureonline.co\/wp-content\/plugins\/gravity-forms-iframe-master\/assets\/scripts\/gfembed.min.js\" type=\"text\/javascript\"><\/script>\t\t\t\t<\/div>\n\t\t\t\t<\/div>\n\t\t\t\t\t<\/div>\n\t\t\t\t<\/div>\n\t\t<div data-particle_enable=\"false\" data-particle-mobile-disabled=\"false\" class=\"elementor-element elementor-element-ecae5ef e-flex e-con-boxed e-con e-parent\" data-id=\"ecae5ef\" data-element_type=\"container\" data-e-type=\"container\">\n\t\t\t\t\t<div class=\"e-con-inner\">\n\t\t\t\t<div class=\"elementor-element elementor-element-436aacd elementor-widget-divider--view-line elementor-widget elementor-widget-divider\" data-id=\"436aacd\" data-element_type=\"widget\" data-e-type=\"widget\" data-widget_type=\"divider.default\">\n\t\t\t\t<div class=\"elementor-widget-container\">\n\t\t\t\t\t\t\t<div class=\"elementor-divider\">\n\t\t\t<span class=\"elementor-divider-separator\">\n\t\t\t\t\t\t<\/span>\n\t\t<\/div>\n\t\t\t\t\t\t<\/div>\n\t\t\t\t<\/div>\n\t\t\t\t<div class=\"elementor-element elementor-element-3735213 elementor-widget elementor-widget-text-editor\" data-id=\"3735213\" data-element_type=\"widget\" data-e-type=\"widget\" data-widget_type=\"text-editor.default\">\n\t\t\t\t<div class=\"elementor-widget-container\">\n\t\t\t\t\t\t\t\t\t<h2 class=\"elementor-heading-title elementor-size-default\">Gather Orthodontics<\/h2><p> <\/p><ul><li>Direcci\u00f3n: 101 Collins crossing Rd #136, Holly Springs, NC 27540, EE. UU.<\/li><li>Tel\u00e9fono: (919) 335-9491<\/li><\/ul>\t\t\t\t\t\t\t\t<\/div>\n\t\t\t\t<\/div>\n\t\t\t\t\t<\/div>\n\t\t\t\t<\/div>\n\t\t\t\t<\/div>\n\t\t","protected":false},"excerpt":{"rendered":"<p>Pol\u00edtica anti-spam Gather Orthodontics Direcci\u00f3n: 101 Collins crossing Rd #136, Holly Springs, NC 27540, EE. UU. Tel\u00e9fono: (919) 335-9491<\/p>\n","protected":false},"author":3,"featured_media":0,"parent":0,"menu_order":52,"comment_status":"closed","ping_status":"closed","template":"","meta":{"_seopress_robots_primary_cat":"","_seopress_titles_title":"Pol\u00edtica anti-spam Gather Orthodontics en Holly Springs, Carolina del Norte","_seopress_titles_desc":"Gather Orthodontics tiene una pol\u00edtica de tolerancia cero con el spam, que explica c\u00f3mo se gestionan los correos electr\u00f3nicos no solicitados y las medidas adoptadas para proteger a los usuarios en l\u00ednea.","_seopress_robots_index":"","footnotes":""},"class_list":["post-7041","page","type-page","status-publish"],"_links":{"self":[{"href":"https:\/\/gatherorthodontics.com\/es\/wp-json\/wp\/v2\/pages\/7041","targetHints":{"allow":["GET"]}}],"collection":[{"href":"https:\/\/gatherorthodontics.com\/es\/wp-json\/wp\/v2\/pages"}],"about":[{"href":"https:\/\/gatherorthodontics.com\/es\/wp-json\/wp\/v2\/types\/page"}],"author":[{"embeddable":true,"href":"https:\/\/gatherorthodontics.com\/es\/wp-json\/wp\/v2\/users\/3"}],"replies":[{"embeddable":true,"href":"https:\/\/gatherorthodontics.com\/es\/wp-json\/wp\/v2\/comments?post=7041"}],"version-history":[{"count":1,"href":"https:\/\/gatherorthodontics.com\/es\/wp-json\/wp\/v2\/pages\/7041\/revisions"}],"predecessor-version":[{"id":7043,"href":"https:\/\/gatherorthodontics.com\/es\/wp-json\/wp\/v2\/pages\/7041\/revisions\/7043"}],"wp:attachment":[{"href":"https:\/\/gatherorthodontics.com\/es\/wp-json\/wp\/v2\/media?parent=7041"}],"curies":[{"name":"wp","href":"https:\/\/api.w.org\/{rel}","templated":true}]}}