{"id":7042,"date":"2017-03-22T10:19:02","date_gmt":"2017-03-22T10:19:02","guid":{"rendered":"https:\/\/gatherorthodontics.com\/declaracion-de-accesibilidad\/"},"modified":"2025-10-25T21:17:53","modified_gmt":"2025-10-25T21:17:53","slug":"declaracion-de-accesibilidad","status":"publish","type":"page","link":"https:\/\/gatherorthodontics.com\/es\/declaracion-de-accesibilidad\/","title":{"rendered":"Declaraci\u00f3n de accesibilidad"},"content":{"rendered":"\t\t<div data-elementor-type=\"wp-page\" data-elementor-id=\"7042\" class=\"elementor elementor-7042 elementor-2809\" data-elementor-post-type=\"page\">\n\t\t\t\t<div data-particle_enable=\"false\" data-particle-mobile-disabled=\"false\" class=\"elementor-element elementor-element-8c0433e e-flex e-con-boxed e-con e-parent\" data-id=\"8c0433e\" data-element_type=\"container\" data-e-type=\"container\">\n\t\t\t\t\t<div class=\"e-con-inner\">\n\t\t\t\t<div class=\"elementor-element elementor-element-aba82e8 elementor-widget__width-inherit elementor-widget elementor-widget-heading\" data-id=\"aba82e8\" data-element_type=\"widget\" data-e-type=\"widget\" data-widget_type=\"heading.default\">\n\t\t\t\t<div class=\"elementor-widget-container\">\n\t\t\t\t\t<h1 class=\"elementor-heading-title elementor-size-default\">Declaraci\u00f3n de accesibilidad<\/h1>\t\t\t\t<\/div>\n\t\t\t\t<\/div>\n\t\t\t\t\t<\/div>\n\t\t\t\t<\/div>\n\t\t<div data-particle_enable=\"false\" data-particle-mobile-disabled=\"false\" class=\"elementor-element elementor-element-c541159 e-flex e-con-boxed e-con e-parent\" data-id=\"c541159\" data-element_type=\"container\" data-e-type=\"container\">\n\t\t\t\t\t<div class=\"e-con-inner\">\n\t\t\t\t<div class=\"elementor-element elementor-element-113ec34 elementor-widget elementor-widget-html\" data-id=\"113ec34\" data-element_type=\"widget\" data-e-type=\"widget\" data-widget_type=\"html.default\">\n\t\t\t\t<div class=\"elementor-widget-container\">\n\t\t\t\t\t<iframe class=\"gfiframe\" src=\"\/\/secureonline.co\/gfembed\/?f=879\" width=\"100%\" height=\"auto\" frameborder=\"0\"><\/iframe>\n<script src=\"\/\/secureonline.co\/wp-content\/plugins\/gravity-forms-iframe-master\/assets\/scripts\/gfembed.min.js\" type=\"text\/javascript\"><\/script>\t\t\t\t<\/div>\n\t\t\t\t<\/div>\n\t\t\t\t\t<\/div>\n\t\t\t\t<\/div>\n\t\t<div data-particle_enable=\"false\" data-particle-mobile-disabled=\"false\" class=\"elementor-element elementor-element-fce1474 e-flex e-con-boxed e-con e-parent\" data-id=\"fce1474\" data-element_type=\"container\" data-e-type=\"container\">\n\t\t\t\t\t<div class=\"e-con-inner\">\n\t\t\t\t<div class=\"elementor-element elementor-element-164a941 elementor-widget-divider--view-line elementor-widget elementor-widget-divider\" data-id=\"164a941\" data-element_type=\"widget\" data-e-type=\"widget\" data-widget_type=\"divider.default\">\n\t\t\t\t<div class=\"elementor-widget-container\">\n\t\t\t\t\t\t\t<div class=\"elementor-divider\">\n\t\t\t<span class=\"elementor-divider-separator\">\n\t\t\t\t\t\t<\/span>\n\t\t<\/div>\n\t\t\t\t\t\t<\/div>\n\t\t\t\t<\/div>\n\t\t\t\t<div class=\"elementor-element elementor-element-dca82a6 elementor-widget elementor-widget-text-editor\" data-id=\"dca82a6\" data-element_type=\"widget\" data-e-type=\"widget\" data-widget_type=\"text-editor.default\">\n\t\t\t\t<div class=\"elementor-widget-container\">\n\t\t\t\t\t\t\t\t\t<h2 class=\"elementor-heading-title elementor-size-default\">Gather Orthodontics<\/h2><p> <\/p><ul><li>Direcci\u00f3n: 101 Collins Crossing Rd #136, Holly Springs, NC 27540, EE. UU.<\/li><li>Tel\u00e9fono: (919) 335-9491<\/li><\/ul>\t\t\t\t\t\t\t\t<\/div>\n\t\t\t\t<\/div>\n\t\t\t\t\t<\/div>\n\t\t\t\t<\/div>\n\t\t\t\t<\/div>\n\t\t","protected":false},"excerpt":{"rendered":"<p>Declaraci\u00f3n de accesibilidad Gather Orthodontics Direcci\u00f3n: 101 Collins Crossing Rd #136, Holly Springs, NC 27540, EE. UU. Tel\u00e9fono: (919) 335-9491<\/p>\n","protected":false},"author":3,"featured_media":0,"parent":0,"menu_order":55,"comment_status":"closed","ping_status":"closed","template":"","meta":{"_seopress_robots_primary_cat":"","_seopress_titles_title":"Declaraci\u00f3n de accesibilidad de Gather Orthodontics en Holly Springs, Carolina del Norte","_seopress_titles_desc":"Gather Orthodontics se compromete a ofrecer accesibilidad al sitio web, ofreciendo orientaci\u00f3n para ayudar a todos los usuarios a navegar y acceder al contenido en l\u00ednea con facilidad.","_seopress_robots_index":"","footnotes":""},"class_list":["post-7042","page","type-page","status-publish"],"_links":{"self":[{"href":"https:\/\/gatherorthodontics.com\/es\/wp-json\/wp\/v2\/pages\/7042","targetHints":{"allow":["GET"]}}],"collection":[{"href":"https:\/\/gatherorthodontics.com\/es\/wp-json\/wp\/v2\/pages"}],"about":[{"href":"https:\/\/gatherorthodontics.com\/es\/wp-json\/wp\/v2\/types\/page"}],"author":[{"embeddable":true,"href":"https:\/\/gatherorthodontics.com\/es\/wp-json\/wp\/v2\/users\/3"}],"replies":[{"embeddable":true,"href":"https:\/\/gatherorthodontics.com\/es\/wp-json\/wp\/v2\/comments?post=7042"}],"version-history":[{"count":1,"href":"https:\/\/gatherorthodontics.com\/es\/wp-json\/wp\/v2\/pages\/7042\/revisions"}],"predecessor-version":[{"id":7044,"href":"https:\/\/gatherorthodontics.com\/es\/wp-json\/wp\/v2\/pages\/7042\/revisions\/7044"}],"wp:attachment":[{"href":"https:\/\/gatherorthodontics.com\/es\/wp-json\/wp\/v2\/media?parent=7042"}],"curies":[{"name":"wp","href":"https:\/\/api.w.org\/{rel}","templated":true}]}}