{"id":7114,"date":"2022-06-22T14:41:14","date_gmt":"2022-06-22T14:41:14","guid":{"rendered":"https:\/\/gatherorthodontics.com\/monitorizacion-dental\/"},"modified":"2025-11-15T02:04:18","modified_gmt":"2025-11-15T02:04:18","slug":"monitorizacion-dental","status":"publish","type":"page","link":"https:\/\/gatherorthodontics.com\/es\/monitorizacion-dental\/","title":{"rendered":"Monitorizaci\u00f3n dental"},"content":{"rendered":"\t\t<div data-elementor-type=\"wp-page\" data-elementor-id=\"7114\" class=\"elementor elementor-7114 elementor-3429\" data-elementor-post-type=\"page\">\n\t\t\t\t<div data-particle_enable=\"false\" data-particle-mobile-disabled=\"false\" class=\"elementor-element elementor-element-2846fa1 e-flex e-con-boxed e-con e-parent\" data-id=\"2846fa1\" data-element_type=\"container\" data-e-type=\"container\">\n\t\t\t\t\t<div class=\"e-con-inner\">\n\t\t\t\t<div class=\"elementor-element elementor-element-a49d381 elementor-widget__width-inherit elementor-widget elementor-widget-heading\" data-id=\"a49d381\" data-element_type=\"widget\" data-e-type=\"widget\" data-widget_type=\"heading.default\">\n\t\t\t\t<div class=\"elementor-widget-container\">\n\t\t\t\t\t<h1 class=\"elementor-heading-title elementor-size-default\">Monitorizaci\u00f3n virtual para un cuidado ortod\u00f3ntico virtual<\/h1>\t\t\t\t<\/div>\n\t\t\t\t<\/div>\n\t\t\t\t\t<\/div>\n\t\t\t\t<\/div>\n\t\t\t\t<section data-particle_enable=\"false\" data-particle-mobile-disabled=\"false\" class=\"elementor-section elementor-top-section elementor-element elementor-element-8f2dcce elementor-section-boxed elementor-section-height-default elementor-section-height-default\" data-id=\"8f2dcce\" data-element_type=\"section\" data-e-type=\"section\">\n\t\t\t\t\t\t<div class=\"elementor-container elementor-column-gap-default\">\n\t\t\t\t\t<div class=\"elementor-column elementor-col-100 elementor-top-column elementor-element elementor-element-d6cbd0e\" data-id=\"d6cbd0e\" data-element_type=\"column\" data-e-type=\"column\">\n\t\t\t<div class=\"elementor-widget-wrap elementor-element-populated\">\n\t\t\t\t\t\t<div class=\"elementor-element elementor-element-bb95d9c elementor-widget elementor-widget-text-editor\" data-id=\"bb95d9c\" data-element_type=\"widget\" data-e-type=\"widget\" data-widget_type=\"text-editor.default\">\n\t\t\t\t<div class=\"elementor-widget-container\">\n\t\t\t\t\t\t\t\t\t<p data-start=\"281\" data-end=\"767\">Entendemos que tu tiempo es valioso. Por eso ofrecemos comodidades modernas como mensajes de texto, formularios de pacientes en l\u00ednea, impresiones digitales iTero y, ahora, citas de ortodoncia virtuales mediante Grin, una aplicaci\u00f3n de monitorizaci\u00f3n virtual. Esta innovadora tecnolog\u00eda permite a <g id=\"gid_0\">el Dr. Terrence Campbell<\/g> supervisar tu tratamiento de forma cercana y eficiente, para que pases menos tiempo en la consulta y m\u00e1s tiempo disfrutando de la vida. Lo mejor de todo es que este servicio se incluye sin coste adicional.   <\/p><h2 data-start=\"769\" data-end=\"806\">\u00bfQu\u00e9 es la aplicaci\u00f3n de monitorizaci\u00f3n virtual Grin?<\/h2><p data-start=\"808\" data-end=\"942\">Grin Virtual Monitoring es una aplicaci\u00f3n f\u00e1cil de usar que te permite enviar im\u00e1genes y v\u00eddeos de tus dientes a nuestra consulta durante todo el tratamiento.<\/p><ul data-start=\"944\" data-end=\"1332\"><li data-start=\"944\" data-end=\"1090\"><p data-start=\"946\" data-end=\"1090\"><strong data-start=\"946\" data-end=\"970\">Consulta inicial<\/strong>: Todos los tratamientos de <a href=\"https:\/\/gatherorthodontics.com\/es\/invisalign\/\">Invisalign<\/a> o <a href=\"https:\/\/gatherorthodontics.com\/es\/tipos-de-brackets\/\">aparatos ortop\u00e9dicos<\/a> comienzan con una visita en el consultorio para recopilar la informaci\u00f3n necesaria para planificar tu atenci\u00f3n<\/p><\/li><li data-start=\"1091\" data-end=\"1227\"><p data-start=\"1093\" data-end=\"1227\"><strong data-start=\"1093\" data-end=\"1115\">Monitorizaci\u00f3n continua<\/strong>: Despu\u00e9s de la consulta inicial, las visitas se programan solo seg\u00fan sea necesario, seg\u00fan los escaneos que env\u00edes a trav\u00e9s de la aplicaci\u00f3n<\/p><\/li><li data-start=\"1228\" data-end=\"1332\"><p data-start=\"1230\" data-end=\"1332\"><strong data-start=\"1230\" data-end=\"1253\">Menos visitas al consultorio<\/strong>: La aplicaci\u00f3n reduce significativamente el n\u00famero de citas presenciales necesarias<\/p><\/li><\/ul>\t\t\t\t\t\t\t\t<\/div>\n\t\t\t\t<\/div>\n\t\t\t\t\t<\/div>\n\t\t<\/div>\n\t\t\t\t\t<\/div>\n\t\t<\/section>\n\t\t\t\t<section data-particle_enable=\"false\" data-particle-mobile-disabled=\"false\" class=\"elementor-section elementor-top-section elementor-element elementor-element-ea5e449 elementor-section-boxed elementor-section-height-default elementor-section-height-default\" data-id=\"ea5e449\" data-element_type=\"section\" data-e-type=\"section\">\n\t\t\t\t\t\t<div class=\"elementor-container elementor-column-gap-default\">\n\t\t\t\t\t<div class=\"elementor-column elementor-col-100 elementor-top-column elementor-element elementor-element-5a49d8a\" data-id=\"5a49d8a\" data-element_type=\"column\" data-e-type=\"column\">\n\t\t\t<div class=\"elementor-widget-wrap elementor-element-populated\">\n\t\t\t\t\t\t<div class=\"elementor-element elementor-element-42ab99a elementor-widget elementor-widget-video\" data-id=\"42ab99a\" data-element_type=\"widget\" data-e-type=\"widget\" data-settings=\"{&quot;youtube_url&quot;:&quot;https:\\\/\\\/youtu.be\\\/6xQ8LVpgejE?si=myA1C9MCTnp3wLQk&quot;,&quot;autoplay&quot;:&quot;yes&quot;,&quot;play_on_mobile&quot;:&quot;yes&quot;,&quot;mute&quot;:&quot;yes&quot;,&quot;loop&quot;:&quot;yes&quot;,&quot;video_type&quot;:&quot;youtube&quot;,&quot;controls&quot;:&quot;yes&quot;}\" data-widget_type=\"video.default\">\n\t\t\t\t<div class=\"elementor-widget-container\">\n\t\t\t\t\t\t\t<div class=\"elementor-wrapper elementor-open-inline\">\n\t\t\t<div class=\"elementor-video\"><\/div>\t\t<\/div>\n\t\t\t\t\t\t<\/div>\n\t\t\t\t<\/div>\n\t\t\t\t<div class=\"elementor-element elementor-element-0127a16 elementor-widget elementor-widget-text-editor\" data-id=\"0127a16\" data-element_type=\"widget\" data-e-type=\"widget\" data-widget_type=\"text-editor.default\">\n\t\t\t\t<div class=\"elementor-widget-container\">\n\t\t\t\t\t\t\t\t\t<h2 data-start=\"1334\" data-end=\"1364\">C\u00f3mo funciona la monitorizaci\u00f3n virtual Grin<\/h2><p data-start=\"1366\" data-end=\"1394\">Comenzar es sencillo:<\/p><ol data-start=\"1396\" data-end=\"1813\"><li data-start=\"1396\" data-end=\"1468\"><p data-start=\"1399\" data-end=\"1468\">Te ayudamos a configurar tu cuenta de Grin Virtual Monitoring en tu tel\u00e9fono<\/p><\/li><li data-start=\"1469\" data-end=\"1560\"><p data-start=\"1472\" data-end=\"1560\">Recibes tu propio <a href=\"https:\/\/youtu.be\/cRj7tOpzSmo?si=swINlSmOioxcjQod\">esc\u00e1ner personalizado<\/a> e instrucciones para tomar fotos o v\u00eddeos precisos<\/p><\/li><li data-start=\"1561\" data-end=\"1626\"><p data-start=\"1564\" data-end=\"1626\">Para el tratamiento Invisalign, env\u00edas un escaneo r\u00e1pido semanalmente; para los brackets, te avisamos cu\u00e1ndo debes escanear<\/p><\/li><li data-start=\"1627\" data-end=\"1742\"><p data-start=\"1630\" data-end=\"1742\">Seg\u00fan tu escaneo, podemos aconsejarte si debes pasar al siguiente juego de alineadores o continuar con el juego actual, o si es hora de tu cita de brackets<\/p><\/li><li data-start=\"1743\" data-end=\"1813\"><p data-start=\"1746\" data-end=\"1813\">Tambi\u00e9n puedes enviar escaneos en cualquier momento si tienes preguntas o inquietudes<\/p><\/li><\/ol><h2 data-start=\"1815\" data-end=\"1844\">\u00bfPor qu\u00e9 usar la monitorizaci\u00f3n virtual?<\/h2><p data-start=\"1846\" data-end=\"1982\">La monitorizaci\u00f3n virtual es c\u00f3moda y flexible. Puedes gestionar tu tratamiento desde cualquier lugar con cobertura m\u00f3vil, lo que la hace ideal para: <\/p><ul data-start=\"1984\" data-end=\"2223\"><li data-start=\"1984\" data-end=\"2004\"><p data-start=\"1986\" data-end=\"2004\">Estudiantes universitarios<\/p><\/li><li data-start=\"2005\" data-end=\"2035\"><p data-start=\"2007\" data-end=\"2035\">Adultos que viajan por trabajo<\/p><\/li><li data-start=\"2036\" data-end=\"2087\"><p data-start=\"2038\" data-end=\"2087\">Ni\u00f1os involucrados en actividades extracurriculares<\/p><\/li><li data-start=\"2088\" data-end=\"2128\"><p data-start=\"2090\" data-end=\"2128\">Familias con transporte limitado<\/p><\/li><li data-start=\"2129\" data-end=\"2163\"><p data-start=\"2131\" data-end=\"2163\">Padres que gestionan varios hijos<\/p><\/li><li data-start=\"2164\" data-end=\"2223\"><p data-start=\"2166\" data-end=\"2223\">Cualquier persona que desee una experiencia de tratamiento m\u00e1s c\u00f3moda<\/p><\/li><\/ul><h2 data-start=\"2225\" data-end=\"2245\">Comienza hoy mismo<\/h2><p data-start=\"2247\" data-end=\"2489\">En Gather Orthodontics, experimenta el futuro de la ortodoncia y simplifica tu proceso de tratamiento, cont\u00e1ctanos hoy mismo para obtener m\u00e1s informaci\u00f3n o <a href=\"https:\/\/gatherorthodontics.com\/es\/solicitar-una-cita\/\">programar tu consulta<\/a>.<\/p>\t\t\t\t\t\t\t\t<\/div>\n\t\t\t\t<\/div>\n\t\t\t\t\t<\/div>\n\t\t<\/div>\n\t\t\t\t\t<\/div>\n\t\t<\/section>\n\t\t\t\t<\/div>\n\t\t","protected":false},"excerpt":{"rendered":"<p>Monitorizaci\u00f3n virtual para un cuidado ortod\u00f3ntico virtual Entendemos que tu tiempo es valioso. Por eso ofrecemos comodidades modernas como mensajes de texto, formularios de pacientes en l\u00ednea, impresiones digitales iTero y, ahora, citas de ortodoncia virtuales mediante Grin, una aplicaci\u00f3n de monitorizaci\u00f3n virtual. Esta innovadora tecnolog\u00eda permite a el Dr. Terrence Campbell supervisar tu tratamiento de forma cercana [&hellip;]<\/p>\n","protected":false},"author":3,"featured_media":0,"parent":0,"menu_order":27,"comment_status":"closed","ping_status":"closed","template":"","meta":{"_seopress_robots_primary_cat":"","_seopress_titles_title":"Monitorizaci\u00f3n dental Holly Springs NC | Gather Orthodontics","_seopress_titles_desc":"La monitorizaci\u00f3n dental facilita el cuidado de ortodoncia con revisiones virtuales, menos visitas al consultorio y escaneos convenientes que mantienen el tratamiento encaminado en cualquier lugar.","_seopress_robots_index":"","footnotes":""},"class_list":["post-7114","page","type-page","status-publish"],"_links":{"self":[{"href":"https:\/\/gatherorthodontics.com\/es\/wp-json\/wp\/v2\/pages\/7114","targetHints":{"allow":["GET"]}}],"collection":[{"href":"https:\/\/gatherorthodontics.com\/es\/wp-json\/wp\/v2\/pages"}],"about":[{"href":"https:\/\/gatherorthodontics.com\/es\/wp-json\/wp\/v2\/types\/page"}],"author":[{"embeddable":true,"href":"https:\/\/gatherorthodontics.com\/es\/wp-json\/wp\/v2\/users\/3"}],"replies":[{"embeddable":true,"href":"https:\/\/gatherorthodontics.com\/es\/wp-json\/wp\/v2\/comments?post=7114"}],"version-history":[{"count":11,"href":"https:\/\/gatherorthodontics.com\/es\/wp-json\/wp\/v2\/pages\/7114\/revisions"}],"predecessor-version":[{"id":7613,"href":"https:\/\/gatherorthodontics.com\/es\/wp-json\/wp\/v2\/pages\/7114\/revisions\/7613"}],"wp:attachment":[{"href":"https:\/\/gatherorthodontics.com\/es\/wp-json\/wp\/v2\/media?parent=7114"}],"curies":[{"name":"wp","href":"https:\/\/api.w.org\/{rel}","templated":true}]}}