{"id":7117,"date":"2022-11-17T17:27:02","date_gmt":"2022-11-17T17:27:02","guid":{"rendered":"https:\/\/gatherorthodontics.com\/por-que-elegirnos\/"},"modified":"2025-11-13T00:30:38","modified_gmt":"2025-11-13T00:30:38","slug":"por-que-elegirnos","status":"publish","type":"page","link":"https:\/\/gatherorthodontics.com\/es\/por-que-elegirnos\/","title":{"rendered":"\u00bfPor qu\u00e9 elegirnos?"},"content":{"rendered":"\t\t<div data-elementor-type=\"wp-page\" data-elementor-id=\"7117\" class=\"elementor elementor-7117 elementor-3306\" data-elementor-post-type=\"page\">\n\t\t\t\t<div data-particle_enable=\"false\" data-particle-mobile-disabled=\"false\" class=\"elementor-element elementor-element-0d0c320 e-flex e-con-boxed e-con e-parent\" data-id=\"0d0c320\" data-element_type=\"container\" data-e-type=\"container\">\n\t\t\t\t\t<div class=\"e-con-inner\">\n\t\t\t\t<div class=\"elementor-element elementor-element-aaf8b3a elementor-widget__width-inherit elementor-widget elementor-widget-heading\" data-id=\"aaf8b3a\" data-element_type=\"widget\" data-e-type=\"widget\" data-widget_type=\"heading.default\">\n\t\t\t\t<div class=\"elementor-widget-container\">\n\t\t\t\t\t<h1 class=\"elementor-heading-title elementor-size-default\">\u00bfPor qu\u00e9 elegir Gather Orthodontics?<\/h1>\t\t\t\t<\/div>\n\t\t\t\t<\/div>\n\t\t\t\t\t<\/div>\n\t\t\t\t<\/div>\n\t\t\t\t<section data-particle_enable=\"false\" data-particle-mobile-disabled=\"false\" class=\"elementor-section elementor-top-section elementor-element elementor-element-6629264 elementor-section-content-middle elementor-section-boxed elementor-section-height-default elementor-section-height-default\" data-id=\"6629264\" data-element_type=\"section\" data-e-type=\"section\">\n\t\t\t\t\t\t<div class=\"elementor-container elementor-column-gap-no\">\n\t\t\t\t\t<div class=\"elementor-column elementor-col-50 elementor-top-column elementor-element elementor-element-ae3664e\" data-id=\"ae3664e\" data-element_type=\"column\" data-e-type=\"column\">\n\t\t\t<div class=\"elementor-widget-wrap elementor-element-populated\">\n\t\t\t\t\t\t<div class=\"elementor-element elementor-element-b72f7b8 elementor-widget elementor-widget-text-editor\" data-id=\"b72f7b8\" data-element_type=\"widget\" data-e-type=\"widget\" data-widget_type=\"text-editor.default\">\n\t\t\t\t<div class=\"elementor-widget-container\">\n\t\t\t\t\t\t\t\t\t<h2>Atenci\u00f3n ortod\u00f3ncica, reunida intencionalmente.<\/h2><p><span style=\"font-weight: 400;\">En Gather Orthodontics, creemos que una sonrisa segura comienza con el trato que recibes, no solo a nivel cl\u00ednico, sino tambi\u00e9n personal.<\/span><\/p><p><span style=\"font-weight: 400;\">Con ra\u00edces en el \u00e1rea de Raleigh, somos m\u00e1s que una consulta: somos parte de la comunidad. Fundada por <a href=\"https:\/\/gatherorthodontics.com\/es\/conozca-al-dr-campbell\/\">el Dr. T. Campbell<\/a>, orgulloso nativo de Raleigh, Gather re\u00fane tres principios esenciales:<\/span> <b>familia, comunidad y una experiencia de atenci\u00f3n excepcional.<\/b> <span style=\"font-weight: 400;\">Nuestro nombre es m\u00e1s que una palabra: es un reflejo de nuestros valores y nuestra historia. Es un nombre familiar transmitido de generaci\u00f3n en generaci\u00f3n, un gui\u00f1o a las ra\u00edces locales y un recordatorio de que la atenci\u00f3n es mejor cuando une a las personas.<\/span><\/p>\t\t\t\t\t\t\t\t<\/div>\n\t\t\t\t<\/div>\n\t\t\t\t\t<\/div>\n\t\t<\/div>\n\t\t\t\t<div class=\"elementor-column elementor-col-50 elementor-top-column elementor-element elementor-element-c626fe1\" data-id=\"c626fe1\" data-element_type=\"column\" data-e-type=\"column\">\n\t\t\t<div class=\"elementor-widget-wrap elementor-element-populated\">\n\t\t\t\t\t\t<div class=\"elementor-element elementor-element-26a5141 elementor-widget elementor-widget-image\" data-id=\"26a5141\" data-element_type=\"widget\" data-e-type=\"widget\" data-widget_type=\"image.default\">\n\t\t\t\t<div class=\"elementor-widget-container\">\n\t\t\t\t\t\t\t\t\t\t\t\t\t\t\t<img fetchpriority=\"high\" decoding=\"async\" width=\"512\" height=\"512\" src=\"https:\/\/gatherorthodontics.com\/wp-content\/uploads\/2023\/04\/Gather-Orthodontics-Favicon.png\" class=\"attachment-large size-large wp-image-7052\" alt=\"Favicon de Gather Orthodontics en Holly Springs, NC\" srcset=\"https:\/\/gatherorthodontics.com\/wp-content\/uploads\/2023\/04\/Gather-Orthodontics-Favicon.png 512w, https:\/\/gatherorthodontics.com\/wp-content\/uploads\/2023\/04\/Gather-Orthodontics-Favicon-300x300.png 300w, https:\/\/gatherorthodontics.com\/wp-content\/uploads\/2023\/04\/Gather-Orthodontics-Favicon-150x150.png 150w\" sizes=\"(max-width: 512px) 100vw, 512px\" \/>\t\t\t\t\t\t\t\t\t\t\t\t\t\t\t<\/div>\n\t\t\t\t<\/div>\n\t\t\t\t\t<\/div>\n\t\t<\/div>\n\t\t\t\t\t<\/div>\n\t\t<\/section>\n\t\t<div data-particle_enable=\"false\" data-particle-mobile-disabled=\"false\" class=\"elementor-element elementor-element-6fe5086 e-flex e-con-boxed e-con e-parent\" data-id=\"6fe5086\" data-element_type=\"container\" data-e-type=\"container\">\n\t\t\t\t\t<div class=\"e-con-inner\">\n\t\t\t\t<div class=\"elementor-element elementor-element-c2800e3 elementor-widget elementor-widget-text-editor\" data-id=\"c2800e3\" data-element_type=\"widget\" data-e-type=\"widget\" data-widget_type=\"text-editor.default\">\n\t\t\t\t<div class=\"elementor-widget-container\">\n\t\t\t\t\t\t\t\t\t<p><span style=\"font-weight: 400;\">Hemos reinventado la ortodoncia para que se parezca menos a una cl\u00ednica y m\u00e1s a una experiencia de conserjer\u00eda seleccionada. Desde la programaci\u00f3n personalizada y la atenci\u00f3n individualizada hasta la <g id=\"gid_0\">tecnolog\u00eda digital<\/g> perfecta y el dise\u00f1o bien pensado, cada detalle est\u00e1 dise\u00f1ado en torno a tu comodidad y conveniencia. Ofrecemos un tipo de innovaci\u00f3n m\u00e1s silenciosa: alineadores discretos, escaneo 3D y tratamiento de precisi\u00f3n, todo ello con la facilidad y la claridad de una atenci\u00f3n que te encuentra donde est\u00e1s.  <\/span><\/p><p><span style=\"font-weight: 400;\">Tanto si vienes como <a href=\"https:\/\/gatherorthodontics.com\/early-orthodontic-treatment\/\">ni\u00f1o<\/a>, <a href=\"https:\/\/gatherorthodontics.com\/teen-orthodontic-treatment\/\">adolescente<\/a> o <a href=\"https:\/\/gatherorthodontics.com\/adult-orthodontics\/\">adulto<\/a>, ser\u00e1s bienvenido a un espacio tranquilo y refinado que honra tu tiempo y tu historia. Nunca te sentir\u00e1s como un n\u00famero m\u00e1s. Esta es una atenci\u00f3n ortod\u00f3ncica adaptada a ti: tus objetivos, tu estilo de vida, tu ritmo.  <\/span><\/p><p><span style=\"font-weight: 400;\">Gather Orthodontics se cre\u00f3 para aquellos que valoran la conexi\u00f3n por encima de la convenci\u00f3n, y la sustancia por encima de la velocidad.<\/span><\/p><p><span style=\"font-weight: 400;\"> Esto es ortodoncia, elevada con intenci\u00f3n.<\/span><\/p><p><span style=\"font-weight: 400;\"> Esto es atenci\u00f3n, reunida.<\/span><\/p><h2>\u00bfPor qu\u00e9 \u201cGather\u201d?<\/h2><p><span style=\"font-weight: 400;\">El nombre <\/span><b>Gather Orthodontics<\/b><span style=\"font-weight: 400;\"> es m\u00e1s que un t\u00edtulo: es un reflejo de los valores que definen la vida y la pr\u00e1ctica del Dr. Campbell:<\/span><\/p>\t\t\t\t\t\t\t\t<\/div>\n\t\t\t\t<\/div>\n\t\t\t\t\t<\/div>\n\t\t\t\t<\/div>\n\t\t\t\t<section data-particle_enable=\"false\" data-particle-mobile-disabled=\"false\" class=\"elementor-section elementor-top-section elementor-element elementor-element-ddeeb7a elementor-section-boxed elementor-section-height-default elementor-section-height-default\" data-id=\"ddeeb7a\" data-element_type=\"section\" data-e-type=\"section\">\n\t\t\t\t\t\t<div class=\"elementor-container elementor-column-gap-no\">\n\t\t\t\t\t<div class=\"elementor-column elementor-col-33 elementor-top-column elementor-element elementor-element-ad8b0d2\" data-id=\"ad8b0d2\" data-element_type=\"column\" data-e-type=\"column\" data-settings=\"{&quot;background_background&quot;:&quot;classic&quot;}\">\n\t\t\t<div class=\"elementor-widget-wrap elementor-element-populated\">\n\t\t\t\t\t\t<div class=\"elementor-element elementor-element-2a5af26 elementor-view-stacked elementor-shape-circle elementor-position-block-start elementor-mobile-position-block-start elementor-widget elementor-widget-icon-box\" data-id=\"2a5af26\" data-element_type=\"widget\" data-e-type=\"widget\" data-widget_type=\"icon-box.default\">\n\t\t\t\t<div class=\"elementor-widget-container\">\n\t\t\t\t\t\t\t<div class=\"elementor-icon-box-wrapper\">\n\n\t\t\t\t\t\t<div class=\"elementor-icon-box-icon\">\n\t\t\t\t<span  class=\"elementor-icon\">\n\t\t\t\t<i aria-hidden=\"true\" class=\"fas fa-hand-holding-medical\"><\/i>\t\t\t\t<\/span>\n\t\t\t<\/div>\n\t\t\t\n\t\t\t\t\t\t<div class=\"elementor-icon-box-content\">\n\n\t\t\t\t\t\t\t\t\t<h3 class=\"elementor-icon-box-title\">\n\t\t\t\t\t\t<span  >\n\t\t\t\t\t\t\tFamilia\t\t\t\t\t\t<\/span>\n\t\t\t\t\t<\/h3>\n\t\t\t\t\n\t\t\t\t\t\t\t\t\t<p class=\"elementor-icon-box-description\">\n\t\t\t\t\t\t\"Gather\" es un nombre familiar del linaje del Dr. Campbell. Honra sus ra\u00edces y subraya que no se trata de una consulta de propiedad corporativa, sino de una consulta profundamente personal, donde los pacientes son tratados como personas, no como n\u00fameros. \n\t\t\t\t\t<\/p>\n\t\t\t\t\n\t\t\t<\/div>\n\t\t\t\n\t\t<\/div>\n\t\t\t\t\t\t<\/div>\n\t\t\t\t<\/div>\n\t\t\t\t\t<\/div>\n\t\t<\/div>\n\t\t\t\t<div class=\"elementor-column elementor-col-33 elementor-top-column elementor-element elementor-element-d173913\" data-id=\"d173913\" data-element_type=\"column\" data-e-type=\"column\" data-settings=\"{&quot;background_background&quot;:&quot;classic&quot;}\">\n\t\t\t<div class=\"elementor-widget-wrap elementor-element-populated\">\n\t\t\t\t\t\t<div class=\"elementor-element elementor-element-2652a68 elementor-view-stacked elementor-shape-circle elementor-position-block-start elementor-mobile-position-block-start elementor-widget elementor-widget-icon-box\" data-id=\"2652a68\" data-element_type=\"widget\" data-e-type=\"widget\" data-widget_type=\"icon-box.default\">\n\t\t\t\t<div class=\"elementor-widget-container\">\n\t\t\t\t\t\t\t<div class=\"elementor-icon-box-wrapper\">\n\n\t\t\t\t\t\t<div class=\"elementor-icon-box-icon\">\n\t\t\t\t<span  class=\"elementor-icon\">\n\t\t\t\t<i aria-hidden=\"true\" class=\"fas fa-users\"><\/i>\t\t\t\t<\/span>\n\t\t\t<\/div>\n\t\t\t\n\t\t\t\t\t\t<div class=\"elementor-icon-box-content\">\n\n\t\t\t\t\t\t\t\t\t<h3 class=\"elementor-icon-box-title\">\n\t\t\t\t\t\t<span  >\n\t\t\t\t\t\t\tComunidad\t\t\t\t\t\t<\/span>\n\t\t\t\t\t<\/h3>\n\t\t\t\t\n\t\t\t\t\t\t\t\t\t<p class=\"elementor-icon-box-description\">\n\t\t\t\t\t\tUbicado en Holly Springs, Gather refleja los lazos de por vida del Dr. Campbell con el \u00e1rea metropolitana de Raleigh. Incluso la palabra \"Springs\" hace referencia a la ciudad natal de su padre en Carolina del Norte, lo que a\u00f1ade otra capa de conexi\u00f3n con la ubicaci\u00f3n y la comunidad. \t\t\t\t\t<\/p>\n\t\t\t\t\n\t\t\t<\/div>\n\t\t\t\n\t\t<\/div>\n\t\t\t\t\t\t<\/div>\n\t\t\t\t<\/div>\n\t\t\t\t\t<\/div>\n\t\t<\/div>\n\t\t\t\t<div class=\"elementor-column elementor-col-33 elementor-top-column elementor-element elementor-element-84effdc\" data-id=\"84effdc\" data-element_type=\"column\" data-e-type=\"column\" data-settings=\"{&quot;background_background&quot;:&quot;classic&quot;}\">\n\t\t\t<div class=\"elementor-widget-wrap elementor-element-populated\">\n\t\t\t\t\t\t<div class=\"elementor-element elementor-element-6682505 elementor-view-stacked elementor-shape-circle elementor-position-block-start elementor-mobile-position-block-start elementor-widget elementor-widget-icon-box\" data-id=\"6682505\" data-element_type=\"widget\" data-e-type=\"widget\" data-widget_type=\"icon-box.default\">\n\t\t\t\t<div class=\"elementor-widget-container\">\n\t\t\t\t\t\t\t<div class=\"elementor-icon-box-wrapper\">\n\n\t\t\t\t\t\t<div class=\"elementor-icon-box-icon\">\n\t\t\t\t<span  class=\"elementor-icon\">\n\t\t\t\t<i aria-hidden=\"true\" class=\"fas fa-laugh-beam\"><\/i>\t\t\t\t<\/span>\n\t\t\t<\/div>\n\t\t\t\n\t\t\t\t\t\t<div class=\"elementor-icon-box-content\">\n\n\t\t\t\t\t\t\t\t\t<h3 class=\"elementor-icon-box-title\">\n\t\t\t\t\t\t<span  >\n\t\t\t\t\t\t\tExperiencia intencional\t\t\t\t\t\t<\/span>\n\t\t\t\t\t<\/h3>\n\t\t\t\t\n\t\t\t\t\t\t\t\t\t<p class=\"elementor-icon-box-description\">\n\t\t\t\t\t\tEn su sentido m\u00e1s literal, reunir significa unirse. En Gather Orthodontics, cada detalle, desde el ambiente sereno hasta la atenci\u00f3n personalizada, est\u00e1 dise\u00f1ado para una experiencia c\u00e1lida, elevada y profundamente humana. \t\t\t\t\t<\/p>\n\t\t\t\t\n\t\t\t<\/div>\n\t\t\t\n\t\t<\/div>\n\t\t\t\t\t\t<\/div>\n\t\t\t\t<\/div>\n\t\t\t\t\t<\/div>\n\t\t<\/div>\n\t\t\t\t\t<\/div>\n\t\t<\/section>\n\t\t\t\t<section data-particle_enable=\"false\" data-particle-mobile-disabled=\"false\" class=\"elementor-section elementor-top-section elementor-element elementor-element-02d9fea elementor-section-content-middle elementor-section-boxed elementor-section-height-default elementor-section-height-default\" data-id=\"02d9fea\" data-element_type=\"section\" data-e-type=\"section\" data-settings=\"{&quot;background_background&quot;:&quot;classic&quot;}\">\n\t\t\t\t\t\t\t<div class=\"elementor-background-overlay\"><\/div>\n\t\t\t\t\t\t\t<div class=\"elementor-container elementor-column-gap-default\">\n\t\t\t\t\t<div class=\"elementor-column elementor-col-100 elementor-top-column elementor-element elementor-element-061eb18\" data-id=\"061eb18\" data-element_type=\"column\" data-e-type=\"column\">\n\t\t\t<div class=\"elementor-widget-wrap elementor-element-populated\">\n\t\t\t\t\t\t<div class=\"elementor-element elementor-element-b33efd3 elementor-widget elementor-widget-heading\" data-id=\"b33efd3\" data-element_type=\"widget\" data-e-type=\"widget\" data-widget_type=\"heading.default\">\n\t\t\t\t<div class=\"elementor-widget-container\">\n\t\t\t\t\t<h3 class=\"elementor-heading-title elementor-size-default\">Empieza ahora<\/h3>\t\t\t\t<\/div>\n\t\t\t\t<\/div>\n\t\t\t\t<div class=\"elementor-element elementor-element-bf89005 elementor-widget elementor-widget-heading\" data-id=\"bf89005\" data-element_type=\"widget\" data-e-type=\"widget\" data-widget_type=\"heading.default\">\n\t\t\t\t<div class=\"elementor-widget-container\">\n\t\t\t\t\t<h2 class=\"elementor-heading-title elementor-size-default\">Solicitar cita<\/h2>\t\t\t\t<\/div>\n\t\t\t\t<\/div>\n\t\t\t\t<div class=\"elementor-element elementor-element-09e3fc1 elementor-widget elementor-widget-text-editor\" data-id=\"09e3fc1\" data-element_type=\"widget\" data-e-type=\"widget\" data-widget_type=\"text-editor.default\">\n\t\t\t\t<div class=\"elementor-widget-container\">\n\t\t\t\t\t\t\t\t\t<p data-start=\"97\" data-end=\"226\">Da el primer paso hacia una sonrisa m\u00e1s sana y segura. Nuestro equipo est\u00e1 aqu\u00ed para que la atenci\u00f3n ortod\u00f3ncica sea sencilla y sin estr\u00e9s. <\/p>\t\t\t\t\t\t\t\t<\/div>\n\t\t\t\t<\/div>\n\t\t\t\t<div class=\"elementor-element elementor-element-acfc598 elementor-mobile-align-center elementor-widget elementor-widget-button\" data-id=\"acfc598\" data-element_type=\"widget\" data-e-type=\"widget\" data-widget_type=\"button.default\">\n\t\t\t\t<div class=\"elementor-widget-container\">\n\t\t\t\t\t\t\t\t\t<div class=\"elementor-button-wrapper\">\n\t\t\t\t\t<a class=\"elementor-button elementor-button-link elementor-size-sm\" href=\"https:\/\/gatherorthodontics.com\/es\/solicitar-una-cita\/\">\n\t\t\t\t\t\t<span class=\"elementor-button-content-wrapper\">\n\t\t\t\t\t\t\t\t\t<span class=\"elementor-button-text\">Programar cita<\/span>\n\t\t\t\t\t<\/span>\n\t\t\t\t\t<\/a>\n\t\t\t\t<\/div>\n\t\t\t\t\t\t\t\t<\/div>\n\t\t\t\t<\/div>\n\t\t\t\t\t<\/div>\n\t\t<\/div>\n\t\t\t\t\t<\/div>\n\t\t<\/section>\n\t\t\t\t<\/div>\n\t\t","protected":false},"excerpt":{"rendered":"<p>\u00bfPor qu\u00e9 elegir Gather Orthodontics? Atenci\u00f3n ortod\u00f3ncica, reunida intencionalmente. En Gather Orthodontics, creemos que una sonrisa segura comienza con el trato que recibes, no solo a nivel cl\u00ednico, sino tambi\u00e9n personal. Con ra\u00edces en el \u00e1rea de Raleigh, somos m\u00e1s que una consulta: somos parte de la comunidad. Fundada por el Dr. T. Campbell, orgulloso nativo de Raleigh, [&hellip;]<\/p>\n","protected":false},"author":3,"featured_media":0,"parent":0,"menu_order":4,"comment_status":"closed","ping_status":"closed","template":"","meta":{"_seopress_robots_primary_cat":"","_seopress_titles_title":"\u00bfPor qu\u00e9 elegir Gather Orthodontics en Holly Springs, Carolina del Norte?","_seopress_titles_desc":"Gather Orthodontics ofrece una atenci\u00f3n ortod\u00f3ncica dise\u00f1ada a tu medida, con un enfoque personal e intencional que hace que cada sonrisa y cada visita sean significativas.","_seopress_robots_index":"","footnotes":""},"class_list":["post-7117","page","type-page","status-publish"],"_links":{"self":[{"href":"https:\/\/gatherorthodontics.com\/es\/wp-json\/wp\/v2\/pages\/7117","targetHints":{"allow":["GET"]}}],"collection":[{"href":"https:\/\/gatherorthodontics.com\/es\/wp-json\/wp\/v2\/pages"}],"about":[{"href":"https:\/\/gatherorthodontics.com\/es\/wp-json\/wp\/v2\/types\/page"}],"author":[{"embeddable":true,"href":"https:\/\/gatherorthodontics.com\/es\/wp-json\/wp\/v2\/users\/3"}],"replies":[{"embeddable":true,"href":"https:\/\/gatherorthodontics.com\/es\/wp-json\/wp\/v2\/comments?post=7117"}],"version-history":[{"count":2,"href":"https:\/\/gatherorthodontics.com\/es\/wp-json\/wp\/v2\/pages\/7117\/revisions"}],"predecessor-version":[{"id":7534,"href":"https:\/\/gatherorthodontics.com\/es\/wp-json\/wp\/v2\/pages\/7117\/revisions\/7534"}],"wp:attachment":[{"href":"https:\/\/gatherorthodontics.com\/es\/wp-json\/wp\/v2\/media?parent=7117"}],"curies":[{"name":"wp","href":"https:\/\/api.w.org\/{rel}","templated":true}]}}