{"id":7120,"date":"2022-11-17T21:48:19","date_gmt":"2022-11-17T21:48:19","guid":{"rendered":"https:\/\/gatherorthodontics.com\/tipos-de-brackets\/"},"modified":"2025-11-09T20:29:44","modified_gmt":"2025-11-09T20:29:44","slug":"tipos-de-brackets","status":"publish","type":"page","link":"https:\/\/gatherorthodontics.com\/es\/tipos-de-brackets\/","title":{"rendered":"Tipos de brackets"},"content":{"rendered":"\t\t<div data-elementor-type=\"wp-page\" data-elementor-id=\"7120\" class=\"elementor elementor-7120 elementor-3377\" data-elementor-post-type=\"page\">\n\t\t\t\t<div data-particle_enable=\"false\" data-particle-mobile-disabled=\"false\" class=\"elementor-element elementor-element-a38d046 e-flex e-con-boxed e-con e-parent\" data-id=\"a38d046\" data-element_type=\"container\" data-e-type=\"container\">\n\t\t\t\t\t<div class=\"e-con-inner\">\n\t\t\t\t<div class=\"elementor-element elementor-element-f204d84 elementor-widget__width-inherit elementor-widget elementor-widget-heading\" data-id=\"f204d84\" data-element_type=\"widget\" data-e-type=\"widget\" data-widget_type=\"heading.default\">\n\t\t\t\t<div class=\"elementor-widget-container\">\n\t\t\t\t\t<h1 class=\"elementor-heading-title elementor-size-default\">Tipos de brackets en Holly Springs, NC<\/h1>\t\t\t\t<\/div>\n\t\t\t\t<\/div>\n\t\t\t\t\t<\/div>\n\t\t\t\t<\/div>\n\t\t\t\t<section data-particle_enable=\"false\" data-particle-mobile-disabled=\"false\" class=\"elementor-section elementor-top-section elementor-element elementor-element-1a5f97d elementor-section-boxed elementor-section-height-default elementor-section-height-default\" data-id=\"1a5f97d\" data-element_type=\"section\" data-e-type=\"section\">\n\t\t\t\t\t\t<div class=\"elementor-container elementor-column-gap-default\">\n\t\t\t\t\t<div class=\"elementor-column elementor-col-100 elementor-top-column elementor-element elementor-element-4545817\" data-id=\"4545817\" data-element_type=\"column\" data-e-type=\"column\">\n\t\t\t<div class=\"elementor-widget-wrap elementor-element-populated\">\n\t\t\t\t\t\t<div class=\"elementor-element elementor-element-d39d5e7 elementor-widget elementor-widget-text-editor\" data-id=\"d39d5e7\" data-element_type=\"widget\" data-e-type=\"widget\" data-widget_type=\"text-editor.default\">\n\t\t\t\t<div class=\"elementor-widget-container\">\n\t\t\t\t\t\t\t\t\t<p data-start=\"404\" data-end=\"778\">En Gather Orthodontics, creemos que todo el mundo merece una sonrisa que le haga sentirse seguro y orgulloso. Gracias a los avances modernos en tecnolog\u00eda ortod\u00f3ncica, ofrecemos una amplia gama de opciones de tratamiento dise\u00f1adas para adaptarse a su estilo de vida, comodidad y objetivos. Tanto si prefiere un aspecto cl\u00e1sico y colorido como algo m\u00e1s sutil y discreto, tenemos una soluci\u00f3n adecuada para usted.  <\/p><p data-start=\"780\" data-end=\"1203\">Dirigido por el <a href=\"https:\/\/gatherorthodontics.com\/es\/conozca-al-dr-campbell\/\">Dr. Terrence Campbell<\/a>, nuestro equipo combina t\u00e9cnicas avanzadas de ortodoncia con atenci\u00f3n personalizada para crear resultados saludables y duraderos. Una sonrisa bien alineada no solo se ve genial, sino que tambi\u00e9n favorece la salud bucal a largo plazo, facilitando la limpieza de los dientes, mejorando la funci\u00f3n de la mordida y reduciendo el desgaste del esmalte. Con las opciones de tratamiento actuales, conseguir la sonrisa ideal es m\u00e1s c\u00f3modo y pr\u00e1ctico que nunca.<\/p><h2 data-start=\"1210\" data-end=\"1287\">\u00bfQu\u00e9 opciones de ortodoncia est\u00e1n disponibles en Gather Orthodontics?<\/h2><p data-start=\"1289\" data-end=\"1390\">Ofrecemos varias opciones modernas de enderezamiento dental para satisfacer sus necesidades, preferencias y objetivos de sonrisa:<\/p>\t\t\t\t\t\t\t\t<\/div>\n\t\t\t\t<\/div>\n\t\t\t\t\t<\/div>\n\t\t<\/div>\n\t\t\t\t\t<\/div>\n\t\t<\/section>\n\t\t\t\t<section data-particle_enable=\"false\" data-particle-mobile-disabled=\"false\" class=\"elementor-section elementor-top-section elementor-element elementor-element-7e0fe05 elementor-section-boxed elementor-section-height-default elementor-section-height-default\" data-id=\"7e0fe05\" data-element_type=\"section\" data-e-type=\"section\">\n\t\t\t\t\t\t<div class=\"elementor-container elementor-column-gap-default\">\n\t\t\t\t\t<div class=\"elementor-column elementor-col-50 elementor-top-column elementor-element elementor-element-3c22174\" data-id=\"3c22174\" data-element_type=\"column\" data-e-type=\"column\">\n\t\t\t<div class=\"elementor-widget-wrap elementor-element-populated\">\n\t\t\t\t\t\t<div class=\"elementor-element elementor-element-da7674d elementor-cta--skin-classic elementor-animated-content elementor-bg-transform elementor-bg-transform-zoom-in elementor-widget elementor-widget-call-to-action\" data-id=\"da7674d\" data-element_type=\"widget\" data-e-type=\"widget\" data-widget_type=\"call-to-action.default\">\n\t\t\t\t<div class=\"elementor-widget-container\">\n\t\t\t\t\t\t\t<div class=\"elementor-cta\">\n\t\t\t\t\t<div class=\"elementor-cta__bg-wrapper\">\n\t\t\t\t<div class=\"elementor-cta__bg elementor-bg\" style=\"background-image: url(https:\/\/gatherorthodontics.com\/wp-content\/uploads\/2022\/11\/Types-of-Braces-Metal-Braces.jpg);\" role=\"img\" aria-label=\"Brackets met\u00e1licos Gather Orthodontics en Holly Springs, NC\"><\/div>\n\t\t\t\t<div class=\"elementor-cta__bg-overlay\"><\/div>\n\t\t\t<\/div>\n\t\t\t\t\t\t\t<div class=\"elementor-cta__content\">\n\t\t\t\t\n\t\t\t\t\t\t\t\t\t<h3 class=\"elementor-cta__title elementor-cta__content-item elementor-content-item\">\n\t\t\t\t\t\tBrackets met\u00e1licos\t\t\t\t\t<\/h3>\n\t\t\t\t\n\t\t\t\t\t\t\t\t\t<div class=\"elementor-cta__description elementor-cta__content-item elementor-content-item\">\n\t\t\t\t\t\tLos brackets met\u00e1licos tradicionales son una opci\u00f3n fiable y eficaz para enderezar los dientes y corregir los problemas de mordida. Fabricados con aleaciones duraderas de alta calidad, los brackets de hoy en d\u00eda son m\u00e1s peque\u00f1os y c\u00f3modos que en el pasado. Los pacientes tambi\u00e9n tienen la opci\u00f3n de a\u00f1adir el\u00e1sticos de colores, haciendo que el tratamiento sea funcional y divertido.\t\t\t\t\t<\/div>\n\t\t\t\t\n\t\t\t\t\t\t\t<\/div>\n\t\t\t\t\t\t<\/div>\n\t\t\t\t\t\t<\/div>\n\t\t\t\t<\/div>\n\t\t\t\t\t<\/div>\n\t\t<\/div>\n\t\t\t\t<div class=\"elementor-column elementor-col-50 elementor-top-column elementor-element elementor-element-f0f9c0d\" data-id=\"f0f9c0d\" data-element_type=\"column\" data-e-type=\"column\">\n\t\t\t<div class=\"elementor-widget-wrap elementor-element-populated\">\n\t\t\t\t\t\t<div class=\"elementor-element elementor-element-712898b elementor-cta--skin-classic elementor-animated-content elementor-bg-transform elementor-bg-transform-zoom-in elementor-widget elementor-widget-call-to-action\" data-id=\"712898b\" data-element_type=\"widget\" data-e-type=\"widget\" data-widget_type=\"call-to-action.default\">\n\t\t\t\t<div class=\"elementor-widget-container\">\n\t\t\t\t\t\t\t<div class=\"elementor-cta\">\n\t\t\t\t\t<div class=\"elementor-cta__bg-wrapper\">\n\t\t\t\t<div class=\"elementor-cta__bg elementor-bg\" style=\"background-image: url(https:\/\/gatherorthodontics.com\/wp-content\/uploads\/2022\/11\/Types-of-Braces-Ceramic-Braces.jpg);\" role=\"img\" aria-label=\"Brackets de cer\u00e1mica Gather Orthodontics en Holly Springs, NC\"><\/div>\n\t\t\t\t<div class=\"elementor-cta__bg-overlay\"><\/div>\n\t\t\t<\/div>\n\t\t\t\t\t\t\t<div class=\"elementor-cta__content\">\n\t\t\t\t\n\t\t\t\t\t\t\t\t\t<h3 class=\"elementor-cta__title elementor-cta__content-item elementor-content-item\">\n\t\t\t\t\t\tBrackets de cer\u00e1mica\t\t\t\t\t<\/h3>\n\t\t\t\t\n\t\t\t\t\t\t\t\t\t<div class=\"elementor-cta__description elementor-cta__content-item elementor-content-item\">\n\t\t\t\t\t\tLos brackets de cer\u00e1mica utilizan brackets y alambres del color del diente, integr\u00e1ndose de forma m\u00e1s natural con su sonrisa. Proporcionan la misma eficacia que los brackets met\u00e1licos, a la vez que ofrecen un aspecto m\u00e1s discreto. Muchos adultos y adolescentes mayores eligen los brackets de cer\u00e1mica para un tratamiento que es a la vez sutil y fiable.\t\t\t\t\t<\/div>\n\t\t\t\t\n\t\t\t\t\t\t\t<\/div>\n\t\t\t\t\t\t<\/div>\n\t\t\t\t\t\t<\/div>\n\t\t\t\t<\/div>\n\t\t\t\t\t<\/div>\n\t\t<\/div>\n\t\t\t\t\t<\/div>\n\t\t<\/section>\n\t\t\t\t<section data-particle_enable=\"false\" data-particle-mobile-disabled=\"false\" class=\"elementor-section elementor-top-section elementor-element elementor-element-4c89df0f elementor-section-boxed elementor-section-height-default elementor-section-height-default\" data-id=\"4c89df0f\" data-element_type=\"section\" data-e-type=\"section\">\n\t\t\t\t\t\t<div class=\"elementor-container elementor-column-gap-default\">\n\t\t\t\t\t<div class=\"elementor-column elementor-col-50 elementor-top-column elementor-element elementor-element-2528cee5\" data-id=\"2528cee5\" data-element_type=\"column\" data-e-type=\"column\">\n\t\t\t<div class=\"elementor-widget-wrap elementor-element-populated\">\n\t\t\t\t\t\t<div class=\"elementor-element elementor-element-290f9c9b elementor-cta--skin-classic elementor-animated-content elementor-bg-transform elementor-bg-transform-zoom-in elementor-widget elementor-widget-call-to-action\" data-id=\"290f9c9b\" data-element_type=\"widget\" data-e-type=\"widget\" data-widget_type=\"call-to-action.default\">\n\t\t\t\t<div class=\"elementor-widget-container\">\n\t\t\t\t\t\t\t<div class=\"elementor-cta\">\n\t\t\t\t\t<div class=\"elementor-cta__bg-wrapper\">\n\t\t\t\t<div class=\"elementor-cta__bg elementor-bg\" style=\"background-image: url(https:\/\/gatherorthodontics.com\/wp-content\/uploads\/2022\/11\/Types-of-Braces-Clear-Aligners-2.jpg);\" role=\"img\" aria-label=\"Alineadores transparentes Invisalign Gather Orthodontics en Holly Springs, NC\"><\/div>\n\t\t\t\t<div class=\"elementor-cta__bg-overlay\"><\/div>\n\t\t\t<\/div>\n\t\t\t\t\t\t\t<div class=\"elementor-cta__content\">\n\t\t\t\t\n\t\t\t\t\t\t\t\t\t<h3 class=\"elementor-cta__title elementor-cta__content-item elementor-content-item\">\n\t\t\t\t\t\tAlineadores transparentes Invisalign\t\t\t\t\t<\/h3>\n\t\t\t\t\n\t\t\t\t\t\t\t\t\t<div class=\"elementor-cta__description elementor-cta__content-item elementor-content-item\">\n\t\t\t\t\t\tEl tratamiento Invisalign utiliza una serie de alineadores removibles, casi invisibles, dise\u00f1ados para desplazar gradualmente los dientes a su posici\u00f3n. Los alineadores son c\u00f3modos de llevar, f\u00e1ciles de limpiar y le permiten comer y beber sin restricciones. Esta opci\u00f3n es especialmente popular entre los pacientes que buscan flexibilidad y comodidad.\t\t\t\t\t<\/div>\n\t\t\t\t\n\t\t\t\t\t\t\t\t\t<div class=\"elementor-cta__button-wrapper elementor-cta__content-item elementor-content-item \">\n\t\t\t\t\t<a class=\"elementor-cta__button elementor-button elementor-size-xs\" href=\"https:\/\/gatherorthodontics.com\/es\/invisalign\/\">\n\t\t\t\t\t\tM\u00e1s informaci\u00f3n sobre Invisalign\t\t\t\t\t<\/a>\n\t\t\t\t\t<\/div>\n\t\t\t\t\t\t\t<\/div>\n\t\t\t\t\t\t<\/div>\n\t\t\t\t\t\t<\/div>\n\t\t\t\t<\/div>\n\t\t\t\t\t<\/div>\n\t\t<\/div>\n\t\t\t\t<div class=\"elementor-column elementor-col-50 elementor-top-column elementor-element elementor-element-587ccefe\" data-id=\"587ccefe\" data-element_type=\"column\" data-e-type=\"column\">\n\t\t\t<div class=\"elementor-widget-wrap elementor-element-populated\">\n\t\t\t\t\t\t<div class=\"elementor-element elementor-element-5ab83e8 elementor-cta--skin-classic elementor-animated-content elementor-bg-transform elementor-bg-transform-zoom-in elementor-widget elementor-widget-call-to-action\" data-id=\"5ab83e8\" data-element_type=\"widget\" data-e-type=\"widget\" data-widget_type=\"call-to-action.default\">\n\t\t\t\t<div class=\"elementor-widget-container\">\n\t\t\t\t\t\t\t<div class=\"elementor-cta\">\n\t\t\t\t\t<div class=\"elementor-cta__bg-wrapper\">\n\t\t\t\t<div class=\"elementor-cta__bg elementor-bg\" style=\"background-image: url(https:\/\/gatherorthodontics.com\/wp-content\/uploads\/2025\/09\/WildSmiles-Heart-Smile-Close-Up-1024x867.jpg);\" role=\"img\" aria-label=\"Brackets WildSmiles Gather Orthodontics en Holly Springs, NC\"><\/div>\n\t\t\t\t<div class=\"elementor-cta__bg-overlay\"><\/div>\n\t\t\t<\/div>\n\t\t\t\t\t\t\t<div class=\"elementor-cta__content\">\n\t\t\t\t\n\t\t\t\t\t\t\t\t\t<h3 class=\"elementor-cta__title elementor-cta__content-item elementor-content-item\">\n\t\t\t\t\t\tBrackets WildSmiles\t\t\t\t\t<\/h3>\n\t\t\t\t\n\t\t\t\t\t\t\t\t\t<div class=\"elementor-cta__description elementor-cta__content-item elementor-content-item\">\n\t\t\t\t\t\tLos brackets WildSmiles hacen que el tratamiento de ortodoncia sea divertido, permitiendo a los ni\u00f1os y adolescentes elegir entre formas de brackets divertidas como estrellas, corazones e incluso dise\u00f1os de Disney. Estos brackets funcionan igual de eficazmente que los brackets tradicionales, a la vez que a\u00f1aden un toque de personalidad, ayudando a los pacientes a mantenerse motivados y seguros durante todo el tratamiento.\t\t\t\t\t<\/div>\n\t\t\t\t\n\t\t\t\t\t\t\t\t\t<div class=\"elementor-cta__button-wrapper elementor-cta__content-item elementor-content-item \">\n\t\t\t\t\t<a class=\"elementor-cta__button elementor-button elementor-size-xs\" href=\"https:\/\/gatherorthodontics.com\/es\/brackets-wildsmiles\/\">\n\t\t\t\t\t\tM\u00e1s informaci\u00f3n sobre WildSmiles\t\t\t\t\t<\/a>\n\t\t\t\t\t<\/div>\n\t\t\t\t\t\t\t<\/div>\n\t\t\t\t\t\t<\/div>\n\t\t\t\t\t\t<\/div>\n\t\t\t\t<\/div>\n\t\t\t\t\t<\/div>\n\t\t<\/div>\n\t\t\t\t\t<\/div>\n\t\t<\/section>\n\t\t<div data-particle_enable=\"false\" data-particle-mobile-disabled=\"false\" class=\"elementor-element elementor-element-9172290 e-flex e-con-boxed e-con e-parent\" data-id=\"9172290\" data-element_type=\"container\" data-e-type=\"container\">\n\t\t\t\t\t<div class=\"e-con-inner\">\n\t\t\t\t<div class=\"elementor-element elementor-element-318d42e elementor-widget elementor-widget-text-editor\" data-id=\"318d42e\" data-element_type=\"widget\" data-e-type=\"widget\" data-widget_type=\"text-editor.default\">\n\t\t\t\t<div class=\"elementor-widget-container\">\n\t\t\t\t\t\t\t\t\t<h2 data-start=\"2851\" data-end=\"2925\">\u00bfC\u00f3mo funciona la atenci\u00f3n ortod\u00f3ncica personalizada en Gather Orthodontics?<\/h2><p data-start=\"2927\" data-end=\"3192\">Cuando visite al Dr. Campbell, recibir\u00e1 un plan de tratamiento personalizado basado en su mordida, equilibrio facial y objetivos individuales. Utilizando lo \u00faltimo en imagenolog\u00eda digital y tecnolog\u00eda ortod\u00f3ncica, nos aseguramos de que cada tratamiento sea preciso, eficiente y c\u00f3modo. <\/p><p data-start=\"3194\" data-end=\"3412\">Tanto si se centra en la apariencia, la comodidad o la salud a largo plazo, nuestro equipo de Holly Springs est\u00e1 aqu\u00ed para que su experiencia ortod\u00f3ncica sea positiva y gratificante, desde su primera consulta hasta la revelaci\u00f3n final de su sonrisa.<\/p><h2 data-start=\"3194\" data-end=\"3412\">\u00bfListo para comenzar su viaje hacia una nueva sonrisa?<\/h2><p data-start=\"3194\" data-end=\"3412\"><a href=\"https:\/\/gatherorthodontics.com\/es\/solicitar-una-cita\/\">Programe su consulta gratuita<\/a> con el <strong>Dr. Terrence Campbell<\/strong> hoy mismo y d\u00e9 el primer paso hacia una sonrisa sana y segura que le encantar\u00e1 compartir.<\/p>\t\t\t\t\t\t\t\t<\/div>\n\t\t\t\t<\/div>\n\t\t\t\t<div class=\"elementor-element elementor-element-4db9f8a elementor-widget elementor-widget-heading\" data-id=\"4db9f8a\" data-element_type=\"widget\" data-e-type=\"widget\" data-widget_type=\"heading.default\">\n\t\t\t\t<div class=\"elementor-widget-container\">\n\t\t\t\t\t<h2 class=\"elementor-heading-title elementor-size-default\">Preguntas frecuentes<\/h2>\t\t\t\t<\/div>\n\t\t\t\t<\/div>\n\t\t\t\t<div class=\"elementor-element elementor-element-d9f0d76 elementor-widget elementor-widget-n-accordion\" data-id=\"d9f0d76\" data-element_type=\"widget\" data-e-type=\"widget\" data-settings=\"{&quot;default_state&quot;:&quot;all_collapsed&quot;,&quot;max_items_expended&quot;:&quot;one&quot;,&quot;n_accordion_animation_duration&quot;:{&quot;unit&quot;:&quot;ms&quot;,&quot;size&quot;:400,&quot;sizes&quot;:[]}}\" data-widget_type=\"nested-accordion.default\">\n\t\t\t\t<div class=\"elementor-widget-container\">\n\t\t\t\t\t\t\t<div class=\"e-n-accordion\" aria-label=\"Accordion. Open links with Enter or Space, close with Escape, and navigate with Arrow Keys\">\n\t\t\t\t\t\t<details id=\"e-n-accordion-item-2280\" class=\"e-n-accordion-item\" >\n\t\t\t\t<summary class=\"e-n-accordion-item-title\" data-accordion-index=\"1\" tabindex=\"0\" aria-expanded=\"false\" aria-controls=\"e-n-accordion-item-2280\" >\n\t\t\t\t\t<span class='e-n-accordion-item-title-header'><div class=\"e-n-accordion-item-title-text\"> \u00bfQu\u00e9 tipo de brackets funciona m\u00e1s r\u00e1pido? <\/div><\/span>\n\t\t\t\t\t\t\t<span class='e-n-accordion-item-title-icon'>\n\t\t\t<span class='e-opened' ><i aria-hidden=\"true\" class=\"fas fa-minus\"><\/i><\/span>\n\t\t\t<span class='e-closed'><i aria-hidden=\"true\" class=\"fas fa-plus\"><\/i><\/span>\n\t\t<\/span>\n\n\t\t\t\t\t\t<\/summary>\n\t\t\t\t<div data-particle_enable=\"false\" data-particle-mobile-disabled=\"false\" role=\"region\" aria-labelledby=\"e-n-accordion-item-2280\" class=\"elementor-element elementor-element-8e26f72 e-con-full e-flex e-con e-child\" data-id=\"8e26f72\" data-element_type=\"container\" data-e-type=\"container\">\n\t\t\t\t<div class=\"elementor-element elementor-element-2b9fafa elementor-widget elementor-widget-text-editor\" data-id=\"2b9fafa\" data-element_type=\"widget\" data-e-type=\"widget\" data-widget_type=\"text-editor.default\">\n\t\t\t\t<div class=\"elementor-widget-container\">\n\t\t\t\t\t\t\t\t\t<p>La velocidad del tratamiento depende de cada caso, pero los brackets met\u00e1licos tradicionales suelen mover los dientes m\u00e1s r\u00e1pido porque ofrecen el mayor control y fuerza para correcciones complejas.<\/p>\t\t\t\t\t\t\t\t<\/div>\n\t\t\t\t<\/div>\n\t\t\t\t<\/div>\n\t\t\t\t\t<\/details>\n\t\t\t\t\t\t<details id=\"e-n-accordion-item-2281\" class=\"e-n-accordion-item\" >\n\t\t\t\t<summary class=\"e-n-accordion-item-title\" data-accordion-index=\"2\" tabindex=\"-1\" aria-expanded=\"false\" aria-controls=\"e-n-accordion-item-2281\" >\n\t\t\t\t\t<span class='e-n-accordion-item-title-header'><div class=\"e-n-accordion-item-title-text\"> \u00bfSon los brackets transparentes tan efectivos como los met\u00e1licos? <\/div><\/span>\n\t\t\t\t\t\t\t<span class='e-n-accordion-item-title-icon'>\n\t\t\t<span class='e-opened' ><i aria-hidden=\"true\" class=\"fas fa-minus\"><\/i><\/span>\n\t\t\t<span class='e-closed'><i aria-hidden=\"true\" class=\"fas fa-plus\"><\/i><\/span>\n\t\t<\/span>\n\n\t\t\t\t\t\t<\/summary>\n\t\t\t\t<div data-particle_enable=\"false\" data-particle-mobile-disabled=\"false\" role=\"region\" aria-labelledby=\"e-n-accordion-item-2281\" class=\"elementor-element elementor-element-1d305cc e-con-full e-flex e-con e-child\" data-id=\"1d305cc\" data-element_type=\"container\" data-e-type=\"container\">\n\t\t\t\t<div class=\"elementor-element elementor-element-fa09c14 elementor-widget elementor-widget-text-editor\" data-id=\"fa09c14\" data-element_type=\"widget\" data-e-type=\"widget\" data-widget_type=\"text-editor.default\">\n\t\t\t\t<div class=\"elementor-widget-container\">\n\t\t\t\t\t\t\t\t\t<p>S\u00ed, los brackets de cer\u00e1mica funcionan igual que los met\u00e1licos; simplemente est\u00e1n dise\u00f1ados para integrarse con tus dientes para una apariencia m\u00e1s sutil. La \u00fanica diferencia es que pueden requerir un poco m\u00e1s de cuidado para evitar que se manchen. <\/p>\t\t\t\t\t\t\t\t<\/div>\n\t\t\t\t<\/div>\n\t\t\t\t<\/div>\n\t\t\t\t\t<\/details>\n\t\t\t\t\t\t<details id=\"e-n-accordion-item-2282\" class=\"e-n-accordion-item\" >\n\t\t\t\t<summary class=\"e-n-accordion-item-title\" data-accordion-index=\"3\" tabindex=\"-1\" aria-expanded=\"false\" aria-controls=\"e-n-accordion-item-2282\" >\n\t\t\t\t\t<span class='e-n-accordion-item-title-header'><div class=\"e-n-accordion-item-title-text\"> \u00bfQu\u00e9 diferencia a Invisalign de los brackets? <\/div><\/span>\n\t\t\t\t\t\t\t<span class='e-n-accordion-item-title-icon'>\n\t\t\t<span class='e-opened' ><i aria-hidden=\"true\" class=\"fas fa-minus\"><\/i><\/span>\n\t\t\t<span class='e-closed'><i aria-hidden=\"true\" class=\"fas fa-plus\"><\/i><\/span>\n\t\t<\/span>\n\n\t\t\t\t\t\t<\/summary>\n\t\t\t\t<div data-particle_enable=\"false\" data-particle-mobile-disabled=\"false\" role=\"region\" aria-labelledby=\"e-n-accordion-item-2282\" class=\"elementor-element elementor-element-27d9be5 e-con-full e-flex e-con e-child\" data-id=\"27d9be5\" data-element_type=\"container\" data-e-type=\"container\">\n\t\t\t\t<div class=\"elementor-element elementor-element-e124f8b elementor-widget elementor-widget-text-editor\" data-id=\"e124f8b\" data-element_type=\"widget\" data-e-type=\"widget\" data-widget_type=\"text-editor.default\">\n\t\t\t\t<div class=\"elementor-widget-container\">\n\t\t\t\t\t\t\t\t\t<p>Invisalign utiliza una serie de alineadores transparentes y removibles en lugar de brackets y alambres. Son casi invisibles y te permiten comer, cepillarte y usar hilo dental normalmente, lo que los convierte en una opci\u00f3n conveniente para adolescentes y adultos ocupados. <\/p>\t\t\t\t\t\t\t\t<\/div>\n\t\t\t\t<\/div>\n\t\t\t\t<\/div>\n\t\t\t\t\t<\/details>\n\t\t\t\t\t\t<details id=\"e-n-accordion-item-2283\" class=\"e-n-accordion-item\" >\n\t\t\t\t<summary class=\"e-n-accordion-item-title\" data-accordion-index=\"4\" tabindex=\"-1\" aria-expanded=\"false\" aria-controls=\"e-n-accordion-item-2283\" >\n\t\t\t\t\t<span class='e-n-accordion-item-title-header'><div class=\"e-n-accordion-item-title-text\"> \u00bfLos brackets WildSmiles son solo para ni\u00f1os? <\/div><\/span>\n\t\t\t\t\t\t\t<span class='e-n-accordion-item-title-icon'>\n\t\t\t<span class='e-opened' ><i aria-hidden=\"true\" class=\"fas fa-minus\"><\/i><\/span>\n\t\t\t<span class='e-closed'><i aria-hidden=\"true\" class=\"fas fa-plus\"><\/i><\/span>\n\t\t<\/span>\n\n\t\t\t\t\t\t<\/summary>\n\t\t\t\t<div data-particle_enable=\"false\" data-particle-mobile-disabled=\"false\" role=\"region\" aria-labelledby=\"e-n-accordion-item-2283\" class=\"elementor-element elementor-element-ac3bf4d e-con-full e-flex e-con e-child\" data-id=\"ac3bf4d\" data-element_type=\"container\" data-e-type=\"container\">\n\t\t\t\t<div class=\"elementor-element elementor-element-7e8ddf4 elementor-widget elementor-widget-text-editor\" data-id=\"7e8ddf4\" data-element_type=\"widget\" data-e-type=\"widget\" data-widget_type=\"text-editor.default\">\n\t\t\t\t<div class=\"elementor-widget-container\">\n\t\t\t\t\t\t\t\t\t<p>Los WildSmiles son populares entre los pacientes m\u00e1s j\u00f3venes, pero cualquiera que quiera a\u00f1adir un poco de diversi\u00f3n al tratamiento puede elegirlos. Funcionan igual de eficazmente que los brackets tradicionales, a la vez que te permiten mostrar tu personalidad. <\/p>\t\t\t\t\t\t\t\t<\/div>\n\t\t\t\t<\/div>\n\t\t\t\t<\/div>\n\t\t\t\t\t<\/details>\n\t\t\t\t\t\t<details id=\"e-n-accordion-item-2284\" class=\"e-n-accordion-item\" >\n\t\t\t\t<summary class=\"e-n-accordion-item-title\" data-accordion-index=\"5\" tabindex=\"-1\" aria-expanded=\"false\" aria-controls=\"e-n-accordion-item-2284\" >\n\t\t\t\t\t<span class='e-n-accordion-item-title-header'><div class=\"e-n-accordion-item-title-text\"> \u00bfC\u00f3mo s\u00e9 qu\u00e9 tipo de brackets es el adecuado para m\u00ed? <\/div><\/span>\n\t\t\t\t\t\t\t<span class='e-n-accordion-item-title-icon'>\n\t\t\t<span class='e-opened' ><i aria-hidden=\"true\" class=\"fas fa-minus\"><\/i><\/span>\n\t\t\t<span class='e-closed'><i aria-hidden=\"true\" class=\"fas fa-plus\"><\/i><\/span>\n\t\t<\/span>\n\n\t\t\t\t\t\t<\/summary>\n\t\t\t\t<div data-particle_enable=\"false\" data-particle-mobile-disabled=\"false\" role=\"region\" aria-labelledby=\"e-n-accordion-item-2284\" class=\"elementor-element elementor-element-a912fc9 e-con-full e-flex e-con e-child\" data-id=\"a912fc9\" data-element_type=\"container\" data-e-type=\"container\">\n\t\t\t\t<div class=\"elementor-element elementor-element-b1ec787 elementor-widget elementor-widget-text-editor\" data-id=\"b1ec787\" data-element_type=\"widget\" data-e-type=\"widget\" data-widget_type=\"text-editor.default\">\n\t\t\t\t<div class=\"elementor-widget-container\">\n\t\t\t\t\t\t\t\t\t<p>La mejor opci\u00f3n depende de tus necesidades dentales, estilo de vida y preferencias est\u00e9ticas. Durante tu consulta, el Dr. Campbell evaluar\u00e1 tu mordida y tus objetivos para recomendarte la opci\u00f3n m\u00e1s c\u00f3moda y eficaz para tu sonrisa. <\/p>\t\t\t\t\t\t\t\t<\/div>\n\t\t\t\t<\/div>\n\t\t\t\t<\/div>\n\t\t\t\t\t<\/details>\n\t\t\t\t\t<\/div>\n\t\t\t\t\t\t<\/div>\n\t\t\t\t<\/div>\n\t\t\t\t\t<\/div>\n\t\t\t\t<\/div>\n\t\t\t\t<\/div>\n\t\t","protected":false},"excerpt":{"rendered":"<p>Tipos de brackets en Holly Springs, NC En Gather Orthodontics, creemos que todo el mundo merece una sonrisa que le haga sentirse seguro y orgulloso. Gracias a los avances modernos en tecnolog\u00eda ortod\u00f3ncica, ofrecemos una amplia gama de opciones de tratamiento dise\u00f1adas para adaptarse a su estilo de vida, comodidad y objetivos. Tanto si prefiere un aspecto cl\u00e1sico [&hellip;]<\/p>\n","protected":false},"author":3,"featured_media":0,"parent":0,"menu_order":30,"comment_status":"closed","ping_status":"closed","template":"","meta":{"_seopress_robots_primary_cat":"","_seopress_titles_title":"Tipos de brackets Holly Springs NC | Gather Orthodontics","_seopress_titles_desc":"Gather Orthodontics ofrece diferentes tipos de brackets, incluyendo opciones para alinear los dientes, como los brackets met\u00e1licos, los brackets de cer\u00e1mica y los alineadores transparentes Invisalign.","_seopress_robots_index":"","footnotes":""},"class_list":["post-7120","page","type-page","status-publish"],"_links":{"self":[{"href":"https:\/\/gatherorthodontics.com\/es\/wp-json\/wp\/v2\/pages\/7120","targetHints":{"allow":["GET"]}}],"collection":[{"href":"https:\/\/gatherorthodontics.com\/es\/wp-json\/wp\/v2\/pages"}],"about":[{"href":"https:\/\/gatherorthodontics.com\/es\/wp-json\/wp\/v2\/types\/page"}],"author":[{"embeddable":true,"href":"https:\/\/gatherorthodontics.com\/es\/wp-json\/wp\/v2\/users\/3"}],"replies":[{"embeddable":true,"href":"https:\/\/gatherorthodontics.com\/es\/wp-json\/wp\/v2\/comments?post=7120"}],"version-history":[{"count":7,"href":"https:\/\/gatherorthodontics.com\/es\/wp-json\/wp\/v2\/pages\/7120\/revisions"}],"predecessor-version":[{"id":7469,"href":"https:\/\/gatherorthodontics.com\/es\/wp-json\/wp\/v2\/pages\/7120\/revisions\/7469"}],"wp:attachment":[{"href":"https:\/\/gatherorthodontics.com\/es\/wp-json\/wp\/v2\/media?parent=7120"}],"curies":[{"name":"wp","href":"https:\/\/api.w.org\/{rel}","templated":true}]}}