{"id":7128,"date":"2023-01-31T20:25:52","date_gmt":"2023-01-31T20:25:52","guid":{"rendered":"https:\/\/gatherorthodontics.com\/tecnologia-avanzada\/"},"modified":"2025-11-05T03:48:02","modified_gmt":"2025-11-05T03:48:02","slug":"tecnologia-avanzada","status":"publish","type":"page","link":"https:\/\/gatherorthodontics.com\/es\/tecnologia-avanzada\/","title":{"rendered":"Tecnolog\u00eda avanzada"},"content":{"rendered":"\t\t<div data-elementor-type=\"wp-page\" data-elementor-id=\"7128\" class=\"elementor elementor-7128 elementor-3591\" data-elementor-post-type=\"page\">\n\t\t\t\t<div data-particle_enable=\"false\" data-particle-mobile-disabled=\"false\" class=\"elementor-element elementor-element-9f5aa4f e-flex e-con-boxed e-con e-parent\" data-id=\"9f5aa4f\" data-element_type=\"container\" data-e-type=\"container\">\n\t\t\t\t\t<div class=\"e-con-inner\">\n\t\t\t\t<div class=\"elementor-element elementor-element-13ca0d8 elementor-widget__width-inherit elementor-widget elementor-widget-heading\" data-id=\"13ca0d8\" data-element_type=\"widget\" data-e-type=\"widget\" data-widget_type=\"heading.default\">\n\t\t\t\t<div class=\"elementor-widget-container\">\n\t\t\t\t\t<h1 class=\"elementor-heading-title elementor-size-default\">Tecnolog\u00eda ortod\u00f3ncica avanzada<\/h1>\t\t\t\t<\/div>\n\t\t\t\t<\/div>\n\t\t\t\t\t<\/div>\n\t\t\t\t<\/div>\n\t\t\t\t<section data-particle_enable=\"false\" data-particle-mobile-disabled=\"false\" class=\"elementor-section elementor-top-section elementor-element elementor-element-45d1c50 elementor-section-content-middle elementor-section-boxed elementor-section-height-default elementor-section-height-default\" data-id=\"45d1c50\" data-element_type=\"section\" data-e-type=\"section\">\n\t\t\t\t\t\t<div class=\"elementor-container elementor-column-gap-default\">\n\t\t\t\t\t<div class=\"elementor-column elementor-col-100 elementor-top-column elementor-element elementor-element-82887a4\" data-id=\"82887a4\" data-element_type=\"column\" data-e-type=\"column\">\n\t\t\t<div class=\"elementor-widget-wrap elementor-element-populated\">\n\t\t\t\t\t\t<div class=\"elementor-element elementor-element-e1e7b26 elementor-widget elementor-widget-text-editor\" data-id=\"e1e7b26\" data-element_type=\"widget\" data-e-type=\"widget\" data-widget_type=\"text-editor.default\">\n\t\t\t\t<div class=\"elementor-widget-container\">\n\t\t\t\t\t\t\t\t\t<div id=\"output\" class=\"page-generator__output js-generator-output\"><p data-start=\"196\" data-end=\"576\">En Gather Orthodontics, creemos que la atenci\u00f3n ortod\u00f3ncica debe ser tan avanzada y eficiente como personal. Por eso, hemos invertido en las \u00faltimas herramientas digitales para que su tratamiento sea m\u00e1s c\u00f3modo, preciso y pr\u00e1ctico. Desde el momento en que entre, notar\u00e1 que nuestro enfoque combina la calidez de la atenci\u00f3n personalizada con la innovaci\u00f3n de una consulta digital moderna.  <\/p><h2 data-start=\"578\" data-end=\"627\">Impresiones digitales para mayor comodidad y precisi\u00f3n<\/h2><p data-start=\"628\" data-end=\"914\">Atr\u00e1s quedaron los d\u00edas de moldes inc\u00f3modos y engorrosos. Con nuestro esc\u00e1ner digital iTero\u00ae, capturamos im\u00e1genes 3D r\u00e1pidas y de gran precisi\u00f3n de sus dientes. Esta tecnolog\u00eda no solo hace que el proceso sea m\u00e1s c\u00f3modo, sino que tambi\u00e9n nos permite crear planes de tratamiento precisos desde el principio.  <\/p><h2 data-start=\"916\" data-end=\"942\">Planificaci\u00f3n de tratamiento en 3D<img fetchpriority=\"high\" decoding=\"async\" class=\"size-full wp-image-5971 alignright\" src=\"https:\/\/gatherorthodontics.com\/wp-content\/uploads\/2025\/07\/Icon-Digital-Practice.svg\" alt=\"Icono de consulta digital Gather Orthodontics en Holly Springs, Carolina del Norte\" width=\"300\" height=\"300\"><\/h2><p data-start=\"943\" data-end=\"1164\">Cada sonrisa es \u00fanica, por lo que las herramientas de planificaci\u00f3n digital son tan potentes. Mediante el modelado 3D avanzado, <a href=\"https:\/\/gatherorthodontics.com\/es\/conozca-al-dr-campbell\/\">el Dr. Terrence Campbell<\/a> puede trazar el movimiento exacto de sus dientes incluso antes de que comience el tratamiento. Podr\u00e1:  <\/p><ul data-start=\"1166\" data-end=\"1337\"><li data-start=\"1166\" data-end=\"1221\"><p data-start=\"1168\" data-end=\"1221\">Ver una vista previa de su futura sonrisa antes de comenzar el tratamiento<\/p><\/li><li data-start=\"1222\" data-end=\"1274\"><p data-start=\"1224\" data-end=\"1274\">Comprender c\u00f3mo se mover\u00e1n sus dientes paso a paso<\/p><\/li><li data-start=\"1275\" data-end=\"1337\"><p data-start=\"1277\" data-end=\"1337\">Sentirse seguro e informado sobre su proceso de ortodoncia<\/p><\/li><\/ul><h2 data-start=\"1339\" data-end=\"1382\">Monitorizaci\u00f3n virtual para estilos de vida ajetreados<\/h2><p data-start=\"1383\" data-end=\"1715\">La vida en Holly Springs y en el \u00e1rea del Triangle es ajetreada, lo entendemos. Con herramientas como la <a href=\"https:\/\/gatherorthodontics.com\/es\/monitorizacion-dental\/\">monitorizaci\u00f3n virtual<\/a>, puede consultar con el Dr. Campbell desde la comodidad de su hogar o mientras se desplaza. Al enviar escaneos sencillos a trav\u00e9s de una aplicaci\u00f3n segura, se supervisa su progreso entre las visitas, lo que ayuda a reducir los viajes innecesarios a la consulta y, al mismo tiempo, mantiene su tratamiento encaminado.<\/p><h2 data-start=\"1717\" data-end=\"1756\">Brackets avanzados y alineadores transparentes<\/h2><p data-start=\"1757\" data-end=\"2107\">La tecnolog\u00eda no se detiene en el diagn\u00f3stico, sino que se extiende al propio tratamiento. Desde <a href=\"https:\/\/gatherorthodontics.com\/es\/tipos-de-brackets\/\">brackets met\u00e1licos<\/a> de perfil bajo hasta <a href=\"https:\/\/gatherorthodontics.com\/es\/tipos-de-brackets\/\">brackets cer\u00e1micos<\/a> discretos y <a href=\"https:\/\/gatherorthodontics.com\/es\/invisalign\/\">alineadores transparentes Invisalign\u00ae<\/a>, ofrecemos un conjunto completo de opciones para enderezar los dientes dise\u00f1adas pensando en la comodidad y la precisi\u00f3n. Cada soluci\u00f3n se beneficia de las herramientas digitales que utilizamos para personalizar y guiar su atenci\u00f3n.<\/p><h2 data-start=\"2109\" data-end=\"2140\">Una experiencia totalmente digital<\/h2><p data-start=\"2141\" data-end=\"2184\">De principio a fin, nuestros pacientes disfrutan de:<\/p><ul data-start=\"2186\" data-end=\"2388\"><li data-start=\"2186\" data-end=\"2246\"><p data-start=\"2188\" data-end=\"2246\">Radiograf\u00edas digitales para reducir la radiaci\u00f3n y obtener im\u00e1genes m\u00e1s n\u00edtidas<\/p><\/li><li data-start=\"2247\" data-end=\"2293\"><p data-start=\"2249\" data-end=\"2293\">Formularios en l\u00ednea y comunicaci\u00f3n segura por mensaje de texto<\/p><\/li><li data-start=\"2294\" data-end=\"2339\"><p data-start=\"2296\" data-end=\"2339\">Opciones de citas virtuales y presenciales<\/p><\/li><li data-start=\"2340\" data-end=\"2388\"><p data-start=\"2342\" data-end=\"2388\">Coordinaci\u00f3n perfecta de su plan de tratamiento<\/p><\/li><\/ul><p data-start=\"2390\" data-end=\"2536\">La tecnolog\u00eda es m\u00e1s que una simple herramienta, es parte de nuestro compromiso de brindar a cada paciente el mejor proceso posible para lograr una sonrisa.<\/p><\/div>\t\t\t\t\t\t\t\t<\/div>\n\t\t\t\t<\/div>\n\t\t\t\t\t<\/div>\n\t\t<\/div>\n\t\t\t\t\t<\/div>\n\t\t<\/section>\n\t\t\t\t<\/div>\n\t\t","protected":false},"excerpt":{"rendered":"<p>Tecnolog\u00eda ortod\u00f3ncica avanzada En Gather Orthodontics, creemos que la atenci\u00f3n ortod\u00f3ncica debe ser tan avanzada y eficiente como personal. Por eso, hemos invertido en las \u00faltimas herramientas digitales para que su tratamiento sea m\u00e1s c\u00f3modo, preciso y pr\u00e1ctico. Desde el momento en que entre, notar\u00e1 que nuestro enfoque combina la calidez de la atenci\u00f3n personalizada con la innovaci\u00f3n [&hellip;]<\/p>\n","protected":false},"author":3,"featured_media":0,"parent":0,"menu_order":12,"comment_status":"closed","ping_status":"closed","template":"","meta":{"_seopress_robots_primary_cat":"","_seopress_titles_title":"Tecnolog\u00eda ortod\u00f3ncica avanzada Holly Springs NC | Gather Orthodontics","_seopress_titles_desc":"Gather Orthodontics utiliza tecnolog\u00eda avanzada, que incluye impresiones digitales, planificaci\u00f3n 3D y monitorizaci\u00f3n virtual, para ofrecer una atenci\u00f3n precisa y personalizada.","_seopress_robots_index":"","footnotes":""},"class_list":["post-7128","page","type-page","status-publish"],"_links":{"self":[{"href":"https:\/\/gatherorthodontics.com\/es\/wp-json\/wp\/v2\/pages\/7128","targetHints":{"allow":["GET"]}}],"collection":[{"href":"https:\/\/gatherorthodontics.com\/es\/wp-json\/wp\/v2\/pages"}],"about":[{"href":"https:\/\/gatherorthodontics.com\/es\/wp-json\/wp\/v2\/types\/page"}],"author":[{"embeddable":true,"href":"https:\/\/gatherorthodontics.com\/es\/wp-json\/wp\/v2\/users\/3"}],"replies":[{"embeddable":true,"href":"https:\/\/gatherorthodontics.com\/es\/wp-json\/wp\/v2\/comments?post=7128"}],"version-history":[{"count":3,"href":"https:\/\/gatherorthodontics.com\/es\/wp-json\/wp\/v2\/pages\/7128\/revisions"}],"predecessor-version":[{"id":7335,"href":"https:\/\/gatherorthodontics.com\/es\/wp-json\/wp\/v2\/pages\/7128\/revisions\/7335"}],"wp:attachment":[{"href":"https:\/\/gatherorthodontics.com\/es\/wp-json\/wp\/v2\/media?parent=7128"}],"curies":[{"name":"wp","href":"https:\/\/api.w.org\/{rel}","templated":true}]}}