{"id":7133,"date":"2017-02-06T17:55:52","date_gmt":"2017-02-06T17:55:52","guid":{"rendered":"https:\/\/gatherorthodontics.com\/politica-de-privacidad\/"},"modified":"2025-10-25T21:23:55","modified_gmt":"2025-10-25T21:23:55","slug":"politica-de-privacidad","status":"publish","type":"page","link":"https:\/\/gatherorthodontics.com\/es\/politica-de-privacidad\/","title":{"rendered":"Pol\u00edtica de privacidad"},"content":{"rendered":"\t\t<div data-elementor-type=\"wp-page\" data-elementor-id=\"7133\" class=\"elementor elementor-7133 elementor-1388\" data-elementor-post-type=\"page\">\n\t\t\t\t<div data-particle_enable=\"false\" data-particle-mobile-disabled=\"false\" class=\"elementor-element elementor-element-712cb5b e-flex e-con-boxed e-con e-parent\" data-id=\"712cb5b\" data-element_type=\"container\" data-e-type=\"container\">\n\t\t\t\t\t<div class=\"e-con-inner\">\n\t\t\t\t<div class=\"elementor-element elementor-element-ca22926 elementor-widget__width-inherit elementor-widget elementor-widget-heading\" data-id=\"ca22926\" data-element_type=\"widget\" data-e-type=\"widget\" data-widget_type=\"heading.default\">\n\t\t\t\t<div class=\"elementor-widget-container\">\n\t\t\t\t\t<h1 class=\"elementor-heading-title elementor-size-default\">Pol\u00edtica de privacidad<\/h1>\t\t\t\t<\/div>\n\t\t\t\t<\/div>\n\t\t\t\t\t<\/div>\n\t\t\t\t<\/div>\n\t\t<div data-particle_enable=\"false\" data-particle-mobile-disabled=\"false\" class=\"elementor-element elementor-element-cd8a875 e-flex e-con-boxed e-con e-parent\" data-id=\"cd8a875\" data-element_type=\"container\" data-e-type=\"container\">\n\t\t\t\t\t<div class=\"e-con-inner\">\n\t\t\t\t<div class=\"elementor-element elementor-element-b493757 elementor-widget elementor-widget-text-editor\" data-id=\"b493757\" data-element_type=\"widget\" data-e-type=\"widget\" data-widget_type=\"text-editor.default\">\n\t\t\t\t<div class=\"elementor-widget-container\">\n\t\t\t\t\t\t\t\t\t<p data-start=\"263\" data-end=\"547\"><strong data-start=\"263\" data-end=\"286\">Gather Orthodontics<\/strong> (\u201cnosotros\u201d, \u201cnuestro\u201d o \u201cnos\u201d) respeta su privacidad. Esta Pol\u00edtica de privacidad explica qu\u00e9 informaci\u00f3n recopilamos, c\u00f3mo la utilizamos y qu\u00e9 opciones tiene con respecto a sus datos personales cuando visita nuestro sitio web <strong data-start=\"488\" data-end=\"514\">gatherorthodontics.com<\/strong> o interact\u00faa con nuestra consulta. <\/p><p data-start=\"549\" data-end=\"679\">Al utilizar nuestro sitio, acepta las pr\u00e1cticas descritas en esta Pol\u00edtica de privacidad. Si no est\u00e1 de acuerdo, no utilice el sitio. <\/p><hr data-start=\"681\" data-end=\"684\"><h3 data-start=\"686\" data-end=\"714\">Informaci\u00f3n que recopilamos<\/h3><p data-start=\"715\" data-end=\"813\">Podemos recopilar la siguiente informaci\u00f3n cuando utiliza nuestro sitio, se pone en contacto con nosotros o visita nuestra consulta:<\/p><ul data-start=\"815\" data-end=\"1148\"><li data-start=\"815\" data-end=\"946\"><p data-start=\"817\" data-end=\"946\"><strong data-start=\"817\" data-end=\"854\">Informaci\u00f3n personal que proporciona:<\/strong> como su nombre, direcci\u00f3n de correo electr\u00f3nico, n\u00famero de tel\u00e9fono, direcci\u00f3n postal y detalles de la cita.<\/p><\/li><li data-start=\"947\" data-end=\"1026\"><p data-start=\"949\" data-end=\"1026\"><strong data-start=\"949\" data-end=\"974\">N\u00fameros de tel\u00e9fono m\u00f3vil:<\/strong> cuando los proporciona para la comunicaci\u00f3n por SMS\/texto.<\/p><\/li><li data-start=\"1027\" data-end=\"1148\"><p data-start=\"1029\" data-end=\"1148\"><strong data-start=\"1029\" data-end=\"1054\">Datos t\u00e9cnicos\/de uso:<\/strong> como su direcci\u00f3n IP, tipo de navegador, sistema operativo y actividad de navegaci\u00f3n en nuestro sitio.<\/p><\/li><\/ul><hr data-start=\"1150\" data-end=\"1153\"><h3 data-start=\"1155\" data-end=\"1187\">Por qu\u00e9 recopilamos informaci\u00f3n<\/h3><p data-start=\"1188\" data-end=\"1221\">Recopilamos su informaci\u00f3n para:<\/p><ul data-start=\"1222\" data-end=\"1551\"><li data-start=\"1222\" data-end=\"1258\"><p data-start=\"1224\" data-end=\"1258\">Programar y gestionar citas<\/p><\/li><li data-start=\"1259\" data-end=\"1346\"><p data-start=\"1261\" data-end=\"1346\">Enviar recordatorios de citas y actualizaciones de tratamiento (incluso por SMS si da su consentimiento)<\/p><\/li><li data-start=\"1347\" data-end=\"1413\"><p data-start=\"1349\" data-end=\"1413\">Proporcionar informaci\u00f3n importante relacionada con su atenci\u00f3n ortod\u00f3ncica<\/p><\/li><li data-start=\"1414\" data-end=\"1450\"><p data-start=\"1416\" data-end=\"1450\">Responder a preguntas o solicitudes<\/p><\/li><li data-start=\"1451\" data-end=\"1501\"><p data-start=\"1453\" data-end=\"1501\">Mejorar nuestros servicios y la funcionalidad del sitio web<\/p><\/li><li data-start=\"1502\" data-end=\"1551\"><p data-start=\"1504\" data-end=\"1551\">Cumplir con los requisitos legales y reglamentarios<\/p><\/li><\/ul><hr data-start=\"1553\" data-end=\"1556\"><h3 data-start=\"1558\" data-end=\"1596\">C\u00f3mo utilizamos y compartimos la informaci\u00f3n<\/h3><ul data-start=\"1597\" data-end=\"2170\"><li data-start=\"1597\" data-end=\"1708\"><p data-start=\"1599\" data-end=\"1708\"><strong data-start=\"1599\" data-end=\"1621\">SMS \/ Datos m\u00f3viles:<\/strong> La informaci\u00f3n m\u00f3vil <strong data-start=\"1646\" data-end=\"1653\">no<\/strong> se compartir\u00e1 con terceros con fines de marketing.<\/p><\/li><li data-start=\"1709\" data-end=\"1840\"><p data-start=\"1711\" data-end=\"1840\"><strong data-start=\"1711\" data-end=\"1733\">Sin venta ni alquiler:<\/strong> No vendemos, alquilamos ni compartimos su informaci\u00f3n personal con terceros o afiliados con fines de marketing.<\/p><\/li><li data-start=\"1841\" data-end=\"2057\"><p data-start=\"1843\" data-end=\"2057\"><strong data-start=\"1843\" data-end=\"1873\">Proveedores de servicios limitados:<\/strong> En ciertos casos, podemos compartir datos con proveedores de confianza que ayudan a prestar servicios (por ejemplo, recordatorios de citas). Estos proveedores est\u00e1n obligados a proteger su informaci\u00f3n. <\/p><\/li><li data-start=\"2058\" data-end=\"2170\"><p data-start=\"2060\" data-end=\"2170\"><strong data-start=\"2060\" data-end=\"2081\">Cumplimiento legal:<\/strong> Podemos divulgar datos si as\u00ed lo exige la ley, o para proteger los derechos, la seguridad y el cumplimiento.<\/p><\/li><\/ul><hr data-start=\"2172\" data-end=\"2175\"><h3 data-start=\"2177\" data-end=\"2211\">Transferencias internacionales de datos<\/h3><p data-start=\"2212\" data-end=\"2378\">Procesamos y almacenamos principalmente datos en los Estados Unidos. Si los datos se transfieren internacionalmente, nos aseguraremos de que est\u00e9n protegidos de conformidad con las leyes aplicables. <\/p><hr data-start=\"2380\" data-end=\"2383\"><h3 data-start=\"2385\" data-end=\"2417\">Sus derechos sobre sus datos<\/h3><p data-start=\"2418\" data-end=\"2471\">Dependiendo de su ubicaci\u00f3n, puede tener derecho a:<\/p><ul data-start=\"2472\" data-end=\"2782\"><li data-start=\"2472\" data-end=\"2518\"><p data-start=\"2474\" data-end=\"2518\">Acceder a los datos personales que tenemos sobre usted<\/p><\/li><li data-start=\"2519\" data-end=\"2561\"><p data-start=\"2521\" data-end=\"2561\">Solicitar correcciones a datos inexactos<\/p><\/li><li data-start=\"2562\" data-end=\"2636\"><p data-start=\"2564\" data-end=\"2636\">Solicitar la eliminaci\u00f3n de sus datos personales (sujeto a requisitos legales)<\/p><\/li><li data-start=\"2637\" data-end=\"2723\"><p data-start=\"2639\" data-end=\"2723\">Retirar el consentimiento para las comunicaciones (excluirse de los SMS respondiendo \u201cSTOP\u201d a cualquier mensaje)<\/p><\/li><li data-start=\"2724\" data-end=\"2782\"><p data-start=\"2726\" data-end=\"2782\">Restringir u oponerse a ciertos tipos de procesamiento de datos<\/p><\/li><\/ul><hr data-start=\"2784\" data-end=\"2787\"><h3 data-start=\"2789\" data-end=\"2817\">Ejercicio de sus derechos<\/h3><p data-start=\"2818\" data-end=\"2891\">Para ejercer sus derechos o solicitar m\u00e1s informaci\u00f3n, p\u00f3ngase en contacto con nosotros:<\/p><p data-start=\"2893\" data-end=\"3042\"><strong data-start=\"2893\" data-end=\"2916\">Gather Orthodontics<\/strong><br data-start=\"2916\" data-end=\"2919\">101 Collins Crossing Rd #136<br data-start=\"2947\" data-end=\"2950\">Holly Springs, NC 27540, USA<br data-start=\"2978\" data-end=\"2981\">Tel\u00e9fono: (919) 335-9491<br data-start=\"3002\" data-end=\"3005\">Sitio web: <strong data-start=\"3014\" data-end=\"3040\">gatherorthodontics.com<\/strong><\/p><hr data-start=\"3044\" data-end=\"3047\"><h3 data-start=\"3049\" data-end=\"3068\">Seguridad de los datos<\/h3><p data-start=\"3069\" data-end=\"3290\">Utilizamos medidas de seguridad administrativas, t\u00e9cnicas y f\u00edsicas para proteger su informaci\u00f3n personal contra el acceso, la divulgaci\u00f3n o el uso indebido no autorizados. Si bien tomamos fuertes precauciones, ning\u00fan m\u00e9todo de transmisi\u00f3n es 100% seguro. <\/p><hr data-start=\"3292\" data-end=\"3295\"><h3 data-start=\"3297\" data-end=\"3317\">Retenci\u00f3n de datos<\/h3><p data-start=\"3318\" data-end=\"3488\">Conservamos sus datos personales solo el tiempo necesario para prestar los servicios y cumplir con las obligaciones legales. Puede solicitar la eliminaci\u00f3n de sus datos en cualquier momento poni\u00e9ndose en contacto con nosotros. <\/p><hr data-start=\"3490\" data-end=\"3493\"><h3 data-start=\"3495\" data-end=\"3523\">Actualizaciones de esta pol\u00edtica<\/h3><p data-start=\"3524\" data-end=\"3714\">Es posible que actualicemos esta Pol\u00edtica de privacidad de vez en cuando. Las actualizaciones se publicar\u00e1n en nuestro sitio web, y el uso continuado del sitio despu\u00e9s de que se publiquen las actualizaciones significa que acepta la pol\u00edtica revisada. <\/p>\t\t\t\t\t\t\t\t<\/div>\n\t\t\t\t<\/div>\n\t\t\t\t\t<\/div>\n\t\t\t\t<\/div>\n\t\t<div data-particle_enable=\"false\" data-particle-mobile-disabled=\"false\" class=\"elementor-element elementor-element-5d4e16c e-flex e-con-boxed e-con e-parent\" data-id=\"5d4e16c\" data-element_type=\"container\" data-e-type=\"container\">\n\t\t\t\t\t<div class=\"e-con-inner\">\n\t\t\t\t<div class=\"elementor-element elementor-element-3dadfed elementor-widget-divider--view-line elementor-widget elementor-widget-divider\" data-id=\"3dadfed\" data-element_type=\"widget\" data-e-type=\"widget\" data-widget_type=\"divider.default\">\n\t\t\t\t<div class=\"elementor-widget-container\">\n\t\t\t\t\t\t\t<div class=\"elementor-divider\">\n\t\t\t<span class=\"elementor-divider-separator\">\n\t\t\t\t\t\t<\/span>\n\t\t<\/div>\n\t\t\t\t\t\t<\/div>\n\t\t\t\t<\/div>\n\t\t\t\t<div class=\"elementor-element elementor-element-45b0ec3 elementor-widget elementor-widget-text-editor\" data-id=\"45b0ec3\" data-element_type=\"widget\" data-e-type=\"widget\" data-widget_type=\"text-editor.default\">\n\t\t\t\t<div class=\"elementor-widget-container\">\n\t\t\t\t\t\t\t\t\t<h2 class=\"elementor-heading-title elementor-size-default\">Gather Orthodontics<\/h2><p> <\/p><ul><li>Direcci\u00f3n: 101 Collins crossing Rd #136, Holly Springs, NC 27540, EE. UU.<\/li><li>Tel\u00e9fono: (919) 335-9491<\/li><\/ul>\t\t\t\t\t\t\t\t<\/div>\n\t\t\t\t<\/div>\n\t\t\t\t\t<\/div>\n\t\t\t\t<\/div>\n\t\t\t\t<\/div>\n\t\t","protected":false},"excerpt":{"rendered":"<p>Pol\u00edtica de privacidad Gather Orthodontics (\u201cnosotros\u201d, \u201cnuestro\u201d o \u201cnos\u201d) respeta su privacidad. Esta Pol\u00edtica de privacidad explica qu\u00e9 informaci\u00f3n recopilamos, c\u00f3mo la utilizamos y qu\u00e9 opciones tiene con respecto a sus datos personales cuando visita nuestro sitio web gatherorthodontics.com o interact\u00faa con nuestra consulta. Al utilizar nuestro sitio, acepta las pr\u00e1cticas descritas en esta Pol\u00edtica de privacidad. Si [&hellip;]<\/p>\n","protected":false},"author":3,"featured_media":0,"parent":0,"menu_order":49,"comment_status":"closed","ping_status":"closed","template":"","meta":{"_seopress_robots_primary_cat":"","_seopress_titles_title":"Pol\u00edtica de privacidad de Gather Orthodontics en Holly Springs, Carolina del Norte","_seopress_titles_desc":"Gather Orthodontics respeta su privacidad y explica c\u00f3mo se recopilan, utilizan y protegen los datos personales al visitar el sitio web o los servicios.","_seopress_robots_index":"","footnotes":""},"class_list":["post-7133","page","type-page","status-publish"],"_links":{"self":[{"href":"https:\/\/gatherorthodontics.com\/es\/wp-json\/wp\/v2\/pages\/7133","targetHints":{"allow":["GET"]}}],"collection":[{"href":"https:\/\/gatherorthodontics.com\/es\/wp-json\/wp\/v2\/pages"}],"about":[{"href":"https:\/\/gatherorthodontics.com\/es\/wp-json\/wp\/v2\/types\/page"}],"author":[{"embeddable":true,"href":"https:\/\/gatherorthodontics.com\/es\/wp-json\/wp\/v2\/users\/3"}],"replies":[{"embeddable":true,"href":"https:\/\/gatherorthodontics.com\/es\/wp-json\/wp\/v2\/comments?post=7133"}],"version-history":[{"count":1,"href":"https:\/\/gatherorthodontics.com\/es\/wp-json\/wp\/v2\/pages\/7133\/revisions"}],"predecessor-version":[{"id":7136,"href":"https:\/\/gatherorthodontics.com\/es\/wp-json\/wp\/v2\/pages\/7133\/revisions\/7136"}],"wp:attachment":[{"href":"https:\/\/gatherorthodontics.com\/es\/wp-json\/wp\/v2\/media?parent=7133"}],"curies":[{"name":"wp","href":"https:\/\/api.w.org\/{rel}","templated":true}]}}