{"id":7147,"date":"2017-02-06T22:42:47","date_gmt":"2017-02-06T22:42:47","guid":{"rendered":"https:\/\/gatherorthodontics.com\/todo-sobre-los-brackets\/"},"modified":"2025-10-25T21:23:55","modified_gmt":"2025-10-25T21:23:55","slug":"todo-sobre-los-brackets","status":"publish","type":"page","link":"https:\/\/gatherorthodontics.com\/es\/todo-sobre-los-brackets\/","title":{"rendered":"Todo sobre los brackets"},"content":{"rendered":"\t\t<div data-elementor-type=\"wp-page\" data-elementor-id=\"7147\" class=\"elementor elementor-7147 elementor-3077\" data-elementor-post-type=\"page\">\n\t\t\t\t<div data-particle_enable=\"false\" data-particle-mobile-disabled=\"false\" class=\"elementor-element elementor-element-b3f848a e-flex e-con-boxed e-con e-parent\" data-id=\"b3f848a\" data-element_type=\"container\" data-e-type=\"container\">\n\t\t\t\t\t<div class=\"e-con-inner\">\n\t\t\t\t<div class=\"elementor-element elementor-element-06e0284 elementor-widget__width-inherit elementor-widget elementor-widget-heading\" data-id=\"06e0284\" data-element_type=\"widget\" data-e-type=\"widget\" data-widget_type=\"heading.default\">\n\t\t\t\t<div class=\"elementor-widget-container\">\n\t\t\t\t\t<h1 class=\"elementor-heading-title elementor-size-default\">Todo sobre el cuidado de los brackets y consejos para una sonrisa saludable<\/h1>\t\t\t\t<\/div>\n\t\t\t\t<\/div>\n\t\t\t\t\t<\/div>\n\t\t\t\t<\/div>\n\t\t\t\t<section data-particle_enable=\"false\" data-particle-mobile-disabled=\"false\" class=\"elementor-section elementor-top-section elementor-element elementor-element-58d4ae23 elementor-section-boxed elementor-section-height-default elementor-section-height-default\" data-id=\"58d4ae23\" data-element_type=\"section\" data-e-type=\"section\">\n\t\t\t\t\t\t<div class=\"elementor-container elementor-column-gap-default\">\n\t\t\t\t\t<div class=\"elementor-column elementor-col-100 elementor-top-column elementor-element elementor-element-18023870\" data-id=\"18023870\" data-element_type=\"column\" data-e-type=\"column\">\n\t\t\t<div class=\"elementor-widget-wrap elementor-element-populated\">\n\t\t\t\t\t\t<div class=\"elementor-element elementor-element-4cb72c6b elementor-widget elementor-widget-text-editor\" data-id=\"4cb72c6b\" data-element_type=\"widget\" data-e-type=\"widget\" data-widget_type=\"text-editor.default\">\n\t\t\t\t<div class=\"elementor-widget-container\">\n\t\t\t\t\t\t\t\t\t<p data-start=\"340\" data-end=\"588\">Los <a href=\"https:\/\/gatherorthodontics.com\/es\/tipos-de-brackets\/\">brackets<\/a> son una inversi\u00f3n en su sonrisa, y el cuidado adecuado es clave para que su tratamiento sea eficaz y c\u00f3modo. En Gather Orthodontics, le proporcionamos orientaci\u00f3n para ayudarle a proteger sus dientes, enc\u00edas y aparatos durante todo su tratamiento de ortodoncia. <\/p>\t\t\t\t\t\t\t\t<\/div>\n\t\t\t\t<\/div>\n\t\t\t\t\t<\/div>\n\t\t<\/div>\n\t\t\t\t\t<\/div>\n\t\t<\/section>\n\t\t<div data-particle_enable=\"false\" data-particle-mobile-disabled=\"false\" class=\"elementor-element elementor-element-f3d0fb5 e-flex e-con-boxed e-con e-parent\" data-id=\"f3d0fb5\" data-element_type=\"container\" data-e-type=\"container\">\n\t\t\t\t\t<div class=\"e-con-inner\">\n\t\t<div data-particle_enable=\"false\" data-particle-mobile-disabled=\"false\" class=\"elementor-element elementor-element-87a3fa8 e-con-full e-flex e-con e-child\" data-id=\"87a3fa8\" data-element_type=\"container\" data-e-type=\"container\">\n\t\t\t\t<div class=\"elementor-element elementor-element-88e8bfe elementor-widget elementor-widget-text-editor\" data-id=\"88e8bfe\" data-element_type=\"widget\" data-e-type=\"widget\" data-widget_type=\"text-editor.default\">\n\t\t\t\t<div class=\"elementor-widget-container\">\n\t\t\t\t\t\t\t\t\t<h2 data-start=\"590\" data-end=\"626\">Cepillado y uso del hilo dental con brackets<\/h2><p data-start=\"628\" data-end=\"799\">Mantener la higiene bucal es m\u00e1s importante que nunca cuando se tienen brackets. El cepillado y el uso del hilo dental adecuados ayudan a prevenir las caries, las enfermedades de las enc\u00edas y las visitas adicionales al dentista. <\/p><ul data-start=\"801\" data-end=\"1005\"><li data-start=\"801\" data-end=\"849\"><p data-start=\"803\" data-end=\"849\">Cep\u00edllese despu\u00e9s de cada comida para eliminar los restos de comida<\/p><\/li><li data-start=\"850\" data-end=\"909\"><p data-start=\"852\" data-end=\"909\">Use hilo dental a diario con un enhebrador de hilo dental o hilo dental para ortodoncia<\/p><\/li><li data-start=\"910\" data-end=\"1005\"><p data-start=\"912\" data-end=\"1005\">Los adultos con antecedentes de enfermedad de las enc\u00edas deben seguir viendo a un periodoncista durante el tratamiento<\/p><\/li><\/ul><p data-start=\"1007\" data-end=\"1111\">Seguir estos h\u00e1bitos puede reducir las complicaciones y mantener sus dientes sanos durante todo el tratamiento de ortodoncia.<\/p>\t\t\t\t\t\t\t\t<\/div>\n\t\t\t\t<\/div>\n\t\t\t\t<\/div>\n\t\t<div data-particle_enable=\"false\" data-particle-mobile-disabled=\"false\" class=\"elementor-element elementor-element-bb36c96 e-con-full e-flex e-con e-child\" data-id=\"bb36c96\" data-element_type=\"container\" data-e-type=\"container\">\n\t\t\t\t<div class=\"elementor-element elementor-element-b2cd528 elementor-widget elementor-widget-video\" data-id=\"b2cd528\" data-element_type=\"widget\" data-e-type=\"widget\" data-settings=\"{&quot;youtube_url&quot;:&quot;https:\\\/\\\/youtu.be\\\/obuCKwrlfbM&quot;,&quot;video_type&quot;:&quot;youtube&quot;,&quot;controls&quot;:&quot;yes&quot;}\" data-widget_type=\"video.default\">\n\t\t\t\t<div class=\"elementor-widget-container\">\n\t\t\t\t\t\t\t<div class=\"elementor-wrapper elementor-open-inline\">\n\t\t\t<div class=\"elementor-video\"><\/div>\t\t<\/div>\n\t\t\t\t\t\t<\/div>\n\t\t\t\t<\/div>\n\t\t\t\t<\/div>\n\t\t\t\t\t<\/div>\n\t\t\t\t<\/div>\n\t\t<div data-particle_enable=\"false\" data-particle-mobile-disabled=\"false\" class=\"elementor-element elementor-element-0bb3816 e-flex e-con-boxed e-con e-parent\" data-id=\"0bb3816\" data-element_type=\"container\" data-e-type=\"container\">\n\t\t\t\t\t<div class=\"e-con-inner\">\n\t\t\t\t<div class=\"elementor-element elementor-element-9bcf63e elementor-widget elementor-widget-text-editor\" data-id=\"9bcf63e\" data-element_type=\"widget\" data-e-type=\"widget\" data-widget_type=\"text-editor.default\">\n\t\t\t\t<div class=\"elementor-widget-container\">\n\t\t\t\t\t\t\t\t\t<h2 data-start=\"1113\" data-end=\"1134\">Comer con brackets<\/h2><p data-start=\"1136\" data-end=\"1253\">La vida con brackets no significa que tenga que renunciar por completo a sus comidas favoritas, pero son necesarios algunos ajustes.<\/p><h3 data-start=\"1255\" data-end=\"1287\">Alimentos blandos despu\u00e9s de los ajustes<\/h3><ul data-start=\"1288\" data-end=\"1420\"><li data-start=\"1288\" data-end=\"1356\"><p data-start=\"1290\" data-end=\"1356\">Consuma alimentos blandos durante el primer o los dos primeros d\u00edas despu\u00e9s de un ajuste<\/p><\/li><li data-start=\"1357\" data-end=\"1420\"><p data-start=\"1359\" data-end=\"1420\">Evite los alimentos duros, crujientes o pegajosos que puedan da\u00f1ar los brackets<\/p><\/li><\/ul>\t\t\t\t\t\t\t\t<\/div>\n\t\t\t\t<\/div>\n\t\t\t\t\t<\/div>\n\t\t\t\t<\/div>\n\t\t<div data-particle_enable=\"false\" data-particle-mobile-disabled=\"false\" class=\"elementor-element elementor-element-b782264 e-flex e-con-boxed e-con e-parent\" data-id=\"b782264\" data-element_type=\"container\" data-e-type=\"container\">\n\t\t\t\t\t<div class=\"e-con-inner\">\n\t\t<div data-particle_enable=\"false\" data-particle-mobile-disabled=\"false\" class=\"elementor-element elementor-element-d7897c2 e-con-full e-flex e-con e-child\" data-id=\"d7897c2\" data-element_type=\"container\" data-e-type=\"container\">\n\t\t\t\t<div class=\"elementor-element elementor-element-e45e350 elementor-widget elementor-widget-text-editor\" data-id=\"e45e350\" data-element_type=\"widget\" data-e-type=\"widget\" data-widget_type=\"text-editor.default\">\n\t\t\t\t<div class=\"elementor-widget-container\">\n\t\t\t\t\t\t\t\t\t<h3 data-start=\"1422\" data-end=\"1440\">Alimentos que debe evitar<\/h3><ul><li data-start=\"201\" data-end=\"256\"><p data-start=\"203\" data-end=\"256\"><strong data-start=\"203\" data-end=\"219\">Alimentos masticables:<\/strong> cecina de res, tortillas de harina, caramelo blando<\/p><\/li><li data-start=\"257\" data-end=\"309\"><p data-start=\"259\" data-end=\"309\"><strong data-start=\"259\" data-end=\"277\">Alimentos crujientes:<\/strong> totopos, hielo, pretzels<\/p><\/li><li data-start=\"310\" data-end=\"366\"><p data-start=\"312\" data-end=\"366\"><strong data-start=\"312\" data-end=\"329\">Alimentos pegajosos:<\/strong> tarta de nuez, ositos de goma, bollos de miel<\/p><\/li><li data-start=\"367\" data-end=\"435\"><p data-start=\"369\" data-end=\"435\"><strong data-start=\"369\" data-end=\"384\">Alimentos duros:<\/strong> huesos de costillas a la barbacoa, caramelos duros, semillas de girasol<\/p><\/li><li data-start=\"436\" data-end=\"513\"><p data-start=\"438\" data-end=\"513\"><strong data-start=\"438\" data-end=\"462\">Alimentos que se muerden:<\/strong> encurtidos enteros, mazorcas de ma\u00edz frescas, apio crudo<\/p><\/li><\/ul><p data-start=\"1658\" data-end=\"1770\">Evite morder bol\u00edgrafos, l\u00e1pices o u\u00f1as, ya que estos h\u00e1bitos pueden da\u00f1ar los aparatos y prolongar el tiempo de tratamiento.<\/p>\t\t\t\t\t\t\t\t<\/div>\n\t\t\t\t<\/div>\n\t\t\t\t<\/div>\n\t\t<div data-particle_enable=\"false\" data-particle-mobile-disabled=\"false\" class=\"elementor-element elementor-element-12e0b64 e-con-full e-flex e-con e-child\" data-id=\"12e0b64\" data-element_type=\"container\" data-e-type=\"container\">\n\t\t\t\t<div class=\"elementor-element elementor-element-4ab2d37 elementor-widget elementor-widget-video\" data-id=\"4ab2d37\" data-element_type=\"widget\" data-e-type=\"widget\" data-settings=\"{&quot;youtube_url&quot;:&quot;https:\\\/\\\/youtu.be\\\/AJQOjr6s6pM&quot;,&quot;video_type&quot;:&quot;youtube&quot;,&quot;controls&quot;:&quot;yes&quot;}\" data-widget_type=\"video.default\">\n\t\t\t\t<div class=\"elementor-widget-container\">\n\t\t\t\t\t\t\t<div class=\"elementor-wrapper elementor-open-inline\">\n\t\t\t<div class=\"elementor-video\"><\/div>\t\t<\/div>\n\t\t\t\t\t\t<\/div>\n\t\t\t\t<\/div>\n\t\t\t\t<\/div>\n\t\t\t\t\t<\/div>\n\t\t\t\t<\/div>\n\t\t\t\t<section data-particle_enable=\"false\" data-particle-mobile-disabled=\"false\" class=\"elementor-section elementor-top-section elementor-element elementor-element-e42b53e elementor-section-boxed elementor-section-height-default elementor-section-height-default\" data-id=\"e42b53e\" data-element_type=\"section\" data-e-type=\"section\">\n\t\t\t\t\t\t<div class=\"elementor-container elementor-column-gap-default\">\n\t\t\t\t\t<div class=\"elementor-column elementor-col-100 elementor-top-column elementor-element elementor-element-79dace7\" data-id=\"79dace7\" data-element_type=\"column\" data-e-type=\"column\">\n\t\t\t<div class=\"elementor-widget-wrap elementor-element-populated\">\n\t\t\t\t\t\t<div class=\"elementor-element elementor-element-941f321 elementor-widget elementor-widget-text-editor\" data-id=\"941f321\" data-element_type=\"widget\" data-e-type=\"widget\" data-widget_type=\"text-editor.default\">\n\t\t\t\t<div class=\"elementor-widget-container\">\n\t\t\t\t\t\t\t\t\t<h2 data-start=\"1772\" data-end=\"1792\">Control del dolor<\/h2><p data-start=\"1794\" data-end=\"1937\">Despu\u00e9s de ponerse los brackets, es posible que sienta los dientes y la boca sensibles durante algunos d\u00edas. Los labios, las mejillas y la lengua tambi\u00e9n pueden irritarse a medida que se adaptan. <\/p><ul data-start=\"1939\" data-end=\"2108\"><li data-start=\"1939\" data-end=\"1998\"><p data-start=\"1941\" data-end=\"1998\">Use analg\u00e9sicos de venta libre como Tylenol si es necesario<\/p><\/li><li data-start=\"1999\" data-end=\"2062\"><p data-start=\"2001\" data-end=\"2062\">Aplique cera de ortodoncia a los brackets en las zonas que causen irritaci\u00f3n<\/p><\/li><li data-start=\"2063\" data-end=\"2108\"><p data-start=\"2065\" data-end=\"2108\">La mayor\u00eda de las molestias mejoran en 1 o 2 semanas<\/p><\/li><\/ul><h2 data-start=\"2110\" data-end=\"2141\">Comprensi\u00f3n del movimiento de los dientes<\/h2><p data-start=\"2143\" data-end=\"2349\">Es normal que los dientes se sientan ligeramente flojos durante el tratamiento. Esta flojedad es necesaria para que los dientes se muevan a sus posiciones corregidas. Una vez finalizado el tratamiento, los dientes se afianzan en su nueva alineaci\u00f3n.  <\/p><h2 data-start=\"2351\" data-end=\"2383\">Manipulaci\u00f3n de alambres o bandas sueltas<\/h2><p data-start=\"2385\" data-end=\"2478\">Ocasionalmente, un alambre o una banda pueden soltarse. Si un alambre sobresale e irrita su boca: <\/p><ul data-start=\"2480\" data-end=\"2700\"><li data-start=\"2480\" data-end=\"2567\"><p data-start=\"2482\" data-end=\"2567\">Emp\u00fajelo con cuidado hacia atr\u00e1s debajo del arco con una herramienta roma (como la goma de borrar de un l\u00e1piz)<\/p><\/li><li data-start=\"2568\" data-end=\"2628\"><p data-start=\"2570\" data-end=\"2628\">Aplique cera de ortodoncia o algod\u00f3n h\u00famedo para reducir las molestias<\/p><\/li><li data-start=\"2629\" data-end=\"2700\"><p data-start=\"2631\" data-end=\"2700\">Llame a nuestra consulta de inmediato para que revisen y reparen el aparato<\/p><\/li><\/ul><h2 data-start=\"2702\" data-end=\"2721\">Uso de gomas el\u00e1sticas<\/h2><p data-start=\"2723\" data-end=\"2960\">El \u00e9xito del tratamiento de ortodoncia requiere cooperaci\u00f3n. El uso constante de gomas el\u00e1sticas u otros aparatos prescritos garantiza que los dientes y las mand\u00edbulas se muevan seg\u00fan lo previsto. Ignorar las instrucciones o da\u00f1ar los aparatos puede alargar el tiempo de tratamiento.  <\/p><h2 data-start=\"2962\" data-end=\"2985\">Brackets y atletismo<\/h2><p data-start=\"2987\" data-end=\"3124\">Si practica deportes, h\u00e1ganoslo saber. Proporcionamos protectores bucales protectores para los deportes de contacto para mantener sus dientes y brackets seguros durante el juego. <\/p>\t\t\t\t\t\t\t\t<\/div>\n\t\t\t\t<\/div>\n\t\t\t\t\t<\/div>\n\t\t<\/div>\n\t\t\t\t\t<\/div>\n\t\t<\/section>\n\t\t\t\t<\/div>\n\t\t","protected":false},"excerpt":{"rendered":"<p>Todo sobre el cuidado de los brackets y consejos para una sonrisa saludable Los brackets son una inversi\u00f3n en su sonrisa, y el cuidado adecuado es clave para que su tratamiento sea eficaz y c\u00f3modo. En Gather Orthodontics, le proporcionamos orientaci\u00f3n para ayudarle a proteger sus dientes, enc\u00edas y aparatos durante todo su tratamiento de ortodoncia. Cepillado y [&hellip;]<\/p>\n","protected":false},"author":3,"featured_media":0,"parent":0,"menu_order":32,"comment_status":"closed","ping_status":"closed","template":"","meta":{"_seopress_robots_primary_cat":"","_seopress_titles_title":"Todo sobre los brackets Holly Springs NC | Gather Orthodontics","_seopress_titles_desc":"Aprenda consejos esenciales para el cuidado de los brackets sobre el cepillado, la alimentaci\u00f3n, el alivio del dolor y la protecci\u00f3n de los aparatos para mantener su sonrisa saludable durante todo el tratamiento de ortodoncia.","_seopress_robots_index":"","footnotes":""},"class_list":["post-7147","page","type-page","status-publish"],"_links":{"self":[{"href":"https:\/\/gatherorthodontics.com\/es\/wp-json\/wp\/v2\/pages\/7147","targetHints":{"allow":["GET"]}}],"collection":[{"href":"https:\/\/gatherorthodontics.com\/es\/wp-json\/wp\/v2\/pages"}],"about":[{"href":"https:\/\/gatherorthodontics.com\/es\/wp-json\/wp\/v2\/types\/page"}],"author":[{"embeddable":true,"href":"https:\/\/gatherorthodontics.com\/es\/wp-json\/wp\/v2\/users\/3"}],"replies":[{"embeddable":true,"href":"https:\/\/gatherorthodontics.com\/es\/wp-json\/wp\/v2\/comments?post=7147"}],"version-history":[{"count":1,"href":"https:\/\/gatherorthodontics.com\/es\/wp-json\/wp\/v2\/pages\/7147\/revisions"}],"predecessor-version":[{"id":7156,"href":"https:\/\/gatherorthodontics.com\/es\/wp-json\/wp\/v2\/pages\/7147\/revisions\/7156"}],"wp:attachment":[{"href":"https:\/\/gatherorthodontics.com\/es\/wp-json\/wp\/v2\/media?parent=7147"}],"curies":[{"name":"wp","href":"https:\/\/api.w.org\/{rel}","templated":true}]}}