{"id":7172,"date":"2017-04-28T01:33:48","date_gmt":"2017-04-28T01:33:48","guid":{"rendered":"https:\/\/gatherorthodontics.com\/ortodoncia-para-adultos\/"},"modified":"2025-11-09T19:36:46","modified_gmt":"2025-11-09T19:36:46","slug":"ortodoncia-para-adultos","status":"publish","type":"page","link":"https:\/\/gatherorthodontics.com\/es\/ortodoncia-para-adultos\/","title":{"rendered":"Ortodoncia para adultos"},"content":{"rendered":"\t\t<div data-elementor-type=\"wp-page\" data-elementor-id=\"7172\" class=\"elementor elementor-7172 elementor-3078\" data-elementor-post-type=\"page\">\n\t\t\t\t<div data-particle_enable=\"false\" data-particle-mobile-disabled=\"false\" class=\"elementor-element elementor-element-a9c4591 e-flex e-con-boxed e-con e-parent\" data-id=\"a9c4591\" data-element_type=\"container\" data-e-type=\"container\">\n\t\t\t\t\t<div class=\"e-con-inner\">\n\t\t\t\t<div class=\"elementor-element elementor-element-964b5d6 elementor-widget__width-inherit elementor-widget elementor-widget-heading\" data-id=\"964b5d6\" data-element_type=\"widget\" data-e-type=\"widget\" data-widget_type=\"heading.default\">\n\t\t\t\t<div class=\"elementor-widget-container\">\n\t\t\t\t\t<h1 class=\"elementor-heading-title elementor-size-default\">Ortodoncia para adultos a cualquier edad<\/h1>\t\t\t\t<\/div>\n\t\t\t\t<\/div>\n\t\t\t\t\t<\/div>\n\t\t\t\t<\/div>\n\t\t<div data-particle_enable=\"false\" data-particle-mobile-disabled=\"false\" class=\"elementor-element elementor-element-e081e71 e-flex e-con-boxed e-con e-parent\" data-id=\"e081e71\" data-element_type=\"container\" data-e-type=\"container\">\n\t\t\t\t\t<div class=\"e-con-inner\">\n\t\t\t\t<div class=\"elementor-element elementor-element-00fb95a elementor-widget elementor-widget-text-editor\" data-id=\"00fb95a\" data-element_type=\"widget\" data-e-type=\"widget\" data-widget_type=\"text-editor.default\">\n\t\t\t\t<div class=\"elementor-widget-container\">\n\t\t\t\t\t\t\t\t\t<p data-start=\"299\" data-end=\"648\">La ortodoncia ya no es solo para ni\u00f1os o adolescentes. De hecho, seg\u00fan la Asociaci\u00f3n Americana de Ortodoncistas, uno de cada cinco pacientes de ortodoncia tiene m\u00e1s de 21 a\u00f1os. Muchos adultos est\u00e1n optando por un tratamiento para mejorar tanto la salud bucodental como la confianza, y ahora t\u00fa tambi\u00e9n puedes hacerlo. Perm\u00edtenos ayudarte a conseguir una sonrisa que te permita sentirte lo mejor posible cada d\u00eda.   <\/p><h2 data-start=\"650\" data-end=\"690\"><img fetchpriority=\"high\" decoding=\"async\" class=\"wp-image-5227 size-medium alignright\" src=\"https:\/\/gatherorthodontics.com\/wp-content\/uploads\/2025\/07\/homepage-doctor-placeholder-300x300.png\" alt=\"Cl\u00ednica de ortodoncia Gather en Holly Springs, Carolina del Norte\" width=\"300\" height=\"300\" srcset=\"https:\/\/gatherorthodontics.com\/wp-content\/uploads\/2025\/07\/homepage-doctor-placeholder-300x300.png 300w, https:\/\/gatherorthodontics.com\/wp-content\/uploads\/2025\/07\/homepage-doctor-placeholder-150x150.png 150w, https:\/\/gatherorthodontics.com\/wp-content\/uploads\/2025\/07\/homepage-doctor-placeholder.png 600w\" sizes=\"(max-width: 300px) 100vw, 300px\" \/><\/h2><h2 data-start=\"650\" data-end=\"690\">\u00bfPor qu\u00e9 ortodoncia para adultos con brackets o alineadores Invisalign?<\/h2><p data-start=\"692\" data-end=\"751\">Los adultos suelen recurrir a la ortodoncia por razones como:<\/p><ul data-start=\"753\" data-end=\"1045\"><li data-start=\"753\" data-end=\"835\"><p data-start=\"755\" data-end=\"835\"><a href=\"https:\/\/gatherorthodontics.com\/es\/problemas-comunes\/\">Mordida desalineada o maloclusi\u00f3n<\/a>, que hace que los dientes no encajen correctamente<\/p><\/li><li data-start=\"836\" data-end=\"913\"><p data-start=\"838\" data-end=\"913\">Dientes api\u00f1ados o con espacios, que pueden provocar caries o enfermedades de las enc\u00edas<\/p><\/li><li data-start=\"914\" data-end=\"981\"><p data-start=\"916\" data-end=\"981\">Molestias en la mand\u00edbula o presi\u00f3n anormal causada por dientes torcidos<\/p><\/li><li data-start=\"982\" data-end=\"1045\"><p data-start=\"984\" data-end=\"1045\">Deseo de una boca m\u00e1s sana y una sonrisa m\u00e1s segura<\/p><\/li><\/ul><p data-start=\"1047\" data-end=\"1198\">Incluso si has vivido con problemas dentales durante a\u00f1os, las opciones de tratamiento modernas hacen que sea m\u00e1s f\u00e1cil que nunca mejorar tu sonrisa de forma c\u00f3moda y eficaz.<\/p><h2 data-start=\"1200\" data-end=\"1241\">\u00bfCu\u00e1les son las opciones de enderezamiento dental para adultos?<\/h2><p data-start=\"1243\" data-end=\"1465\">Muchos adultos dudan en buscar atenci\u00f3n ortod\u00f3ncica porque les preocupa el aspecto de los brackets met\u00e1licos. Afortunadamente, los tratamientos actuales son discretos, c\u00f3modos y se adaptan a tu estilo de vida. Las opciones incluyen:  <\/p><ul data-start=\"1467\" data-end=\"1694\"><li data-start=\"1467\" data-end=\"1544\"><p data-start=\"1469\" data-end=\"1544\"><a href=\"https:\/\/gatherorthodontics.com\/es\/invisalign\/\"><strong data-start=\"1469\" data-end=\"1483\">Invisalign<\/strong><\/a>: Alineadores transparentes y removibles para una soluci\u00f3n casi invisible<\/p><\/li><li data-start=\"1545\" data-end=\"1620\"><p data-start=\"1547\" data-end=\"1620\"><a href=\"https:\/\/gatherorthodontics.com\/es\/tipos-de-brackets\/\"><strong data-start=\"1547\" data-end=\"1571\">Brackets cer\u00e1micos transparentes<\/strong><\/a>: Menos llamativos que los brackets met\u00e1licos tradicionales<\/p><\/li><li data-start=\"1621\" data-end=\"1694\"><p data-start=\"1623\" data-end=\"1694\"><a href=\"https:\/\/gatherorthodontics.com\/es\/tipos-de-brackets\/\"><strong data-start=\"1623\" data-end=\"1651\">Brackets met\u00e1licos tradicionales<\/strong><\/a>: Muy eficaces para casos m\u00e1s complejos<\/p><\/li><\/ul><p data-start=\"1696\" data-end=\"1823\">Durante una consulta, el <a href=\"https:\/\/gatherorthodontics.com\/es\/conozca-al-dr-campbell\/\">Dr. Terrence Campbell <\/a>te ayudar\u00e1 a elegir la mejor opci\u00f3n para tus necesidades, estilo de vida y resultados deseados.<\/p><h2 data-start=\"1825\" data-end=\"1867\">\u00bfCu\u00e1les son los beneficios del tratamiento de ortodoncia para adultos?<img decoding=\"async\" class=\"wp-image-4659 size-medium alignright\" src=\"https:\/\/gatherorthodontics.com\/wp-content\/uploads\/2024\/11\/Adult-Orthodontics-250x300.png\" alt=\"Ortodoncia para adultos Gather orthodontics en Holly Springs, Carolina del Norte\" width=\"250\" height=\"300\" srcset=\"https:\/\/gatherorthodontics.com\/wp-content\/uploads\/2024\/11\/Adult-Orthodontics-250x300.png 250w, https:\/\/gatherorthodontics.com\/wp-content\/uploads\/2024\/11\/Adult-Orthodontics.png 500w\" sizes=\"(max-width: 250px) 100vw, 250px\" \/><\/h2><p data-start=\"1869\" data-end=\"1952\">Invertir en ortodoncia en la edad adulta puede mejorar tanto la <strong data-start=\"1924\" data-end=\"1949\">salud como la confianza<\/strong>:<\/p><ul data-start=\"1954\" data-end=\"2361\"><li data-start=\"1954\" data-end=\"2074\"><p data-start=\"1956\" data-end=\"2074\"><strong data-start=\"1956\" data-end=\"1984\">Dientes y enc\u00edas m\u00e1s sanos<\/strong>: Los dientes correctamente alineados son m\u00e1s f\u00e1ciles de limpiar, lo que reduce el riesgo de caries y enfermedades de las enc\u00edas<\/p><\/li><li data-start=\"2075\" data-end=\"2205\"><p data-start=\"2077\" data-end=\"2205\"><strong data-start=\"2077\" data-end=\"2105\">Mayor confianza en uno mismo<\/strong>: Una sonrisa recta puede mejorar tu calidad de vida y hacer que te sientas m\u00e1s c\u00f3modo compartiendo tu sonrisa<\/p><\/li><li data-start=\"2206\" data-end=\"2361\"><p data-start=\"2208\" data-end=\"2361\"><strong data-start=\"2208\" data-end=\"2240\">Prevenir futuras complicaciones<\/strong>: Los problemas de ortodoncia no tratados pueden empeorar con el tiempo, lo que podr\u00eda conducir a tratamientos m\u00e1s costosos e invasivos m\u00e1s adelante<\/p><\/li><\/ul><h2 data-start=\"2363\" data-end=\"2404\"> <\/h2><h2 data-start=\"2363\" data-end=\"2404\">Programa tu evaluaci\u00f3n gratuita<\/h2><p data-start=\"2406\" data-end=\"2519\">Obtener m\u00e1s informaci\u00f3n sobre la ortodoncia para adultos es f\u00e1cil. <a href=\"https:\/\/gatherorthodontics.com\/es\/solicitar-una-cita\/\">Programa una evaluaci\u00f3n gratuita<\/a> con el Dr. Campbell para hablar de:<\/p><ul data-start=\"2521\" data-end=\"2632\"><li data-start=\"2521\" data-end=\"2557\"><p data-start=\"2523\" data-end=\"2557\">Tu plan de tratamiento personalizado<\/p><\/li><li data-start=\"2558\" data-end=\"2589\"><p data-start=\"2560\" data-end=\"2589\">Cronograma y objetivos previstos<\/p><\/li><li data-start=\"2590\" data-end=\"2632\"><p data-start=\"2592\" data-end=\"2632\">Opciones de financiaci\u00f3n que se adaptan a tu presupuesto<\/p><\/li><\/ul><p data-start=\"2634\" data-end=\"2805\">Entendemos los horarios apretados y trabajaremos para que cada visita a la consulta sea lo m\u00e1s c\u00f3moda y eficiente posible. Comienza hoy mismo tu camino hacia una sonrisa m\u00e1s sana y recta. <\/p>\t\t\t\t\t\t\t\t<\/div>\n\t\t\t\t<\/div>\n\t\t\t\t<div class=\"elementor-element elementor-element-d3aff1b elementor-widget elementor-widget-heading\" data-id=\"d3aff1b\" data-element_type=\"widget\" data-e-type=\"widget\" data-widget_type=\"heading.default\">\n\t\t\t\t<div class=\"elementor-widget-container\">\n\t\t\t\t\t<h2 class=\"elementor-heading-title elementor-size-default\">Preguntas frecuentes<\/h2>\t\t\t\t<\/div>\n\t\t\t\t<\/div>\n\t\t\t\t<div class=\"elementor-element elementor-element-360df97 elementor-widget elementor-widget-n-accordion\" data-id=\"360df97\" data-element_type=\"widget\" data-e-type=\"widget\" data-settings=\"{&quot;default_state&quot;:&quot;all_collapsed&quot;,&quot;max_items_expended&quot;:&quot;one&quot;,&quot;n_accordion_animation_duration&quot;:{&quot;unit&quot;:&quot;ms&quot;,&quot;size&quot;:400,&quot;sizes&quot;:[]}}\" data-widget_type=\"nested-accordion.default\">\n\t\t\t\t<div class=\"elementor-widget-container\">\n\t\t\t\t\t\t\t<div class=\"e-n-accordion\" aria-label=\"Accordion. Open links with Enter or Space, close with Escape, and navigate with Arrow Keys\">\n\t\t\t\t\t\t<details id=\"e-n-accordion-item-5660\" class=\"e-n-accordion-item\" >\n\t\t\t\t<summary class=\"e-n-accordion-item-title\" data-accordion-index=\"1\" tabindex=\"0\" aria-expanded=\"false\" aria-controls=\"e-n-accordion-item-5660\" >\n\t\t\t\t\t<span class='e-n-accordion-item-title-header'><div class=\"e-n-accordion-item-title-text\"> \u00bfSoy demasiado mayor para un tratamiento de ortodoncia? <\/div><\/span>\n\t\t\t\t\t\t\t<span class='e-n-accordion-item-title-icon'>\n\t\t\t<span class='e-opened' ><i aria-hidden=\"true\" class=\"fas fa-minus\"><\/i><\/span>\n\t\t\t<span class='e-closed'><i aria-hidden=\"true\" class=\"fas fa-plus\"><\/i><\/span>\n\t\t<\/span>\n\n\t\t\t\t\t\t<\/summary>\n\t\t\t\t<div data-particle_enable=\"false\" data-particle-mobile-disabled=\"false\" role=\"region\" aria-labelledby=\"e-n-accordion-item-5660\" class=\"elementor-element elementor-element-8e1d61a e-con-full e-flex e-con e-child\" data-id=\"8e1d61a\" data-element_type=\"container\" data-e-type=\"container\">\n\t\t\t\t<div class=\"elementor-element elementor-element-5d66fc0 elementor-widget elementor-widget-text-editor\" data-id=\"5d66fc0\" data-element_type=\"widget\" data-e-type=\"widget\" data-widget_type=\"text-editor.default\">\n\t\t\t\t<div class=\"elementor-widget-container\">\n\t\t\t\t\t\t\t\t\t<p>\u00a1En absoluto! Los dientes sanos se pueden mover a cualquier edad. Siempre que tus enc\u00edas y estructura \u00f3sea sean fuertes, el tratamiento de ortodoncia es igual de eficaz para adultos que para adolescentes.  <\/p>\t\t\t\t\t\t\t\t<\/div>\n\t\t\t\t<\/div>\n\t\t\t\t<\/div>\n\t\t\t\t\t<\/details>\n\t\t\t\t\t\t<details id=\"e-n-accordion-item-5661\" class=\"e-n-accordion-item\" >\n\t\t\t\t<summary class=\"e-n-accordion-item-title\" data-accordion-index=\"2\" tabindex=\"-1\" aria-expanded=\"false\" aria-controls=\"e-n-accordion-item-5661\" >\n\t\t\t\t\t<span class='e-n-accordion-item-title-header'><div class=\"e-n-accordion-item-title-text\"> \u00bfCu\u00e1nto dura el tratamiento de ortodoncia para adultos? <\/div><\/span>\n\t\t\t\t\t\t\t<span class='e-n-accordion-item-title-icon'>\n\t\t\t<span class='e-opened' ><i aria-hidden=\"true\" class=\"fas fa-minus\"><\/i><\/span>\n\t\t\t<span class='e-closed'><i aria-hidden=\"true\" class=\"fas fa-plus\"><\/i><\/span>\n\t\t<\/span>\n\n\t\t\t\t\t\t<\/summary>\n\t\t\t\t<div data-particle_enable=\"false\" data-particle-mobile-disabled=\"false\" role=\"region\" aria-labelledby=\"e-n-accordion-item-5661\" class=\"elementor-element elementor-element-f4837d2 e-con-full e-flex e-con e-child\" data-id=\"f4837d2\" data-element_type=\"container\" data-e-type=\"container\">\n\t\t\t\t<div class=\"elementor-element elementor-element-b16d64d elementor-widget elementor-widget-text-editor\" data-id=\"b16d64d\" data-element_type=\"widget\" data-e-type=\"widget\" data-widget_type=\"text-editor.default\">\n\t\t\t\t<div class=\"elementor-widget-container\">\n\t\t\t\t\t\t\t\t\t<p>Los tiempos de tratamiento var\u00edan seg\u00fan tu caso espec\u00edfico, pero normalmente oscilan entre 12 y 30 meses. Con los alineadores transparentes o los brackets modernos, muchos adultos ven mejoras notables en tan solo unos meses. <\/p>\t\t\t\t\t\t\t\t<\/div>\n\t\t\t\t<\/div>\n\t\t\t\t<\/div>\n\t\t\t\t\t<\/details>\n\t\t\t\t\t\t<details id=\"e-n-accordion-item-5662\" class=\"e-n-accordion-item\" >\n\t\t\t\t<summary class=\"e-n-accordion-item-title\" data-accordion-index=\"3\" tabindex=\"-1\" aria-expanded=\"false\" aria-controls=\"e-n-accordion-item-5662\" >\n\t\t\t\t\t<span class='e-n-accordion-item-title-header'><div class=\"e-n-accordion-item-title-text\"> \u00bfAfectar\u00e1n los brackets o Invisalign a mi imagen profesional? <\/div><\/span>\n\t\t\t\t\t\t\t<span class='e-n-accordion-item-title-icon'>\n\t\t\t<span class='e-opened' ><i aria-hidden=\"true\" class=\"fas fa-minus\"><\/i><\/span>\n\t\t\t<span class='e-closed'><i aria-hidden=\"true\" class=\"fas fa-plus\"><\/i><\/span>\n\t\t<\/span>\n\n\t\t\t\t\t\t<\/summary>\n\t\t\t\t<div data-particle_enable=\"false\" data-particle-mobile-disabled=\"false\" role=\"region\" aria-labelledby=\"e-n-accordion-item-5662\" class=\"elementor-element elementor-element-d81a693 e-con-full e-flex e-con e-child\" data-id=\"d81a693\" data-element_type=\"container\" data-e-type=\"container\">\n\t\t\t\t<div class=\"elementor-element elementor-element-8fd602a elementor-widget elementor-widget-text-editor\" data-id=\"8fd602a\" data-element_type=\"widget\" data-e-type=\"widget\" data-widget_type=\"text-editor.default\">\n\t\t\t\t<div class=\"elementor-widget-container\">\n\t\t\t\t\t\t\t\t\t<p>En absoluto. Invisalign y los brackets cer\u00e1micos transparentes est\u00e1n dise\u00f1ados para ser discretos. La mayor\u00eda de los adultos consideran que su tratamiento se integra perfectamente en la vida diaria, ya sea en la oficina o en entornos sociales.  <\/p>\t\t\t\t\t\t\t\t<\/div>\n\t\t\t\t<\/div>\n\t\t\t\t<\/div>\n\t\t\t\t\t<\/details>\n\t\t\t\t\t\t<details id=\"e-n-accordion-item-5663\" class=\"e-n-accordion-item\" >\n\t\t\t\t<summary class=\"e-n-accordion-item-title\" data-accordion-index=\"4\" tabindex=\"-1\" aria-expanded=\"false\" aria-controls=\"e-n-accordion-item-5663\" >\n\t\t\t\t\t<span class='e-n-accordion-item-title-header'><div class=\"e-n-accordion-item-title-text\"> \u00bfEs doloroso el tratamiento de ortodoncia para adultos? <\/div><\/span>\n\t\t\t\t\t\t\t<span class='e-n-accordion-item-title-icon'>\n\t\t\t<span class='e-opened' ><i aria-hidden=\"true\" class=\"fas fa-minus\"><\/i><\/span>\n\t\t\t<span class='e-closed'><i aria-hidden=\"true\" class=\"fas fa-plus\"><\/i><\/span>\n\t\t<\/span>\n\n\t\t\t\t\t\t<\/summary>\n\t\t\t\t<div data-particle_enable=\"false\" data-particle-mobile-disabled=\"false\" role=\"region\" aria-labelledby=\"e-n-accordion-item-5663\" class=\"elementor-element elementor-element-30c7f2c e-con-full e-flex e-con e-child\" data-id=\"30c7f2c\" data-element_type=\"container\" data-e-type=\"container\">\n\t\t\t\t<div class=\"elementor-element elementor-element-b2ae330 elementor-widget elementor-widget-text-editor\" data-id=\"b2ae330\" data-element_type=\"widget\" data-e-type=\"widget\" data-widget_type=\"text-editor.default\">\n\t\t\t\t<div class=\"elementor-widget-container\">\n\t\t\t\t\t\t\t\t\t<p>Es normal sentir algo de presi\u00f3n o sensibilidad leve, especialmente despu\u00e9s de los ajustes o al cambiar a nuevos alineadores. Sin embargo, la ortodoncia moderna utiliza movimientos suaves y graduales, lo que hace que el tratamiento sea m\u00e1s c\u00f3modo que nunca. <\/p>\t\t\t\t\t\t\t\t<\/div>\n\t\t\t\t<\/div>\n\t\t\t\t<\/div>\n\t\t\t\t\t<\/details>\n\t\t\t\t\t\t<details id=\"e-n-accordion-item-5664\" class=\"e-n-accordion-item\" >\n\t\t\t\t<summary class=\"e-n-accordion-item-title\" data-accordion-index=\"5\" tabindex=\"-1\" aria-expanded=\"false\" aria-controls=\"e-n-accordion-item-5664\" >\n\t\t\t\t\t<span class='e-n-accordion-item-title-header'><div class=\"e-n-accordion-item-title-text\"> \u00bfPuede el tratamiento de ortodoncia corregir el desplazamiento de los dientes debido a brackets anteriores? <\/div><\/span>\n\t\t\t\t\t\t\t<span class='e-n-accordion-item-title-icon'>\n\t\t\t<span class='e-opened' ><i aria-hidden=\"true\" class=\"fas fa-minus\"><\/i><\/span>\n\t\t\t<span class='e-closed'><i aria-hidden=\"true\" class=\"fas fa-plus\"><\/i><\/span>\n\t\t<\/span>\n\n\t\t\t\t\t\t<\/summary>\n\t\t\t\t<div data-particle_enable=\"false\" data-particle-mobile-disabled=\"false\" role=\"region\" aria-labelledby=\"e-n-accordion-item-5664\" class=\"elementor-element elementor-element-0421110 e-con-full e-flex e-con e-child\" data-id=\"0421110\" data-element_type=\"container\" data-e-type=\"container\">\n\t\t\t\t<div class=\"elementor-element elementor-element-fb723b6 elementor-widget elementor-widget-text-editor\" data-id=\"fb723b6\" data-element_type=\"widget\" data-e-type=\"widget\" data-widget_type=\"text-editor.default\">\n\t\t\t\t<div class=\"elementor-widget-container\">\n\t\t\t\t\t\t\t\t\t<p>Es normal sentir algo de presi\u00f3n o sensibilidad leve, especialmente despu\u00e9s de los ajustes o al cambiar a nuevos alineadores. Sin embargo, la ortodoncia moderna utiliza movimientos suaves y graduales, lo que hace que el tratamiento sea m\u00e1s c\u00f3modo que nunca. <\/p>\t\t\t\t\t\t\t\t<\/div>\n\t\t\t\t<\/div>\n\t\t\t\t<\/div>\n\t\t\t\t\t<\/details>\n\t\t\t\t\t<\/div>\n\t\t\t\t\t\t<\/div>\n\t\t\t\t<\/div>\n\t\t\t\t\t<\/div>\n\t\t\t\t<\/div>\n\t\t\t\t<\/div>\n\t\t","protected":false},"excerpt":{"rendered":"<p>Ortodoncia para adultos a cualquier edad La ortodoncia ya no es solo para ni\u00f1os o adolescentes. De hecho, seg\u00fan la Asociaci\u00f3n Americana de Ortodoncistas, uno de cada cinco pacientes de ortodoncia tiene m\u00e1s de 21 a\u00f1os. Muchos adultos est\u00e1n optando por un tratamiento para mejorar tanto la salud bucodental como la confianza, y ahora t\u00fa tambi\u00e9n puedes hacerlo. [&hellip;]<\/p>\n","protected":false},"author":3,"featured_media":0,"parent":0,"menu_order":25,"comment_status":"closed","ping_status":"closed","template":"","meta":{"_seopress_robots_primary_cat":"","_seopress_titles_title":"Ortodoncia para adultos en Holly Springs, Carolina del Norte | Gather Orthodontics","_seopress_titles_desc":"El Dr. Terrence Campbell ofrece ortodoncia para adultos con brackets para adultos, alineadores Invisalign y otras opciones para enderezar los dientes y conseguir una sonrisa m\u00e1s sana a cualquier edad.","_seopress_robots_index":"","footnotes":""},"class_list":["post-7172","page","type-page","status-publish"],"_links":{"self":[{"href":"https:\/\/gatherorthodontics.com\/es\/wp-json\/wp\/v2\/pages\/7172","targetHints":{"allow":["GET"]}}],"collection":[{"href":"https:\/\/gatherorthodontics.com\/es\/wp-json\/wp\/v2\/pages"}],"about":[{"href":"https:\/\/gatherorthodontics.com\/es\/wp-json\/wp\/v2\/types\/page"}],"author":[{"embeddable":true,"href":"https:\/\/gatherorthodontics.com\/es\/wp-json\/wp\/v2\/users\/3"}],"replies":[{"embeddable":true,"href":"https:\/\/gatherorthodontics.com\/es\/wp-json\/wp\/v2\/comments?post=7172"}],"version-history":[{"count":5,"href":"https:\/\/gatherorthodontics.com\/es\/wp-json\/wp\/v2\/pages\/7172\/revisions"}],"predecessor-version":[{"id":7450,"href":"https:\/\/gatherorthodontics.com\/es\/wp-json\/wp\/v2\/pages\/7172\/revisions\/7450"}],"wp:attachment":[{"href":"https:\/\/gatherorthodontics.com\/es\/wp-json\/wp\/v2\/media?parent=7172"}],"curies":[{"name":"wp","href":"https:\/\/api.w.org\/{rel}","templated":true}]}}