{"id":7174,"date":"2017-05-28T15:25:06","date_gmt":"2017-05-28T15:25:06","guid":{"rendered":"https:\/\/gatherorthodontics.com\/invisalign\/"},"modified":"2025-11-10T18:47:22","modified_gmt":"2025-11-10T18:47:22","slug":"invisalign","status":"publish","type":"page","link":"https:\/\/gatherorthodontics.com\/es\/invisalign\/","title":{"rendered":"Invisalign"},"content":{"rendered":"\t\t<div data-elementor-type=\"wp-page\" data-elementor-id=\"7174\" class=\"elementor elementor-7174 elementor-1133\" data-elementor-post-type=\"page\">\n\t\t\t\t<div data-particle_enable=\"false\" data-particle-mobile-disabled=\"false\" class=\"elementor-element elementor-element-b683f99 e-flex e-con-boxed e-con e-parent\" data-id=\"b683f99\" data-element_type=\"container\" data-e-type=\"container\">\n\t\t\t\t\t<div class=\"e-con-inner\">\n\t\t\t\t<div class=\"elementor-element elementor-element-065bcc7 elementor-widget__width-inherit elementor-widget elementor-widget-heading\" data-id=\"065bcc7\" data-element_type=\"widget\" data-e-type=\"widget\" data-widget_type=\"heading.default\">\n\t\t\t\t<div class=\"elementor-widget-container\">\n\t\t\t\t\t<h1 class=\"elementor-heading-title elementor-size-default\">Alineadores transparentes de Invisalign en Holly Springs, NC<\/h1>\t\t\t\t<\/div>\n\t\t\t\t<\/div>\n\t\t\t\t\t<\/div>\n\t\t\t\t<\/div>\n\t\t\t\t<section data-particle_enable=\"false\" data-particle-mobile-disabled=\"false\" class=\"elementor-section elementor-top-section elementor-element elementor-element-cd959d9 elementor-section-boxed elementor-section-height-default elementor-section-height-default\" data-id=\"cd959d9\" data-element_type=\"section\" data-e-type=\"section\">\n\t\t\t\t\t\t<div class=\"elementor-container elementor-column-gap-default\">\n\t\t\t\t\t<div class=\"elementor-column elementor-col-100 elementor-top-column elementor-element elementor-element-7fcd531c\" data-id=\"7fcd531c\" data-element_type=\"column\" data-e-type=\"column\">\n\t\t\t<div class=\"elementor-widget-wrap elementor-element-populated\">\n\t\t\t\t\t\t<div class=\"elementor-element elementor-element-406dd3c6 elementor-widget elementor-widget-text-editor\" data-id=\"406dd3c6\" data-element_type=\"widget\" data-e-type=\"widget\" data-widget_type=\"text-editor.default\">\n\t\t\t\t<div class=\"elementor-widget-container\">\n\t\t\t\t\t\t\t\t\t<p data-start=\"321\" data-end=\"772\">En Gather Orthodontics, creemos que todo el mundo merece una sonrisa sana y segura. Como proveedor certificado de Invisalign\u00ae, el <g id=\"gid_0\">Dr. Terrence Campbell<\/g> ofrece este tratamiento de ortodoncia avanzado, c\u00f3modo y pr\u00e1cticamente invisible para ayudarle a conseguir unos dientes rectos sin interrumpir su estilo de vida. Con a\u00f1os de experiencia e innumerables casos de \u00e9xito, el Dr. Campbell personaliza cada plan de tratamiento de Invisalign para adaptarlo a sus necesidades y objetivos \u00fanicos.  <\/p>\t\t\t\t\t\t\t\t<\/div>\n\t\t\t\t<\/div>\n\t\t\t\t\t<\/div>\n\t\t<\/div>\n\t\t\t\t\t<\/div>\n\t\t<\/section>\n\t\t\t\t<section data-particle_enable=\"false\" data-particle-mobile-disabled=\"false\" class=\"elementor-section elementor-top-section elementor-element elementor-element-bd8fb9d elementor-section-boxed elementor-section-height-default elementor-section-height-default\" data-id=\"bd8fb9d\" data-element_type=\"section\" data-e-type=\"section\">\n\t\t\t\t\t\t<div class=\"elementor-container elementor-column-gap-default\">\n\t\t\t\t\t<div class=\"elementor-column elementor-col-100 elementor-top-column elementor-element elementor-element-8afed87\" data-id=\"8afed87\" data-element_type=\"column\" data-e-type=\"column\">\n\t\t\t<div class=\"elementor-widget-wrap elementor-element-populated\">\n\t\t\t\t<div data-particle_enable=\"false\" data-particle-mobile-disabled=\"false\" class=\"elementor-element elementor-element-713fa11 e-flex e-con-boxed e-con e-parent\" data-id=\"713fa11\" data-element_type=\"container\" data-e-type=\"container\">\n\t\t\t\t\t<div class=\"e-con-inner\">\n\t\t<div data-particle_enable=\"false\" data-particle-mobile-disabled=\"false\" class=\"elementor-element elementor-element-9caff0e e-con-full e-flex e-con e-child\" data-id=\"9caff0e\" data-element_type=\"container\" data-e-type=\"container\">\n\t\t\t\t<div class=\"elementor-element elementor-element-676ec71 elementor-widget elementor-widget-text-editor\" data-id=\"676ec71\" data-element_type=\"widget\" data-e-type=\"widget\" data-widget_type=\"text-editor.default\">\n\t\t\t\t<div class=\"elementor-widget-container\">\n\t\t\t\t\t\t\t\t\t<h2 data-start=\"779\" data-end=\"832\">\u00bfQu\u00e9 diferencia a los alineadores transparentes de Invisalign?<\/h2><p data-start=\"833\" data-end=\"1008\">A diferencia de los <a href=\"https:\/\/gatherorthodontics.com\/es\/tipos-de-brackets\/\">brackets tradicionales<\/a>, Invisalign utiliza una serie de f\u00e9rulas transparentes hechas a medida que mueven gradualmente los dientes para alinearlos. A los pacientes les encanta Invisalign porque el sistema es:<\/p><ul data-start=\"1010\" data-end=\"1343\"><li data-start=\"1010\" data-end=\"1103\"><p data-start=\"1012\" data-end=\"1103\"><strong data-start=\"1012\" data-end=\"1035\">Pr\u00e1cticamente invisible<\/strong>: los alineadores de pl\u00e1stico lisos y transparentes se integran de forma natural con los dientes.<\/p><\/li><li data-start=\"1104\" data-end=\"1175\"><p data-start=\"1106\" data-end=\"1175\"><strong data-start=\"1106\" data-end=\"1121\">C\u00f3modo<\/strong>: sin alambres ni brackets que irriten las mejillas y las enc\u00edas.<\/p><\/li><li data-start=\"1176\" data-end=\"1248\"><p data-start=\"1178\" data-end=\"1248\"><strong data-start=\"1178\" data-end=\"1191\">Extra\u00edble<\/strong>: qu\u00edtese los alineadores para comer, cepillarse los dientes y usar hilo dental.<\/p><\/li><li data-start=\"1249\" data-end=\"1343\"><p data-start=\"1251\" data-end=\"1343\"><strong data-start=\"1251\" data-end=\"1264\">Eficaz<\/strong>: muchos pacientes completan el tratamiento en aproximadamente un a\u00f1o, dependiendo de su caso.<\/p><\/li><\/ul><p data-start=\"1345\" data-end=\"1498\">Utilizando tecnolog\u00eda avanzada de imagen 3D, cada alineador se fabrica con precisi\u00f3n para un ajuste ce\u00f1ido y eficaz, lo que le ayuda a conseguir resultados bonitos y duraderos.<\/p>\t\t\t\t\t\t\t\t<\/div>\n\t\t\t\t<\/div>\n\t\t\t\t<\/div>\n\t\t<div data-particle_enable=\"false\" data-particle-mobile-disabled=\"false\" class=\"elementor-element elementor-element-81b7c2f e-con-full e-flex e-con e-child\" data-id=\"81b7c2f\" data-element_type=\"container\" data-e-type=\"container\">\n\t\t\t\t<div class=\"elementor-element elementor-element-5bbbcd7 elementor-widget elementor-widget-video\" data-id=\"5bbbcd7\" data-element_type=\"widget\" data-e-type=\"widget\" data-settings=\"{&quot;youtube_url&quot;:&quot;https:\\\/\\\/youtu.be\\\/pOEk3Z0RbWE&quot;,&quot;video_type&quot;:&quot;youtube&quot;,&quot;controls&quot;:&quot;yes&quot;}\" data-widget_type=\"video.default\">\n\t\t\t\t<div class=\"elementor-widget-container\">\n\t\t\t\t\t\t\t<div class=\"elementor-wrapper elementor-open-inline\">\n\t\t\t<div class=\"elementor-video\"><\/div>\t\t<\/div>\n\t\t\t\t\t\t<\/div>\n\t\t\t\t<\/div>\n\t\t\t\t<\/div>\n\t\t\t\t\t<\/div>\n\t\t\t\t<\/div>\n\t\t\t\t\t<\/div>\n\t\t<\/div>\n\t\t\t\t\t<\/div>\n\t\t<\/section>\n\t\t\t\t<section data-particle_enable=\"false\" data-particle-mobile-disabled=\"false\" class=\"elementor-section elementor-top-section elementor-element elementor-element-28af0ce elementor-section-boxed elementor-section-height-default elementor-section-height-default\" data-id=\"28af0ce\" data-element_type=\"section\" data-e-type=\"section\">\n\t\t\t\t\t\t<div class=\"elementor-container elementor-column-gap-default\">\n\t\t\t\t\t<div class=\"elementor-column elementor-col-100 elementor-top-column elementor-element elementor-element-ca67e11\" data-id=\"ca67e11\" data-element_type=\"column\" data-e-type=\"column\">\n\t\t\t<div class=\"elementor-widget-wrap elementor-element-populated\">\n\t\t\t\t\t\t<div class=\"elementor-element elementor-element-4eae875 elementor-widget elementor-widget-text-editor\" data-id=\"4eae875\" data-element_type=\"widget\" data-e-type=\"widget\" data-widget_type=\"text-editor.default\">\n\t\t\t\t<div class=\"elementor-widget-container\">\n\t\t\t\t\t\t\t\t\t<h2 data-start=\"1505\" data-end=\"1544\">\u00bfCu\u00e1l es el coste de Invisalign y los planes de pago?<\/h2><p data-start=\"1545\" data-end=\"1664\">Invertir en Invisalign es invertir en su confianza. En Gather Orthodontics, hacemos que el <a href=\"https:\/\/gatherorthodontics.com\/es\/financiacion-sencilla\/\">tratamiento sea personalizado<\/a> con: <\/p><ul data-start=\"1666\" data-end=\"1921\"><li data-start=\"1666\" data-end=\"1710\"><p data-start=\"1668\" data-end=\"1710\">Pagos iniciales personalizados para empezar f\u00e1cilmente.<\/p><\/li><li data-start=\"1711\" data-end=\"1774\"><p data-start=\"1713\" data-end=\"1774\"><strong data-start=\"1713\" data-end=\"1752\">Planes de pago mensuales sin intereses<\/strong> que se adaptan a su presupuesto.<\/p><\/li><li data-start=\"1775\" data-end=\"1831\"><p data-start=\"1777\" data-end=\"1831\">Asistencia para reclamaciones de seguros para la cobertura de ortodoncia.<\/p><\/li><li data-start=\"1832\" data-end=\"1871\"><p data-start=\"1834\" data-end=\"1871\">Opciones para utilizar las prestaciones de FSA o HSA.<\/p><\/li><li data-start=\"1872\" data-end=\"1921\"><p data-start=\"1874\" data-end=\"1921\">Aceptaci\u00f3n de las principales tarjetas de cr\u00e9dito para mayor comodidad.<\/p><\/li><\/ul><p data-start=\"1923\" data-end=\"2018\">Nuestro equipo revisar\u00e1 todas las opciones de pago con usted para que se sienta c\u00f3modo al seguir adelante.<\/p><h2 data-start=\"2025\" data-end=\"2069\">\u00bfCu\u00e1les son las principales diferencias entre Invisalign y los brackets?<\/h2><p data-start=\"2070\" data-end=\"2184\">Tanto Invisalign como los brackets enderezan los dientes con eficacia, pero los pacientes suelen elegir Invisalign porque ofrece:<\/p><ul data-start=\"2186\" data-end=\"2413\"><li data-start=\"2186\" data-end=\"2242\"><p data-start=\"2188\" data-end=\"2242\">Tratamiento discreto sin el aspecto de los brackets met\u00e1licos.<\/p><\/li><li data-start=\"2243\" data-end=\"2294\"><p data-start=\"2245\" data-end=\"2294\">Sin restricciones alimentarias, coma sus favoritos libremente.<\/p><\/li><li data-start=\"2295\" data-end=\"2328\"><p data-start=\"2297\" data-end=\"2328\">Cepillado y uso de hilo dental m\u00e1s f\u00e1ciles.<\/p><\/li><li data-start=\"2329\" data-end=\"2356\"><p data-start=\"2331\" data-end=\"2356\">Menos visitas al consultorio.<\/p><\/li><li data-start=\"2357\" data-end=\"2413\"><p data-start=\"2359\" data-end=\"2413\">Un ajuste suave y c\u00f3modo sin brackets ni alambres.<\/p><\/li><\/ul><p data-start=\"2415\" data-end=\"2511\">Invisalign es una gran opci\u00f3n para profesionales ocupados, adolescentes y cualquier persona que valore la flexibilidad.<\/p><h2 data-start=\"2518\" data-end=\"2548\">Proveedor de Invisalign para cada edad<\/h2><p data-start=\"2549\" data-end=\"2630\">Las sonrisas rectas no son solo para ni\u00f1os, Invisalign funciona para pacientes de todas las edades:<\/p><ul data-start=\"2632\" data-end=\"3018\"><li data-start=\"2632\" data-end=\"2734\"><p data-start=\"2634\" data-end=\"2734\"><strong data-start=\"2634\" data-end=\"2654\">Invisalign First:<\/strong> gu\u00eda el crecimiento de la mand\u00edbula y crea espacio para los dientes que est\u00e1n saliendo en los ni\u00f1os m\u00e1s peque\u00f1os.<\/p><\/li><li data-start=\"2735\" data-end=\"2851\"><p data-start=\"2737\" data-end=\"2851\"><strong data-start=\"2737\" data-end=\"2756\">Invisalign Teen:<\/strong> cuenta con indicadores de cumplimiento y pesta\u00f1as de erupci\u00f3n, dise\u00f1ado teniendo en cuenta la ajetreada vida de los adolescentes.<\/p><\/li><li data-start=\"2852\" data-end=\"3018\"><p data-start=\"2854\" data-end=\"3018\"><strong data-start=\"2854\" data-end=\"2879\">Invisalign para adultos:<\/strong> tanto si es la primera vez que busca ortodoncia como si est\u00e1 revisando el tratamiento, Invisalign ofrece una soluci\u00f3n discreta y eficaz.<\/p><\/li><\/ul><h2><span data-preserver-spaces=\"true\">\u00bfC\u00f3mo funciona el tratamiento de ortodoncia Invisalign?<\/span><\/h2><p data-start=\"3064\" data-end=\"3127\">Su tratamiento de Invisalign sigue un plan claro, paso a paso:<\/p><ol data-start=\"3129\" data-end=\"3469\"><li data-start=\"3129\" data-end=\"3195\"><p data-start=\"3132\" data-end=\"3195\"><strong data-start=\"3132\" data-end=\"3148\">Consulta<\/strong>: el Dr. Campbell revisa su sonrisa y sus objetivos.<\/p><\/li><li data-start=\"3196\" data-end=\"3264\"><p data-start=\"3199\" data-end=\"3264\"><strong data-start=\"3199\" data-end=\"3222\">Impresiones digitales<\/strong>: se utilizan escaneos 3D para trazar su plan de tratamiento.<\/p><\/li><li data-start=\"3265\" data-end=\"3330\"><p data-start=\"3268\" data-end=\"3330\"><strong data-start=\"3268\" data-end=\"3287\">Alineadores personalizados<\/strong>: los alineadores se fabrican solo para sus dientes.<\/p><\/li><li data-start=\"3331\" data-end=\"3400\"><p data-start=\"3334\" data-end=\"3400\"><strong data-start=\"3334\" data-end=\"3352\">Usar y reemplazar<\/strong>: cambie las f\u00e9rulas cada 1-2 semanas a medida que se mueven los dientes.<\/p><\/li><li data-start=\"3401\" data-end=\"3469\"><p data-start=\"3404\" data-end=\"3469\"><strong data-start=\"3404\" data-end=\"3417\">Revisiones<\/strong>: las visitas peri\u00f3dicas garantizan que el progreso se mantenga en el buen camino.<\/p><\/li><\/ol><p data-start=\"3471\" data-end=\"3535\"><em><strong>Para obtener los mejores resultados, los alineadores deben usarse de 20 a 22 horas al d\u00eda.<\/strong><\/em><\/p><h2 data-start=\"3542\" data-end=\"3583\">\u00bfC\u00f3mo cuidar sus alineadores?<\/h2><p data-start=\"3584\" data-end=\"3617\">El mantenimiento de los alineadores es sencillo:<\/p><ul data-start=\"3619\" data-end=\"3858\"><li data-start=\"3619\" data-end=\"3675\"><p data-start=\"3621\" data-end=\"3675\">Retirar antes de comer o beber cualquier cosa que no sea agua.<\/p><\/li><li data-start=\"3676\" data-end=\"3715\"><p data-start=\"3678\" data-end=\"3715\">Cepillarse los dientes y usar hilo dental antes de volver a insertar.<\/p><\/li><li data-start=\"3716\" data-end=\"3770\"><p data-start=\"3718\" data-end=\"3770\">Limpiar con agua tibia y un limpiador suave a diario.<\/p><\/li><li data-start=\"3771\" data-end=\"3810\"><p data-start=\"3773\" data-end=\"3810\">Evitar el agua caliente para evitar que se deformen.<\/p><\/li><li data-start=\"3811\" data-end=\"3858\"><p data-start=\"3813\" data-end=\"3858\">Guardar en un estuche protector cuando no est\u00e9 en uso.<\/p><\/li><\/ul><p data-start=\"3860\" data-end=\"3938\">Despu\u00e9s del tratamiento, se utilizan retenedores para mantener su sonrisa maravillosamente recta.<\/p><h2 data-start=\"3945\" data-end=\"4003\">\u00bfListo para empezar con Invisalign?<\/h2><p data-start=\"4004\" data-end=\"4325\">Si ha estado buscando un proveedor de Invisalign con experiencia cerca de usted, el Dr. Campbell y su equipo est\u00e1n aqu\u00ed para ayudarle. Ofrecemos atenci\u00f3n ortod\u00f3ncica personalizada con horarios flexibles, planes de pago personalizados y tecnolog\u00eda avanzada para que su viaje hacia la sonrisa sea sencillo y gratificante. <\/p><p data-start=\"4327\" data-end=\"4431\"><a href=\"https:\/\/gatherorthodontics.com\/es\/solicitar-una-cita\/\">Programe hoy mismo su consulta gratuita de Invisalign<\/a> y d\u00e9 el primer paso hacia su nueva sonrisa.<\/p>\t\t\t\t\t\t\t\t<\/div>\n\t\t\t\t<\/div>\n\t\t\t\t<div class=\"elementor-element elementor-element-7a4ad52 elementor-widget elementor-widget-heading\" data-id=\"7a4ad52\" data-element_type=\"widget\" data-e-type=\"widget\" data-widget_type=\"heading.default\">\n\t\t\t\t<div class=\"elementor-widget-container\">\n\t\t\t\t\t<h2 class=\"elementor-heading-title elementor-size-default\">Preguntas frecuentes<\/h2>\t\t\t\t<\/div>\n\t\t\t\t<\/div>\n\t\t\t\t<div class=\"elementor-element elementor-element-4de026c elementor-widget elementor-widget-n-accordion\" data-id=\"4de026c\" data-element_type=\"widget\" data-e-type=\"widget\" data-settings=\"{&quot;default_state&quot;:&quot;all_collapsed&quot;,&quot;max_items_expended&quot;:&quot;one&quot;,&quot;n_accordion_animation_duration&quot;:{&quot;unit&quot;:&quot;ms&quot;,&quot;size&quot;:400,&quot;sizes&quot;:[]}}\" data-widget_type=\"nested-accordion.default\">\n\t\t\t\t<div class=\"elementor-widget-container\">\n\t\t\t\t\t\t\t<div class=\"e-n-accordion\" aria-label=\"Accordion. Open links with Enter or Space, close with Escape, and navigate with Arrow Keys\">\n\t\t\t\t\t\t<details id=\"e-n-accordion-item-8160\" class=\"e-n-accordion-item\" >\n\t\t\t\t<summary class=\"e-n-accordion-item-title\" data-accordion-index=\"1\" tabindex=\"0\" aria-expanded=\"false\" aria-controls=\"e-n-accordion-item-8160\" >\n\t\t\t\t\t<span class='e-n-accordion-item-title-header'><div class=\"e-n-accordion-item-title-text\"> \u00bfCu\u00e1nto dura el tratamiento de Invisalign? <\/div><\/span>\n\t\t\t\t\t\t\t<span class='e-n-accordion-item-title-icon'>\n\t\t\t<span class='e-opened' ><i aria-hidden=\"true\" class=\"fas fa-minus\"><\/i><\/span>\n\t\t\t<span class='e-closed'><i aria-hidden=\"true\" class=\"fas fa-plus\"><\/i><\/span>\n\t\t<\/span>\n\n\t\t\t\t\t\t<\/summary>\n\t\t\t\t<div data-particle_enable=\"false\" data-particle-mobile-disabled=\"false\" role=\"region\" aria-labelledby=\"e-n-accordion-item-8160\" class=\"elementor-element elementor-element-ad14cc4 e-con-full e-flex e-con e-child\" data-id=\"ad14cc4\" data-element_type=\"container\" data-e-type=\"container\">\n\t\t\t\t<div class=\"elementor-element elementor-element-1c95b5d elementor-widget elementor-widget-text-editor\" data-id=\"1c95b5d\" data-element_type=\"widget\" data-e-type=\"widget\" data-widget_type=\"text-editor.default\">\n\t\t\t\t<div class=\"elementor-widget-container\">\n\t\t\t\t\t\t\t\t\t<p>La mayor\u00eda de los pacientes terminan el tratamiento en un plazo de 12 a 18 meses, dependiendo de la correcci\u00f3n necesaria. Muchos notan cambios visibles en pocos meses. <\/p>\t\t\t\t\t\t\t\t<\/div>\n\t\t\t\t<\/div>\n\t\t\t\t<\/div>\n\t\t\t\t\t<\/details>\n\t\t\t\t\t\t<details id=\"e-n-accordion-item-8161\" class=\"e-n-accordion-item\" >\n\t\t\t\t<summary class=\"e-n-accordion-item-title\" data-accordion-index=\"2\" tabindex=\"-1\" aria-expanded=\"false\" aria-controls=\"e-n-accordion-item-8161\" >\n\t\t\t\t\t<span class='e-n-accordion-item-title-header'><div class=\"e-n-accordion-item-title-text\"> \u00bfEs Invisalign tan eficaz como los brackets? <\/div><\/span>\n\t\t\t\t\t\t\t<span class='e-n-accordion-item-title-icon'>\n\t\t\t<span class='e-opened' ><i aria-hidden=\"true\" class=\"fas fa-minus\"><\/i><\/span>\n\t\t\t<span class='e-closed'><i aria-hidden=\"true\" class=\"fas fa-plus\"><\/i><\/span>\n\t\t<\/span>\n\n\t\t\t\t\t\t<\/summary>\n\t\t\t\t<div data-particle_enable=\"false\" data-particle-mobile-disabled=\"false\" role=\"region\" aria-labelledby=\"e-n-accordion-item-8161\" class=\"elementor-element elementor-element-c131b07 e-con-full e-flex e-con e-child\" data-id=\"c131b07\" data-element_type=\"container\" data-e-type=\"container\">\n\t\t\t\t<div class=\"elementor-element elementor-element-762a761 elementor-widget elementor-widget-text-editor\" data-id=\"762a761\" data-element_type=\"widget\" data-e-type=\"widget\" data-widget_type=\"text-editor.default\">\n\t\t\t\t<div class=\"elementor-widget-container\">\n\t\t\t\t\t\t\t\t\t<p>S\u00ed. Si se utiliza seg\u00fan las indicaciones, Invisalign puede tratar la mayor\u00eda de los problemas leves o moderados de alineaci\u00f3n y mordida con resultados comparables a los de los brackets. <\/p>\t\t\t\t\t\t\t\t<\/div>\n\t\t\t\t<\/div>\n\t\t\t\t<\/div>\n\t\t\t\t\t<\/details>\n\t\t\t\t\t\t<details id=\"e-n-accordion-item-8162\" class=\"e-n-accordion-item\" >\n\t\t\t\t<summary class=\"e-n-accordion-item-title\" data-accordion-index=\"3\" tabindex=\"-1\" aria-expanded=\"false\" aria-controls=\"e-n-accordion-item-8162\" >\n\t\t\t\t\t<span class='e-n-accordion-item-title-header'><div class=\"e-n-accordion-item-title-text\"> \u00bfPuedo comer y beber con normalidad con Invisalign? <\/div><\/span>\n\t\t\t\t\t\t\t<span class='e-n-accordion-item-title-icon'>\n\t\t\t<span class='e-opened' ><i aria-hidden=\"true\" class=\"fas fa-minus\"><\/i><\/span>\n\t\t\t<span class='e-closed'><i aria-hidden=\"true\" class=\"fas fa-plus\"><\/i><\/span>\n\t\t<\/span>\n\n\t\t\t\t\t\t<\/summary>\n\t\t\t\t<div data-particle_enable=\"false\" data-particle-mobile-disabled=\"false\" role=\"region\" aria-labelledby=\"e-n-accordion-item-8162\" class=\"elementor-element elementor-element-9cf0c15 e-con-full e-flex e-con e-child\" data-id=\"9cf0c15\" data-element_type=\"container\" data-e-type=\"container\">\n\t\t\t\t<div class=\"elementor-element elementor-element-4b6a880 elementor-widget elementor-widget-text-editor\" data-id=\"4b6a880\" data-element_type=\"widget\" data-e-type=\"widget\" data-widget_type=\"text-editor.default\">\n\t\t\t\t<div class=\"elementor-widget-container\">\n\t\t\t\t\t\t\t\t\t<p>S\u00ed. Simplemente qu\u00edtese los alineadores antes de las comidas, coma lo que quiera y, a continuaci\u00f3n, cep\u00edllese los dientes y use hilo dental antes de volver a pon\u00e9rselos. <\/p>\t\t\t\t\t\t\t\t<\/div>\n\t\t\t\t<\/div>\n\t\t\t\t<\/div>\n\t\t\t\t\t<\/details>\n\t\t\t\t\t\t<details id=\"e-n-accordion-item-8163\" class=\"e-n-accordion-item\" >\n\t\t\t\t<summary class=\"e-n-accordion-item-title\" data-accordion-index=\"4\" tabindex=\"-1\" aria-expanded=\"false\" aria-controls=\"e-n-accordion-item-8163\" >\n\t\t\t\t\t<span class='e-n-accordion-item-title-header'><div class=\"e-n-accordion-item-title-text\"> \u00bfAfectar\u00e1 Invisalign a mi forma de hablar? <\/div><\/span>\n\t\t\t\t\t\t\t<span class='e-n-accordion-item-title-icon'>\n\t\t\t<span class='e-opened' ><i aria-hidden=\"true\" class=\"fas fa-minus\"><\/i><\/span>\n\t\t\t<span class='e-closed'><i aria-hidden=\"true\" class=\"fas fa-plus\"><\/i><\/span>\n\t\t<\/span>\n\n\t\t\t\t\t\t<\/summary>\n\t\t\t\t<div data-particle_enable=\"false\" data-particle-mobile-disabled=\"false\" role=\"region\" aria-labelledby=\"e-n-accordion-item-8163\" class=\"elementor-element elementor-element-e2da2c4 e-con-full e-flex e-con e-child\" data-id=\"e2da2c4\" data-element_type=\"container\" data-e-type=\"container\">\n\t\t\t\t<div class=\"elementor-element elementor-element-9decf5d elementor-widget elementor-widget-text-editor\" data-id=\"9decf5d\" data-element_type=\"widget\" data-e-type=\"widget\" data-widget_type=\"text-editor.default\">\n\t\t\t\t<div class=\"elementor-widget-container\">\n\t\t\t\t\t\t\t\t\t<p>Solo brevemente. Puede que tarde unos d\u00edas en adaptarse, pero la mayor\u00eda de la gente habla con claridad una vez que se acostumbra a sus alineadores. <\/p>\t\t\t\t\t\t\t\t<\/div>\n\t\t\t\t<\/div>\n\t\t\t\t<\/div>\n\t\t\t\t\t<\/details>\n\t\t\t\t\t\t<details id=\"e-n-accordion-item-8164\" class=\"e-n-accordion-item\" >\n\t\t\t\t<summary class=\"e-n-accordion-item-title\" data-accordion-index=\"5\" tabindex=\"-1\" aria-expanded=\"false\" aria-controls=\"e-n-accordion-item-8164\" >\n\t\t\t\t\t<span class='e-n-accordion-item-title-header'><div class=\"e-n-accordion-item-title-text\"> \u00bfCon qu\u00e9 frecuencia tengo que visitar al ortodoncista durante el tratamiento de Invisalign? <\/div><\/span>\n\t\t\t\t\t\t\t<span class='e-n-accordion-item-title-icon'>\n\t\t\t<span class='e-opened' ><i aria-hidden=\"true\" class=\"fas fa-minus\"><\/i><\/span>\n\t\t\t<span class='e-closed'><i aria-hidden=\"true\" class=\"fas fa-plus\"><\/i><\/span>\n\t\t<\/span>\n\n\t\t\t\t\t\t<\/summary>\n\t\t\t\t<div data-particle_enable=\"false\" data-particle-mobile-disabled=\"false\" role=\"region\" aria-labelledby=\"e-n-accordion-item-8164\" class=\"elementor-element elementor-element-4c39196 e-con-full e-flex e-con e-child\" data-id=\"4c39196\" data-element_type=\"container\" data-e-type=\"container\">\n\t\t\t\t<div class=\"elementor-element elementor-element-1bd9676 elementor-widget elementor-widget-text-editor\" data-id=\"1bd9676\" data-element_type=\"widget\" data-e-type=\"widget\" data-widget_type=\"text-editor.default\">\n\t\t\t\t<div class=\"elementor-widget-container\">\n\t\t\t\t\t\t\t\t\t<p>La mayor\u00eda de los pacientes tienen revisiones r\u00e1pidas cada 8 o 12 semanas, pero con Dental Monitoring, muchas visitas pueden hacerse virtualmente. El Dr. Campbell revisa su progreso a distancia a trav\u00e9s de fotos o escaneos, por lo que su tratamiento se mantiene en el camino correcto con menos citas en la consulta. <\/p>\t\t\t\t\t\t\t\t<\/div>\n\t\t\t\t<\/div>\n\t\t\t\t<\/div>\n\t\t\t\t\t<\/details>\n\t\t\t\t\t<\/div>\n\t\t\t\t\t\t<\/div>\n\t\t\t\t<\/div>\n\t\t\t\t\t<\/div>\n\t\t<\/div>\n\t\t\t\t\t<\/div>\n\t\t<\/section>\n\t\t\t\t<\/div>\n\t\t","protected":false},"excerpt":{"rendered":"<p>Alineadores transparentes de Invisalign en Holly Springs, NC En Gather Orthodontics, creemos que todo el mundo merece una sonrisa sana y segura. Como proveedor certificado de Invisalign\u00ae, el Dr. Terrence Campbell ofrece este tratamiento de ortodoncia avanzado, c\u00f3modo y pr\u00e1cticamente invisible para ayudarle a conseguir unos dientes rectos sin interrumpir su estilo de vida. Con a\u00f1os de experiencia [&hellip;]<\/p>\n","protected":false},"author":3,"featured_media":0,"parent":0,"menu_order":38,"comment_status":"closed","ping_status":"closed","template":"","meta":{"_seopress_robots_primary_cat":"","_seopress_titles_title":"Invisalign Holly Springs NC Clear Aligners | Gather Orthodontics","_seopress_titles_desc":"Invisalign clear aligners with Dr. Terrence Campbell offer a discreet teeth straightening solution, detailing Invisalign vs braces and the Invisalign cost.","_seopress_robots_index":"","footnotes":""},"class_list":["post-7174","page","type-page","status-publish"],"_links":{"self":[{"href":"https:\/\/gatherorthodontics.com\/es\/wp-json\/wp\/v2\/pages\/7174","targetHints":{"allow":["GET"]}}],"collection":[{"href":"https:\/\/gatherorthodontics.com\/es\/wp-json\/wp\/v2\/pages"}],"about":[{"href":"https:\/\/gatherorthodontics.com\/es\/wp-json\/wp\/v2\/types\/page"}],"author":[{"embeddable":true,"href":"https:\/\/gatherorthodontics.com\/es\/wp-json\/wp\/v2\/users\/3"}],"replies":[{"embeddable":true,"href":"https:\/\/gatherorthodontics.com\/es\/wp-json\/wp\/v2\/comments?post=7174"}],"version-history":[{"count":5,"href":"https:\/\/gatherorthodontics.com\/es\/wp-json\/wp\/v2\/pages\/7174\/revisions"}],"predecessor-version":[{"id":7493,"href":"https:\/\/gatherorthodontics.com\/es\/wp-json\/wp\/v2\/pages\/7174\/revisions\/7493"}],"wp:attachment":[{"href":"https:\/\/gatherorthodontics.com\/es\/wp-json\/wp\/v2\/media?parent=7174"}],"curies":[{"name":"wp","href":"https:\/\/api.w.org\/{rel}","templated":true}]}}