{"id":7175,"date":"2022-05-26T14:12:58","date_gmt":"2022-05-26T14:12:58","guid":{"rendered":"https:\/\/gatherorthodontics.com\/ortodoncia-para-adolescentes\/"},"modified":"2025-11-09T19:30:21","modified_gmt":"2025-11-09T19:30:21","slug":"ortodoncia-para-adolescentes","status":"publish","type":"page","link":"https:\/\/gatherorthodontics.com\/es\/ortodoncia-para-adolescentes\/","title":{"rendered":"Ortodoncia para adolescentes"},"content":{"rendered":"\t\t<div data-elementor-type=\"wp-page\" data-elementor-id=\"7175\" class=\"elementor elementor-7175 elementor-5015\" data-elementor-post-type=\"page\">\n\t\t\t\t<div data-particle_enable=\"false\" data-particle-mobile-disabled=\"false\" class=\"elementor-element elementor-element-dbbc816 e-flex e-con-boxed e-con e-parent\" data-id=\"dbbc816\" data-element_type=\"container\" data-e-type=\"container\">\n\t\t\t\t\t<div class=\"e-con-inner\">\n\t\t\t\t<div class=\"elementor-element elementor-element-3d7805e elementor-widget__width-inherit elementor-widget elementor-widget-heading\" data-id=\"3d7805e\" data-element_type=\"widget\" data-e-type=\"widget\" data-widget_type=\"heading.default\">\n\t\t\t\t<div class=\"elementor-widget-container\">\n\t\t\t\t\t<h1 class=\"elementor-heading-title elementor-size-default\">Tratamiento de ortodoncia para adolescentes<\/h1>\t\t\t\t<\/div>\n\t\t\t\t<\/div>\n\t\t\t\t\t<\/div>\n\t\t\t\t<\/div>\n\t\t\t\t<section data-particle_enable=\"false\" data-particle-mobile-disabled=\"false\" class=\"elementor-section elementor-top-section elementor-element elementor-element-0f6ae11 elementor-section-boxed elementor-section-height-default elementor-section-height-default\" data-id=\"0f6ae11\" data-element_type=\"section\" data-e-type=\"section\">\n\t\t\t\t\t\t<div class=\"elementor-container elementor-column-gap-default\">\n\t\t\t\t\t<div class=\"elementor-column elementor-col-100 elementor-top-column elementor-element elementor-element-c8eb12a\" data-id=\"c8eb12a\" data-element_type=\"column\" data-e-type=\"column\">\n\t\t\t<div class=\"elementor-widget-wrap elementor-element-populated\">\n\t\t\t\t\t\t<div class=\"elementor-element elementor-element-9bb314b elementor-widget elementor-widget-text-editor\" data-id=\"9bb314b\" data-element_type=\"widget\" data-e-type=\"widget\" data-widget_type=\"text-editor.default\">\n\t\t\t\t<div class=\"elementor-widget-container\">\n\t\t\t\t\t\t\t\t\t<p data-start=\"372\" data-end=\"723\"><img fetchpriority=\"high\" decoding=\"async\" class=\"size-medium wp-image-3984 alignright\" src=\"https:\/\/gatherorthodontics.com\/wp-content\/uploads\/2023\/04\/Why-Choose-Us-Photo-Placeholder-233x300.jpg\" alt=\"Cl\u00ednica de ortodoncia Gather en Holly Springs, Carolina del Norte\" width=\"233\" height=\"300\" srcset=\"https:\/\/gatherorthodontics.com\/wp-content\/uploads\/2023\/04\/Why-Choose-Us-Photo-Placeholder-233x300.jpg 233w, https:\/\/gatherorthodontics.com\/wp-content\/uploads\/2023\/04\/Why-Choose-Us-Photo-Placeholder.jpg 700w\" sizes=\"(max-width: 233px) 100vw, 233px\" \/>La adolescencia es el momento m\u00e1s com\u00fan para comenzar el tratamiento de ortodoncia. Entre las edades de <strong data-start=\"467\" data-end=\"480\">11 y 15<\/strong>, la mayor\u00eda de los dientes permanentes han erupcionado, lo que la convierte en la etapa ideal para corregir problemas como dientes torcidos, api\u00f1amiento, espacios o problemas de mordida. Dado que estos problemas rara vez se resuelven por s\u00ed solos, es cuando muchas familias eligen comenzar el tratamiento.  <\/p><h2 data-start=\"725\" data-end=\"762\">\u00bfPor qu\u00e9 los brackets son tan comunes para los adolescentes?<\/h2><p data-start=\"764\" data-end=\"838\">Comenzar un tratamiento de ortodoncia en la adolescencia tiene ventajas \u00fanicas:<\/p><ul data-start=\"840\" data-end=\"1237\"><li data-start=\"840\" data-end=\"938\"><p data-start=\"842\" data-end=\"938\">A los 12 a\u00f1os, la mayor\u00eda de los dientes permanentes est\u00e1n en su lugar, lo que facilita el diagn\u00f3stico y el tratamiento de los problemas.<\/p><\/li><li data-start=\"939\" data-end=\"1032\"><p data-start=\"941\" data-end=\"1032\">Muchos compa\u00f1eros tambi\u00e9n usan brackets, lo que ayuda a reducir el estigma y hace que el tratamiento se sienta normal.<\/p><\/li><li data-start=\"1033\" data-end=\"1158\"><p data-start=\"1035\" data-end=\"1158\">Los adolescentes tienden a tener metabolismos m\u00e1s r\u00e1pidos, lo que puede ayudar a que los dientes se muevan de manera m\u00e1s eficiente y acortar el tiempo total del tratamiento.<\/p><\/li><li data-start=\"1159\" data-end=\"1237\"><p data-start=\"1161\" data-end=\"1237\">La correcci\u00f3n evita que los problemas dentales empeoren a medida que tu hijo\/a adolescente crece.<\/p><\/li><\/ul><h2 data-start=\"1239\" data-end=\"1275\">\u00bfCu\u00e1les son las opciones para enderezar los dientes en adolescentes?<img decoding=\"async\" class=\"size-medium wp-image-4668 alignleft\" src=\"https:\/\/gatherorthodontics.com\/wp-content\/uploads\/2024\/11\/Teen-Orthodontics-250x300.png\" alt=\"Ortodoncia para adolescentes\" width=\"250\" height=\"300\" srcset=\"https:\/\/gatherorthodontics.com\/wp-content\/uploads\/2024\/11\/Teen-Orthodontics-250x300.png 250w, https:\/\/gatherorthodontics.com\/wp-content\/uploads\/2024\/11\/Teen-Orthodontics.png 500w\" sizes=\"(max-width: 250px) 100vw, 250px\" \/><\/h2><p data-start=\"1277\" data-end=\"1522\">Para los adolescentes, el objetivo es m\u00e1s que solo una sonrisa segura; se trata de la salud dental a largo plazo. La tecnolog\u00eda de ortodoncia actual ofrece varias opciones dise\u00f1adas teniendo en cuenta tanto la eficacia como el estilo de vida. <\/p><p data-start=\"1277\" data-end=\"1522\">Los tratamientos populares para adolescentes incluyen:<\/p><ul data-start=\"1524\" data-end=\"1953\"><li data-start=\"1524\" data-end=\"1644\"><p data-start=\"1526\" data-end=\"1644\"><a href=\"https:\/\/gatherorthodontics.com\/es\/tipos-de-brackets\/\"><strong data-start=\"1526\" data-end=\"1554\">Brackets met\u00e1licos tradicionales<\/strong><\/a>: Duraderos, eficaces y, a menudo, la forma m\u00e1s r\u00e1pida de corregir problemas de ortodoncia complejos.<\/p><\/li><li data-start=\"1645\" data-end=\"1734\"><p data-start=\"1647\" data-end=\"1734\"><a href=\"https:\/\/gatherorthodontics.com\/es\/tipos-de-brackets\/\"><strong data-start=\"1647\" data-end=\"1671\">Brackets cer\u00e1micos transparentes<\/strong><\/a>: Se mezclan con los dientes naturales para una apariencia m\u00e1s discreta.<\/p><\/li><li data-start=\"1837\" data-end=\"1953\"><p data-start=\"1839\" data-end=\"1953\"><a href=\"https:\/\/gatherorthodontics.com\/es\/invisalign\/\"><strong data-start=\"1839\" data-end=\"1858\">Invisalign Teen<\/strong><\/a>: Una opci\u00f3n casi invisible que utiliza alineadores transparentes que se pueden quitar para comer y cepillarse.<\/p><\/li><\/ul><p data-start=\"1955\" data-end=\"2106\">Durante su consulta, el <a href=\"https:\/\/gatherorthodontics.com\/es\/conozca-al-dr-campbell\/\">Dr. Terrence Campbell<\/a> les ayudar\u00e1 a usted y a su hijo adolescente a decidir qu\u00e9 opci\u00f3n se adapta mejor seg\u00fan las necesidades dentales y el estilo de vida.<\/p><h2 data-start=\"2108\" data-end=\"2132\">\u00bfListo para comenzar con una evaluaci\u00f3n gratuita?<\/h2><p data-start=\"2134\" data-end=\"2275\"><a href=\"https:\/\/gatherorthodontics.com\/es\/solicitar-una-cita\/\">Programar una consulta gratuita<\/a> es el primer paso hacia una sonrisa m\u00e1s sana y recta. En la primera visita de tu hijo\/a, revisaremos:<\/p><ul data-start=\"2277\" data-end=\"2386\"><li data-start=\"2277\" data-end=\"2311\"><p data-start=\"2279\" data-end=\"2311\">El plan de tratamiento recomendado<\/p><\/li><li data-start=\"2312\" data-end=\"2347\"><p data-start=\"2314\" data-end=\"2347\">El cronograma de tratamiento esperado<\/p><\/li><li data-start=\"2348\" data-end=\"2386\"><p data-start=\"2350\" data-end=\"2386\">Las opciones de inversi\u00f3n y pago<\/p><\/li><\/ul><p data-start=\"2388\" data-end=\"2493\">Llame a nuestra oficina hoy para programar su examen gratuito y darle a su hijo adolescente la confianza de una sonrisa para toda la vida.<\/p><p data-start=\"2388\" data-end=\"2493\"> <\/p>\t\t\t\t\t\t\t\t<\/div>\n\t\t\t\t<\/div>\n\t\t\t\t<div class=\"elementor-element elementor-element-aaa316f elementor-widget elementor-widget-heading\" data-id=\"aaa316f\" data-element_type=\"widget\" data-e-type=\"widget\" data-widget_type=\"heading.default\">\n\t\t\t\t<div class=\"elementor-widget-container\">\n\t\t\t\t\t<h2 class=\"elementor-heading-title elementor-size-default\">Preguntas frecuentes<\/h2>\t\t\t\t<\/div>\n\t\t\t\t<\/div>\n\t\t\t\t<div class=\"elementor-element elementor-element-c2ef75b elementor-widget elementor-widget-n-accordion\" data-id=\"c2ef75b\" data-element_type=\"widget\" data-e-type=\"widget\" data-settings=\"{&quot;default_state&quot;:&quot;all_collapsed&quot;,&quot;max_items_expended&quot;:&quot;one&quot;,&quot;n_accordion_animation_duration&quot;:{&quot;unit&quot;:&quot;ms&quot;,&quot;size&quot;:400,&quot;sizes&quot;:[]}}\" data-widget_type=\"nested-accordion.default\">\n\t\t\t\t<div class=\"elementor-widget-container\">\n\t\t\t\t\t\t\t<div class=\"e-n-accordion\" aria-label=\"Accordion. Open links with Enter or Space, close with Escape, and navigate with Arrow Keys\">\n\t\t\t\t\t\t<details id=\"e-n-accordion-item-2040\" class=\"e-n-accordion-item\" >\n\t\t\t\t<summary class=\"e-n-accordion-item-title\" data-accordion-index=\"1\" tabindex=\"0\" aria-expanded=\"false\" aria-controls=\"e-n-accordion-item-2040\" >\n\t\t\t\t\t<span class='e-n-accordion-item-title-header'><div class=\"e-n-accordion-item-title-text\"> \u00bfQu\u00e9 es mejor para los adolescentes, los brackets o Invisalign? <\/div><\/span>\n\t\t\t\t\t\t\t<span class='e-n-accordion-item-title-icon'>\n\t\t\t<span class='e-opened' ><i aria-hidden=\"true\" class=\"fas fa-minus\"><\/i><\/span>\n\t\t\t<span class='e-closed'><i aria-hidden=\"true\" class=\"fas fa-plus\"><\/i><\/span>\n\t\t<\/span>\n\n\t\t\t\t\t\t<\/summary>\n\t\t\t\t<div data-particle_enable=\"false\" data-particle-mobile-disabled=\"false\" role=\"region\" aria-labelledby=\"e-n-accordion-item-2040\" class=\"elementor-element elementor-element-c853c38 e-con-full e-flex e-con e-child\" data-id=\"c853c38\" data-element_type=\"container\" data-e-type=\"container\">\n\t\t\t\t<div class=\"elementor-element elementor-element-2303d3d elementor-widget elementor-widget-text-editor\" data-id=\"2303d3d\" data-element_type=\"widget\" data-e-type=\"widget\" data-widget_type=\"text-editor.default\">\n\t\t\t\t<div class=\"elementor-widget-container\">\n\t\t\t\t\t\t\t\t\t<p>Ambos enderezan los dientes eficazmente, pero la mejor opci\u00f3n depende de las necesidades y los h\u00e1bitos de tu hijo\/a adolescente. Los brackets son fijos e ideales para correcciones m\u00e1s complejas, mientras que Invisalign utiliza alineadores transparentes y removibles que se adaptan f\u00e1cilmente al ajetreado estilo de vida de los adolescentes. El Dr. Campbell recomendar\u00e1 la mejor opci\u00f3n para la comodidad, la apariencia y los resultados a largo plazo.  <\/p>\t\t\t\t\t\t\t\t<\/div>\n\t\t\t\t<\/div>\n\t\t\t\t<\/div>\n\t\t\t\t\t<\/details>\n\t\t\t\t\t\t<details id=\"e-n-accordion-item-2041\" class=\"e-n-accordion-item\" >\n\t\t\t\t<summary class=\"e-n-accordion-item-title\" data-accordion-index=\"2\" tabindex=\"-1\" aria-expanded=\"false\" aria-controls=\"e-n-accordion-item-2041\" >\n\t\t\t\t\t<span class='e-n-accordion-item-title-header'><div class=\"e-n-accordion-item-title-text\"> \u00bfCu\u00e1nto dura el tratamiento de ortodoncia para la mayor\u00eda de los adolescentes? <\/div><\/span>\n\t\t\t\t\t\t\t<span class='e-n-accordion-item-title-icon'>\n\t\t\t<span class='e-opened' ><i aria-hidden=\"true\" class=\"fas fa-minus\"><\/i><\/span>\n\t\t\t<span class='e-closed'><i aria-hidden=\"true\" class=\"fas fa-plus\"><\/i><\/span>\n\t\t<\/span>\n\n\t\t\t\t\t\t<\/summary>\n\t\t\t\t<div data-particle_enable=\"false\" data-particle-mobile-disabled=\"false\" role=\"region\" aria-labelledby=\"e-n-accordion-item-2041\" class=\"elementor-element elementor-element-5c3214a e-con-full e-flex e-con e-child\" data-id=\"5c3214a\" data-element_type=\"container\" data-e-type=\"container\">\n\t\t\t\t<div class=\"elementor-element elementor-element-8b901ee elementor-widget elementor-widget-text-editor\" data-id=\"8b901ee\" data-element_type=\"widget\" data-e-type=\"widget\" data-widget_type=\"text-editor.default\">\n\t\t\t\t<div class=\"elementor-widget-container\">\n\t\t\t\t\t\t\t\t\t<p>De media, el tratamiento dura entre 12 y 24 meses. El tiempo exacto depende del caso particular de tu hijo\/a adolescente y de lo bien que siga su plan de tratamiento, como usar los alineadores seg\u00fan las indicaciones y mantener unos excelentes h\u00e1bitos de cepillado y uso de hilo dental. <\/p>\t\t\t\t\t\t\t\t<\/div>\n\t\t\t\t<\/div>\n\t\t\t\t<\/div>\n\t\t\t\t\t<\/details>\n\t\t\t\t\t\t<details id=\"e-n-accordion-item-2042\" class=\"e-n-accordion-item\" >\n\t\t\t\t<summary class=\"e-n-accordion-item-title\" data-accordion-index=\"3\" tabindex=\"-1\" aria-expanded=\"false\" aria-controls=\"e-n-accordion-item-2042\" >\n\t\t\t\t\t<span class='e-n-accordion-item-title-header'><div class=\"e-n-accordion-item-title-text\"> \u00bfAfectar\u00e1n los brackets o los alineadores a las actividades deportivas o musicales? <\/div><\/span>\n\t\t\t\t\t\t\t<span class='e-n-accordion-item-title-icon'>\n\t\t\t<span class='e-opened' ><i aria-hidden=\"true\" class=\"fas fa-minus\"><\/i><\/span>\n\t\t\t<span class='e-closed'><i aria-hidden=\"true\" class=\"fas fa-plus\"><\/i><\/span>\n\t\t<\/span>\n\n\t\t\t\t\t\t<\/summary>\n\t\t\t\t<div data-particle_enable=\"false\" data-particle-mobile-disabled=\"false\" role=\"region\" aria-labelledby=\"e-n-accordion-item-2042\" class=\"elementor-element elementor-element-1a55d3e e-con-full e-flex e-con e-child\" data-id=\"1a55d3e\" data-element_type=\"container\" data-e-type=\"container\">\n\t\t\t\t<div class=\"elementor-element elementor-element-bb78f1d elementor-widget elementor-widget-text-editor\" data-id=\"bb78f1d\" data-element_type=\"widget\" data-e-type=\"widget\" data-widget_type=\"text-editor.default\">\n\t\t\t\t<div class=\"elementor-widget-container\">\n\t\t\t\t\t\t\t\t\t<p>En absoluto. Los adolescentes pueden seguir practicando deportes y m\u00fasica sin interrupci\u00f3n. Un protector bucal personalizado protege los dientes durante los deportes de contacto, y los m\u00fasicos suelen adaptarse r\u00e1pidamente a los brackets. Los alineadores transparentes tambi\u00e9n se pueden quitar durante las sesiones cortas de pr\u00e1ctica si es necesario.   <\/p>\t\t\t\t\t\t\t\t<\/div>\n\t\t\t\t<\/div>\n\t\t\t\t<\/div>\n\t\t\t\t\t<\/details>\n\t\t\t\t\t\t<details id=\"e-n-accordion-item-2043\" class=\"e-n-accordion-item\" >\n\t\t\t\t<summary class=\"e-n-accordion-item-title\" data-accordion-index=\"4\" tabindex=\"-1\" aria-expanded=\"false\" aria-controls=\"e-n-accordion-item-2043\" >\n\t\t\t\t\t<span class='e-n-accordion-item-title-header'><div class=\"e-n-accordion-item-title-text\"> \u00bfQu\u00e9 pueden hacer los padres para ayudar a sus hijos\/as adolescentes a tener \u00e9xito con el tratamiento? <\/div><\/span>\n\t\t\t\t\t\t\t<span class='e-n-accordion-item-title-icon'>\n\t\t\t<span class='e-opened' ><i aria-hidden=\"true\" class=\"fas fa-minus\"><\/i><\/span>\n\t\t\t<span class='e-closed'><i aria-hidden=\"true\" class=\"fas fa-plus\"><\/i><\/span>\n\t\t<\/span>\n\n\t\t\t\t\t\t<\/summary>\n\t\t\t\t<div data-particle_enable=\"false\" data-particle-mobile-disabled=\"false\" role=\"region\" aria-labelledby=\"e-n-accordion-item-2043\" class=\"elementor-element elementor-element-c8b6e1e e-con-full e-flex e-con e-child\" data-id=\"c8b6e1e\" data-element_type=\"container\" data-e-type=\"container\">\n\t\t\t\t<div class=\"elementor-element elementor-element-490aeab elementor-widget elementor-widget-text-editor\" data-id=\"490aeab\" data-element_type=\"widget\" data-e-type=\"widget\" data-widget_type=\"text-editor.default\">\n\t\t\t\t<div class=\"elementor-widget-container\">\n\t\t\t\t\t\t\t\t\t<p>\u00a1Apoya la constancia! Fomenta una buena higiene diaria, ay\u00fadales a evitar los alimentos pegajosos o duros y recu\u00e9rdales que deben usar los alineadores o el\u00e1sticos seg\u00fan las indicaciones. Mantenerse al d\u00eda con las revisiones y el apoyo positivo contribuyen en gran medida a que el tratamiento sea fluido y eficaz.  <\/p>\t\t\t\t\t\t\t\t<\/div>\n\t\t\t\t<\/div>\n\t\t\t\t<\/div>\n\t\t\t\t\t<\/details>\n\t\t\t\t\t\t<details id=\"e-n-accordion-item-2044\" class=\"e-n-accordion-item\" >\n\t\t\t\t<summary class=\"e-n-accordion-item-title\" data-accordion-index=\"5\" tabindex=\"-1\" aria-expanded=\"false\" aria-controls=\"e-n-accordion-item-2044\" >\n\t\t\t\t\t<span class='e-n-accordion-item-title-header'><div class=\"e-n-accordion-item-title-text\"> \u00bfQu\u00e9 debemos hacer si se rompe un bracket o se pierde un alineador? <\/div><\/span>\n\t\t\t\t\t\t\t<span class='e-n-accordion-item-title-icon'>\n\t\t\t<span class='e-opened' ><i aria-hidden=\"true\" class=\"fas fa-minus\"><\/i><\/span>\n\t\t\t<span class='e-closed'><i aria-hidden=\"true\" class=\"fas fa-plus\"><\/i><\/span>\n\t\t<\/span>\n\n\t\t\t\t\t\t<\/summary>\n\t\t\t\t<div data-particle_enable=\"false\" data-particle-mobile-disabled=\"false\" role=\"region\" aria-labelledby=\"e-n-accordion-item-2044\" class=\"elementor-element elementor-element-2d140f7 e-con-full e-flex e-con e-child\" data-id=\"2d140f7\" data-element_type=\"container\" data-e-type=\"container\">\n\t\t\t\t<div class=\"elementor-element elementor-element-48e0835 elementor-widget elementor-widget-text-editor\" data-id=\"48e0835\" data-element_type=\"widget\" data-e-type=\"widget\" data-widget_type=\"text-editor.default\">\n\t\t\t\t<div class=\"elementor-widget-container\">\n\t\t\t\t\t\t\t\t\t<p>Llama a nuestra consulta lo antes posible. Haremos los arreglos necesarios para repararlo o sustituirlo r\u00e1pidamente. Solucionar los peque\u00f1os problemas con prontitud ayuda a evitar retrasos en el tratamiento y mantiene el progreso de la sonrisa de tu hijo\/a adolescente en el buen camino.  <\/p>\t\t\t\t\t\t\t\t<\/div>\n\t\t\t\t<\/div>\n\t\t\t\t<\/div>\n\t\t\t\t\t<\/details>\n\t\t\t\t\t<\/div>\n\t\t\t\t\t\t<\/div>\n\t\t\t\t<\/div>\n\t\t\t\t\t<\/div>\n\t\t<\/div>\n\t\t\t\t\t<\/div>\n\t\t<\/section>\n\t\t\t\t<\/div>\n\t\t","protected":false},"excerpt":{"rendered":"<p>Tratamiento de ortodoncia para adolescentes La adolescencia es el momento m\u00e1s com\u00fan para comenzar el tratamiento de ortodoncia. Entre las edades de 11 y 15, la mayor\u00eda de los dientes permanentes han erupcionado, lo que la convierte en la etapa ideal para corregir problemas como dientes torcidos, api\u00f1amiento, espacios o problemas de mordida. Dado que estos problemas rara [&hellip;]<\/p>\n","protected":false},"author":3,"featured_media":0,"parent":0,"menu_order":24,"comment_status":"closed","ping_status":"closed","template":"","meta":{"_seopress_robots_primary_cat":"","_seopress_titles_title":"Tratamiento de ortodoncia para adolescentes en Holly Springs, Carolina del Norte | Gather Orthodontics","_seopress_titles_desc":"El Dr. Terrence Campbell ofrece tratamiento de ortodoncia para adolescentes con brackets e Invisalign, proporcionando un enderezamiento dental eficaz para adolescentes y sonrisas saludables.","_seopress_robots_index":"","footnotes":""},"class_list":["post-7175","page","type-page","status-publish"],"_links":{"self":[{"href":"https:\/\/gatherorthodontics.com\/es\/wp-json\/wp\/v2\/pages\/7175","targetHints":{"allow":["GET"]}}],"collection":[{"href":"https:\/\/gatherorthodontics.com\/es\/wp-json\/wp\/v2\/pages"}],"about":[{"href":"https:\/\/gatherorthodontics.com\/es\/wp-json\/wp\/v2\/types\/page"}],"author":[{"embeddable":true,"href":"https:\/\/gatherorthodontics.com\/es\/wp-json\/wp\/v2\/users\/3"}],"replies":[{"embeddable":true,"href":"https:\/\/gatherorthodontics.com\/es\/wp-json\/wp\/v2\/comments?post=7175"}],"version-history":[{"count":9,"href":"https:\/\/gatherorthodontics.com\/es\/wp-json\/wp\/v2\/pages\/7175\/revisions"}],"predecessor-version":[{"id":7439,"href":"https:\/\/gatherorthodontics.com\/es\/wp-json\/wp\/v2\/pages\/7175\/revisions\/7439"}],"wp:attachment":[{"href":"https:\/\/gatherorthodontics.com\/es\/wp-json\/wp\/v2\/media?parent=7175"}],"curies":[{"name":"wp","href":"https:\/\/api.w.org\/{rel}","templated":true}]}}