{"id":7178,"date":"2022-07-19T14:34:29","date_gmt":"2022-07-19T14:34:29","guid":{"rendered":"https:\/\/gatherorthodontics.com\/brackets-lightforce\/"},"modified":"2025-10-25T21:23:58","modified_gmt":"2025-10-25T21:23:58","slug":"brackets-lightforce","status":"publish","type":"page","link":"https:\/\/gatherorthodontics.com\/es\/brackets-lightforce\/","title":{"rendered":"Brackets LightForce"},"content":{"rendered":"\t\t<div data-elementor-type=\"wp-page\" data-elementor-id=\"7178\" class=\"elementor elementor-7178 elementor-5020\" data-elementor-post-type=\"page\">\n\t\t\t\t<div data-particle_enable=\"false\" data-particle-mobile-disabled=\"false\" class=\"elementor-element elementor-element-7a60725 e-flex e-con-boxed e-con e-parent\" data-id=\"7a60725\" data-element_type=\"container\" data-e-type=\"container\">\n\t\t\t\t\t<div class=\"e-con-inner\">\n\t\t\t\t<div class=\"elementor-element elementor-element-46aa74b elementor-widget__width-inherit elementor-widget elementor-widget-heading\" data-id=\"46aa74b\" data-element_type=\"widget\" data-e-type=\"widget\" data-widget_type=\"heading.default\">\n\t\t\t\t<div class=\"elementor-widget-container\">\n\t\t\t\t\t<h1 class=\"elementor-heading-title elementor-size-default\">LightForce Braces | KLOwen Braces <br>para un tratamiento personalizado<\/h1>\t\t\t\t<\/div>\n\t\t\t\t<\/div>\n\t\t\t\t\t<\/div>\n\t\t\t\t<\/div>\n\t\t\t\t<section data-particle_enable=\"false\" data-particle-mobile-disabled=\"false\" class=\"elementor-section elementor-top-section elementor-element elementor-element-51624a9 elementor-section-boxed elementor-section-height-default elementor-section-height-default\" data-id=\"51624a9\" data-element_type=\"section\" data-e-type=\"section\">\n\t\t\t\t\t\t<div class=\"elementor-container elementor-column-gap-default\">\n\t\t\t\t\t<div class=\"elementor-column elementor-col-100 elementor-top-column elementor-element elementor-element-e485a9b\" data-id=\"e485a9b\" data-element_type=\"column\" data-e-type=\"column\">\n\t\t\t<div class=\"elementor-widget-wrap elementor-element-populated\">\n\t\t\t\t\t\t<div class=\"elementor-element elementor-element-483eb1f elementor-widget elementor-widget-text-editor\" data-id=\"483eb1f\" data-element_type=\"widget\" data-e-type=\"widget\" data-widget_type=\"text-editor.default\">\n\t\t\t\t<div class=\"elementor-widget-container\">\n\t\t\t\t\t\t\t\t\t<p data-start=\"276\" data-end=\"526\">En Gather Orthodontics, adoptamos la \u00faltima tecnolog\u00eda para crear sonrisas que son verdaderamente \u00fanicas. Los dientes de cada paciente son \u00fanicos, y LightForce Braces y KLOwen Braces nos permiten ofrecer una experiencia de ortodoncia personalizada, precisa y c\u00f3moda con brackets de color dental (Lightforce) y brackets met\u00e1licos (KLOwen). <\/p><h2 data-start=\"528\" data-end=\"558\">\u00bfQu\u00e9 son los brackets LightForce y KLOwen?<\/h2><p data-start=\"560\" data-end=\"865\">LightForce Orthodontics y KLOwen son los primeros sistemas totalmente digitales para brackets, que utilizan la impresi\u00f3n 3D para dise\u00f1ar y crear brackets a medida para cada paciente. Con esta tecnolog\u00eda, sus brackets se fabrican para que coincidan con la forma y la alineaci\u00f3n exactas de sus dientes, lo que mejora tanto la comodidad como la eficiencia del tratamiento. <\/p><ul data-start=\"892\" data-end=\"1170\"><li data-start=\"892\" data-end=\"973\"><p data-start=\"894\" data-end=\"973\"><strong data-start=\"894\" data-end=\"924\">Brackets personalizados impresos en 3D<\/strong>: Se adaptan perfectamente a sus dientes para un movimiento preciso<\/p><\/li><li data-start=\"974\" data-end=\"1062\"><p data-start=\"976\" data-end=\"1062\"><strong data-start=\"976\" data-end=\"1001\">Plantillas de adhesi\u00f3n indirecta<\/strong>: Garantizan una colocaci\u00f3n precisa de los brackets para obtener resultados \u00f3ptimos<\/p><\/li><li data-start=\"1063\" data-end=\"1170\"><p data-start=\"1065\" data-end=\"1170\"><strong data-start=\"1065\" data-end=\"1093\">Planes de tratamiento a medida<\/strong>: Cada bracket est\u00e1 dise\u00f1ado de acuerdo con sus objetivos de ortodoncia personalizados<\/p><\/li><\/ul>\t\t\t\t\t\t\t\t<\/div>\n\t\t\t\t<\/div>\n\t\t\t\t\t<\/div>\n\t\t<\/div>\n\t\t\t\t\t<\/div>\n\t\t<\/section>\n\t\t\t\t<section data-particle_enable=\"false\" data-particle-mobile-disabled=\"false\" class=\"elementor-section elementor-top-section elementor-element elementor-element-4f14174 elementor-section-boxed elementor-section-height-default elementor-section-height-default\" data-id=\"4f14174\" data-element_type=\"section\" data-e-type=\"section\">\n\t\t\t\t\t\t<div class=\"elementor-container elementor-column-gap-default\">\n\t\t\t\t\t<div class=\"elementor-column elementor-col-100 elementor-top-column elementor-element elementor-element-fa98242\" data-id=\"fa98242\" data-element_type=\"column\" data-e-type=\"column\">\n\t\t\t<div class=\"elementor-widget-wrap elementor-element-populated\">\n\t\t\t\t\t\t<div class=\"elementor-element elementor-element-bdc81c1 elementor-widget elementor-widget-video\" data-id=\"bdc81c1\" data-element_type=\"widget\" data-e-type=\"widget\" data-settings=\"{&quot;youtube_url&quot;:&quot;https:\\\/\\\/youtu.be\\\/E3TIZMOnXWk&quot;,&quot;show_image_overlay&quot;:&quot;yes&quot;,&quot;image_overlay&quot;:{&quot;url&quot;:&quot;https:\\\/\\\/gatherorthodontics.com\\\/wp-content\\\/uploads\\\/2023\\\/03\\\/video-cover-lightforce.png&quot;,&quot;id&quot;:3761,&quot;size&quot;:&quot;&quot;,&quot;alt&quot;:&quot;&quot;,&quot;source&quot;:&quot;library&quot;},&quot;autoplay&quot;:&quot;yes&quot;,&quot;play_on_mobile&quot;:&quot;yes&quot;,&quot;lightbox&quot;:&quot;yes&quot;,&quot;video_type&quot;:&quot;youtube&quot;,&quot;controls&quot;:&quot;yes&quot;}\" data-widget_type=\"video.default\">\n\t\t\t\t<div class=\"elementor-widget-container\">\n\t\t\t\t\t\t\t<div class=\"elementor-wrapper elementor-open-lightbox\">\n\t\t\t\t\t\t\t<div class=\"elementor-custom-embed-image-overlay\" data-elementor-open-lightbox=\"yes\" data-elementor-lightbox=\"{&quot;type&quot;:&quot;video&quot;,&quot;videoType&quot;:&quot;youtube&quot;,&quot;url&quot;:&quot;https:\\\/\\\/www.youtube.com\\\/embed\\\/E3TIZMOnXWk?feature=oembed&amp;start&amp;end&amp;wmode=opaque&amp;loop=0&amp;controls=1&amp;mute=0&amp;rel=0&amp;cc_load_policy=0&quot;,&quot;autoplay&quot;:&quot;yes&quot;,&quot;modalOptions&quot;:{&quot;id&quot;:&quot;elementor-lightbox-bdc81c1&quot;,&quot;entranceAnimation&quot;:&quot;&quot;,&quot;entranceAnimation_tablet&quot;:&quot;&quot;,&quot;entranceAnimation_mobile&quot;:&quot;&quot;,&quot;videoAspectRatio&quot;:&quot;169&quot;}}\" data-e-action-hash=\"#elementor-action%3Aaction%3Dlightbox%26settings%3DeyJ0eXBlIjoidmlkZW8iLCJ2aWRlb1R5cGUiOiJ5b3V0dWJlIiwidXJsIjoiaHR0cHM6XC9cL3d3dy55b3V0dWJlLmNvbVwvZW1iZWRcL0UzVElaTU9uWFdrP2ZlYXR1cmU9b2VtYmVkJnN0YXJ0JmVuZCZ3bW9kZT1vcGFxdWUmbG9vcD0wJmNvbnRyb2xzPTEmbXV0ZT0wJnJlbD0wJmNjX2xvYWRfcG9saWN5PTAiLCJhdXRvcGxheSI6InllcyIsIm1vZGFsT3B0aW9ucyI6eyJpZCI6ImVsZW1lbnRvci1saWdodGJveC1iZGM4MWMxIiwiZW50cmFuY2VBbmltYXRpb24iOiIiLCJlbnRyYW5jZUFuaW1hdGlvbl90YWJsZXQiOiIiLCJlbnRyYW5jZUFuaW1hdGlvbl9tb2JpbGUiOiIiLCJ2aWRlb0FzcGVjdFJhdGlvIjoiMTY5In19\">\n\t\t\t\t\t\t\t\t\t\t\t<img decoding=\"async\" src=\"https:\/\/gatherorthodontics.com\/wp-content\/uploads\/2023\/03\/video-cover-lightforce.png\" title=\"\" alt=\"\" loading=\"lazy\" \/>\t\t\t\t\t\t\t\t\t\t\t\t\t\t\t\t<div class=\"elementor-custom-embed-play\" role=\"button\" aria-label=\"Reproducir v\u00eddeo\" tabindex=\"0\">\n\t\t\t\t\t\t\t<i aria-hidden=\"true\" class=\"eicon-play\"><\/i>\t\t\t\t\t\t<\/div>\n\t\t\t\t\t\t\t\t\t<\/div>\n\t\t\t\t\t<\/div>\n\t\t\t\t\t\t<\/div>\n\t\t\t\t<\/div>\n\t\t\t\t\t<\/div>\n\t\t<\/div>\n\t\t\t\t\t<\/div>\n\t\t<\/section>\n\t\t\t\t<section data-particle_enable=\"false\" data-particle-mobile-disabled=\"false\" class=\"elementor-section elementor-top-section elementor-element elementor-element-27d119d elementor-section-boxed elementor-section-height-default elementor-section-height-default\" data-id=\"27d119d\" data-element_type=\"section\" data-e-type=\"section\">\n\t\t\t\t\t\t<div class=\"elementor-container elementor-column-gap-default\">\n\t\t\t\t\t<div class=\"elementor-column elementor-col-100 elementor-top-column elementor-element elementor-element-975fbd8\" data-id=\"975fbd8\" data-element_type=\"column\" data-e-type=\"column\">\n\t\t\t<div class=\"elementor-widget-wrap elementor-element-populated\">\n\t\t\t\t\t\t<div class=\"elementor-element elementor-element-c66faae elementor-widget elementor-widget-text-editor\" data-id=\"c66faae\" data-element_type=\"widget\" data-e-type=\"widget\" data-widget_type=\"text-editor.default\">\n\t\t\t\t<div class=\"elementor-widget-container\">\n\t\t\t\t\t\t\t\t\t<h2 data-start=\"1172\" data-end=\"1209\">Tratamiento de ortodoncia m\u00e1s r\u00e1pido y c\u00f3modo<\/h2><p data-start=\"1211\" data-end=\"1302\">Los brackets LightForce y KLOwen pueden hacer que el tratamiento sea m\u00e1s r\u00e1pido y c\u00f3modo que los <a href=\"https:\/\/gatherorthodontics.com\/es\/tipos-de-brackets\/\">brackets tradicionales<\/a>.<\/p><ul data-start=\"1304\" data-end=\"1640\"><li data-start=\"1304\" data-end=\"1374\"><p data-start=\"1306\" data-end=\"1374\"><strong data-start=\"1306\" data-end=\"1336\">Tratamiento hasta un 45% m\u00e1s r\u00e1pido<\/strong> gracias a la colocaci\u00f3n precisa de los brackets<\/p><\/li><li data-start=\"1375\" data-end=\"1442\"><p data-start=\"1377\" data-end=\"1442\"><strong data-start=\"1377\" data-end=\"1401\">La capa de cemento uniforme<\/strong> reduce los errores y mejora la eficiencia<\/p><\/li><li data-start=\"1443\" data-end=\"1532\"><p data-start=\"1445\" data-end=\"1532\"><strong data-start=\"1445\" data-end=\"1464\">Comodidad para el paciente<\/strong>: La base del bracket personalizado minimiza la irritaci\u00f3n de las enc\u00edas y los tejidos blandos<\/p><\/li><li data-start=\"1533\" data-end=\"1640\"><p data-start=\"1535\" data-end=\"1640\"><strong data-start=\"1535\" data-end=\"1574\">Materiales dise\u00f1ados para la durabilidad<\/strong>: Brackets fuertes que resisten la rotura manteniendo la comodidad<\/p><\/li><\/ul><h2 data-start=\"1642\" data-end=\"1664\">Software LightForce | KLOwen<\/h2><p data-start=\"1666\" data-end=\"1817\">LightForce y KLOwen tambi\u00e9n incluyen una plataforma digital intuitiva que permite al <a href=\"https:\/\/gatherorthodontics.com\/es\/conozca-al-dr-campbell\/\">Dr. Terrence Campbell<\/a> planificar el tratamiento con una precisi\u00f3n incre\u00edble. Las caracter\u00edsticas incluyen: <\/p><ul data-start=\"1819\" data-end=\"2048\"><li data-start=\"1819\" data-end=\"1874\"><p data-start=\"1821\" data-end=\"1874\">Ajustes 3D en tiempo real para optimizar el movimiento de los dientes<\/p><\/li><li data-start=\"1875\" data-end=\"1955\"><p data-start=\"1877\" data-end=\"1955\">Entrega r\u00e1pida de aparatos personalizados, a menudo en menos de dos semanas<\/p><\/li><li data-start=\"1956\" data-end=\"2048\"><p data-start=\"1958\" data-end=\"2048\">Opci\u00f3n de brackets transparentes o blancos, lo que hace que sus aparatos de ortodoncia sean menos perceptibles<\/p><\/li><\/ul><h2 data-start=\"2050\" data-end=\"2082\">\u00bfPor qu\u00e9 elegir LightForce Braces | KLOwen Braces?<\/h2><ul data-start=\"2084\" data-end=\"2330\"><li data-start=\"2084\" data-end=\"2153\"><p data-start=\"2086\" data-end=\"2153\">Tratamiento altamente personalizado adaptado a sus dientes y mordida<\/p><\/li><li data-start=\"2154\" data-end=\"2214\"><p data-start=\"2156\" data-end=\"2214\">Tiempos de tratamiento m\u00e1s cortos sin comprometer los resultados<\/p><\/li><li data-start=\"2215\" data-end=\"2273\"><p data-start=\"2217\" data-end=\"2273\">Reducci\u00f3n de las molestias y la irritaci\u00f3n durante el tratamiento<\/p><\/li><li data-start=\"2274\" data-end=\"2330\"><p data-start=\"2276\" data-end=\"2330\">Apariencia discreta con brackets transparentes o blancos<\/p><\/li><\/ul><p data-start=\"2332\" data-end=\"2519\">Los brackets LightForce y KLOwen est\u00e1n cambiando la forma en que funciona la ortodoncia. \u00bfListo para ver c\u00f3mo pueden transformar su sonrisa? P\u00f3ngase en contacto con nosotros hoy mismo para <a href=\"https:\/\/gatherorthodontics.com\/es\/solicitar-una-cita\/\">programar su consulta<\/a>.  <\/p>\t\t\t\t\t\t\t\t<\/div>\n\t\t\t\t<\/div>\n\t\t\t\t\t<\/div>\n\t\t<\/div>\n\t\t\t\t\t<\/div>\n\t\t<\/section>\n\t\t\t\t<\/div>\n\t\t","protected":false},"excerpt":{"rendered":"<p>LightForce Braces | KLOwen Braces para un tratamiento personalizado En Gather Orthodontics, adoptamos la \u00faltima tecnolog\u00eda para crear sonrisas que son verdaderamente \u00fanicas. Los dientes de cada paciente son \u00fanicos, y LightForce Braces y KLOwen Braces nos permiten ofrecer una experiencia de ortodoncia personalizada, precisa y c\u00f3moda con brackets de color dental (Lightforce) y brackets met\u00e1licos (KLOwen). \u00bfQu\u00e9 [&hellip;]<\/p>\n","protected":false},"author":3,"featured_media":0,"parent":0,"menu_order":33,"comment_status":"closed","ping_status":"closed","template":"","meta":{"_seopress_robots_primary_cat":"","_seopress_titles_title":"LightForce Braces Holly Springs NC | Gather Orthodontics","_seopress_titles_desc":"Los brackets LightForce utilizan brackets personalizados impresos en 3D para un tratamiento de ortodoncia m\u00e1s r\u00e1pido, preciso y c\u00f3modo con una apariencia discreta.","_seopress_robots_index":"","footnotes":""},"class_list":["post-7178","page","type-page","status-publish"],"_links":{"self":[{"href":"https:\/\/gatherorthodontics.com\/es\/wp-json\/wp\/v2\/pages\/7178","targetHints":{"allow":["GET"]}}],"collection":[{"href":"https:\/\/gatherorthodontics.com\/es\/wp-json\/wp\/v2\/pages"}],"about":[{"href":"https:\/\/gatherorthodontics.com\/es\/wp-json\/wp\/v2\/types\/page"}],"author":[{"embeddable":true,"href":"https:\/\/gatherorthodontics.com\/es\/wp-json\/wp\/v2\/users\/3"}],"replies":[{"embeddable":true,"href":"https:\/\/gatherorthodontics.com\/es\/wp-json\/wp\/v2\/comments?post=7178"}],"version-history":[{"count":1,"href":"https:\/\/gatherorthodontics.com\/es\/wp-json\/wp\/v2\/pages\/7178\/revisions"}],"predecessor-version":[{"id":7181,"href":"https:\/\/gatherorthodontics.com\/es\/wp-json\/wp\/v2\/pages\/7178\/revisions\/7181"}],"wp:attachment":[{"href":"https:\/\/gatherorthodontics.com\/es\/wp-json\/wp\/v2\/media?parent=7178"}],"curies":[{"name":"wp","href":"https:\/\/api.w.org\/{rel}","templated":true}]}}