{"id":7210,"date":"2017-02-06T01:31:29","date_gmt":"2017-02-06T01:31:29","guid":{"rendered":"https:\/\/gatherorthodontics.com\/preguntas-frecuentes\/"},"modified":"2025-10-25T21:25:19","modified_gmt":"2025-10-25T21:25:19","slug":"preguntas-frecuentes","status":"publish","type":"page","link":"https:\/\/gatherorthodontics.com\/es\/preguntas-frecuentes\/","title":{"rendered":"Preguntas frecuentes"},"content":{"rendered":"\t\t<div data-elementor-type=\"wp-page\" data-elementor-id=\"7210\" class=\"elementor elementor-7210 elementor-3073\" data-elementor-post-type=\"page\">\n\t\t\t\t<div data-particle_enable=\"false\" data-particle-mobile-disabled=\"false\" class=\"elementor-element elementor-element-f23d12b e-flex e-con-boxed e-con e-parent\" data-id=\"f23d12b\" data-element_type=\"container\" data-e-type=\"container\">\n\t\t\t\t\t<div class=\"e-con-inner\">\n\t\t\t\t<div class=\"elementor-element elementor-element-219ec33 elementor-widget__width-inherit elementor-widget elementor-widget-heading\" data-id=\"219ec33\" data-element_type=\"widget\" data-e-type=\"widget\" data-widget_type=\"heading.default\">\n\t\t\t\t<div class=\"elementor-widget-container\">\n\t\t\t\t\t<h1 class=\"elementor-heading-title elementor-size-default\">Preguntas frecuentes sobre ortodoncia<\/h1>\t\t\t\t<\/div>\n\t\t\t\t<\/div>\n\t\t\t\t\t<\/div>\n\t\t\t\t<\/div>\n\t\t<div data-particle_enable=\"false\" data-particle-mobile-disabled=\"false\" class=\"elementor-element elementor-element-19bb46a1 e-flex e-con-boxed e-con e-parent\" data-id=\"19bb46a1\" data-element_type=\"container\" data-e-type=\"container\">\n\t\t\t\t\t<div class=\"e-con-inner\">\n\t\t\t\t<div class=\"elementor-element elementor-element-6295ee83 elementor-widget elementor-widget-text-editor\" data-id=\"6295ee83\" data-element_type=\"widget\" data-e-type=\"widget\" data-widget_type=\"text-editor.default\">\n\t\t\t\t<div class=\"elementor-widget-container\">\n\t\t\t\t\t\t\t\t\t<h2 data-start=\"215\" data-end=\"233\">Primera visita<\/h2><h3 data-start=\"235\" data-end=\"507\">\u00bfTiene alg\u00fan coste la primera visita?<\/h3><p data-start=\"235\" data-end=\"507\">No. Su primera cita es siempre gratuita. Le ofrecemos una evaluaci\u00f3n ortod\u00f3ncica gratuita como cortes\u00eda para usted y su dentista general.   <\/p><h3 data-start=\"509\" data-end=\"723\">\u00bfA qu\u00e9 edad empiezan a ver a los pacientes para las evaluaciones de ortodoncia?<\/h3><p data-start=\"509\" data-end=\"723\"><strong>\u00a17 a\u00f1os!<\/strong> Seguimos las directrices de la Asociaci\u00f3n Americana de Ortodoncistas y recomendamos que la primera revisi\u00f3n ortod\u00f3ncica de un ni\u00f1o se realice alrededor de los 7 a\u00f1os.<\/p><h3 data-start=\"725\" data-end=\"1060\">\u00bfPor qu\u00e9 ven a pacientes j\u00f3venes para las primeras evaluaciones de brackets para ni\u00f1os?<\/h3><p data-start=\"725\" data-end=\"1060\"><a href=\"https:\/\/gatherorthodontics.com\/early-orthodontic-treatment\/\">El tratamiento ortod\u00f3ncico temprano<\/a> nos da la oportunidad de controlar el crecimiento, guiar el desarrollo esquel\u00e9tico y dental, y detectar posibles problemas antes de que se vuelvan complejos. Es posible que no se necesite tratamiento de inmediato, pero la observaci\u00f3n regular nos ayuda a encontrar el mejor momento para comenzar la atenci\u00f3n si es necesario. <\/p><h3 data-start=\"1062\" data-end=\"1385\">\u00bfCu\u00e1nto dura la primera cita y se incluye una consulta con el ortodoncista?<\/h3><p data-start=\"1062\" data-end=\"1385\">La mayor\u00eda de las <a href=\"https:\/\/gatherorthodontics.com\/first-orthodontic-visit\/\">primeras visitas<\/a> duran de 30 a 60 minutos. Durante este tiempo, tomamos fotos o radiograf\u00edas, completamos un examen b\u00e1sico y revisamos sus resultados con el Dr. Terrence Campbell. Tambi\u00e9n tendr\u00e1 tiempo para hablar sobre las posibles opciones de tratamiento de ortodoncia.  <\/p><h3 data-start=\"1694\" data-end=\"1877\">\u00bfTambi\u00e9n tratan a pacientes adultos con brackets?<\/h3><p data-start=\"1694\" data-end=\"1877\">Por supuesto. Muchos <a href=\"https:\/\/gatherorthodontics.com\/es\/ortodoncia-para-adultos\/\">adultos<\/a> est\u00e1n eligiendo la atenci\u00f3n ortod\u00f3ncica gracias a los tratamientos modernos y discretos, como los brackets de cer\u00e1mica y los alineadores transparentes. <\/p><h3 data-start=\"1879\" data-end=\"2178\">\u00bfDebo consultar a un ortodoncista o a un dentista para la alineaci\u00f3n de los dientes?<\/h3><p data-start=\"1879\" data-end=\"2178\">Los ortodoncistas reciben una formaci\u00f3n avanzada centrada en el enderezamiento de los dientes y la correcci\u00f3n de la mand\u00edbula. Si est\u00e1 considerando la posibilidad de utilizar <a href=\"https:\/\/gatherorthodontics.com\/es\/tipos-de-brackets\/\">brackets met\u00e1licos<\/a>, <a href=\"https:\/\/gatherorthodontics.com\/es\/tipos-de-brackets\/\">brackets de cer\u00e1mica<\/a> o <a href=\"https:\/\/gatherorthodontics.com\/es\/invisalign\/\">alineadores transparentes Invisalign<\/a>, un ortodoncista es el proveedor m\u00e1s cualificado para supervisar su atenci\u00f3n. <\/p><h3 data-start=\"2180\" data-end=\"2462\">\u00bfPuedo programar todas mis citas despu\u00e9s de la escuela o al final de la tarde?<\/h3><p data-start=\"2180\" data-end=\"2462\">Hacemos que su experiencia de programaci\u00f3n sea conveniente. En Gather Orthodontics personalizamos su experiencia de programaci\u00f3n para ayudarle a adaptarse a su horario. H\u00e1ganos saber sus preferencias y trabajaremos con usted para encontrar el mejor momento para su cita.  <\/p><h3 data-start=\"2464\" data-end=\"2706\">\u00bfAtienden urgencias ortod\u00f3ncicas?<\/h3><p data-start=\"2464\" data-end=\"2706\">S\u00ed. Si tiene una <g id=\"gid_0\">urgencia ortod\u00f3ncica<\/g>, ll\u00e1menos de inmediato. Tambi\u00e9n proporcionamos instrucciones paso a paso en nuestro <a href=\"https:\/\/gatherorthodontics.com\/orthodontic-emergency\/\">sitio web<\/a> y en el buz\u00f3n de voz para ayudarle a gestionar la situaci\u00f3n hasta que pueda ser atendido.  <\/p>\t\t\t\t\t\t\t\t<\/div>\n\t\t\t\t<\/div>\n\t\t\t\t<div class=\"elementor-element elementor-element-ffaf56f elementor-widget-divider--view-line elementor-widget elementor-widget-divider\" data-id=\"ffaf56f\" data-element_type=\"widget\" data-e-type=\"widget\" data-widget_type=\"divider.default\">\n\t\t\t\t<div class=\"elementor-widget-container\">\n\t\t\t\t\t\t\t<div class=\"elementor-divider\">\n\t\t\t<span class=\"elementor-divider-separator\">\n\t\t\t\t\t\t<\/span>\n\t\t<\/div>\n\t\t\t\t\t\t<\/div>\n\t\t\t\t<\/div>\n\t\t\t\t<div class=\"elementor-element elementor-element-2356e1c elementor-widget elementor-widget-text-editor\" data-id=\"2356e1c\" data-element_type=\"widget\" data-e-type=\"widget\" data-widget_type=\"text-editor.default\">\n\t\t\t\t<div class=\"elementor-widget-container\">\n\t\t\t\t\t\t\t\t\t<h2 data-start=\"2713\" data-end=\"2739\">Finanzas y seguros<\/h2><h3 data-start=\"2741\" data-end=\"2932\">\u00bfOfrecen pagos mensuales para el tratamiento con brackets o alineadores transparentes?<\/h3><p data-start=\"2741\" data-end=\"2932\">S\u00ed. Ofrecemos <a href=\"https:\/\/gatherorthodontics.com\/orthodontic-financing\/\">planes mensuales personalizados<\/a>, tanto si tiene seguro de ortodoncia como si no. <\/p><h3 data-start=\"2934\" data-end=\"3250\">\u00bfC\u00f3mo trabajan con el seguro al calcular el coste de los alineadores transparentes o el coste de los brackets?<\/h3><p>Queremos que su experiencia ortod\u00f3ncica sea lo m\u00e1s f\u00e1cil y libre de estr\u00e9s posible. Nuestra consulta acepta la cesi\u00f3n de beneficios para la mayor\u00eda de los planes de seguro, lo que ayuda a reducir sus gastos de bolsillo. Si su plan no permite la cesi\u00f3n directa, \u00a1no se preocupe! Seguiremos encarg\u00e1ndonos del papeleo por usted para que pueda maximizar sus beneficios. Si su seguro cambia en alg\u00fan momento durante el tratamiento, h\u00e1ganoslo saber. Actualizaremos su plan financiero y nos aseguraremos de que todo siga siendo preciso y f\u00e1cil de gestionar.     <\/p><h3 data-start=\"3252\" data-end=\"3369\">\u00bfAceptan tarjetas de cr\u00e9dito?<\/h3><p data-start=\"3252\" data-end=\"3369\">S\u00ed. Aceptamos la mayor\u00eda de las principales tarjetas de cr\u00e9dito, incluyendo Visa, MasterCard y Discover. <\/p><h3 data-start=\"3371\" data-end=\"3519\">\u00bfPuedo configurar pagos autom\u00e1ticos con d\u00e9bito directo?<\/h3><p data-start=\"3371\" data-end=\"3519\">Definitivamente, facilitamos los pagos con opciones seguras de pago autom\u00e1tico en l\u00ednea y d\u00e9bito directo.<\/p><h3 data-start=\"3521\" data-end=\"3664\">\u00bfSe cobran intereses en los planes de pago de ortodoncia?<\/h3><p data-start=\"3521\" data-end=\"3664\">No. Nuestras opciones de financiaci\u00f3n no tienen intereses para que el tratamiento de ortodoncia sea f\u00e1cil. <\/p><h3 data-start=\"3666\" data-end=\"3808\">\u00bfOfrecen descuentos para ortodoncistas familiares?<\/h3><p data-start=\"3666\" data-end=\"3808\">S\u00ed. Cuando m\u00e1s de un miembro de la familia comienza el tratamiento de ortodoncia, ofrecemos un descuento. <\/p>\t\t\t\t\t\t\t\t<\/div>\n\t\t\t\t<\/div>\n\t\t\t\t<div class=\"elementor-element elementor-element-11d210d elementor-widget-divider--view-line elementor-widget elementor-widget-divider\" data-id=\"11d210d\" data-element_type=\"widget\" data-e-type=\"widget\" data-widget_type=\"divider.default\">\n\t\t\t\t<div class=\"elementor-widget-container\">\n\t\t\t\t\t\t\t<div class=\"elementor-divider\">\n\t\t\t<span class=\"elementor-divider-separator\">\n\t\t\t\t\t\t<\/span>\n\t\t<\/div>\n\t\t\t\t\t\t<\/div>\n\t\t\t\t<\/div>\n\t\t\t\t<div class=\"elementor-element elementor-element-6906c58 elementor-widget elementor-widget-text-editor\" data-id=\"6906c58\" data-element_type=\"widget\" data-e-type=\"widget\" data-widget_type=\"text-editor.default\">\n\t\t\t\t<div class=\"elementor-widget-container\">\n\t\t\t\t\t\t\t\t\t<h2 data-start=\"3815\" data-end=\"3850\">Tipos de tratamiento de ortodoncia<\/h2><h3 data-start=\"3852\" data-end=\"4137\">\u00bfQu\u00e9 es el tratamiento de fase 1 y c\u00f3mo apoya la atenci\u00f3n temprana del ortodoncista pedi\u00e1trico?<\/h3><p data-start=\"3852\" data-end=\"4137\">El tratamiento de fase 1 comienza cuando un ni\u00f1o todav\u00eda tiene dientes de leche y dientes de adulto. Se centra en guiar el crecimiento de la mand\u00edbula y la respiraci\u00f3n de las v\u00edas respiratorias, asegurar el correcto desarrollo y erupci\u00f3n dental, corregir las mordidas cruzadas y reducir el api\u00f1amiento antes de que se desarrollen problemas m\u00e1s graves. <\/p><h3 data-start=\"4139\" data-end=\"4442\">\u00bfQu\u00e9 es el tratamiento de fase 2 y en qu\u00e9 se diferencia de los brackets frente a los alineadores transparentes para adolescentes?<\/h3><p data-start=\"4139\" data-end=\"4442\">El tratamiento de fase 2 comienza una vez que todos los dientes permanentes han erupcionado, y suele durar entre 18 y 24 meses. En esta etapa, se utiliza la alineaci\u00f3n completa con brackets o alineadores transparentes para perfeccionar la mordida y enderezar los dientes. <\/p><h3 data-start=\"4444\" data-end=\"4746\">\u00bfC\u00f3mo s\u00e9 si el tratamiento de dos fases es la opci\u00f3n correcta para enderezar los dientes?<\/h3><p data-start=\"4444\" data-end=\"4746\">Cada caso es \u00fanico. El tratamiento de ortodoncia en dos fases solo se recomienda si va a proporcionar beneficios a largo plazo. Una consulta y los registros de diagn\u00f3stico determinar\u00e1n si este enfoque es la mejor opci\u00f3n.  <\/p>\t\t\t\t\t\t\t\t<\/div>\n\t\t\t\t<\/div>\n\t\t\t\t<div class=\"elementor-element elementor-element-0ef0a4d elementor-widget-divider--view-line elementor-widget elementor-widget-divider\" data-id=\"0ef0a4d\" data-element_type=\"widget\" data-e-type=\"widget\" data-widget_type=\"divider.default\">\n\t\t\t\t<div class=\"elementor-widget-container\">\n\t\t\t\t\t\t\t<div class=\"elementor-divider\">\n\t\t\t<span class=\"elementor-divider-separator\">\n\t\t\t\t\t\t<\/span>\n\t\t<\/div>\n\t\t\t\t\t\t<\/div>\n\t\t\t\t<\/div>\n\t\t\t\t<div class=\"elementor-element elementor-element-4a76a14 elementor-widget elementor-widget-text-editor\" data-id=\"4a76a14\" data-element_type=\"widget\" data-e-type=\"widget\" data-widget_type=\"text-editor.default\">\n\t\t\t\t<div class=\"elementor-widget-container\">\n\t\t\t\t\t\t\t\t\t<h2 data-start=\"4753\" data-end=\"4784\">Movimiento y mec\u00e1nica de los dientes<\/h2><h3 data-start=\"4786\" data-end=\"5041\">Si necesito antibi\u00f3ticos para los procedimientos dentales, \u00bfdebo tomarlos para las visitas de ortodoncia?<\/h3><p data-start=\"4786\" data-end=\"5041\">En algunos casos, s\u00ed. Ciertos pacientes pueden requerir antibi\u00f3ticos antes de las citas de ortodoncia. Consulte con su m\u00e9dico o con el Dr. Campbell antes de su visita.  <\/p><h3 data-start=\"5043\" data-end=\"5216\">\u00bfCu\u00e1nto dura el tratamiento de ortodoncia con brackets o alineadores?<\/h3><p data-start=\"5043\" data-end=\"5216\">De media, el tratamiento dura unos dos a\u00f1os, aunque el tiempo var\u00eda en funci\u00f3n de sus necesidades espec\u00edficas.<\/p><h3 data-start=\"5218\" data-end=\"5473\">\u00bfC\u00f3mo mueven los brackets y otras opciones de enderezamiento dental los dientes a su sitio?<\/h3><p data-start=\"5218\" data-end=\"5473\">Los brackets y los alineadores utilizan una presi\u00f3n suave y constante para guiar los dientes a la alineaci\u00f3n correcta. Cada paso es cuidadosamente planificado por el Dr. Campbell para lograr resultados seguros y predecibles. <\/p><h3 data-start=\"5475\" data-end=\"5614\">\u00bfReutilizan o reciclan los brackets de ortodoncia?<\/h3><p data-start=\"5475\" data-end=\"5614\">No. Cada paciente recibe aparatos nuevos para garantizar la calidad, la higiene y la seguridad. <\/p>\t\t\t\t\t\t\t\t<\/div>\n\t\t\t\t<\/div>\n\t\t\t\t<div class=\"elementor-element elementor-element-554eeb9 elementor-widget-divider--view-line elementor-widget elementor-widget-divider\" data-id=\"554eeb9\" data-element_type=\"widget\" data-e-type=\"widget\" data-widget_type=\"divider.default\">\n\t\t\t\t<div class=\"elementor-widget-container\">\n\t\t\t\t\t\t\t<div class=\"elementor-divider\">\n\t\t\t<span class=\"elementor-divider-separator\">\n\t\t\t\t\t\t<\/span>\n\t\t<\/div>\n\t\t\t\t\t\t<\/div>\n\t\t\t\t<\/div>\n\t\t\t\t<div class=\"elementor-element elementor-element-a81a107 elementor-widget elementor-widget-text-editor\" data-id=\"a81a107\" data-element_type=\"widget\" data-e-type=\"widget\" data-widget_type=\"text-editor.default\">\n\t\t\t\t<div class=\"elementor-widget-container\">\n\t\t\t\t\t\t\t\t\t<h2 data-start=\"5621\" data-end=\"5647\">Retenedores de ortodoncia<\/h2><h3 data-start=\"5649\" data-end=\"5852\">\u00bfTengo que usar retenedores a largo plazo despu\u00e9s de los brackets o los alineadores transparentes?<\/h3><p data-start=\"5649\" data-end=\"5852\">S\u00ed. Los <a href=\"https:\/\/gatherorthodontics.com\/orthodontic-retainers\/\">retenedores<\/a> son esenciales. Al principio se usan a tiempo completo, y luego normalmente solo por la noche para mantener la sonrisa a largo plazo. <\/p><h3 data-start=\"5854\" data-end=\"6057\">\u00bfPor qu\u00e9 se mueven los dientes incluso despu\u00e9s del tratamiento con brackets o alineadores transparentes?<\/h3><p data-start=\"5854\" data-end=\"6057\">Los dientes, de forma natural, intentan volver a su posici\u00f3n original. El uso constante de los retenedores evita el desplazamiento no deseado. <\/p><h3 data-start=\"6059\" data-end=\"6268\">\u00bfSon los retenedores pegados detr\u00e1s de los dientes una buena opci\u00f3n?<\/h3><p data-start=\"6059\" data-end=\"6268\">S\u00ed. Los retenedores fijos detr\u00e1s de los dientes son comunes y eficaces. Funcionan bien para mantener la alineaci\u00f3n, pero requieren una limpieza cuidadosa y visitas regulares al dentista.  <\/p>\t\t\t\t\t\t\t\t<\/div>\n\t\t\t\t<\/div>\n\t\t\t\t<div class=\"elementor-element elementor-element-20b6fb0 elementor-widget-divider--view-line elementor-widget elementor-widget-divider\" data-id=\"20b6fb0\" data-element_type=\"widget\" data-e-type=\"widget\" data-widget_type=\"divider.default\">\n\t\t\t\t<div class=\"elementor-widget-container\">\n\t\t\t\t\t\t\t<div class=\"elementor-divider\">\n\t\t\t<span class=\"elementor-divider-separator\">\n\t\t\t\t\t\t<\/span>\n\t\t<\/div>\n\t\t\t\t\t\t<\/div>\n\t\t\t\t<\/div>\n\t\t\t\t<div class=\"elementor-element elementor-element-872e443 elementor-widget elementor-widget-text-editor\" data-id=\"872e443\" data-element_type=\"widget\" data-e-type=\"widget\" data-widget_type=\"text-editor.default\">\n\t\t\t\t<div class=\"elementor-widget-container\">\n\t\t\t\t\t\t\t\t\t<h2 data-start=\"6275\" data-end=\"6307\">Muelas del juicio (terceros molares)<\/h2><h3 data-start=\"6309\" data-end=\"6521\">\u00bfPueden las muelas del juicio torcer los dientes despu\u00e9s del tratamiento?<\/h3><p data-start=\"6309\" data-end=\"6521\">Las investigaciones demuestran que las muelas del juicio no son la principal causa del api\u00f1amiento despu\u00e9s de la atenci\u00f3n ortod\u00f3ncica. Otros factores son m\u00e1s a menudo responsables del desplazamiento. <\/p><h3 data-start=\"6523\" data-end=\"6767\">\u00bfPor qu\u00e9 se pueden extraer las muelas del juicio antes o despu\u00e9s del tratamiento de alineaci\u00f3n de la mand\u00edbula?<\/h3><p data-start=\"6523\" data-end=\"6767\">Las muelas del juicio impactadas pueden causar problemas en las enc\u00edas o infecciones. Incluso si no causan api\u00f1amiento, muchos ortodoncistas recomiendan la extracci\u00f3n para evitar futuras complicaciones. <\/p><h3 data-start=\"6769\" data-end=\"6936\">\u00bfCu\u00e1ndo es el mejor momento para extraer las muelas del juicio?<\/h3><p data-start=\"6769\" data-end=\"6936\">La mayor\u00eda de los cirujanos orales sugieren la extracci\u00f3n una vez que las ra\u00edces se han desarrollado aproximadamente dos tercios, generalmente entre los 16 y los 18 a\u00f1os.<\/p>\t\t\t\t\t\t\t\t<\/div>\n\t\t\t\t<\/div>\n\t\t\t\t<div class=\"elementor-element elementor-element-19addd5 elementor-widget-divider--view-line elementor-widget elementor-widget-divider\" data-id=\"19addd5\" data-element_type=\"widget\" data-e-type=\"widget\" data-widget_type=\"divider.default\">\n\t\t\t\t<div class=\"elementor-widget-container\">\n\t\t\t\t\t\t\t<div class=\"elementor-divider\">\n\t\t\t<span class=\"elementor-divider-separator\">\n\t\t\t\t\t\t<\/span>\n\t\t<\/div>\n\t\t\t\t\t\t<\/div>\n\t\t\t\t<\/div>\n\t\t\t\t<div class=\"elementor-element elementor-element-32c527d elementor-widget elementor-widget-text-editor\" data-id=\"32c527d\" data-element_type=\"widget\" data-e-type=\"widget\" data-widget_type=\"text-editor.default\">\n\t\t\t\t<div class=\"elementor-widget-container\">\n\t\t\t\t\t\t\t\t\t<h2 data-start=\"6943\" data-end=\"6966\">Preocupaciones sobre la ATM y la mand\u00edbula<\/h2><h3 data-start=\"6968\" data-end=\"7179\">\u00bfPueden los brackets ayudar a tratar la ATM o pueden causar s\u00edntomas de la ATM?<\/h3><p data-start=\"6968\" data-end=\"7179\">Los brackets no causan ni curan directamente los trastornos de la ATM. Los problemas de la ATM pueden surgir de forma independiente y suelen tratarse por separado de la atenci\u00f3n ortod\u00f3ncica. <\/p>\t\t\t\t\t\t\t\t<\/div>\n\t\t\t\t<\/div>\n\t\t\t\t<div class=\"elementor-element elementor-element-f7db2e9 elementor-widget-divider--view-line elementor-widget elementor-widget-divider\" data-id=\"f7db2e9\" data-element_type=\"widget\" data-e-type=\"widget\" data-widget_type=\"divider.default\">\n\t\t\t\t<div class=\"elementor-widget-container\">\n\t\t\t\t\t\t\t<div class=\"elementor-divider\">\n\t\t\t<span class=\"elementor-divider-separator\">\n\t\t\t\t\t\t<\/span>\n\t\t<\/div>\n\t\t\t\t\t\t<\/div>\n\t\t\t\t<\/div>\n\t\t\t\t<div class=\"elementor-element elementor-element-70fe5e9 elementor-widget elementor-widget-text-editor\" data-id=\"70fe5e9\" data-element_type=\"widget\" data-e-type=\"widget\" data-widget_type=\"text-editor.default\">\n\t\t\t\t<div class=\"elementor-widget-container\">\n\t\t\t\t\t\t\t\t\t<h2 data-start=\"7186\" data-end=\"7212\">Consideraciones de salud<\/h2><h3 data-start=\"7214\" data-end=\"7508\">\u00bfCu\u00e1les son los beneficios generales para la salud de usar brackets transparentes para adultos o adolescentes?<\/h3><p data-start=\"7214\" data-end=\"7508\">El tratamiento de ortodoncia apoya m\u00e1s que la apariencia. Los dientes rectos son m\u00e1s f\u00e1ciles de limpiar, promueven una estructura facial equilibrada y ayudan a mejorar la eficiencia de la masticaci\u00f3n, lo que puede tener un impacto positivo en la salud general. <\/p><h3 data-start=\"7510\" data-end=\"7714\">\u00bfPueden las alergias o las adenoides agrandadas afectar el tratamiento de ortodoncia con brackets?<\/h3><p data-start=\"7510\" data-end=\"7714\">S\u00ed. Las dificultades respiratorias causadas por alergias o adenoides agrandadas pueden influir en el crecimiento de la mand\u00edbula y provocar una desalineaci\u00f3n. <\/p><h3 data-start=\"7716\" data-end=\"7965\">\u00bfC\u00f3mo afecta el empuje de la lengua o la postura baja de la lengua al tratamiento con brackets?<\/h3><p data-start=\"7716\" data-end=\"7965\">Una postura incorrecta de la lengua puede empujar contra los dientes, provocando huecos o protrusi\u00f3n. La correcci\u00f3n de estos h\u00e1bitos es clave para mantener los resultados exitosos del tratamiento de ortodoncia. <\/p>\t\t\t\t\t\t\t\t<\/div>\n\t\t\t\t<\/div>\n\t\t\t\t\t<\/div>\n\t\t\t\t<\/div>\n\t\t\t\t<\/div>\n\t\t","protected":false},"excerpt":{"rendered":"<p>Preguntas frecuentes sobre ortodoncia Primera visita \u00bfTiene alg\u00fan coste la primera visita? No. Su primera cita es siempre gratuita. Le ofrecemos una evaluaci\u00f3n ortod\u00f3ncica gratuita como cortes\u00eda para usted y su dentista general. \u00bfA qu\u00e9 edad empiezan a ver a los pacientes para las evaluaciones de ortodoncia? \u00a17 a\u00f1os! Seguimos las directrices de la Asociaci\u00f3n Americana de Ortodoncistas [&hellip;]<\/p>\n","protected":false},"author":3,"featured_media":0,"parent":0,"menu_order":17,"comment_status":"closed","ping_status":"closed","template":"","meta":{"_seopress_robots_primary_cat":"","_seopress_titles_title":"Preguntas frecuentes sobre brackets Invisalign Holly Springs NC | Gather Orthodontics","_seopress_titles_desc":"Obtenga respuestas a preguntas comunes sobre ortodoncia con el Dr. Terrence Campbell, que abarcan las primeras visitas, las consultas, las opciones de tratamiento y la orientaci\u00f3n sobre la financiaci\u00f3n.","_seopress_robots_index":"","footnotes":""},"class_list":["post-7210","page","type-page","status-publish"],"_links":{"self":[{"href":"https:\/\/gatherorthodontics.com\/es\/wp-json\/wp\/v2\/pages\/7210","targetHints":{"allow":["GET"]}}],"collection":[{"href":"https:\/\/gatherorthodontics.com\/es\/wp-json\/wp\/v2\/pages"}],"about":[{"href":"https:\/\/gatherorthodontics.com\/es\/wp-json\/wp\/v2\/types\/page"}],"author":[{"embeddable":true,"href":"https:\/\/gatherorthodontics.com\/es\/wp-json\/wp\/v2\/users\/3"}],"replies":[{"embeddable":true,"href":"https:\/\/gatherorthodontics.com\/es\/wp-json\/wp\/v2\/comments?post=7210"}],"version-history":[{"count":1,"href":"https:\/\/gatherorthodontics.com\/es\/wp-json\/wp\/v2\/pages\/7210\/revisions"}],"predecessor-version":[{"id":7212,"href":"https:\/\/gatherorthodontics.com\/es\/wp-json\/wp\/v2\/pages\/7210\/revisions\/7212"}],"wp:attachment":[{"href":"https:\/\/gatherorthodontics.com\/es\/wp-json\/wp\/v2\/media?parent=7210"}],"curies":[{"name":"wp","href":"https:\/\/api.w.org\/{rel}","templated":true}]}}