{"id":7213,"date":"2017-02-06T01:33:06","date_gmt":"2017-02-06T01:33:06","guid":{"rendered":"https:\/\/gatherorthodontics.com\/ortodoncia-temprana\/"},"modified":"2025-11-09T18:59:53","modified_gmt":"2025-11-09T18:59:53","slug":"ortodoncia-temprana","status":"publish","type":"page","link":"https:\/\/gatherorthodontics.com\/es\/ortodoncia-temprana\/","title":{"rendered":"Ortodoncia temprana"},"content":{"rendered":"\t\t<div data-elementor-type=\"wp-page\" data-elementor-id=\"7213\" class=\"elementor elementor-7213 elementor-36\" data-elementor-post-type=\"page\">\n\t\t\t\t<div data-particle_enable=\"false\" data-particle-mobile-disabled=\"false\" class=\"elementor-element elementor-element-c4840f4 e-flex e-con-boxed e-con e-parent\" data-id=\"c4840f4\" data-element_type=\"container\" data-e-type=\"container\">\n\t\t\t\t\t<div class=\"e-con-inner\">\n\t\t\t\t<div class=\"elementor-element elementor-element-881d51c elementor-widget__width-inherit elementor-widget elementor-widget-heading\" data-id=\"881d51c\" data-element_type=\"widget\" data-e-type=\"widget\" data-widget_type=\"heading.default\">\n\t\t\t\t<div class=\"elementor-widget-container\">\n\t\t\t\t\t<h1 class=\"elementor-heading-title elementor-size-default\">Atenci\u00f3n ortod\u00f3ncica temprana para ni\u00f1os<\/h1>\t\t\t\t<\/div>\n\t\t\t\t<\/div>\n\t\t\t\t\t<\/div>\n\t\t\t\t<\/div>\n\t\t\t\t<section data-particle_enable=\"false\" data-particle-mobile-disabled=\"false\" class=\"elementor-section elementor-top-section elementor-element elementor-element-444ee7ad elementor-section-boxed elementor-section-height-default elementor-section-height-default\" data-id=\"444ee7ad\" data-element_type=\"section\" data-e-type=\"section\">\n\t\t\t\t\t\t<div class=\"elementor-container elementor-column-gap-default\">\n\t\t\t\t\t<div class=\"elementor-column elementor-col-100 elementor-top-column elementor-element elementor-element-dc59cc\" data-id=\"dc59cc\" data-element_type=\"column\" data-e-type=\"column\">\n\t\t\t<div class=\"elementor-widget-wrap elementor-element-populated\">\n\t\t\t\t\t\t<div class=\"elementor-element elementor-element-788fbfeb elementor-widget elementor-widget-text-editor\" data-id=\"788fbfeb\" data-element_type=\"widget\" data-e-type=\"widget\" data-widget_type=\"text-editor.default\">\n\t\t\t\t<div class=\"elementor-widget-container\">\n\t\t\t\t\t\t\t\t\t<p data-start=\"1066\" data-end=\"1463\">Muchos padres se preguntan cu\u00e1ndo deber\u00eda su hijo visitar a un ortodoncista por primera vez.<\/p><h2 data-start=\"1066\" data-end=\"1463\">\u00bfA qu\u00e9 edad debe un ni\u00f1o visitar al ortodoncista pedi\u00e1trico por primera vez?<\/h2><p data-start=\"1066\" data-end=\"1463\">Seg\u00fan la Asociaci\u00f3n Americana de Ortodoncistas, la edad recomendada para una evaluaci\u00f3n inicial es alrededor de los 7 a\u00f1os. En esta etapa, su hijo tiene una mezcla de dientes de leche y permanentes, lo que facilita que el <g id=\"gid_0\">Dr. Terrence Campbell<\/g> detecte posibles problemas de forma temprana y decida si el tratamiento debe comenzar ahora o m\u00e1s adelante. Los dentistas locales tambi\u00e9n est\u00e1n capacitados para detectar signos de alerta temprana y pueden recomendar una visita a nuestra consulta antes de los 7 a\u00f1os si observan alguna preocupaci\u00f3n.  <\/p><h2 data-start=\"1603\" data-end=\"1634\"><img fetchpriority=\"high\" decoding=\"async\" class=\"wp-image-6636 size-medium alignright\" src=\"https:\/\/gatherorthodontics.com\/wp-content\/uploads\/2025\/09\/wlds-challenge-strip-image-3-300x243.jpg\" alt=\"Brackets WildSmiles Gather Orthodontics en Holly Springs, NC\" width=\"300\" height=\"243\" srcset=\"https:\/\/gatherorthodontics.com\/wp-content\/uploads\/2025\/09\/wlds-challenge-strip-image-3-300x243.jpg 300w, https:\/\/gatherorthodontics.com\/wp-content\/uploads\/2025\/09\/wlds-challenge-strip-image-3.jpg 642w\" sizes=\"(max-width: 300px) 100vw, 300px\" \/><\/h2><h2 data-start=\"1603\" data-end=\"1634\">\u00bfPor qu\u00e9 son importantes las evaluaciones tempranas?<\/h2><p data-start=\"1636\" data-end=\"1685\">Detectar problemas de ortodoncia de forma temprana nos permite:<\/p><ul data-start=\"1687\" data-end=\"1867\"><li data-start=\"1687\" data-end=\"1736\"><p data-start=\"1689\" data-end=\"1736\">Guiar la erupci\u00f3n de los dientes hacia posiciones m\u00e1s saludables<\/p><\/li><li data-start=\"1737\" data-end=\"1775\"><p data-start=\"1739\" data-end=\"1775\">Preservar el espacio para los dientes permanentes<\/p><\/li><li data-start=\"1776\" data-end=\"1831\"><p data-start=\"1778\" data-end=\"1831\">Reducir el riesgo de lesiones en los dientes frontales protuberantes<\/p><\/li><li data-start=\"1832\" data-end=\"1867\"><p data-start=\"1834\" data-end=\"1867\">Apoyar el desarrollo saludable de la mand\u00edbula<\/p><\/li><\/ul><p data-start=\"1869\" data-end=\"2038\">Cuando se necesita tratamiento, el Dr. Campbell puede dirigir el crecimiento de la mand\u00edbula y controlar la llegada de los dientes permanentes para que el tratamiento posterior sea m\u00e1s f\u00e1cil y eficiente.<\/p><h2 data-start=\"3575\" data-end=\"3622\">\u00bfEl tratamiento temprano eliminar\u00e1 los brackets para ni\u00f1os m\u00e1s adelante?<\/h2><p data-start=\"3624\" data-end=\"3953\">No siempre. La atenci\u00f3n temprana puede corregir problemas importantes y evitar que se desarrollen problemas m\u00e1s graves. Sin embargo, debido a que no todos los dientes permanentes est\u00e1n todav\u00eda en su lugar, muchos ni\u00f1os todav\u00eda necesitan una fase m\u00e1s corta de tratamiento integral (Fase II) en su <g id=\"gid_0\">adolescencia<\/g>. En algunos casos, sin embargo, el tratamiento temprano por s\u00ed solo puede ser todo lo que se necesite.   <\/p><h2 data-start=\"3575\" data-end=\"3622\"><img decoding=\"async\" class=\"wp-image-6629 size-full aligncenter\" src=\"https:\/\/gatherorthodontics.com\/wp-content\/uploads\/2025\/09\/wlds-logo.svg\" alt=\"Brackets WildSmiles Gather Orthodontics en Holly Springs, NC\" width=\"186\" height=\"116\"><\/h2><h2 data-start=\"2040\" data-end=\"2070\"> <\/h2><h2 data-start=\"2040\" data-end=\"2070\">\u00bfQu\u00e9 puede hacer el tratamiento de ortodoncia temprana?<\/h2><p data-start=\"2072\" data-end=\"2101\">La atenci\u00f3n ortod\u00f3ncica temprana puede:<\/p><ul data-start=\"2103\" data-end=\"2306\"><li data-start=\"2103\" data-end=\"2139\"><p data-start=\"2105\" data-end=\"2139\">Ensanchar los arcos superior e inferior<\/p><\/li><li data-start=\"2140\" data-end=\"2193\"><p data-start=\"2142\" data-end=\"2193\">Crear espacio para evitar extracciones de dientes permanentes<\/p><\/li><li data-start=\"2194\" data-end=\"2230\"><p data-start=\"2196\" data-end=\"2230\">Prevenir dientes permanentes impactados<\/p><\/li><li data-start=\"2231\" data-end=\"2263\"><p data-start=\"2233\" data-end=\"2263\">Corregir los h\u00e1bitos de chuparse el dedo<\/p><\/li><li data-start=\"2264\" data-end=\"2306\"><p data-start=\"2266\" data-end=\"2306\">Mejorar los patrones de degluci\u00f3n y habla<\/p><\/li><\/ul><p data-start=\"2308\" data-end=\"2422\">En resumen, el tratamiento temprano puede simplificar la atenci\u00f3n ortod\u00f3ncica futura y sentar las bases para una salud dental a largo plazo.<\/p><h2 data-start=\"2424\" data-end=\"2465\"> <\/h2><h2 data-start=\"2424\" data-end=\"2465\">\u00bfTodos los ni\u00f1os necesitan tratamiento temprano?<\/h2><p data-start=\"2467\" data-end=\"2753\"><img decoding=\"async\" class=\"size-medium wp-image-5243 alignright\" src=\"https:\/\/gatherorthodontics.com\/wp-content\/uploads\/2025\/07\/homepage-child-ortho-250x300.png\" alt=\"Ortodoncia temprana Gather orthodontics en Holly Springs, NC\" width=\"250\" height=\"300\" srcset=\"https:\/\/gatherorthodontics.com\/wp-content\/uploads\/2025\/07\/homepage-child-ortho-250x300.png 250w, https:\/\/gatherorthodontics.com\/wp-content\/uploads\/2025\/07\/homepage-child-ortho.png 500w\" sizes=\"(max-width: 250px) 100vw, 250px\" \/>No todos los ni\u00f1os se benefician de la atenci\u00f3n ortod\u00f3ncica a una edad temprana. Algunos problemas de ortodoncia se tratan mejor durante la adolescencia, cuando el crecimiento est\u00e1 m\u00e1s avanzado. Despu\u00e9s de la evaluaci\u00f3n de su hijo, el m\u00e9dico puede recomendar esperar y colocar a su hijo en nuestro Programa de Monitoreo de Ortodoncia, <em><strong>G<\/strong><strong><em>a<\/em>therly<\/strong><\/em>.  <\/p><p data-start=\"2755\" data-end=\"2851\">Incluso si no se necesita tratamiento de inmediato, sigue siendo importante realizar una evaluaci\u00f3n antes de los 7 a\u00f1os.<\/p><h3 data-start=\"2853\" data-end=\"2891\">Gatherly: el programa de monitoreo de ortodoncia<\/h3><p data-start=\"2893\" data-end=\"2980\">Este programa sin costo nos permite monitorear el crecimiento y el desarrollo dental de su hijo.<\/p><ul data-start=\"2982\" data-end=\"3209\"><li data-start=\"2982\" data-end=\"3034\"><p data-start=\"2984\" data-end=\"3034\">Normalmente, los ni\u00f1os acuden a la consulta cada <strong data-start=\"3018\" data-end=\"3032\">6\u201312 meses, <\/strong>o se les hace un seguimiento virtual con nuestra <strong data-start=\"3018\" data-end=\"3032\"><a href=\"https:\/\/gatherorthodontics.com\/es\/monitorizacion-dental\/\">tecnolog\u00eda de seguimiento virtual<\/a><\/strong><\/p><\/li><li data-start=\"3035\" data-end=\"3080\"><p data-start=\"3037\" data-end=\"3080\">Realizamos un seguimiento de c\u00f3mo est\u00e1n erupcionando los dientes permanentes<\/p><\/li><li data-start=\"3081\" data-end=\"3152\"><p data-start=\"3083\" data-end=\"3152\">Se puede recomendar la extracci\u00f3n temprana de los dientes de leche para mejorar la alineaci\u00f3n<\/p><\/li><li data-start=\"3153\" data-end=\"3209\"><p data-start=\"3155\" data-end=\"3209\">Las actualizaciones de progreso se comparten con su dentista familiar<\/p><\/li><\/ul><p data-start=\"3211\" data-end=\"3290\">Este programa asegura que comencemos el tratamiento en el momento adecuado para obtener los mejores resultados.<\/p><h2 data-start=\"3292\" data-end=\"3327\"> <\/h2><h2 data-start=\"3292\" data-end=\"3327\">Beneficios m\u00e1s all\u00e1 de una sonrisa recta<\/h2><h2 data-start=\"3292\" data-end=\"3327\"><img loading=\"lazy\" decoding=\"async\" class=\"wp-image-4667 size-medium alignleft\" src=\"https:\/\/gatherorthodontics.com\/wp-content\/uploads\/2024\/11\/Early-Orthodontics-250x300.png\" alt=\"Ortodoncia temprana Gather orthodontics en Holly Springs, NC\" width=\"250\" height=\"300\" srcset=\"https:\/\/gatherorthodontics.com\/wp-content\/uploads\/2024\/11\/Early-Orthodontics-250x300.png 250w, https:\/\/gatherorthodontics.com\/wp-content\/uploads\/2024\/11\/Early-Orthodontics.png 500w\" sizes=\"(max-width: 250px) 100vw, 250px\" \/><\/h2><p data-start=\"3329\" data-end=\"3402\">La ortodoncia es m\u00e1s que apariencia. Los dientes correctamente alineados y el tratamiento temprano pueden: <\/p><ul data-start=\"3404\" data-end=\"3573\"><li data-start=\"3404\" data-end=\"3440\"><p data-start=\"3406\" data-end=\"3440\">Mejorar la funci\u00f3n de la mordida, las mand\u00edbulas y las v\u00edas respiratorias<\/p><\/li><li data-start=\"3441\" data-end=\"3490\"><p data-start=\"3443\" data-end=\"3490\">Facilitar el cepillado y el uso eficaz del hilo dental<\/p><\/li><li data-start=\"3491\" data-end=\"3523\"><p data-start=\"3493\" data-end=\"3523\">Prevenir el desgaste desigual de los dientes<\/p><\/li><li data-start=\"3524\" data-end=\"3573\"><p data-start=\"3526\" data-end=\"3573\">Apoyar una vida de dientes naturales m\u00e1s saludables<\/p><\/li><\/ul><h2 data-start=\"3955\" data-end=\"3994\"> <\/h2><h2 data-start=\"3955\" data-end=\"3994\"> <\/h2><h2 data-start=\"3955\" data-end=\"3994\">Los chequeos dentales regulares siguen siendo importantes<\/h2><p data-start=\"3996\" data-end=\"4232\">Incluso durante el tratamiento de ortodoncia, los ni\u00f1os deben seguir visitando a su dentista cada <strong data-start=\"4090\" data-end=\"4102\">6 meses<\/strong>. Las limpiezas y revisiones peri\u00f3dicas son esenciales para mantener sanos los dientes y las enc\u00edas mientras se llevan aparatos ortop\u00e9dicos u otros dispositivos.<\/p>\t\t\t\t\t\t\t\t<\/div>\n\t\t\t\t<\/div>\n\t\t\t\t<div class=\"elementor-element elementor-element-97aefbf elementor-widget elementor-widget-heading\" data-id=\"97aefbf\" data-element_type=\"widget\" data-e-type=\"widget\" data-widget_type=\"heading.default\">\n\t\t\t\t<div class=\"elementor-widget-container\">\n\t\t\t\t\t<h2 class=\"elementor-heading-title elementor-size-default\">Preguntas frecuentes<\/h2>\t\t\t\t<\/div>\n\t\t\t\t<\/div>\n\t\t\t\t<div class=\"elementor-element elementor-element-6fbad2a elementor-widget elementor-widget-n-accordion\" data-id=\"6fbad2a\" data-element_type=\"widget\" data-e-type=\"widget\" data-settings=\"{&quot;default_state&quot;:&quot;all_collapsed&quot;,&quot;max_items_expended&quot;:&quot;one&quot;,&quot;n_accordion_animation_duration&quot;:{&quot;unit&quot;:&quot;ms&quot;,&quot;size&quot;:400,&quot;sizes&quot;:[]}}\" data-widget_type=\"nested-accordion.default\">\n\t\t\t\t<div class=\"elementor-widget-container\">\n\t\t\t\t\t\t\t<div class=\"e-n-accordion\" aria-label=\"Accordion. Open links with Enter or Space, close with Escape, and navigate with Arrow Keys\">\n\t\t\t\t\t\t<details id=\"e-n-accordion-item-1170\" class=\"e-n-accordion-item\" >\n\t\t\t\t<summary class=\"e-n-accordion-item-title\" data-accordion-index=\"1\" tabindex=\"0\" aria-expanded=\"false\" aria-controls=\"e-n-accordion-item-1170\" >\n\t\t\t\t\t<span class='e-n-accordion-item-title-header'><div class=\"e-n-accordion-item-title-text\"> \u00bfC\u00f3mo s\u00e9 si mi hijo podr\u00eda necesitar atenci\u00f3n ortod\u00f3ncica temprana antes de los 7 a\u00f1os? <\/div><\/span>\n\t\t\t\t\t\t\t<span class='e-n-accordion-item-title-icon'>\n\t\t\t<span class='e-opened' ><i aria-hidden=\"true\" class=\"fas fa-minus\"><\/i><\/span>\n\t\t\t<span class='e-closed'><i aria-hidden=\"true\" class=\"fas fa-plus\"><\/i><\/span>\n\t\t<\/span>\n\n\t\t\t\t\t\t<\/summary>\n\t\t\t\t<div data-particle_enable=\"false\" data-particle-mobile-disabled=\"false\" role=\"region\" aria-labelledby=\"e-n-accordion-item-1170\" class=\"elementor-element elementor-element-b8e2750 e-con-full e-flex e-con e-child\" data-id=\"b8e2750\" data-element_type=\"container\" data-e-type=\"container\">\n\t\t\t\t<div class=\"elementor-element elementor-element-029addd elementor-widget elementor-widget-text-editor\" data-id=\"029addd\" data-element_type=\"widget\" data-e-type=\"widget\" data-widget_type=\"text-editor.default\">\n\t\t\t\t<div class=\"elementor-widget-container\">\n\t\t\t\t\t\t\t\t\t<p>Los signos incluyen api\u00f1amiento, p\u00e9rdida temprana o tard\u00eda de los dientes de leche, chuparse el dedo, respiraci\u00f3n bucal o dificultad para masticar. Si observa estos signos, lo mejor es programar una evaluaci\u00f3n temprana para detectar posibles problemas antes de que avancen. <\/p>\t\t\t\t\t\t\t\t<\/div>\n\t\t\t\t<\/div>\n\t\t\t\t<\/div>\n\t\t\t\t\t<\/details>\n\t\t\t\t\t\t<details id=\"e-n-accordion-item-1171\" class=\"e-n-accordion-item\" >\n\t\t\t\t<summary class=\"e-n-accordion-item-title\" data-accordion-index=\"2\" tabindex=\"-1\" aria-expanded=\"false\" aria-controls=\"e-n-accordion-item-1171\" >\n\t\t\t\t\t<span class='e-n-accordion-item-title-header'><div class=\"e-n-accordion-item-title-text\"> \u00bfQu\u00e9 es el tratamiento de ortodoncia de fase I y en qu\u00e9 se diferencia de la fase II? <\/div><\/span>\n\t\t\t\t\t\t\t<span class='e-n-accordion-item-title-icon'>\n\t\t\t<span class='e-opened' ><i aria-hidden=\"true\" class=\"fas fa-minus\"><\/i><\/span>\n\t\t\t<span class='e-closed'><i aria-hidden=\"true\" class=\"fas fa-plus\"><\/i><\/span>\n\t\t<\/span>\n\n\t\t\t\t\t\t<\/summary>\n\t\t\t\t<div data-particle_enable=\"false\" data-particle-mobile-disabled=\"false\" role=\"region\" aria-labelledby=\"e-n-accordion-item-1171\" class=\"elementor-element elementor-element-b95c7be e-con-full e-flex e-con e-child\" data-id=\"b95c7be\" data-element_type=\"container\" data-e-type=\"container\">\n\t\t\t\t<div class=\"elementor-element elementor-element-849ec98 elementor-widget elementor-widget-text-editor\" data-id=\"849ec98\" data-element_type=\"widget\" data-e-type=\"widget\" data-widget_type=\"text-editor.default\">\n\t\t\t\t<div class=\"elementor-widget-container\">\n\t\t\t\t\t\t\t\t\t<p>La fase I se centra en guiar el crecimiento de la mand\u00edbula y crear espacio para el desarrollo de los dientes, normalmente entre los 6 y los 10 a\u00f1os. La fase II, a menudo durante la adolescencia, afina la alineaci\u00f3n una vez que han erupcionado todos los dientes permanentes. <\/p>\t\t\t\t\t\t\t\t<\/div>\n\t\t\t\t<\/div>\n\t\t\t\t<\/div>\n\t\t\t\t\t<\/details>\n\t\t\t\t\t\t<details id=\"e-n-accordion-item-1172\" class=\"e-n-accordion-item\" >\n\t\t\t\t<summary class=\"e-n-accordion-item-title\" data-accordion-index=\"3\" tabindex=\"-1\" aria-expanded=\"false\" aria-controls=\"e-n-accordion-item-1172\" >\n\t\t\t\t\t<span class='e-n-accordion-item-title-header'><div class=\"e-n-accordion-item-title-text\"> \u00bfPuede el tratamiento de ortodoncia temprana ayudar con problemas de habla o respiraci\u00f3n? <\/div><\/span>\n\t\t\t\t\t\t\t<span class='e-n-accordion-item-title-icon'>\n\t\t\t<span class='e-opened' ><i aria-hidden=\"true\" class=\"fas fa-minus\"><\/i><\/span>\n\t\t\t<span class='e-closed'><i aria-hidden=\"true\" class=\"fas fa-plus\"><\/i><\/span>\n\t\t<\/span>\n\n\t\t\t\t\t\t<\/summary>\n\t\t\t\t<div data-particle_enable=\"false\" data-particle-mobile-disabled=\"false\" role=\"region\" aria-labelledby=\"e-n-accordion-item-1172\" class=\"elementor-element elementor-element-535d9ac e-con-full e-flex e-con e-child\" data-id=\"535d9ac\" data-element_type=\"container\" data-e-type=\"container\">\n\t\t\t\t<div class=\"elementor-element elementor-element-ea7ea45 elementor-widget elementor-widget-text-editor\" data-id=\"ea7ea45\" data-element_type=\"widget\" data-e-type=\"widget\" data-widget_type=\"text-editor.default\">\n\t\t\t\t<div class=\"elementor-widget-container\">\n\t\t\t\t\t\t\t\t\t<p>S\u00ed. Corregir la alineaci\u00f3n de la mand\u00edbula o las mordidas cruzadas a tiempo puede mejorar el flujo de aire, el desarrollo del habla y la posici\u00f3n de la lengua, lo que beneficia tanto la salud bucal como la comodidad general. <\/p>\t\t\t\t\t\t\t\t<\/div>\n\t\t\t\t<\/div>\n\t\t\t\t<\/div>\n\t\t\t\t\t<\/details>\n\t\t\t\t\t\t<details id=\"e-n-accordion-item-1173\" class=\"e-n-accordion-item\" >\n\t\t\t\t<summary class=\"e-n-accordion-item-title\" data-accordion-index=\"4\" tabindex=\"-1\" aria-expanded=\"false\" aria-controls=\"e-n-accordion-item-1173\" >\n\t\t\t\t\t<span class='e-n-accordion-item-title-header'><div class=\"e-n-accordion-item-title-text\"> \u00bfQu\u00e9 ocurre durante una evaluaci\u00f3n ortod\u00f3ncica temprana? <\/div><\/span>\n\t\t\t\t\t\t\t<span class='e-n-accordion-item-title-icon'>\n\t\t\t<span class='e-opened' ><i aria-hidden=\"true\" class=\"fas fa-minus\"><\/i><\/span>\n\t\t\t<span class='e-closed'><i aria-hidden=\"true\" class=\"fas fa-plus\"><\/i><\/span>\n\t\t<\/span>\n\n\t\t\t\t\t\t<\/summary>\n\t\t\t\t<div data-particle_enable=\"false\" data-particle-mobile-disabled=\"false\" role=\"region\" aria-labelledby=\"e-n-accordion-item-1173\" class=\"elementor-element elementor-element-6aedc3e e-con-full e-flex e-con e-child\" data-id=\"6aedc3e\" data-element_type=\"container\" data-e-type=\"container\">\n\t\t\t\t<div class=\"elementor-element elementor-element-47e8c4f elementor-widget elementor-widget-text-editor\" data-id=\"47e8c4f\" data-element_type=\"widget\" data-e-type=\"widget\" data-widget_type=\"text-editor.default\">\n\t\t\t\t<div class=\"elementor-widget-container\">\n\t\t\t\t\t\t\t\t\t<p>El Dr. Campbell examinar\u00e1 los dientes, las mand\u00edbulas y la mordida de su hijo, tomar\u00e1 im\u00e1genes o esc\u00e1neres digitales y analizar\u00e1 si el tratamiento temprano o la simple supervisi\u00f3n es el mejor paso siguiente.<\/p>\t\t\t\t\t\t\t\t<\/div>\n\t\t\t\t<\/div>\n\t\t\t\t<\/div>\n\t\t\t\t\t<\/details>\n\t\t\t\t\t\t<details id=\"e-n-accordion-item-1174\" class=\"e-n-accordion-item\" >\n\t\t\t\t<summary class=\"e-n-accordion-item-title\" data-accordion-index=\"5\" tabindex=\"-1\" aria-expanded=\"false\" aria-controls=\"e-n-accordion-item-1174\" >\n\t\t\t\t\t<span class='e-n-accordion-item-title-header'><div class=\"e-n-accordion-item-title-text\"> \u00bfEs doloroso el tratamiento de ortodoncia temprana para los ni\u00f1os? <\/div><\/span>\n\t\t\t\t\t\t\t<span class='e-n-accordion-item-title-icon'>\n\t\t\t<span class='e-opened' ><i aria-hidden=\"true\" class=\"fas fa-minus\"><\/i><\/span>\n\t\t\t<span class='e-closed'><i aria-hidden=\"true\" class=\"fas fa-plus\"><\/i><\/span>\n\t\t<\/span>\n\n\t\t\t\t\t\t<\/summary>\n\t\t\t\t<div data-particle_enable=\"false\" data-particle-mobile-disabled=\"false\" role=\"region\" aria-labelledby=\"e-n-accordion-item-1174\" class=\"elementor-element elementor-element-eeb7201 e-con-full e-flex e-con e-child\" data-id=\"eeb7201\" data-element_type=\"container\" data-e-type=\"container\">\n\t\t\t\t<div class=\"elementor-element elementor-element-9d1bb02 elementor-widget elementor-widget-text-editor\" data-id=\"9d1bb02\" data-element_type=\"widget\" data-e-type=\"widget\" data-widget_type=\"text-editor.default\">\n\t\t\t\t<div class=\"elementor-widget-container\">\n\t\t\t\t\t\t\t\t\t<p>La atenci\u00f3n ortod\u00f3ncica temprana suele ser suave y bien tolerada. Los aparatos utilizados en esta etapa aplican una ligera presi\u00f3n para guiar el crecimiento y la alineaci\u00f3n, y la mayor\u00eda de los ni\u00f1os se adaptan en pocos d\u00edas. Nuestro equipo hace todo lo posible para que su hijo se sienta c\u00f3modo y seguro durante toda su atenci\u00f3n.  <\/p>\t\t\t\t\t\t\t\t<\/div>\n\t\t\t\t<\/div>\n\t\t\t\t<\/div>\n\t\t\t\t\t<\/details>\n\t\t\t\t\t<\/div>\n\t\t\t\t\t\t<\/div>\n\t\t\t\t<\/div>\n\t\t\t\t\t<\/div>\n\t\t<\/div>\n\t\t\t\t\t<\/div>\n\t\t<\/section>\n\t\t\t\t<\/div>\n\t\t","protected":false},"excerpt":{"rendered":"<p>Atenci\u00f3n ortod\u00f3ncica temprana para ni\u00f1os Muchos padres se preguntan cu\u00e1ndo deber\u00eda su hijo visitar a un ortodoncista por primera vez. \u00bfA qu\u00e9 edad debe un ni\u00f1o visitar al ortodoncista pedi\u00e1trico por primera vez? Seg\u00fan la Asociaci\u00f3n Americana de Ortodoncistas, la edad recomendada para una evaluaci\u00f3n inicial es alrededor de los 7 a\u00f1os. En esta etapa, su hijo tiene [&hellip;]<\/p>\n","protected":false},"author":3,"featured_media":0,"parent":0,"menu_order":21,"comment_status":"closed","ping_status":"closed","template":"","meta":{"_seopress_robots_primary_cat":"","_seopress_titles_title":"Ortodoncista pedi\u00e1trico en Holly Springs, Carolina del Norte | Gather Orthodontics","_seopress_titles_desc":"El Dr. Terrence Campbell, ortodoncista pedi\u00e1trico, ofrece tratamiento ortod\u00f3ncico temprano para guiar los dientes de los ni\u00f1os y simplificar el uso de brackets para ni\u00f1os cuando sea necesario.","_seopress_robots_index":"","footnotes":""},"class_list":["post-7213","page","type-page","status-publish"],"_links":{"self":[{"href":"https:\/\/gatherorthodontics.com\/es\/wp-json\/wp\/v2\/pages\/7213","targetHints":{"allow":["GET"]}}],"collection":[{"href":"https:\/\/gatherorthodontics.com\/es\/wp-json\/wp\/v2\/pages"}],"about":[{"href":"https:\/\/gatherorthodontics.com\/es\/wp-json\/wp\/v2\/types\/page"}],"author":[{"embeddable":true,"href":"https:\/\/gatherorthodontics.com\/es\/wp-json\/wp\/v2\/users\/3"}],"replies":[{"embeddable":true,"href":"https:\/\/gatherorthodontics.com\/es\/wp-json\/wp\/v2\/comments?post=7213"}],"version-history":[{"count":9,"href":"https:\/\/gatherorthodontics.com\/es\/wp-json\/wp\/v2\/pages\/7213\/revisions"}],"predecessor-version":[{"id":7421,"href":"https:\/\/gatherorthodontics.com\/es\/wp-json\/wp\/v2\/pages\/7213\/revisions\/7421"}],"wp:attachment":[{"href":"https:\/\/gatherorthodontics.com\/es\/wp-json\/wp\/v2\/media?parent=7213"}],"curies":[{"name":"wp","href":"https:\/\/api.w.org\/{rel}","templated":true}]}}