{"id":7214,"date":"2017-02-06T01:29:19","date_gmt":"2017-02-06T01:29:19","guid":{"rendered":"https:\/\/gatherorthodontics.com\/financiacion-sencilla\/"},"modified":"2025-11-08T17:35:36","modified_gmt":"2025-11-08T17:35:36","slug":"financiacion-sencilla","status":"publish","type":"page","link":"https:\/\/gatherorthodontics.com\/es\/financiacion-sencilla\/","title":{"rendered":"Financiaci\u00f3n sencilla"},"content":{"rendered":"\t\t<div data-elementor-type=\"wp-page\" data-elementor-id=\"7214\" class=\"elementor elementor-7214 elementor-26\" data-elementor-post-type=\"page\">\n\t\t\t\t<div data-particle_enable=\"false\" data-particle-mobile-disabled=\"false\" class=\"elementor-element elementor-element-2403872 e-flex e-con-boxed e-con e-parent\" data-id=\"2403872\" data-element_type=\"container\" data-e-type=\"container\">\n\t\t\t\t\t<div class=\"e-con-inner\">\n\t\t\t\t<div class=\"elementor-element elementor-element-46cba64 elementor-widget__width-inherit elementor-widget elementor-widget-heading\" data-id=\"46cba64\" data-element_type=\"widget\" data-e-type=\"widget\" data-widget_type=\"heading.default\">\n\t\t\t\t<div class=\"elementor-widget-container\">\n\t\t\t\t\t<h1 class=\"elementor-heading-title elementor-size-default\">Financiaci\u00f3n ortod\u00f3ncica personalizada<\/h1>\t\t\t\t<\/div>\n\t\t\t\t<\/div>\n\t\t\t\t\t<\/div>\n\t\t\t\t<\/div>\n\t\t\t\t<section data-particle_enable=\"false\" data-particle-mobile-disabled=\"false\" class=\"elementor-section elementor-top-section elementor-element elementor-element-40f81338 elementor-section-boxed elementor-section-height-default elementor-section-height-default\" data-id=\"40f81338\" data-element_type=\"section\" data-e-type=\"section\">\n\t\t\t\t\t\t<div class=\"elementor-container elementor-column-gap-default\">\n\t\t\t\t\t<div class=\"elementor-column elementor-col-100 elementor-top-column elementor-element elementor-element-309aeccf\" data-id=\"309aeccf\" data-element_type=\"column\" data-e-type=\"column\">\n\t\t\t<div class=\"elementor-widget-wrap elementor-element-populated\">\n\t\t\t\t\t\t<div class=\"elementor-element elementor-element-376fec3f elementor-widget elementor-widget-text-editor\" data-id=\"376fec3f\" data-element_type=\"widget\" data-e-type=\"widget\" data-widget_type=\"text-editor.default\">\n\t\t\t\t<div class=\"elementor-widget-container\">\n\t\t\t\t\t\t\t\t\t<p data-start=\"283\" data-end=\"507\">En Gather Orthodontics, creemos que el coste nunca deber\u00eda ser un obst\u00e1culo para una sonrisa segura. Por eso, <a href=\"https:\/\/gatherorthodontics.com\/es\/conozca-al-dr-campbell\/\">el Dr. Terrence Campbell<\/a> ofrece opciones de financiaci\u00f3n flexibles dise\u00f1adas para que el tratamiento de ortodoncia se adapte a ti. <\/p><h2 data-start=\"509\" data-end=\"536\">\u00bfQu\u00e9 opciones de pago hay disponibles para los brackets e Invisalign?<\/h2><p data-start=\"538\" data-end=\"615\">Ofrecemos varias formas de facilitar el pago del tratamiento:<\/p><ul><li data-start=\"617\" data-end=\"685\"><p data-start=\"619\" data-end=\"685\"><strong data-start=\"619\" data-end=\"644\">Descuento por pago completo<\/strong> para pacientes que prefieren pagar por adelantado<\/p><\/li><li data-start=\"686\" data-end=\"775\"><p data-start=\"688\" data-end=\"775\"><strong data-start=\"688\" data-end=\"713\">Financiaci\u00f3n sin intereses<\/strong> con un pago inicial bajo y cuotas mensuales<\/p><\/li><li data-start=\"776\" data-end=\"850\"><p data-start=\"778\" data-end=\"850\"><strong data-start=\"778\" data-end=\"798\">Descuentos familiares<\/strong> cuando m\u00e1s de un miembro de la familia comienza el tratamiento<\/p><\/li><li data-start=\"776\" data-end=\"850\"><p data-start=\"778\" data-end=\"850\"><strong>Descuentos para personal de primera intervenci\u00f3n, militares y trabajadores de servicios comunitarios<\/strong> para aquellos que hacen que nuestra comunidad prospere<\/p><\/li><li><strong data-start=\"853\" data-end=\"873\">Cargos autom\u00e1ticos<\/strong> disponibles desde cuentas corrientes o tarjetas de cr\u00e9dito para mayor comodidad<\/li><\/ul><p data-start=\"948\" data-end=\"1020\">Estas opciones facilitan la b\u00fasqueda de un plan que se adapte a tu estilo de vida.<\/p><h2 data-start=\"1022\" data-end=\"1055\">\u00bfQu\u00e9 cubre el precio de tu tratamiento de ortodoncia?<\/h2><p data-start=\"1057\" data-end=\"1125\">Tu inversi\u00f3n en el cuidado de ortodoncia lo incluye todo. Incluye: <\/p><ul data-start=\"1127\" data-end=\"1355\"><li data-start=\"1127\" data-end=\"1167\"><p data-start=\"1129\" data-end=\"1167\">Registros exhaustivos y radiograf\u00edas<\/p><\/li><li data-start=\"1168\" data-end=\"1221\"><p data-start=\"1170\" data-end=\"1221\">Todos los aparatos necesarios durante el tratamiento<\/p><\/li><li data-start=\"1222\" data-end=\"1297\"><p data-start=\"1224\" data-end=\"1297\">Cada visita de ortodoncia, incluidas las <a href=\"https:\/\/gatherorthodontics.com\/es\/atencion-de-urgencias\/\">citas de urgencia<\/a> si es necesario<\/p><\/li><li data-start=\"1298\" data-end=\"1355\"><p data-start=\"1300\" data-end=\"1355\">Retenedores al finalizar el tratamiento<\/p><\/li><\/ul><p data-start=\"1357\" data-end=\"1466\">Queremos que te sientas seguro sabiendo que no hay cargos ocultos. Todo lo esencial para tu cuidado est\u00e1 cubierto. <\/p><h2 data-start=\"1468\" data-end=\"1507\">Consulta financiera gratuita<\/h2><p data-start=\"1509\" data-end=\"1562\">Durante tu consulta de ortodoncia gratuita, haremos lo siguiente:<\/p><ul data-start=\"1564\" data-end=\"1716\"><li data-start=\"1564\" data-end=\"1614\"><p data-start=\"1566\" data-end=\"1614\">Revisaremos todas las tarifas asociadas con tu tratamiento<\/p><\/li><li data-start=\"1615\" data-end=\"1657\"><p data-start=\"1617\" data-end=\"1657\">Explicaremos todas las opciones de pago disponibles<\/p><\/li><li data-start=\"1658\" data-end=\"1716\"><p data-start=\"1660\" data-end=\"1716\">Te ayudaremos a seleccionar un plan de financiaci\u00f3n que se ajuste a tu presupuesto<\/p><\/li><\/ul><p data-start=\"1718\" data-end=\"1853\">Nuestro objetivo es simple: proporcionar la atenci\u00f3n ortod\u00f3ncica de la m\u00e1s alta calidad de una manera que sea accesible y asequible para ti y tu familia.<\/p>\t\t\t\t\t\t\t\t<\/div>\n\t\t\t\t<\/div>\n\t\t\t\t<div class=\"elementor-element elementor-element-276e3df elementor-widget elementor-widget-heading\" data-id=\"276e3df\" data-element_type=\"widget\" data-e-type=\"widget\" data-widget_type=\"heading.default\">\n\t\t\t\t<div class=\"elementor-widget-container\">\n\t\t\t\t\t<h2 class=\"elementor-heading-title elementor-size-default\">Preguntas frecuentes<\/h2>\t\t\t\t<\/div>\n\t\t\t\t<\/div>\n\t\t\t\t<div class=\"elementor-element elementor-element-42bd865 elementor-widget elementor-widget-n-accordion\" data-id=\"42bd865\" data-element_type=\"widget\" data-e-type=\"widget\" data-settings=\"{&quot;default_state&quot;:&quot;all_collapsed&quot;,&quot;max_items_expended&quot;:&quot;one&quot;,&quot;n_accordion_animation_duration&quot;:{&quot;unit&quot;:&quot;ms&quot;,&quot;size&quot;:400,&quot;sizes&quot;:[]}}\" data-widget_type=\"nested-accordion.default\">\n\t\t\t\t<div class=\"elementor-widget-container\">\n\t\t\t\t\t\t\t<div class=\"e-n-accordion\" aria-label=\"Accordion. Open links with Enter or Space, close with Escape, and navigate with Arrow Keys\">\n\t\t\t\t\t\t<details id=\"e-n-accordion-item-6990\" class=\"e-n-accordion-item\" >\n\t\t\t\t<summary class=\"e-n-accordion-item-title\" data-accordion-index=\"1\" tabindex=\"0\" aria-expanded=\"false\" aria-controls=\"e-n-accordion-item-6990\" >\n\t\t\t\t\t<span class='e-n-accordion-item-title-header'><div class=\"e-n-accordion-item-title-text\"> \u00bfCu\u00e1ndo puedo empezar el tratamiento de ortodoncia despu\u00e9s de mi consulta financiera? <\/div><\/span>\n\t\t\t\t\t\t\t<span class='e-n-accordion-item-title-icon'>\n\t\t\t<span class='e-opened' ><i aria-hidden=\"true\" class=\"fas fa-minus\"><\/i><\/span>\n\t\t\t<span class='e-closed'><i aria-hidden=\"true\" class=\"fas fa-plus\"><\/i><\/span>\n\t\t<\/span>\n\n\t\t\t\t\t\t<\/summary>\n\t\t\t\t<div data-particle_enable=\"false\" data-particle-mobile-disabled=\"false\" role=\"region\" aria-labelledby=\"e-n-accordion-item-6990\" class=\"elementor-element elementor-element-436089a e-con-full e-flex e-con e-child\" data-id=\"436089a\" data-element_type=\"container\" data-e-type=\"container\">\n\t\t\t\t<div class=\"elementor-element elementor-element-bda21cb elementor-widget elementor-widget-text-editor\" data-id=\"bda21cb\" data-element_type=\"widget\" data-e-type=\"widget\" data-widget_type=\"text-editor.default\">\n\t\t\t\t<div class=\"elementor-widget-container\">\n\t\t\t\t\t\t\t\t\t<p>En muchos casos, puede comenzar el tratamiento el mismo d\u00eda de su consulta una vez que se apruebe su plan de pago. Nuestro objetivo es que empezar sea sencillo y sin estr\u00e9s. <\/p>\t\t\t\t\t\t\t\t<\/div>\n\t\t\t\t<\/div>\n\t\t\t\t<\/div>\n\t\t\t\t\t<\/details>\n\t\t\t\t\t\t<details id=\"e-n-accordion-item-6991\" class=\"e-n-accordion-item\" >\n\t\t\t\t<summary class=\"e-n-accordion-item-title\" data-accordion-index=\"2\" tabindex=\"-1\" aria-expanded=\"false\" aria-controls=\"e-n-accordion-item-6991\" >\n\t\t\t\t\t<span class='e-n-accordion-item-title-header'><div class=\"e-n-accordion-item-title-text\"> \u00bfQu\u00e9 diferencia la financiaci\u00f3n de Gather Orthodontics de los planes de pago dentales tradicionales? <\/div><\/span>\n\t\t\t\t\t\t\t<span class='e-n-accordion-item-title-icon'>\n\t\t\t<span class='e-opened' ><i aria-hidden=\"true\" class=\"fas fa-minus\"><\/i><\/span>\n\t\t\t<span class='e-closed'><i aria-hidden=\"true\" class=\"fas fa-plus\"><\/i><\/span>\n\t\t<\/span>\n\n\t\t\t\t\t\t<\/summary>\n\t\t\t\t<div data-particle_enable=\"false\" data-particle-mobile-disabled=\"false\" role=\"region\" aria-labelledby=\"e-n-accordion-item-6991\" class=\"elementor-element elementor-element-35ce1ff e-con-full e-flex e-con e-child\" data-id=\"35ce1ff\" data-element_type=\"container\" data-e-type=\"container\">\n\t\t\t\t<div class=\"elementor-element elementor-element-e0ff25e elementor-widget elementor-widget-text-editor\" data-id=\"e0ff25e\" data-element_type=\"widget\" data-e-type=\"widget\" data-widget_type=\"text-editor.default\">\n\t\t\t\t<div class=\"elementor-widget-container\">\n\t\t\t\t\t\t\t\t\t<p>A diferencia de muchas cl\u00ednicas dentales, nosotros gestionamos toda la financiaci\u00f3n internamente. Eso significa que no hay verificaciones de cr\u00e9dito de terceros ni prestamistas externos, solo planes flexibles gestionados directamente con nuestro amable equipo. <\/p>\t\t\t\t\t\t\t\t<\/div>\n\t\t\t\t<\/div>\n\t\t\t\t<\/div>\n\t\t\t\t\t<\/details>\n\t\t\t\t\t\t<details id=\"e-n-accordion-item-6992\" class=\"e-n-accordion-item\" >\n\t\t\t\t<summary class=\"e-n-accordion-item-title\" data-accordion-index=\"3\" tabindex=\"-1\" aria-expanded=\"false\" aria-controls=\"e-n-accordion-item-6992\" >\n\t\t\t\t\t<span class='e-n-accordion-item-title-header'><div class=\"e-n-accordion-item-title-text\"> \u00bfPuedo usar mi seguro dental para ayudar a pagar los brackets o Invisalign? <\/div><\/span>\n\t\t\t\t\t\t\t<span class='e-n-accordion-item-title-icon'>\n\t\t\t<span class='e-opened' ><i aria-hidden=\"true\" class=\"fas fa-minus\"><\/i><\/span>\n\t\t\t<span class='e-closed'><i aria-hidden=\"true\" class=\"fas fa-plus\"><\/i><\/span>\n\t\t<\/span>\n\n\t\t\t\t\t\t<\/summary>\n\t\t\t\t<div data-particle_enable=\"false\" data-particle-mobile-disabled=\"false\" role=\"region\" aria-labelledby=\"e-n-accordion-item-6992\" class=\"elementor-element elementor-element-d912eff e-con-full e-flex e-con e-child\" data-id=\"d912eff\" data-element_type=\"container\" data-e-type=\"container\">\n\t\t\t\t<div class=\"elementor-element elementor-element-62a1b9f elementor-widget elementor-widget-text-editor\" data-id=\"62a1b9f\" data-element_type=\"widget\" data-e-type=\"widget\" data-widget_type=\"text-editor.default\">\n\t\t\t\t<div class=\"elementor-widget-container\">\n\t\t\t\t\t\t\t\t\t<p>\u00a1S\u00ed! Gather Orthodontics acepta la mayor\u00eda de los principales planes de seguro y le ayuda a maximizar sus beneficios. Si su plan permite el pago directo, nosotros nos encargaremos de ello; de lo contrario, le guiaremos a trav\u00e9s del proceso de reembolso para que sea f\u00e1cil y sin estr\u00e9s.  <\/p>\t\t\t\t\t\t\t\t<\/div>\n\t\t\t\t<\/div>\n\t\t\t\t<\/div>\n\t\t\t\t\t<\/details>\n\t\t\t\t\t\t<details id=\"e-n-accordion-item-6993\" class=\"e-n-accordion-item\" >\n\t\t\t\t<summary class=\"e-n-accordion-item-title\" data-accordion-index=\"4\" tabindex=\"-1\" aria-expanded=\"false\" aria-controls=\"e-n-accordion-item-6993\" >\n\t\t\t\t\t<span class='e-n-accordion-item-title-header'><div class=\"e-n-accordion-item-title-text\"> \u00bfQu\u00e9 pasa si necesito ajustar mi plan de pago durante el tratamiento? <\/div><\/span>\n\t\t\t\t\t\t\t<span class='e-n-accordion-item-title-icon'>\n\t\t\t<span class='e-opened' ><i aria-hidden=\"true\" class=\"fas fa-minus\"><\/i><\/span>\n\t\t\t<span class='e-closed'><i aria-hidden=\"true\" class=\"fas fa-plus\"><\/i><\/span>\n\t\t<\/span>\n\n\t\t\t\t\t\t<\/summary>\n\t\t\t\t<div data-particle_enable=\"false\" data-particle-mobile-disabled=\"false\" role=\"region\" aria-labelledby=\"e-n-accordion-item-6993\" class=\"elementor-element elementor-element-535f364 e-con-full e-flex e-con e-child\" data-id=\"535f364\" data-element_type=\"container\" data-e-type=\"container\">\n\t\t\t\t<div class=\"elementor-element elementor-element-3ba8726 elementor-widget elementor-widget-text-editor\" data-id=\"3ba8726\" data-element_type=\"widget\" data-e-type=\"widget\" data-widget_type=\"text-editor.default\">\n\t\t\t\t<div class=\"elementor-widget-container\">\n\t\t\t\t\t\t\t\t\t<p>La vida pasa, y lo entendemos. Si su situaci\u00f3n financiera cambia, nuestro equipo trabajar\u00e1 con usted para ajustar su calendario de pagos para que pueda continuar el tratamiento sin interrupci\u00f3n. <\/p>\t\t\t\t\t\t\t\t<\/div>\n\t\t\t\t<\/div>\n\t\t\t\t<\/div>\n\t\t\t\t\t<\/details>\n\t\t\t\t\t\t<details id=\"e-n-accordion-item-6994\" class=\"e-n-accordion-item\" >\n\t\t\t\t<summary class=\"e-n-accordion-item-title\" data-accordion-index=\"5\" tabindex=\"-1\" aria-expanded=\"false\" aria-controls=\"e-n-accordion-item-6994\" >\n\t\t\t\t\t<span class='e-n-accordion-item-title-header'><div class=\"e-n-accordion-item-title-text\"> \u00bfLos planes de pago flexibles afectan la calidad o el resultado de mi tratamiento de ortodoncia? <\/div><\/span>\n\t\t\t\t\t\t\t<span class='e-n-accordion-item-title-icon'>\n\t\t\t<span class='e-opened' ><i aria-hidden=\"true\" class=\"fas fa-minus\"><\/i><\/span>\n\t\t\t<span class='e-closed'><i aria-hidden=\"true\" class=\"fas fa-plus\"><\/i><\/span>\n\t\t<\/span>\n\n\t\t\t\t\t\t<\/summary>\n\t\t\t\t<div data-particle_enable=\"false\" data-particle-mobile-disabled=\"false\" role=\"region\" aria-labelledby=\"e-n-accordion-item-6994\" class=\"elementor-element elementor-element-8365227 e-con-full e-flex e-con e-child\" data-id=\"8365227\" data-element_type=\"container\" data-e-type=\"container\">\n\t\t\t\t<div class=\"elementor-element elementor-element-c3c355b elementor-widget elementor-widget-text-editor\" data-id=\"c3c355b\" data-element_type=\"widget\" data-e-type=\"widget\" data-widget_type=\"text-editor.default\">\n\t\t\t\t<div class=\"elementor-widget-container\">\n\t\t\t\t\t\t\t\t\t<p>En absoluto. Su elecci\u00f3n de financiaci\u00f3n solo afecta a c\u00f3mo paga, no al nivel de atenci\u00f3n que recibe. Todos los pacientes de Gather Orthodontics reciben el mismo tratamiento personalizado y de alta calidad del Dr. Campbell, tanto si paga al contado como si lo hace a trav\u00e9s de un plan mensual.  <\/p>\t\t\t\t\t\t\t\t<\/div>\n\t\t\t\t<\/div>\n\t\t\t\t<\/div>\n\t\t\t\t\t<\/details>\n\t\t\t\t\t<\/div>\n\t\t\t\t\t\t<\/div>\n\t\t\t\t<\/div>\n\t\t\t\t\t<\/div>\n\t\t<\/div>\n\t\t\t\t\t<\/div>\n\t\t<\/section>\n\t\t\t\t<\/div>\n\t\t","protected":false},"excerpt":{"rendered":"<p>Financiaci\u00f3n ortod\u00f3ncica personalizada En Gather Orthodontics, creemos que el coste nunca deber\u00eda ser un obst\u00e1culo para una sonrisa segura. Por eso, el Dr. Terrence Campbell ofrece opciones de financiaci\u00f3n flexibles dise\u00f1adas para que el tratamiento de ortodoncia se adapte a ti. \u00bfQu\u00e9 opciones de pago hay disponibles para los brackets e Invisalign? Ofrecemos varias formas de facilitar el [&hellip;]<\/p>\n","protected":false},"author":3,"featured_media":0,"parent":0,"menu_order":16,"comment_status":"closed","ping_status":"closed","template":"","meta":{"_seopress_robots_primary_cat":"","_seopress_titles_title":"Financiaci\u00f3n asequible de brackets Holly Springs NC | Gather Orthodontics","_seopress_titles_desc":"Gather Orthodontics ofrece brackets asequibles e Invisalign con financiaci\u00f3n flexible y planes de pago para que la atenci\u00f3n ortod\u00f3ncica de calidad sea accesible para todos.","_seopress_robots_index":"","footnotes":""},"class_list":["post-7214","page","type-page","status-publish"],"_links":{"self":[{"href":"https:\/\/gatherorthodontics.com\/es\/wp-json\/wp\/v2\/pages\/7214","targetHints":{"allow":["GET"]}}],"collection":[{"href":"https:\/\/gatherorthodontics.com\/es\/wp-json\/wp\/v2\/pages"}],"about":[{"href":"https:\/\/gatherorthodontics.com\/es\/wp-json\/wp\/v2\/types\/page"}],"author":[{"embeddable":true,"href":"https:\/\/gatherorthodontics.com\/es\/wp-json\/wp\/v2\/users\/3"}],"replies":[{"embeddable":true,"href":"https:\/\/gatherorthodontics.com\/es\/wp-json\/wp\/v2\/comments?post=7214"}],"version-history":[{"count":5,"href":"https:\/\/gatherorthodontics.com\/es\/wp-json\/wp\/v2\/pages\/7214\/revisions"}],"predecessor-version":[{"id":7408,"href":"https:\/\/gatherorthodontics.com\/es\/wp-json\/wp\/v2\/pages\/7214\/revisions\/7408"}],"wp:attachment":[{"href":"https:\/\/gatherorthodontics.com\/es\/wp-json\/wp\/v2\/media?parent=7214"}],"curies":[{"name":"wp","href":"https:\/\/api.w.org\/{rel}","templated":true}]}}