{"id":7217,"date":"2017-02-06T01:35:10","date_gmt":"2017-02-06T01:35:10","guid":{"rendered":"https:\/\/gatherorthodontics.com\/retenedores-de-ortodoncia\/"},"modified":"2025-11-10T14:05:29","modified_gmt":"2025-11-10T14:05:29","slug":"retenedores-de-ortodoncia","status":"publish","type":"page","link":"https:\/\/gatherorthodontics.com\/es\/retenedores-de-ortodoncia\/","title":{"rendered":"Retenedores de ortodoncia"},"content":{"rendered":"\t\t<div data-elementor-type=\"wp-page\" data-elementor-id=\"7217\" class=\"elementor elementor-7217 elementor-42\" data-elementor-post-type=\"page\">\n\t\t\t\t<div data-particle_enable=\"false\" data-particle-mobile-disabled=\"false\" class=\"elementor-element elementor-element-e3c345f e-flex e-con-boxed e-con e-parent\" data-id=\"e3c345f\" data-element_type=\"container\" data-e-type=\"container\">\n\t\t\t\t\t<div class=\"e-con-inner\">\n\t\t\t\t<div class=\"elementor-element elementor-element-d4f9bf2 elementor-widget__width-inherit elementor-widget elementor-widget-heading\" data-id=\"d4f9bf2\" data-element_type=\"widget\" data-e-type=\"widget\" data-widget_type=\"heading.default\">\n\t\t\t\t<div class=\"elementor-widget-container\">\n\t\t\t\t\t<h1 class=\"elementor-heading-title elementor-size-default\">Retenedores de ortodoncia para evitar que los dientes se muevan<\/h1>\t\t\t\t<\/div>\n\t\t\t\t<\/div>\n\t\t\t\t\t<\/div>\n\t\t\t\t<\/div>\n\t\t\t\t<section data-particle_enable=\"false\" data-particle-mobile-disabled=\"false\" class=\"elementor-section elementor-top-section elementor-element elementor-element-64a401e1 elementor-section-boxed elementor-section-height-default elementor-section-height-default\" data-id=\"64a401e1\" data-element_type=\"section\" data-e-type=\"section\">\n\t\t\t\t\t\t<div class=\"elementor-container elementor-column-gap-default\">\n\t\t\t\t\t<div class=\"elementor-column elementor-col-100 elementor-top-column elementor-element elementor-element-6fe7d140\" data-id=\"6fe7d140\" data-element_type=\"column\" data-e-type=\"column\">\n\t\t\t<div class=\"elementor-widget-wrap elementor-element-populated\">\n\t\t\t\t\t\t<div class=\"elementor-element elementor-element-50da111 elementor-widget elementor-widget-text-editor\" data-id=\"50da111\" data-element_type=\"widget\" data-e-type=\"widget\" data-widget_type=\"text-editor.default\">\n\t\t\t\t<div class=\"elementor-widget-container\">\n\t\t\t\t\t\t\t\t\t<p data-start=\"257\" data-end=\"604\">Completar el tratamiento de ortodoncia es un hito importante, pero mantener tu sonrisa recta y sana requiere un cuidado continuo. Dise\u00f1amos un plan de retenci\u00f3n personalizado para que tus resultados duren muchos a\u00f1os. Usar y mantener tus retenedores es la forma m\u00e1s eficaz de proteger la inversi\u00f3n que has hecho en tu sonrisa.  <\/p>\t\t\t\t\t\t\t\t<\/div>\n\t\t\t\t<\/div>\n\t\t\t\t\t<\/div>\n\t\t<\/div>\n\t\t\t\t\t<\/div>\n\t\t<\/section>\n\t\t<div data-particle_enable=\"false\" data-particle-mobile-disabled=\"false\" class=\"elementor-element elementor-element-529502d e-flex e-con-boxed e-con e-parent\" data-id=\"529502d\" data-element_type=\"container\" data-e-type=\"container\">\n\t\t\t\t\t<div class=\"e-con-inner\">\n\t\t<div data-particle_enable=\"false\" data-particle-mobile-disabled=\"false\" class=\"elementor-element elementor-element-9793492 e-con-full e-flex e-con e-child\" data-id=\"9793492\" data-element_type=\"container\" data-e-type=\"container\">\n\t\t\t\t<div class=\"elementor-element elementor-element-04ca998 elementor-widget elementor-widget-text-editor\" data-id=\"04ca998\" data-element_type=\"widget\" data-e-type=\"widget\" data-widget_type=\"text-editor.default\">\n\t\t\t\t<div class=\"elementor-widget-container\">\n\t\t\t\t\t\t\t\t\t<h2 data-start=\"611\" data-end=\"667\">\u00bfPor qu\u00e9 son importantes los retenedores despu\u00e9s de los brackets o los alineadores transparentes Invisalign?<\/h2><p data-start=\"669\" data-end=\"964\">Cuando se retiran los <a href=\"https:\/\/gatherorthodontics.com\/es\/tipos-de-brackets\/\">brackets<\/a> o los <a href=\"https:\/\/gatherorthodontics.com\/es\/invisalign\/\">alineadores transparentes Invisalign<\/a>, los dientes no quedan fijados permanentemente en su sitio. El hueso y el tejido blando circundantes necesitan tiempo para adaptarse a su nueva alineaci\u00f3n. Sin un retenedor, los dientes pueden volver a desplazarse lentamente hacia su posici\u00f3n original, deshaciendo meses o a\u00f1os de tratamiento.  <\/p><p data-start=\"966\" data-end=\"1230\">Incluso despu\u00e9s de alcanzar la estabilidad, las fuerzas cotidianas como masticar, tragar y el movimiento muscular pueden influir en la posici\u00f3n de los dientes. Por esta raz\u00f3n, la mayor\u00eda de los ortodoncistas recomiendan llevar el retenedor de por vida para asegurar que tu sonrisa se mantenga tan recta como el d\u00eda en que termin\u00f3 el tratamiento. <\/p>\t\t\t\t\t\t\t\t<\/div>\n\t\t\t\t<\/div>\n\t\t\t\t<\/div>\n\t\t<div data-particle_enable=\"false\" data-particle-mobile-disabled=\"false\" class=\"elementor-element elementor-element-cf5cc0b e-con-full e-flex e-con e-child\" data-id=\"cf5cc0b\" data-element_type=\"container\" data-e-type=\"container\">\n\t\t\t\t<div class=\"elementor-element elementor-element-7e017d6 elementor-widget elementor-widget-video\" data-id=\"7e017d6\" data-element_type=\"widget\" data-e-type=\"widget\" data-settings=\"{&quot;youtube_url&quot;:&quot;https:\\\/\\\/youtu.be\\\/5pl9vUFL6ZU&quot;,&quot;video_type&quot;:&quot;youtube&quot;,&quot;controls&quot;:&quot;yes&quot;}\" data-widget_type=\"video.default\">\n\t\t\t\t<div class=\"elementor-widget-container\">\n\t\t\t\t\t\t\t<div class=\"elementor-wrapper elementor-open-inline\">\n\t\t\t<div class=\"elementor-video\"><\/div>\t\t<\/div>\n\t\t\t\t\t\t<\/div>\n\t\t\t\t<\/div>\n\t\t\t\t<\/div>\n\t\t\t\t\t<\/div>\n\t\t\t\t<\/div>\n\t\t\t\t<section data-particle_enable=\"false\" data-particle-mobile-disabled=\"false\" class=\"elementor-section elementor-top-section elementor-element elementor-element-0f2000d elementor-section-boxed elementor-section-height-default elementor-section-height-default\" data-id=\"0f2000d\" data-element_type=\"section\" data-e-type=\"section\">\n\t\t\t\t\t\t<div class=\"elementor-container elementor-column-gap-default\">\n\t\t\t\t\t<div class=\"elementor-column elementor-col-100 elementor-top-column elementor-element elementor-element-adc445c\" data-id=\"adc445c\" data-element_type=\"column\" data-e-type=\"column\">\n\t\t\t<div class=\"elementor-widget-wrap elementor-element-populated\">\n\t\t\t\t\t\t<div class=\"elementor-element elementor-element-1e195da elementor-widget elementor-widget-text-editor\" data-id=\"1e195da\" data-element_type=\"widget\" data-e-type=\"widget\" data-widget_type=\"text-editor.default\">\n\t\t\t\t<div class=\"elementor-widget-container\">\n\t\t\t\t\t\t\t\t\t<h2 data-start=\"1237\" data-end=\"1269\">\u00bfQu\u00e9 tipos de retenedores ofrecemos?<\/h2><h3 data-start=\"1271\" data-end=\"1296\">Retenedores removibles<\/h3><ul data-start=\"1297\" data-end=\"1645\"><li data-start=\"1297\" data-end=\"1378\"><p data-start=\"1299\" data-end=\"1378\">Normalmente se usan a tiempo completo durante el primer a\u00f1o, excepto al comer y cepillarse<\/p><\/li><li data-start=\"1379\" data-end=\"1454\"><p data-start=\"1381\" data-end=\"1454\">Despu\u00e9s de un a\u00f1o: normalmente se usan por la noche mientras se desarrollan las muelas del juicio<\/p><\/li><li><span data-preserver-spaces=\"true\">Una vez que se tratan las muelas del juicio, \u00fasalos al menos una vez a la semana para evitar el movimiento natural<\/span><\/li><li><span data-preserver-spaces=\"true\">Las revisiones peri\u00f3dicas cada 6-9 meses, con radiograf\u00edas cada 18 meses, ayudan a controlar la estabilidad a largo plazo<\/span><\/li><\/ul><h3 data-start=\"1647\" data-end=\"1677\">Retenedores fijos (adheridos)<\/h3><ul data-start=\"1678\" data-end=\"2105\"><li data-start=\"1678\" data-end=\"1763\"><p data-start=\"1680\" data-end=\"1763\">Se adhiere de forma segura un alambre delgado detr\u00e1s de los dientes para mantenerlos en su sitio de forma permanente<\/p><\/li><li data-start=\"1764\" data-end=\"1858\"><p data-start=\"1766\" data-end=\"1858\">Especialmente \u00fatil para pacientes con mayor riesgo de reca\u00edda o con correcciones complejas de la mordida<\/p><\/li><li data-start=\"1859\" data-end=\"1937\"><p data-start=\"1861\" data-end=\"1937\">Debe permanecer en su sitio a menos que surjan problemas de enc\u00edas o huesos debido a la acumulaci\u00f3n de placa<\/p><\/li><li data-start=\"1938\" data-end=\"1994\"><p data-start=\"1940\" data-end=\"1994\">Si se retira, se sustituye por un retenedor removible<\/p><\/li><li data-start=\"1995\" data-end=\"2105\"><p data-start=\"1997\" data-end=\"2105\">El alambre debe inspeccionarse durante las limpiezas dentales rutinarias para asegurar que permanece intacto y libre de acumulaci\u00f3n<\/p><\/li><\/ul>\t\t\t\t\t\t\t\t<\/div>\n\t\t\t\t<\/div>\n\t\t\t\t<section data-particle_enable=\"false\" data-particle-mobile-disabled=\"false\" class=\"elementor-section elementor-inner-section elementor-element elementor-element-2f437c8 elementor-section-boxed elementor-section-height-default elementor-section-height-default\" data-id=\"2f437c8\" data-element_type=\"section\" data-e-type=\"section\">\n\t\t\t\t\t\t<div class=\"elementor-container elementor-column-gap-default\">\n\t\t\t\t\t<div class=\"elementor-column elementor-col-50 elementor-inner-column elementor-element elementor-element-53a8473\" data-id=\"53a8473\" data-element_type=\"column\" data-e-type=\"column\">\n\t\t\t<div class=\"elementor-widget-wrap elementor-element-populated\">\n\t\t\t\t\t\t<div class=\"elementor-element elementor-element-18adb2c elementor-widget elementor-widget-heading\" data-id=\"18adb2c\" data-element_type=\"widget\" data-e-type=\"widget\" data-widget_type=\"heading.default\">\n\t\t\t\t<div class=\"elementor-widget-container\">\n\t\t\t\t\t<h4 class=\"elementor-heading-title elementor-size-default\">Retenedor transparente<\/h4>\t\t\t\t<\/div>\n\t\t\t\t<\/div>\n\t\t\t\t<div class=\"elementor-element elementor-element-524f94a elementor-widget elementor-widget-image\" data-id=\"524f94a\" data-element_type=\"widget\" data-e-type=\"widget\" data-widget_type=\"image.default\">\n\t\t\t\t<div class=\"elementor-widget-container\">\n\t\t\t\t\t\t\t\t\t\t\t\t\t\t\t<img fetchpriority=\"high\" decoding=\"async\" width=\"600\" height=\"303\" src=\"https:\/\/gatherorthodontics.com\/wp-content\/uploads\/2023\/03\/iStock-1210031986-clear-retainer-essix-vivera-600px.jpg\" class=\"attachment-large size-large wp-image-7219\" alt=\"Retenedores transparentes Gather Orthodontics en Holly Springs, NC\" srcset=\"https:\/\/gatherorthodontics.com\/wp-content\/uploads\/2023\/03\/iStock-1210031986-clear-retainer-essix-vivera-600px.jpg 600w, https:\/\/gatherorthodontics.com\/wp-content\/uploads\/2023\/03\/iStock-1210031986-clear-retainer-essix-vivera-600px-300x152.jpg 300w\" sizes=\"(max-width: 600px) 100vw, 600px\" \/>\t\t\t\t\t\t\t\t\t\t\t\t\t\t\t<\/div>\n\t\t\t\t<\/div>\n\t\t\t\t\t<\/div>\n\t\t<\/div>\n\t\t\t\t<div class=\"elementor-column elementor-col-50 elementor-inner-column elementor-element elementor-element-ffc3d05\" data-id=\"ffc3d05\" data-element_type=\"column\" data-e-type=\"column\">\n\t\t\t<div class=\"elementor-widget-wrap elementor-element-populated\">\n\t\t\t\t\t\t<div class=\"elementor-element elementor-element-ece7588 elementor-widget elementor-widget-heading\" data-id=\"ece7588\" data-element_type=\"widget\" data-e-type=\"widget\" data-widget_type=\"heading.default\">\n\t\t\t\t<div class=\"elementor-widget-container\">\n\t\t\t\t\t<h4 class=\"elementor-heading-title elementor-size-default\">Retenedor fijo<\/h4>\t\t\t\t<\/div>\n\t\t\t\t<\/div>\n\t\t\t\t<div class=\"elementor-element elementor-element-54a5963 elementor-widget elementor-widget-image\" data-id=\"54a5963\" data-element_type=\"widget\" data-e-type=\"widget\" data-widget_type=\"image.default\">\n\t\t\t\t<div class=\"elementor-widget-container\">\n\t\t\t\t\t\t\t\t\t\t\t\t\t\t\t<img decoding=\"async\" width=\"600\" height=\"400\" src=\"https:\/\/gatherorthodontics.com\/wp-content\/uploads\/2023\/03\/iStock-1204178247-fixed-retainer-600x400-1.jpg\" class=\"attachment-large size-large wp-image-7220\" alt=\"Retenedores fijos Gather Orthodontics en Holly Springs, NC\" srcset=\"https:\/\/gatherorthodontics.com\/wp-content\/uploads\/2023\/03\/iStock-1204178247-fixed-retainer-600x400-1.jpg 600w, https:\/\/gatherorthodontics.com\/wp-content\/uploads\/2023\/03\/iStock-1204178247-fixed-retainer-600x400-1-300x200.jpg 300w\" sizes=\"(max-width: 600px) 100vw, 600px\" \/>\t\t\t\t\t\t\t\t\t\t\t\t\t\t\t<\/div>\n\t\t\t\t<\/div>\n\t\t\t\t\t<\/div>\n\t\t<\/div>\n\t\t\t\t\t<\/div>\n\t\t<\/section>\n\t\t\t\t<div class=\"elementor-element elementor-element-b2f95a2 elementor-widget elementor-widget-text-editor\" data-id=\"b2f95a2\" data-element_type=\"widget\" data-e-type=\"widget\" data-widget_type=\"text-editor.default\">\n\t\t\t\t<div class=\"elementor-widget-container\">\n\t\t\t\t\t\t\t\t\t<h2 data-start=\"2495\" data-end=\"2529\">\u00bfC\u00f3mo cuidar tu retenedor?<\/h2><p data-start=\"2531\" data-end=\"2630\">El <a href=\"https:\/\/gatherorthodontics.com\/es\/conozca-al-dr-campbell\/\">Dr. Terrence Campbell<\/a> recomienda las siguientes pautas para mantener tus retenedores en \u00f3ptimas condiciones:<\/p><ul data-start=\"2632\" data-end=\"3273\"><li data-start=\"2632\" data-end=\"2715\"><p data-start=\"2634\" data-end=\"2715\"><strong data-start=\"2634\" data-end=\"2649\">Evita el calor:<\/strong> Mantenlos alejados de lavavajillas, coches calientes o cualquier superficie que supere los 46 \u00b0C<\/p><\/li><li data-start=\"2716\" data-end=\"2801\"><p data-start=\"2718\" data-end=\"2801\"><strong data-start=\"2718\" data-end=\"2737\">Guarda correctamente:<\/strong> Utiliza siempre el estuche protector cuando no est\u00e9s usando el retenedor<\/p><\/li><li data-start=\"2802\" data-end=\"2872\"><p data-start=\"2804\" data-end=\"2872\"><strong data-start=\"2804\" data-end=\"2828\">Mantenlos alejados de las mascotas:<\/strong> Los perros, especialmente, tienden a masticar los retenedores<\/p><\/li><li data-start=\"2873\" data-end=\"2945\"><p data-start=\"2875\" data-end=\"2945\"><strong data-start=\"2875\" data-end=\"2891\">Limpia a diario:<\/strong> Usa jab\u00f3n suave y un cepillo de dientes suave despu\u00e9s de cada uso<\/p><\/li><li data-start=\"2946\" data-end=\"3030\"><p data-start=\"2948\" data-end=\"3030\"><strong data-start=\"2948\" data-end=\"2973\">Limpia en profundidad con regularidad:<\/strong> Productos como Efferdent ayudan a eliminar el sarro y la acumulaci\u00f3n<\/p><\/li><li data-start=\"3031\" data-end=\"3151\"><p data-start=\"3033\" data-end=\"3151\"><strong data-start=\"3033\" data-end=\"3057\">Sustituye cuando sea necesario:<\/strong> Se incluye un juego con el tratamiento; los retenedores perdidos o da\u00f1ados pueden requerir una tarifa de sustituci\u00f3n<\/p><\/li><li data-start=\"3152\" data-end=\"3273\"><p data-start=\"3154\" data-end=\"3273\"><strong data-start=\"3154\" data-end=\"3180\">Informa de los problemas r\u00e1pidamente:<\/strong> Si tu retenedor se siente suelto, se rompe o no encaja correctamente, llama a nuestra consulta de inmediato<\/p><\/li><\/ul><h2 data-start=\"3280\" data-end=\"3319\">\u00bfCu\u00e1ndo podr\u00eda ser necesaria una retenci\u00f3n adicional?<\/h2><p data-start=\"3321\" data-end=\"3402\">Algunos pacientes se benefician de un uso adicional del retenedor, especialmente si tienen:<\/p><ul data-start=\"3404\" data-end=\"3625\"><li data-start=\"3404\" data-end=\"3430\"><p data-start=\"3406\" data-end=\"3430\">H\u00e1bitos de respiraci\u00f3n bucal<\/p><\/li><li data-start=\"3431\" data-end=\"3462\"><p data-start=\"3433\" data-end=\"3462\">Apretamiento o rechinar de dientes<\/p><\/li><li data-start=\"3463\" data-end=\"3510\"><p data-start=\"3465\" data-end=\"3510\">Empuje lingual o postura anormal de la lengua<\/p><\/li><li data-start=\"3511\" data-end=\"3538\"><p data-start=\"3513\" data-end=\"3538\">Tocar instrumentos de leng\u00fceta<\/p><\/li><li data-start=\"3539\" data-end=\"3576\"><p data-start=\"3541\" data-end=\"3576\">Succi\u00f3n de labios o masticaci\u00f3n de objetos<\/p><\/li><li data-start=\"3577\" data-end=\"3625\"><p data-start=\"3579\" data-end=\"3625\">Grandes espacios o dientes rotados antes del tratamiento<\/p><\/li><\/ul><h2 data-start=\"3632\" data-end=\"3665\">Contin\u00faa con el cuidado dental regular<\/h2><p data-start=\"3667\" data-end=\"3764\">Un retenedor es solo una parte del mantenimiento de tus resultados. Para mantener tu sonrisa sana y estable: <\/p><ul data-start=\"3766\" data-end=\"3860\"><li data-start=\"3766\" data-end=\"3791\"><p data-start=\"3768\" data-end=\"3791\">Cep\u00edllate y usa hilo dental a diario<\/p><\/li><li data-start=\"3792\" data-end=\"3860\"><p data-start=\"3794\" data-end=\"3860\">Visita a tu dentista familiar cada 6 meses para limpiezas y ex\u00e1menes<\/p><\/li><\/ul><p data-start=\"3862\" data-end=\"4104\">En Gather Orthodontics, nuestra misi\u00f3n es simple: ayudar a que tu sonrisa se mantenga tan radiante como el d\u00eda en que te quitaron los brackets. Con el uso constante del retenedor y un buen cuidado bucal, puedes disfrutar de los beneficios del tratamiento de ortodoncia de por vida. <\/p>\t\t\t\t\t\t\t\t<\/div>\n\t\t\t\t<\/div>\n\t\t\t\t\t<\/div>\n\t\t<\/div>\n\t\t\t\t\t<\/div>\n\t\t<\/section>\n\t\t\t\t<\/div>\n\t\t","protected":false},"excerpt":{"rendered":"<p>Retenedores de ortodoncia para evitar que los dientes se muevan Completar el tratamiento de ortodoncia es un hito importante, pero mantener tu sonrisa recta y sana requiere un cuidado continuo. Dise\u00f1amos un plan de retenci\u00f3n personalizado para que tus resultados duren muchos a\u00f1os. Usar y mantener tus retenedores es la forma m\u00e1s eficaz de proteger la inversi\u00f3n que [&hellip;]<\/p>\n","protected":false},"author":3,"featured_media":0,"parent":0,"menu_order":36,"comment_status":"closed","ping_status":"closed","template":"","meta":{"_seopress_robots_primary_cat":"","_seopress_titles_title":"Retenedores despu\u00e9s de los brackets Holly Springs NC | Gather Orthodontics","_seopress_titles_desc":"Los retenedores de ortodoncia despu\u00e9s de los brackets o Invisalign evitan que los dientes se muevan, ayudando a que tu sonrisa se mantenga recta, sana y estable mucho despu\u00e9s de que finalice el tratamiento.","_seopress_robots_index":"","footnotes":""},"class_list":["post-7217","page","type-page","status-publish"],"_links":{"self":[{"href":"https:\/\/gatherorthodontics.com\/es\/wp-json\/wp\/v2\/pages\/7217","targetHints":{"allow":["GET"]}}],"collection":[{"href":"https:\/\/gatherorthodontics.com\/es\/wp-json\/wp\/v2\/pages"}],"about":[{"href":"https:\/\/gatherorthodontics.com\/es\/wp-json\/wp\/v2\/types\/page"}],"author":[{"embeddable":true,"href":"https:\/\/gatherorthodontics.com\/es\/wp-json\/wp\/v2\/users\/3"}],"replies":[{"embeddable":true,"href":"https:\/\/gatherorthodontics.com\/es\/wp-json\/wp\/v2\/comments?post=7217"}],"version-history":[{"count":3,"href":"https:\/\/gatherorthodontics.com\/es\/wp-json\/wp\/v2\/pages\/7217\/revisions"}],"predecessor-version":[{"id":7475,"href":"https:\/\/gatherorthodontics.com\/es\/wp-json\/wp\/v2\/pages\/7217\/revisions\/7475"}],"wp:attachment":[{"href":"https:\/\/gatherorthodontics.com\/es\/wp-json\/wp\/v2\/media?parent=7217"}],"curies":[{"name":"wp","href":"https:\/\/api.w.org\/{rel}","templated":true}]}}