{"id":7218,"date":"2017-02-06T01:30:01","date_gmt":"2017-02-06T01:30:01","guid":{"rendered":"https:\/\/gatherorthodontics.com\/primera-visita\/"},"modified":"2025-11-08T17:19:38","modified_gmt":"2025-11-08T17:19:38","slug":"primera-visita","status":"publish","type":"page","link":"https:\/\/gatherorthodontics.com\/es\/primera-visita\/","title":{"rendered":"Primera visita"},"content":{"rendered":"\t\t<div data-elementor-type=\"wp-page\" data-elementor-id=\"7218\" class=\"elementor elementor-7218 elementor-28\" data-elementor-post-type=\"page\">\n\t\t\t\t<div data-particle_enable=\"false\" data-particle-mobile-disabled=\"false\" class=\"elementor-element elementor-element-8effb5f e-flex e-con-boxed e-con e-parent\" data-id=\"8effb5f\" data-element_type=\"container\" data-e-type=\"container\">\n\t\t\t\t\t<div class=\"e-con-inner\">\n\t\t\t\t<div class=\"elementor-element elementor-element-90beb49 elementor-widget__width-inherit elementor-widget elementor-widget-heading\" data-id=\"90beb49\" data-element_type=\"widget\" data-e-type=\"widget\" data-widget_type=\"heading.default\">\n\t\t\t\t<div class=\"elementor-widget-container\">\n\t\t\t\t\t<h1 class=\"elementor-heading-title elementor-size-default\">Tu primera visita de ortodoncia en Gather Orthodontics<\/h1>\t\t\t\t<\/div>\n\t\t\t\t<\/div>\n\t\t\t\t\t<\/div>\n\t\t\t\t<\/div>\n\t\t\t\t<section data-particle_enable=\"false\" data-particle-mobile-disabled=\"false\" class=\"elementor-section elementor-top-section elementor-element elementor-element-600a6db2 elementor-section-boxed elementor-section-height-default elementor-section-height-default\" data-id=\"600a6db2\" data-element_type=\"section\" data-e-type=\"section\">\n\t\t\t\t\t\t<div class=\"elementor-container elementor-column-gap-default\">\n\t\t\t\t\t<div class=\"elementor-column elementor-col-100 elementor-top-column elementor-element elementor-element-10d72020\" data-id=\"10d72020\" data-element_type=\"column\" data-e-type=\"column\">\n\t\t\t<div class=\"elementor-widget-wrap elementor-element-populated\">\n\t\t\t\t\t\t<div class=\"elementor-element elementor-element-5472c7d1 elementor-widget elementor-widget-text-editor\" data-id=\"5472c7d1\" data-element_type=\"widget\" data-e-type=\"widget\" data-widget_type=\"text-editor.default\">\n\t\t\t\t<div class=\"elementor-widget-container\">\n\t\t\t\t\t\t\t\t\t<p data-start=\"411\" data-end=\"794\"><img fetchpriority=\"high\" decoding=\"async\" class=\"alignright\" src=\"https:\/\/gatherorthodontics.com\/wp-content\/uploads\/2024\/11\/Homepage-Photo-Placeholder-300x300.jpg\" alt=\"Cl\u00ednica de ortodoncia Gather en Holly Springs, Carolina del Norte\" width=\"361\" height=\"361\">Empezar tu tratamiento de ortodoncia es emocionante, y estamos deseando darte la bienvenida a Gather Orthodontics. Desde el momento en que te registres con nuestra recepcionista, notar\u00e1s que tu comodidad y confianza son nuestra prioridad. Durante esta primera cita, <a href=\"https:\/\/gatherorthodontics.com\/es\/conozca-al-dr-campbell\/\">el Dr. Terrence Campbell<\/a> te har\u00e1 una revisi\u00f3n de ortodoncia detallada y os explicar\u00e1 a ti y a tu familia cada paso del proceso.  <\/p><h2 data-start=\"796\" data-end=\"839\">\u00bfPor qu\u00e9 es importante la consulta inicial con el ortodoncista?<\/h2><p data-start=\"841\" data-end=\"935\">La primera visita est\u00e1 dise\u00f1ada para responder a las preguntas que la mayor\u00eda de los pacientes y padres tienen, tales como:<\/p><ul data-start=\"937\" data-end=\"1156\"><li data-start=\"937\" data-end=\"985\"><p data-start=\"939\" data-end=\"985\">\u00bfQu\u00e9 problemas de ortodoncia hay presentes, si los hay?<\/p><\/li><li data-start=\"986\" data-end=\"1031\"><p data-start=\"988\" data-end=\"1031\">\u00bfCu\u00e1ndo es el mejor momento para empezar el tratamiento?<\/p><\/li><li data-start=\"1032\" data-end=\"1074\"><p data-start=\"1034\" data-end=\"1074\">\u00bfQu\u00e9 tipo de tratamiento funcionar\u00e1 mejor?<\/p><\/li><li data-start=\"1075\" data-end=\"1108\"><p data-start=\"1077\" data-end=\"1108\">\u00bfCu\u00e1nto tiempo durar\u00e1 el tratamiento?<\/p><\/li><li data-start=\"1109\" data-end=\"1156\"><p data-start=\"1111\" data-end=\"1156\">\u00bfCu\u00e1l ser\u00e1 la inversi\u00f3n en el coste del tratamiento?<\/p><\/li><\/ul><p data-start=\"1158\" data-end=\"1262\">Al final de tu consulta, tendr\u00e1s una idea clara de tus opciones de tratamiento y los siguientes pasos.<\/p><h2 data-start=\"1264\" data-end=\"1295\">\u00bfQu\u00e9 ocurre en el examen?<\/h2><p data-start=\"1297\" data-end=\"1472\">Si se recomienda el tratamiento, utilizaremos <strong style=\"text-align: var(--text-align); font-size: 1em;\" data-start=\"1370\" data-end=\"1392\">registros de diagn\u00f3stico<\/strong><span style=\"text-align: var(--text-align); font-size: 1em;\"> para determinar el mejor tipo de tratamiento y cu\u00e1ndo puede comenzar el tratamiento.<\/span><\/p><h3 data-start=\"1474\" data-end=\"1506\">\u00bfQu\u00e9 son los registros de diagn\u00f3stico?<\/h3><p><img decoding=\"async\" class=\"alignleft\" src=\"https:\/\/gatherorthodontics.com\/wp-content\/uploads\/2023\/04\/Itero-Screen-300x197.png\" alt=\"Esc\u00e1ner iTero Gather Orthodontics en Holly Springs, NC\" width=\"377\" height=\"247\"><\/p><p data-start=\"1508\" data-end=\"1600\">Los registros de diagn\u00f3stico nos permiten crear un plan de tratamiento personalizado. Normalmente incluyen: <\/p><ul data-start=\"1602\" data-end=\"1715\"><li data-start=\"1641\" data-end=\"1679\"><p style=\"text-align: left;\" data-start=\"1643\" data-end=\"1679\">Modelos de estudio digitales de tus dientes<\/p><\/li><li data-start=\"1641\" data-end=\"1679\"><p style=\"text-align: left;\" data-start=\"1643\" data-end=\"1679\">Radiograf\u00edas panor\u00e1micas y cefalom\u00e9tricas<\/p><\/li><li data-start=\"1641\" data-end=\"1679\">Trazados y evaluaciones de crecimiento<\/li><\/ul><p data-start=\"1717\" data-end=\"1836\">Estas herramientas le dan a tu ortodoncista una imagen completa de tu sonrisa y ayudan a determinar el camino m\u00e1s eficaz a seguir.<\/p><h2 data-start=\"1838\" data-end=\"1876\"> <\/h2><h2 data-start=\"1838\" data-end=\"1876\">Entendiendo tu inversi\u00f3n en el tratamiento de ortodoncia<\/h2><p data-start=\"1878\" data-end=\"2030\">Cada sonrisa es \u00fanica, lo que significa que <a href=\"https:\/\/gatherorthodontics.com\/es\/financiacion-sencilla\/\">los costes del tratamiento<\/a> var\u00edan en funci\u00f3n de la complejidad del caso. Durante tu consulta, nuestro coordinador de tratamiento: <\/p><ul data-start=\"2032\" data-end=\"2210\"><li data-start=\"2032\" data-end=\"2074\"><p data-start=\"2034\" data-end=\"2074\">Revisar\u00e1 el coste estimado del tratamiento<\/p><\/li><li data-start=\"2075\" data-end=\"2133\"><p data-start=\"2077\" data-end=\"2133\">Discutir\u00e1 los <strong data-start=\"2095\" data-end=\"2112\">planes de pago<\/strong> disponibles para ajustarse a tu presupuesto<\/p><\/li><li data-start=\"2134\" data-end=\"2210\"><p data-start=\"2136\" data-end=\"2210\">Te explicamos c\u00f3mo tus <strong data-start=\"2153\" data-end=\"2175\">beneficios del seguro<\/strong> pueden reducir los gastos de tu bolsillo<\/p><\/li><\/ul><p data-start=\"2212\" data-end=\"2295\">Estamos comprometidos a hacer que la ortodoncia sea asequible y accesible para todas las familias.<\/p><h3 data-start=\"2297\" data-end=\"2329\">\u00bfQu\u00e9 incluye tu inversi\u00f3n?<\/h3><h3 data-start=\"2297\" data-end=\"2329\"><img decoding=\"async\" class=\"alignright\" src=\"https:\/\/gatherorthodontics.com\/wp-content\/uploads\/2022\/03\/Invisalign-Clear-Aligner-300x197.jpg\" alt=\"Alineadores transparentes Invisaign Gather Orthodontics en Holly Springs, NC\" width=\"404\" height=\"265\"><\/h3><p data-start=\"2331\" data-end=\"2403\">Tu inversi\u00f3n en el cuidado de la ortodoncia viene con beneficios integrales:<\/p><ul data-start=\"2405\" data-end=\"2811\"><li data-start=\"2405\" data-end=\"2484\"><p data-start=\"2407\" data-end=\"2484\"><strong data-start=\"2407\" data-end=\"2439\">Registros completos de ortodoncia<\/strong>: radiograf\u00edas, modelos de estudio y an\u00e1lisis de crecimiento<\/p><\/li><li data-start=\"2485\" data-end=\"2608\"><p data-start=\"2487\" data-end=\"2608\"><strong data-start=\"2487\" data-end=\"2507\">Tratamiento activo<\/strong>: tratamiento con <a href=\"https:\/\/gatherorthodontics.com\/es\/tipos-de-brackets\/\">brackets<\/a> o <a href=\"https:\/\/gatherorthodontics.com\/es\/invisalign\/\">Invisalign<\/a>, aparatos, visitas al consultorio y procedimientos realizados en nuestro consultorio<\/p><\/li><li data-start=\"2609\" data-end=\"2707\"><p data-start=\"2611\" data-end=\"2707\"><strong data-start=\"2611\" data-end=\"2633\">Aparatos duraderos<\/strong>: dise\u00f1ados para durar durante tu per\u00edodo de tratamiento cuando se utilizan seg\u00fan las instrucciones<\/p><\/li><li data-start=\"2708\" data-end=\"2811\"><p data-start=\"2710\" data-end=\"2811\"><strong data-start=\"2710\" data-end=\"2729\">Retenedores finales<\/strong>: proporcionados a los pacientes al final del tratamiento<\/p><\/li><\/ul><p data-start=\"2813\" data-end=\"2896\"><em data-start=\"2813\" data-end=\"2896\">Ten en cuenta: Se aplican tarifas de reemplazo por aparatos y retenedores perdidos o da\u00f1ados.<\/em><\/p><h3 data-start=\"2898\" data-end=\"2938\">\u00bfQu\u00e9 no incluye tu inversi\u00f3n?<\/h3><p data-start=\"2940\" data-end=\"2976\">Tu tarifa de tratamiento no cubre:<\/p><ul data-start=\"2978\" data-end=\"3184\"><li data-start=\"2978\" data-end=\"3025\"><p data-start=\"2980\" data-end=\"3025\">Trabajo dental realizado fuera de nuestra consulta<\/p><\/li><li data-start=\"3026\" data-end=\"3109\"><p data-start=\"3028\" data-end=\"3109\">Ajustes de tratamiento requeridos debido a accidentes externos, lesiones o complicaciones<\/p><\/li><li data-start=\"3110\" data-end=\"3184\"><p data-start=\"3112\" data-end=\"3184\">Procedimientos quir\u00fargicos adicionales, como la cirug\u00eda ortogn\u00e1tica, si es necesario<\/p><\/li><\/ul><h2 data-start=\"3186\" data-end=\"3211\">Seguro y beneficios<\/h2><p>Queremos que tu experiencia de ortodoncia sea lo m\u00e1s f\u00e1cil y libre de estr\u00e9s posible. Nuestra consulta acepta la asignaci\u00f3n de beneficios para la mayor\u00eda de los planes de seguro, lo que ayuda a reducir tus gastos de bolsillo. Si tu plan no permite la asignaci\u00f3n directa, \u00a1no te preocupes! Seguiremos gestionando el papeleo por ti para que puedas maximizar tus beneficios. Si tu seguro cambia en cualquier momento durante el tratamiento, solo tienes que comunic\u00e1rnoslo. Actualizaremos tu plan financiero y nos aseguraremos de que todo siga siendo preciso y f\u00e1cil de gestionar.     <\/p><h2 data-start=\"3542\" data-end=\"3574\">Horario de oficina y citas<\/h2><p data-start=\"3576\" data-end=\"3682\">Valoramos tu tiempo y nos esforzamos por atender a cada paciente con prontitud. Cada <a href=\"https:\/\/gatherorthodontics.com\/es\/solicitar-una-cita\/\">cita<\/a> est\u00e1 programada para permitir: <\/p><ul data-start=\"3684\" data-end=\"3789\"><li data-start=\"3684\" data-end=\"3726\"><p data-start=\"3686\" data-end=\"3726\">La realizaci\u00f3n de los procedimientos necesarios<\/p><\/li><li data-start=\"3727\" data-end=\"3755\"><p data-start=\"3729\" data-end=\"3755\">Actualizaciones sobre tu progreso<\/p><\/li><li data-start=\"3756\" data-end=\"3789\"><p data-start=\"3758\" data-end=\"3789\">Tiempo para responder a tus preguntas<\/p><\/li><\/ul><p data-start=\"3791\" data-end=\"3974\">Para ayudarnos a mantener el horario, te pedimos que llegues a tiempo a tu cita. Tu cooperaci\u00f3n garantiza visitas m\u00e1s fluidas para ti y para otros pacientes programados despu\u00e9s de ti. <\/p>\t\t\t\t\t\t\t\t<\/div>\n\t\t\t\t<\/div>\n\t\t\t\t\t<\/div>\n\t\t<\/div>\n\t\t\t\t\t<\/div>\n\t\t<\/section>\n\t\t\t\t<\/div>\n\t\t","protected":false},"excerpt":{"rendered":"<p>Tu primera visita de ortodoncia en Gather Orthodontics Empezar tu tratamiento de ortodoncia es emocionante, y estamos deseando darte la bienvenida a Gather Orthodontics. Desde el momento en que te registres con nuestra recepcionista, notar\u00e1s que tu comodidad y confianza son nuestra prioridad. Durante esta primera cita, el Dr. Terrence Campbell te har\u00e1 una revisi\u00f3n de ortodoncia detallada [&hellip;]<\/p>\n","protected":false},"author":3,"featured_media":0,"parent":0,"menu_order":14,"comment_status":"closed","ping_status":"closed","template":"","meta":{"_seopress_robots_primary_cat":"","_seopress_titles_title":"Primera visita de ortodoncia en Gather Orthodontics Holly Springs NC","_seopress_titles_desc":"Tu primera visita a Gather Orthodontics incluye una consulta exhaustiva con el ortodoncista, un plan de tratamiento personalizado y orientaci\u00f3n sobre las opciones de financiaci\u00f3n.","_seopress_robots_index":"","footnotes":""},"class_list":["post-7218","page","type-page","status-publish"],"_links":{"self":[{"href":"https:\/\/gatherorthodontics.com\/es\/wp-json\/wp\/v2\/pages\/7218","targetHints":{"allow":["GET"]}}],"collection":[{"href":"https:\/\/gatherorthodontics.com\/es\/wp-json\/wp\/v2\/pages"}],"about":[{"href":"https:\/\/gatherorthodontics.com\/es\/wp-json\/wp\/v2\/types\/page"}],"author":[{"embeddable":true,"href":"https:\/\/gatherorthodontics.com\/es\/wp-json\/wp\/v2\/users\/3"}],"replies":[{"embeddable":true,"href":"https:\/\/gatherorthodontics.com\/es\/wp-json\/wp\/v2\/comments?post=7218"}],"version-history":[{"count":5,"href":"https:\/\/gatherorthodontics.com\/es\/wp-json\/wp\/v2\/pages\/7218\/revisions"}],"predecessor-version":[{"id":7401,"href":"https:\/\/gatherorthodontics.com\/es\/wp-json\/wp\/v2\/pages\/7218\/revisions\/7401"}],"wp:attachment":[{"href":"https:\/\/gatherorthodontics.com\/es\/wp-json\/wp\/v2\/media?parent=7218"}],"curies":[{"name":"wp","href":"https:\/\/api.w.org\/{rel}","templated":true}]}}