{"id":7224,"date":"2017-02-06T01:30:55","date_gmt":"2017-02-06T01:30:55","guid":{"rendered":"https:\/\/gatherorthodontics.com\/atencion-de-urgencias\/"},"modified":"2025-10-25T21:25:16","modified_gmt":"2025-10-25T21:25:16","slug":"atencion-de-urgencias","status":"publish","type":"page","link":"https:\/\/gatherorthodontics.com\/es\/atencion-de-urgencias\/","title":{"rendered":"Atenci\u00f3n de urgencias"},"content":{"rendered":"\t\t<div data-elementor-type=\"wp-page\" data-elementor-id=\"7224\" class=\"elementor elementor-7224 elementor-30\" data-elementor-post-type=\"page\">\n\t\t\t\t<div data-particle_enable=\"false\" data-particle-mobile-disabled=\"false\" class=\"elementor-element elementor-element-e7b815c e-flex e-con-boxed e-con e-parent\" data-id=\"e7b815c\" data-element_type=\"container\" data-e-type=\"container\">\n\t\t\t\t\t<div class=\"e-con-inner\">\n\t\t\t\t<div class=\"elementor-element elementor-element-727e58e elementor-widget__width-inherit elementor-widget elementor-widget-heading\" data-id=\"727e58e\" data-element_type=\"widget\" data-e-type=\"widget\" data-widget_type=\"heading.default\">\n\t\t\t\t<div class=\"elementor-widget-container\">\n\t\t\t\t\t<h1 class=\"elementor-heading-title elementor-size-default\">Atenci\u00f3n de urgencias de ortodoncia<\/h1>\t\t\t\t<\/div>\n\t\t\t\t<\/div>\n\t\t\t\t\t<\/div>\n\t\t\t\t<\/div>\n\t\t\t\t<section data-particle_enable=\"false\" data-particle-mobile-disabled=\"false\" class=\"elementor-section elementor-top-section elementor-element elementor-element-39133a2d elementor-section-boxed elementor-section-height-default elementor-section-height-default\" data-id=\"39133a2d\" data-element_type=\"section\" data-e-type=\"section\">\n\t\t\t\t\t\t<div class=\"elementor-container elementor-column-gap-default\">\n\t\t\t\t\t<div class=\"elementor-column elementor-col-100 elementor-top-column elementor-element elementor-element-423a050a\" data-id=\"423a050a\" data-element_type=\"column\" data-e-type=\"column\">\n\t\t\t<div class=\"elementor-widget-wrap elementor-element-populated\">\n\t\t\t\t\t\t<div class=\"elementor-element elementor-element-3c018611 elementor-widget elementor-widget-text-editor\" data-id=\"3c018611\" data-element_type=\"widget\" data-e-type=\"widget\" data-widget_type=\"text-editor.default\">\n\t\t\t\t<div class=\"elementor-widget-container\">\n\t\t\t\t\t\t\t\t\t<p data-start=\"272\" data-end=\"491\">Si bien el tratamiento de ortodoncia es generalmente seguro, ocasionalmente los pacientes pueden experimentar una lesi\u00f3n dental o un problema con el aparato. Saber c\u00f3mo manejar estas situaciones puede minimizar las molestias y evitar retrasos en el tratamiento. <\/p>\t\t\t\t\t\t\t\t<\/div>\n\t\t\t\t<\/div>\n\t\t\t\t\t<\/div>\n\t\t<\/div>\n\t\t\t\t\t<\/div>\n\t\t<\/section>\n\t\t<div data-particle_enable=\"false\" data-particle-mobile-disabled=\"false\" class=\"elementor-element elementor-element-19b9fe7 e-flex e-con-boxed e-con e-parent\" data-id=\"19b9fe7\" data-element_type=\"container\" data-e-type=\"container\">\n\t\t\t\t\t<div class=\"e-con-inner\">\n\t\t<div data-particle_enable=\"false\" data-particle-mobile-disabled=\"false\" class=\"elementor-element elementor-element-cf370eb e-con-full e-flex e-con e-child\" data-id=\"cf370eb\" data-element_type=\"container\" data-e-type=\"container\">\n\t\t\t\t<div class=\"elementor-element elementor-element-351349c elementor-widget elementor-widget-text-editor\" data-id=\"351349c\" data-element_type=\"widget\" data-e-type=\"widget\" data-widget_type=\"text-editor.default\">\n\t\t\t\t<div class=\"elementor-widget-container\">\n\t\t\t\t\t\t\t\t\t<h2 data-start=\"493\" data-end=\"541\">Urgencias relacionadas con aparatos de ortodoncia<\/h2><p data-start=\"543\" data-end=\"846\">Los aparatos a veces pueden romperse, doblarse o causar irritaci\u00f3n. Los problemas comunes incluyen bandas sueltas, brackets o alambres que sobresalen. Si ocurre alguno de estos, llama a nuestra consulta durante el horario de atenci\u00f3n al paciente para <g id=\"gid_0\">programar una cita<\/g>. No se ofrece atenci\u00f3n de urgencias sin cita previa para garantizar la comodidad de los pacientes programados.   <\/p><p data-start=\"848\" data-end=\"898\">Mientras tanto, puedes probar estos consejos \u00fatiles:<\/p><ul data-start=\"900\" data-end=\"1279\"><li data-start=\"900\" data-end=\"1045\"><p data-start=\"902\" data-end=\"1045\"><strong data-start=\"902\" data-end=\"926\">Alambres de ligadura que irritan<\/strong>: C\u00fabrelos con cera de ortodoncia o m\u00e9telos suavemente debajo del arco con un objeto romo, como la goma de un l\u00e1piz o un bastoncillo de algod\u00f3n<\/p><\/li><li data-start=\"1046\" data-end=\"1132\"><p data-start=\"1048\" data-end=\"1132\"><strong data-start=\"1048\" data-end=\"1075\">Bandas o brackets sueltos<\/strong>: Por lo general, es seguro dejarlos en su lugar hasta tu cita<\/p><\/li><li data-start=\"1133\" data-end=\"1279\"><p data-start=\"1135\" data-end=\"1279\"><strong data-start=\"1135\" data-end=\"1165\">Arcos que sobresalen o est\u00e1n rotos<\/strong>: D\u00f3blalos suavemente con la goma de un l\u00e1piz o c\u00f3rtalos con cuidado con un corta\u00fa\u00f1as; llama a nuestra consulta si la molestia contin\u00faa<\/p><\/li><\/ul>\t\t\t\t\t\t\t\t<\/div>\n\t\t\t\t<\/div>\n\t\t\t\t<\/div>\n\t\t<div data-particle_enable=\"false\" data-particle-mobile-disabled=\"false\" class=\"elementor-element elementor-element-d1cf325 e-con-full e-flex e-con e-child\" data-id=\"d1cf325\" data-element_type=\"container\" data-e-type=\"container\">\n\t\t\t\t<div class=\"elementor-element elementor-element-5039476 elementor-widget elementor-widget-video\" data-id=\"5039476\" data-element_type=\"widget\" data-e-type=\"widget\" data-settings=\"{&quot;youtube_url&quot;:&quot;https:\\\/\\\/youtu.be\\\/XtoWJkqNAJ0&quot;,&quot;video_type&quot;:&quot;youtube&quot;,&quot;controls&quot;:&quot;yes&quot;}\" data-widget_type=\"video.default\">\n\t\t\t\t<div class=\"elementor-widget-container\">\n\t\t\t\t\t\t\t<div class=\"elementor-wrapper elementor-open-inline\">\n\t\t\t<div class=\"elementor-video\"><\/div>\t\t<\/div>\n\t\t\t\t\t\t<\/div>\n\t\t\t\t<\/div>\n\t\t\t\t<\/div>\n\t\t\t\t\t<\/div>\n\t\t\t\t<\/div>\n\t\t\t\t<section data-particle_enable=\"false\" data-particle-mobile-disabled=\"false\" class=\"elementor-section elementor-top-section elementor-element elementor-element-b31274a elementor-section-boxed elementor-section-height-default elementor-section-height-default\" data-id=\"b31274a\" data-element_type=\"section\" data-e-type=\"section\">\n\t\t\t\t\t\t<div class=\"elementor-container elementor-column-gap-default\">\n\t\t\t\t\t<div class=\"elementor-column elementor-col-100 elementor-top-column elementor-element elementor-element-fb7423e\" data-id=\"fb7423e\" data-element_type=\"column\" data-e-type=\"column\">\n\t\t\t<div class=\"elementor-widget-wrap elementor-element-populated\">\n\t\t\t\t\t\t<div class=\"elementor-element elementor-element-432d9c1 elementor-widget elementor-widget-text-editor\" data-id=\"432d9c1\" data-element_type=\"widget\" data-e-type=\"widget\" data-widget_type=\"text-editor.default\">\n\t\t\t\t<div class=\"elementor-widget-container\">\n\t\t\t\t\t\t\t\t\t<h2 data-start=\"1281\" data-end=\"1321\">Lesiones directas en la boca o los dientes<\/h2><p data-start=\"1323\" data-end=\"1417\">Si sufres una lesi\u00f3n directa, como un diente que se cae, se fractura o se desplaza:<\/p><ul data-start=\"1419\" data-end=\"1654\"><li data-start=\"1419\" data-end=\"1464\"><p data-start=\"1421\" data-end=\"1464\">Aplica hielo inmediatamente en el \u00e1rea lesionada<\/p><\/li><li data-start=\"1465\" data-end=\"1548\"><p data-start=\"1467\" data-end=\"1548\">Ponte en contacto con tu dentista general lo antes posible para que te eval\u00fae y te haga radiograf\u00edas<\/p><\/li><li data-start=\"1549\" data-end=\"1654\"><p data-start=\"1551\" data-end=\"1654\">Una vez que tu dentista eval\u00fae la lesi\u00f3n, podemos ajustar o reemplazar los aparatos de ortodoncia seg\u00fan sea necesario<\/p><\/li><\/ul><p data-start=\"1656\" data-end=\"1744\">Este enfoque garantiza que tanto tu salud dental como tu tratamiento de ortodoncia se mantengan encaminados.<\/p><h2 data-start=\"1746\" data-end=\"1772\">Urgencias fuera del horario de atenci\u00f3n<\/h2><p data-start=\"1774\" data-end=\"1973\">Si ocurre una urgencia de ortodoncia fuera del horario de atenci\u00f3n, ponte en contacto con nuestra consulta para que te orientemos. Te daremos instrucciones sobre a qui\u00e9n contactar y los pasos a seguir para minimizar las molestias hasta que podamos verte. <\/p>\t\t\t\t\t\t\t\t<\/div>\n\t\t\t\t<\/div>\n\t\t\t\t\t<\/div>\n\t\t<\/div>\n\t\t\t\t\t<\/div>\n\t\t<\/section>\n\t\t\t\t<\/div>\n\t\t","protected":false},"excerpt":{"rendered":"<p>Atenci\u00f3n de urgencias de ortodoncia Si bien el tratamiento de ortodoncia es generalmente seguro, ocasionalmente los pacientes pueden experimentar una lesi\u00f3n dental o un problema con el aparato. Saber c\u00f3mo manejar estas situaciones puede minimizar las molestias y evitar retrasos en el tratamiento. Urgencias relacionadas con aparatos de ortodoncia Los aparatos a veces pueden romperse, doblarse o causar [&hellip;]<\/p>\n","protected":false},"author":3,"featured_media":0,"parent":0,"menu_order":45,"comment_status":"closed","ping_status":"closed","template":"","meta":{"_seopress_robots_primary_cat":"","_seopress_titles_title":"Atenci\u00f3n de urgencias de ortodoncia Holly Springs NC | Gather Orthodontics","_seopress_titles_desc":"Gather Orthodontics ofrece atenci\u00f3n de urgencias de ortodoncia con orientaci\u00f3n para problemas con aparatos o lesiones dentales para mantener tu tratamiento seguro y encaminado.","_seopress_robots_index":"","footnotes":""},"class_list":["post-7224","page","type-page","status-publish"],"_links":{"self":[{"href":"https:\/\/gatherorthodontics.com\/es\/wp-json\/wp\/v2\/pages\/7224","targetHints":{"allow":["GET"]}}],"collection":[{"href":"https:\/\/gatherorthodontics.com\/es\/wp-json\/wp\/v2\/pages"}],"about":[{"href":"https:\/\/gatherorthodontics.com\/es\/wp-json\/wp\/v2\/types\/page"}],"author":[{"embeddable":true,"href":"https:\/\/gatherorthodontics.com\/es\/wp-json\/wp\/v2\/users\/3"}],"replies":[{"embeddable":true,"href":"https:\/\/gatherorthodontics.com\/es\/wp-json\/wp\/v2\/comments?post=7224"}],"version-history":[{"count":1,"href":"https:\/\/gatherorthodontics.com\/es\/wp-json\/wp\/v2\/pages\/7224\/revisions"}],"predecessor-version":[{"id":7226,"href":"https:\/\/gatherorthodontics.com\/es\/wp-json\/wp\/v2\/pages\/7224\/revisions\/7226"}],"wp:attachment":[{"href":"https:\/\/gatherorthodontics.com\/es\/wp-json\/wp\/v2\/media?parent=7224"}],"curies":[{"name":"wp","href":"https:\/\/api.w.org\/{rel}","templated":true}]}}