{"id":7225,"date":"2017-02-06T11:24:42","date_gmt":"2017-02-06T11:24:42","guid":{"rendered":"https:\/\/gatherorthodontics.com\/acerca-de-la-certificacion-del-consejo\/"},"modified":"2025-10-25T21:25:20","modified_gmt":"2025-10-25T21:25:20","slug":"acerca-de-la-certificacion-del-consejo","status":"publish","type":"page","link":"https:\/\/gatherorthodontics.com\/es\/acerca-de-la-certificacion-del-consejo\/","title":{"rendered":"Acerca de la certificaci\u00f3n del consejo"},"content":{"rendered":"\t\t<div data-elementor-type=\"wp-page\" data-elementor-id=\"7225\" class=\"elementor elementor-7225 elementor-1639\" data-elementor-post-type=\"page\">\n\t\t\t\t<div data-particle_enable=\"false\" data-particle-mobile-disabled=\"false\" class=\"elementor-element elementor-element-f19f956 e-flex e-con-boxed e-con e-parent\" data-id=\"f19f956\" data-element_type=\"container\" data-e-type=\"container\">\n\t\t\t\t\t<div class=\"e-con-inner\">\n\t\t\t\t<div class=\"elementor-element elementor-element-0233f64 elementor-widget__width-inherit elementor-widget elementor-widget-heading\" data-id=\"0233f64\" data-element_type=\"widget\" data-e-type=\"widget\" data-widget_type=\"heading.default\">\n\t\t\t\t<div class=\"elementor-widget-container\">\n\t\t\t\t\t<h1 class=\"elementor-heading-title elementor-size-default\">Acerca de la certificaci\u00f3n del consejo en ortodoncia<\/h1>\t\t\t\t<\/div>\n\t\t\t\t<\/div>\n\t\t\t\t\t<\/div>\n\t\t\t\t<\/div>\n\t\t\t\t<section data-particle_enable=\"false\" data-particle-mobile-disabled=\"false\" class=\"elementor-section elementor-top-section elementor-element elementor-element-5a486773 elementor-section-boxed elementor-section-height-default elementor-section-height-default\" data-id=\"5a486773\" data-element_type=\"section\" data-e-type=\"section\">\n\t\t\t\t\t\t<div class=\"elementor-container elementor-column-gap-default\">\n\t\t\t\t\t<div class=\"elementor-column elementor-col-100 elementor-top-column elementor-element elementor-element-f9d0571\" data-id=\"f9d0571\" data-element_type=\"column\" data-e-type=\"column\">\n\t\t\t<div class=\"elementor-widget-wrap elementor-element-populated\">\n\t\t\t\t\t\t<div class=\"elementor-element elementor-element-33e0cecf elementor-widget elementor-widget-text-editor\" data-id=\"33e0cecf\" data-element_type=\"widget\" data-e-type=\"widget\" data-widget_type=\"text-editor.default\">\n\t\t\t\t<div class=\"elementor-widget-container\">\n\t\t\t\t\t\t\t\t\t<h2 data-start=\"358\" data-end=\"401\">\u00bfTodos los ortodoncistas est\u00e1n certificados por el consejo?<\/h2><p data-start=\"403\" data-end=\"640\"><b>El Dr. Terrence Campbell<\/b> es un <b>ortodoncista certificado por el consejo<\/b>. Sin embargo, no todos los ortodoncistas buscan la certificaci\u00f3n del consejo. Si bien todos los ortodoncistas deben tener licencia para ejercer, solo un poco m\u00e1s de la mitad elige dar el paso adicional para obtener la certificaci\u00f3n de la American Board of Orthodontics (ABO).  <\/p><p data-start=\"642\" data-end=\"944\">La certificaci\u00f3n del consejo es un logro prestigioso y voluntario que va m\u00e1s all\u00e1 de los dos o tres a\u00f1os est\u00e1ndar de formaci\u00f3n especializada. Requiere que los ortodoncistas demuestren habilidades reales de atenci\u00f3n al paciente, presentando informes de casos detallados que cubren una amplia gama de desaf\u00edos dentales y de mordida. <\/p><p data-start=\"946\" data-end=\"1146\">Para obtener la certificaci\u00f3n, los ortodoncistas se someten a una entrevista y evaluaci\u00f3n exhaustivas por parte de un panel de expertos respetados que eval\u00faan su juicio cl\u00ednico, conocimiento y experiencia en ortodoncia.<\/p><p data-start=\"1148\" data-end=\"1312\"><b>Por qu\u00e9 es importante para ti: Elegir un ortodoncista certificado por el consejo puede darte una garant\u00eda adicional de que tu proveedor ha cumplido con los m\u00e1s altos est\u00e1ndares de atenci\u00f3n al paciente.<\/b><\/p><h2 data-start=\"1319\" data-end=\"1389\">\u00bfCu\u00e1ntos consejos de certificaci\u00f3n de ortodoncia son reconocidos por la ADA?<\/h2><p data-start=\"1391\" data-end=\"1550\">Solo hay un consejo de certificaci\u00f3n reconocido por la American Dental Association (ADA) para ortodoncia: la American Board of Orthodontics (ABO).<\/p><p data-start=\"1552\" data-end=\"1649\">Fundada en 1929, la ABO es el consejo de especialidades m\u00e1s antiguo en odontolog\u00eda, con la misi\u00f3n de:<\/p><ul data-start=\"1651\" data-end=\"1822\"><li data-start=\"1651\" data-end=\"1697\"><p data-start=\"1653\" data-end=\"1697\">Promover la excelencia en la atenci\u00f3n ortod\u00f3ncica<\/p><\/li><li data-start=\"1698\" data-end=\"1764\"><p data-start=\"1700\" data-end=\"1764\">Apoyar la educaci\u00f3n continua y la colaboraci\u00f3n profesional<\/p><\/li><li data-start=\"1765\" data-end=\"1822\"><p data-start=\"1767\" data-end=\"1822\">Garantizar los m\u00e1s altos est\u00e1ndares de tratamiento al paciente<\/p><\/li><\/ul><h2 data-start=\"1829\" data-end=\"1887\">\u00bfPor qu\u00e9 un ortodoncista elegir\u00eda la certificaci\u00f3n del consejo?<\/h2><p data-start=\"1889\" data-end=\"2028\">Completar el proceso de certificaci\u00f3n de la ABO demuestra un compromiso con la excelencia profesional. Los beneficios de obtener la certificaci\u00f3n del consejo incluyen: <\/p><ul data-start=\"2030\" data-end=\"2315\"><li data-start=\"2030\" data-end=\"2097\"><p data-start=\"2032\" data-end=\"2097\">Demostrar conocimientos y habilidades avanzadas en ortodoncia<\/p><\/li><li data-start=\"2098\" data-end=\"2174\"><p data-start=\"2100\" data-end=\"2174\">Mostrar dedicaci\u00f3n a mantenerse actualizado con los \u00faltimos avances en el tratamiento<\/p><\/li><li data-start=\"2175\" data-end=\"2246\"><p data-start=\"2177\" data-end=\"2246\">Destacar un compromiso personal con la atenci\u00f3n al paciente de alta calidad<\/p><\/li><li data-start=\"2247\" data-end=\"2315\"><p data-start=\"2249\" data-end=\"2315\">Obtener reconocimiento como l\u00edder en la especialidad de ortodoncia<\/p><\/li><\/ul><p data-start=\"2317\" data-end=\"2488\">En resumen, la certificaci\u00f3n del consejo es un s\u00edmbolo de logro y confianza, una se\u00f1al clara de que el ortodoncista est\u00e1 comprometido a brindar una atenci\u00f3n de primer nivel a cada paciente.<\/p>\t\t\t\t\t\t\t\t<\/div>\n\t\t\t\t<\/div>\n\t\t\t\t<section data-particle_enable=\"false\" data-particle-mobile-disabled=\"false\" class=\"elementor-section elementor-inner-section elementor-element elementor-element-a045f1a elementor-reverse-tablet elementor-reverse-mobile elementor-section-boxed elementor-section-height-default elementor-section-height-default\" data-id=\"a045f1a\" data-element_type=\"section\" data-e-type=\"section\">\n\t\t\t\t\t\t<div class=\"elementor-container elementor-column-gap-default\">\n\t\t\t\t\t<div class=\"elementor-column elementor-col-50 elementor-inner-column elementor-element elementor-element-84c6575\" data-id=\"84c6575\" data-element_type=\"column\" data-e-type=\"column\">\n\t\t\t<div class=\"elementor-widget-wrap elementor-element-populated\">\n\t\t\t\t\t\t<div class=\"elementor-element elementor-element-d9af744 elementor-widget elementor-widget-text-editor\" data-id=\"d9af744\" data-element_type=\"widget\" data-e-type=\"widget\" data-widget_type=\"text-editor.default\">\n\t\t\t\t<div class=\"elementor-widget-container\">\n\t\t\t\t\t\t\t\t\t<h2 data-start=\"2495\" data-end=\"2534\">Pasos para obtener la certificaci\u00f3n de la ABO<\/h2><p data-start=\"2536\" data-end=\"2626\">El <strong data-start=\"2540\" data-end=\"2565\">proceso de certificaci\u00f3n<\/strong> ha evolucionado desde 1929 y ahora incluye varios pasos clave:<\/p><ol data-start=\"2628\" data-end=\"3391\"><li data-start=\"2628\" data-end=\"2834\"><p data-start=\"2631\" data-end=\"2657\"><strong data-start=\"2631\" data-end=\"2655\">Examen escrito:<\/strong><\/p><ul data-start=\"2661\" data-end=\"2834\"><li data-start=\"2661\" data-end=\"2748\"><p data-start=\"2663\" data-end=\"2748\">Un <strong data-start=\"2679\" data-end=\"2700\">examen exhaustivo de 240 preguntas<\/strong> que cubre todos los conocimientos esenciales de ortodoncia.<\/p><\/li><li data-start=\"2752\" data-end=\"2834\"><p data-start=\"2754\" data-end=\"2834\">La finalizaci\u00f3n con \u00e9xito permite al candidato proceder a la parte cl\u00ednica.<\/p><\/li><\/ul><\/li><li data-start=\"2836\" data-end=\"3010\"><p data-start=\"2839\" data-end=\"2866\"><strong data-start=\"2839\" data-end=\"2864\">Examen cl\u00ednico:<\/strong><\/p><ul data-start=\"2870\" data-end=\"3010\"><li data-start=\"2870\" data-end=\"2947\"><p data-start=\"2872\" data-end=\"2947\">Presentaci\u00f3n de <strong data-start=\"2886\" data-end=\"2911\">informes de casos detallados<\/strong> de su consulta o residencia.<\/p><\/li><li data-start=\"2951\" data-end=\"3010\"><p data-start=\"2953\" data-end=\"3010\">Los casos son evaluados por un <strong data-start=\"2978\" data-end=\"3007\">panel de examinadores expertos<\/strong>.<\/p><\/li><\/ul><\/li><li data-start=\"3012\" data-end=\"3151\"><p data-start=\"3015\" data-end=\"3038\"><strong data-start=\"3015\" data-end=\"3036\">Examen oral:<\/strong><\/p><ul data-start=\"3042\" data-end=\"3151\"><li data-start=\"3042\" data-end=\"3151\"><p data-start=\"3044\" data-end=\"3151\">Los candidatos discuten casos y responden preguntas que cubren una <strong data-start=\"3101\" data-end=\"3148\">amplia gama de temas acad\u00e9micos y cl\u00ednicos<\/strong>.<\/p><\/li><\/ul><\/li><li data-start=\"3153\" data-end=\"3391\"><p data-start=\"3156\" data-end=\"3182\"><strong data-start=\"3156\" data-end=\"3180\">Certificaci\u00f3n del consejo:<\/strong><\/p><ul data-start=\"3186\" data-end=\"3391\"><li data-start=\"3186\" data-end=\"3303\"><p data-start=\"3188\" data-end=\"3303\">Al aprobar todos los ex\u00e1menes, el ortodoncista obtiene la <strong data-start=\"3235\" data-end=\"3267\">certificaci\u00f3n oficial del consejo<\/strong>, v\u00e1lida por un per\u00edodo de tiempo limitado.<\/p><\/li><li data-start=\"3307\" data-end=\"3391\"><p data-start=\"3309\" data-end=\"3391\"><strong data-start=\"3309\" data-end=\"3343\">La recertificaci\u00f3n cada 10 a\u00f1os<\/strong> garantiza la excelencia continua en la atenci\u00f3n al paciente.<\/p><\/li><\/ul><\/li><\/ol><p data-start=\"3393\" data-end=\"3549\"><strong data-start=\"3393\" data-end=\"3410\">Conclusi\u00f3n clave:<\/strong> La certificaci\u00f3n del consejo es un proceso riguroso y continuo que refleja un compromiso con el aprendizaje permanente y la atenci\u00f3n ortod\u00f3ncica de alta calidad. Para obtener m\u00e1s informaci\u00f3n sobre la American Board of Orthodontics, haz clic <a href=\"https:\/\/www.americanboardortho.com\/\" target=\"_blank\" rel=\"noopener\">aqu\u00ed<\/a>. <\/p>\t\t\t\t\t\t\t\t<\/div>\n\t\t\t\t<\/div>\n\t\t\t\t\t<\/div>\n\t\t<\/div>\n\t\t\t\t<div class=\"elementor-column elementor-col-50 elementor-inner-column elementor-element elementor-element-10ef90b\" data-id=\"10ef90b\" data-element_type=\"column\" data-e-type=\"column\">\n\t\t\t<div class=\"elementor-widget-wrap elementor-element-populated\">\n\t\t\t\t\t\t<div class=\"elementor-element elementor-element-7ab9863 elementor-widget elementor-widget-image\" data-id=\"7ab9863\" data-element_type=\"widget\" data-e-type=\"widget\" data-widget_type=\"image.default\">\n\t\t\t\t<div class=\"elementor-widget-container\">\n\t\t\t\t\t\t\t\t\t\t\t\t\t\t\t\t<a href=\"https:\/\/gatherorthodontics.com\/wp-content\/uploads\/2022\/12\/ABO.jpg\" data-elementor-open-lightbox=\"yes\" data-elementor-lightbox-title=\"Advanced Technology\" data-elementor-lightbox-description=\"&lt;style&gt;\/*! elementor - v3.10.2 - 29-01-2023 *\/\n.elementor-heading-title{padding:0;margin:0;line-height:1}.elementor-widget-heading .elementor-heading-title[class*=elementor-size-]&gt;a{color:inherit;font-size:inherit;line-height:inherit}.elementor-widget-heading .elementor-heading-title.elementor-size-small{font-size:15px}.elementor-widget-heading .elementor-heading-title.elementor-size-medium{font-size:19px}.elementor-widget-heading .elementor-heading-title.elementor-size-large{font-size:29px}.elementor-widget-heading .elementor-heading-title.elementor-size-xl{font-size:39px}.elementor-widget-heading .elementor-heading-title.elementor-size-xxl{font-size:59px}&lt;\/style&gt;&lt;h3&gt;Improved Patient Experience&lt;\/h3&gt;\t\t\n\t\t&lt;p&gt;Lorem ipsum dolor sit amet, consectetur adipiscing elit, sed do eiusmod tempor incididunt ut labore et dolore magna aliqua. Ornare quam viverra orci sagittis eu volutpat. Ut sem nulla pharetra diam sit amet. Enim facilisis gravida neque convallis a.&lt;\/p&gt;&lt;p&gt;Aliquam id diam maecenas ultricies mi eget mauris pharetra et. Varius vel pharetra vel turpis nunc. Massa sapien faucibus et molestie ac. Eget felis eget nunc lobortis mattis aliquam faucibus purus in. Turpis massa sed elementum tempus egestas. Sed vulputate odio ut enim blandit volutpat maecenas. Est lorem ipsum dolor sit amet consectetur adipiscing elit. Mattis pellentesque id nibh tortor id aliquet lectus.&lt;\/p&gt;\t\t\n\t\t\t&lt;h3&gt;Improved Patient Experience&lt;\/h3&gt;\t\t\n\t\t\t&lt;link rel=&quot;stylesheet&quot; href=&quot;https:\/\/gatherorthodontics.com\/wp-content\/plugins\/elementor\/assets\/css\/widget-icon-box.min.css&quot;&gt;\t\t\n\t\t\t\t&lt;h3&gt;\n\t\t\t\t\t\tFaster Treatment Times\t\t\t\t\t\n\t\t\t\t&lt;\/h3&gt;\n\t\t\t\t&lt;h3&gt;\n\t\t\t\t\t\tIncreased Patient Comfort\t\t\t\t\t\n\t\t\t\t&lt;\/h3&gt;\n\t\t\t\t&lt;h3&gt;\n\t\t\t\t\t\tFewer In-Office Appointments\t\t\t\t\t\n\t\t\t\t&lt;\/h3&gt;\n\t\t\t\t&lt;h3&gt;\n\t\t\t\t\t\tMore Precise Tooth Alignment\t\t\t\t\t\n\t\t\t\t&lt;\/h3&gt;\n\t\t\t&lt;style&gt;\/*! elementor-pro - v3.10.3 - 29-01-2023 *\/\n.elementor-slides .swiper-slide-bg{background-size:cover;background-position:50%;background-repeat:no-repeat;min-width:100%;min-height:100%}.elementor-slides .swiper-slide-inner{background-repeat:no-repeat;background-position:50%;position:absolute;top:0;left:0;bottom:0;right:0;padding:50px;margin:auto}.elementor-slides .swiper-slide-inner,.elementor-slides .swiper-slide-inner:hover{color:#fff;display:flex}.elementor-slides .swiper-slide-inner .elementor-background-overlay{position:absolute;z-index:0;top:0;bottom:0;left:0;right:0}.elementor-slides .swiper-slide-inner .elementor-slide-content{position:relative;z-index:1;width:100%}.elementor-slides .swiper-slide-inner .elementor-slide-heading{font-size:35px;font-weight:700;line-height:1}.elementor-slides .swiper-slide-inner .elementor-slide-description{font-size:17px;line-height:1.4}.elementor-slides .swiper-slide-inner .elementor-slide-description:not(:last-child),.elementor-slides .swiper-slide-inner .elementor-slide-heading:not(:last-child){margin-bottom:30px}.elementor-slides .swiper-slide-inner .elementor-slide-button{border:2px solid #fff;color:#fff;background:transparent;display:inline-block}.elementor-slides .swiper-slide-inner .elementor-slide-button,.elementor-slides .swiper-slide-inner .elementor-slide-button:hover{background:transparent;color:inherit;text-decoration:none}.elementor--v-position-top .swiper-slide-inner{align-items:flex-start}.elementor--v-position-bottom .swiper-slide-inner{align-items:flex-end}.elementor--v-position-middle .swiper-slide-inner{align-items:center}.elementor--h-position-left .swiper-slide-inner{justify-content:flex-start}.elementor--h-position-right .swiper-slide-inner{justify-content:flex-end}.elementor--h-position-center .swiper-slide-inner{justify-content:center}body.rtl .elementor-widget-slides .elementor-swiper-button-next{left:10px;right:auto}body.rtl .elementor-widget-slides .elementor-swiper-button-prev{right:10px;left:auto}.elementor-slides-wrapper div:not(.swiper-slide)&gt;.swiper-slide-inner{display:none}@media (max-width:767px){.elementor-slides .swiper-slide-inner{padding:30px}.elementor-slides .swiper-slide-inner .elementor-slide-heading{font-size:23px;line-height:1;margin-bottom:15px}.elementor-slides .swiper-slide-inner .elementor-slide-description{font-size:13px;line-height:1.4;margin-bottom:15px}}&lt;\/style&gt;\t\t\n\t\t\t\t\t\t\t\t\t\t&lt;a href=&quot;#&quot;&gt;InvisalignHave you ever wished for a straighter, healthier smile, but not looked forward to all the metal wires and bands that often go along with braces? At Kaitlin McClure Orthodontics we can make your dream of having a new smile come to life. Invisalign uses a series of customized, clear aligners to straighten teeth faster and with fewer office visits than traditional braces.Learn More&lt;\/a&gt;&lt;a href=&quot;#&quot;&gt;InvisalignHave you ever wished for a straighter, healthier smile, but not looked forward to all the metal wires and bands that often go along with braces? At Kaitlin McClure Orthodontics we can make your dream of having a new smile come to life. Invisalign uses a series of customized, clear aligners to straighten teeth faster and with fewer office visits than traditional braces.Learn More&lt;\/a&gt;\t\t\t\t\n\t\t\t\t\t\t\t\t\t\t\t\t\t\tPrevious\n\t\t\t\t\t\t\t\t\t\t\t\t\t\tNext\" data-e-action-hash=\"#elementor-action%3Aaction%3Dlightbox%26settings%3DeyJpZCI6MzY0MSwidXJsIjpmYWxzZX0%3D\">\n\t\t\t\t\t\t\t<img decoding=\"async\" src=\"https:\/\/gatherorthodontics.com\/wp-content\/uploads\/2022\/12\/ABO.jpg\" title=\"\" alt=\"\" loading=\"lazy\" \/>\t\t\t\t\t\t\t\t<\/a>\n\t\t\t\t\t\t\t\t\t\t\t\t\t\t\t<\/div>\n\t\t\t\t<\/div>\n\t\t\t\t\t<\/div>\n\t\t<\/div>\n\t\t\t\t\t<\/div>\n\t\t<\/section>\n\t\t\t\t\t<\/div>\n\t\t<\/div>\n\t\t\t\t\t<\/div>\n\t\t<\/section>\n\t\t\t\t<\/div>\n\t\t","protected":false},"excerpt":{"rendered":"<p>Acerca de la certificaci\u00f3n del consejo en ortodoncia \u00bfTodos los ortodoncistas est\u00e1n certificados por el consejo? El Dr. Terrence Campbell es un ortodoncista certificado por el consejo. Sin embargo, no todos los ortodoncistas buscan la certificaci\u00f3n del consejo. Si bien todos los ortodoncistas deben tener licencia para ejercer, solo un poco m\u00e1s de la mitad elige dar el [&hellip;]<\/p>\n","protected":false},"author":3,"featured_media":0,"parent":0,"menu_order":7,"comment_status":"closed","ping_status":"closed","template":"","meta":{"_seopress_robots_primary_cat":"","_seopress_titles_title":"Ortodoncista certificado por el consejo en Holly Springs NC | Gather Orthodontics","_seopress_titles_desc":"El Dr. Terrence Campbell es un ortodoncista certificado por el consejo, reconocido por la ABO por su experiencia cl\u00ednica avanzada, su rigurosa formaci\u00f3n y su excelencia en la atenci\u00f3n.","_seopress_robots_index":"","footnotes":""},"class_list":["post-7225","page","type-page","status-publish"],"_links":{"self":[{"href":"https:\/\/gatherorthodontics.com\/es\/wp-json\/wp\/v2\/pages\/7225","targetHints":{"allow":["GET"]}}],"collection":[{"href":"https:\/\/gatherorthodontics.com\/es\/wp-json\/wp\/v2\/pages"}],"about":[{"href":"https:\/\/gatherorthodontics.com\/es\/wp-json\/wp\/v2\/types\/page"}],"author":[{"embeddable":true,"href":"https:\/\/gatherorthodontics.com\/es\/wp-json\/wp\/v2\/users\/3"}],"replies":[{"embeddable":true,"href":"https:\/\/gatherorthodontics.com\/es\/wp-json\/wp\/v2\/comments?post=7225"}],"version-history":[{"count":1,"href":"https:\/\/gatherorthodontics.com\/es\/wp-json\/wp\/v2\/pages\/7225\/revisions"}],"predecessor-version":[{"id":7229,"href":"https:\/\/gatherorthodontics.com\/es\/wp-json\/wp\/v2\/pages\/7225\/revisions\/7229"}],"wp:attachment":[{"href":"https:\/\/gatherorthodontics.com\/es\/wp-json\/wp\/v2\/media?parent=7225"}],"curies":[{"name":"wp","href":"https:\/\/api.w.org\/{rel}","templated":true}]}}